{"id":18832,"date":"2021-09-28T10:38:05","date_gmt":"2021-09-28T08:38:05","guid":{"rendered":"https:\/\/www.lacurebeaute.fr\/liste-de-nos-ingredients\/"},"modified":"2024-05-30T11:40:51","modified_gmt":"2024-05-30T09:40:51","slug":"liste-unserer-inhaltsstoffe","status":"publish","type":"page","link":"https:\/\/www.lacurebeaute.fr\/de\/liste-unserer-inhaltsstoffe\/","title":{"rendered":"Zutaten"},"content":{"rendered":"","protected":false},"excerpt":{"rendered":"","protected":false},"author":2,"featured_media":0,"parent":0,"menu_order":0,"comment_status":"closed","ping_status":"closed","template":"template-ingredients.php","meta":{"footnotes":""},"yoast_head":"<!-- This site is optimized with the Yoast SEO plugin v23.5 - https:\/\/yoast.com\/wordpress\/plugins\/seo\/ -->\n<title>Soins Cosm\u00e9tiques Naturels |Zutaten<\/title>\n<meta name=\"description\" content=\"Nos soins La Cure Beaut\u00e9 : des formules intelligentes \u00e0 base d&#039;ingr\u00e9dients naturels et efficaces. D\u00e9couvrez la Liste de nos ingr\u00e9dients.\" \/>\n<meta name=\"robots\" content=\"noindex, follow\" \/>\n<meta property=\"og:locale\" content=\"de_DE\" \/>\n<meta property=\"og:type\" content=\"article\" \/>\n<meta property=\"og:title\" content=\"Soins Cosm\u00e9tiques Naturels |Zutaten\" \/>\n<meta property=\"og:description\" content=\"Nos soins La Cure Beaut\u00e9 : des formules intelligentes \u00e0 base d&#039;ingr\u00e9dients naturels et efficaces. D\u00e9couvrez la Liste de nos ingr\u00e9dients.\" \/>\n<meta property=\"og:url\" content=\"https:\/\/www.lacurebeaute.fr\/de\/liste-unserer-inhaltsstoffe\/\" \/>\n<meta property=\"og:site_name\" content=\"La Cure Beaut\u00e9\" \/>\n<meta property=\"article:modified_time\" content=\"2024-05-30T09:40:51+00:00\" \/>\n<meta name=\"twitter:card\" content=\"summary_large_image\" \/>\n<script type=\"application\/ld+json\" class=\"yoast-schema-graph\">{\"@context\":\"https:\/\/schema.org\",\"@graph\":[{\"@type\":\"WebPage\",\"@id\":\"https:\/\/www.lacurebeaute.fr\/de\/liste-unserer-inhaltsstoffe\/\",\"url\":\"https:\/\/www.lacurebeaute.fr\/de\/liste-unserer-inhaltsstoffe\/\",\"name\":\"Soins Cosm\u00e9tiques Naturels |Zutaten\",\"isPartOf\":{\"@id\":\"https:\/\/www.lacurebeaute.fr\/de\/#website\"},\"datePublished\":\"2021-09-28T08:38:05+00:00\",\"dateModified\":\"2024-05-30T09:40:51+00:00\",\"description\":\"Nos soins La Cure Beaut\u00e9 : des formules intelligentes \u00e0 base d'ingr\u00e9dients naturels et efficaces. D\u00e9couvrez la Liste de nos ingr\u00e9dients.\",\"breadcrumb\":{\"@id\":\"https:\/\/www.lacurebeaute.fr\/de\/liste-unserer-inhaltsstoffe\/#breadcrumb\"},\"inLanguage\":\"de\",\"potentialAction\":[{\"@type\":\"ReadAction\",\"target\":[\"https:\/\/www.lacurebeaute.fr\/de\/liste-unserer-inhaltsstoffe\/\"]}]},{\"@type\":\"BreadcrumbList\",\"@id\":\"https:\/\/www.lacurebeaute.fr\/de\/liste-unserer-inhaltsstoffe\/#breadcrumb\",\"itemListElement\":[{\"@type\":\"ListItem\",\"position\":1,\"name\":\"Accueil\",\"item\":\"https:\/\/www.lacurebeaute.fr\/de\/\"},{\"@type\":\"ListItem\",\"position\":2,\"name\":\"Zutaten\"}]},{\"@type\":\"WebSite\",\"@id\":\"https:\/\/www.lacurebeaute.fr\/de\/#website\",\"url\":\"https:\/\/www.lacurebeaute.fr\/de\/\",\"name\":\"La Cure Beaut\u00e9\",\"description\":\"La marque de soins entre copines, naturelle et efficace\",\"potentialAction\":[{\"@type\":\"SearchAction\",\"target\":{\"@type\":\"EntryPoint\",\"urlTemplate\":\"https:\/\/www.lacurebeaute.fr\/de\/?s={search_term_string}\"},\"query-input\":{\"@type\":\"PropertyValueSpecification\",\"valueRequired\":true,\"valueName\":\"search_term_string\"}}],\"inLanguage\":\"de\"}]}<\/script>\n<!-- \/ Yoast SEO plugin. -->","yoast_head_json":{"title":"Soins Cosm\u00e9tiques Naturels |Zutaten","description":"Nos soins La Cure Beaut\u00e9 : des formules intelligentes \u00e0 base d'ingr\u00e9dients naturels et efficaces. D\u00e9couvrez la Liste de nos ingr\u00e9dients.","robots":{"index":"noindex","follow":"follow"},"og_locale":"de_DE","og_type":"article","og_title":"Soins Cosm\u00e9tiques Naturels |Zutaten","og_description":"Nos soins La Cure Beaut\u00e9 : des formules intelligentes \u00e0 base d'ingr\u00e9dients naturels et efficaces. D\u00e9couvrez la Liste de nos ingr\u00e9dients.","og_url":"https:\/\/www.lacurebeaute.fr\/de\/liste-unserer-inhaltsstoffe\/","og_site_name":"La Cure Beaut\u00e9","article_modified_time":"2024-05-30T09:40:51+00:00","twitter_card":"summary_large_image","schema":{"@context":"https:\/\/schema.org","@graph":[{"@type":"WebPage","@id":"https:\/\/www.lacurebeaute.fr\/de\/liste-unserer-inhaltsstoffe\/","url":"https:\/\/www.lacurebeaute.fr\/de\/liste-unserer-inhaltsstoffe\/","name":"Soins Cosm\u00e9tiques Naturels |Zutaten","isPartOf":{"@id":"https:\/\/www.lacurebeaute.fr\/de\/#website"},"datePublished":"2021-09-28T08:38:05+00:00","dateModified":"2024-05-30T09:40:51+00:00","description":"Nos soins La Cure Beaut\u00e9 : des formules intelligentes \u00e0 base d'ingr\u00e9dients naturels et efficaces. D\u00e9couvrez la Liste de nos ingr\u00e9dients.","breadcrumb":{"@id":"https:\/\/www.lacurebeaute.fr\/de\/liste-unserer-inhaltsstoffe\/#breadcrumb"},"inLanguage":"de","potentialAction":[{"@type":"ReadAction","target":["https:\/\/www.lacurebeaute.fr\/de\/liste-unserer-inhaltsstoffe\/"]}]},{"@type":"BreadcrumbList","@id":"https:\/\/www.lacurebeaute.fr\/de\/liste-unserer-inhaltsstoffe\/#breadcrumb","itemListElement":[{"@type":"ListItem","position":1,"name":"Accueil","item":"https:\/\/www.lacurebeaute.fr\/de\/"},{"@type":"ListItem","position":2,"name":"Zutaten"}]},{"@type":"WebSite","@id":"https:\/\/www.lacurebeaute.fr\/de\/#website","url":"https:\/\/www.lacurebeaute.fr\/de\/","name":"La Cure Beaut\u00e9","description":"La marque de soins entre copines, naturelle et efficace","potentialAction":[{"@type":"SearchAction","target":{"@type":"EntryPoint","urlTemplate":"https:\/\/www.lacurebeaute.fr\/de\/?s={search_term_string}"},"query-input":{"@type":"PropertyValueSpecification","valueRequired":true,"valueName":"search_term_string"}}],"inLanguage":"de"}]}},"_links":{"self":[{"href":"https:\/\/www.lacurebeaute.fr\/de\/wp-json\/wp\/v2\/pages\/18832"}],"collection":[{"href":"https:\/\/www.lacurebeaute.fr\/de\/wp-json\/wp\/v2\/pages"}],"about":[{"href":"https:\/\/www.lacurebeaute.fr\/de\/wp-json\/wp\/v2\/types\/page"}],"author":[{"embeddable":true,"href":"https:\/\/www.lacurebeaute.fr\/de\/wp-json\/wp\/v2\/users\/2"}],"replies":[{"embeddable":true,"href":"https:\/\/www.lacurebeaute.fr\/de\/wp-json\/wp\/v2\/comments?post=18832"}],"version-history":[{"count":3,"href":"https:\/\/www.lacurebeaute.fr\/de\/wp-json\/wp\/v2\/pages\/18832\/revisions"}],"predecessor-version":[{"id":21379,"href":"https:\/\/www.lacurebeaute.fr\/de\/wp-json\/wp\/v2\/pages\/18832\/revisions\/21379"}],"wp:attachment":[{"href":"https:\/\/www.lacurebeaute.fr\/de\/wp-json\/wp\/v2\/media?parent=18832"}],"curies":[{"name":"wp","href":"https:\/\/api.w.org\/{rel}","templated":true}]}}