{"id":28666,"date":"2025-01-29T12:34:29","date_gmt":"2025-01-29T11:34:29","guid":{"rendered":"https:\/\/www.lacurebeaute.fr\/?page_id=28666"},"modified":"2025-01-31T16:00:27","modified_gmt":"2025-01-31T15:00:27","slug":"ergebnis-der-hydratations-diagnose","status":"publish","type":"page","link":"https:\/\/www.lacurebeaute.fr\/de\/ergebnis-der-hydratations-diagnose\/","title":{"rendered":"Ergebnis der Hydratationsdiagnose"},"content":{"rendered":"[vc_row et_full_width=&#8221;true&#8221; equal_height=&#8221;yes&#8221; content_placement=&#8221;middle&#8221; el_class=&#8221;zoom-in-out-element banner_hero&#8221; css=&#8221;.vc_custom_1736849429551{background-image: url(https:\/\/www.lacurebeaute.fr\/wp-content\/uploads\/2025\/01\/hydra_banner_hero.png?id=29244) !important;}&#8221;][vc_column][vc_row_inner equal_height=&#8221;yes&#8221; content_placement=&#8221;middle&#8221; el_class=&#8221;slide_diag_result&#8221;][vc_column_inner width=&#8221;7\/12&#8243;][\/vc_column_inner][vc_column_inner width=&#8221;5\/12&#8243;][vc_column_text]\n<h1>Ihre Punktzahl f\u00fcr den Fl\u00fcssigkeitshaushalt<\/h1>\n<p>Finden Sie heraus, wie hoch Ihr Feuchtigkeitsgehalt ist und welches Produkt mit Ihnen in Verbindung steht.[\/vc_column_text][\/vc_column_inner][\/vc_row_inner][\/vc_column][\/vc_row][vc_row][vc_column][vc_column_text el_id=&#8221;bloc-resultat-larme&#8221;]\n<div id=\"test-result\" class=\"res-hydratation\"><\/div>\n[\/vc_column_text][vc_row_inner content_placement=&#8221;middle&#8221; el_class=&#8221;bloc-conseils&#8221; css=&#8221;.vc_custom_1736850377261{margin-top: 80px !important;}&#8221;][vc_column_inner width=&#8221;1\/2&#8243;][vc_column_text]\n<h4>In der N\u00e4he von \ud83e\udd75<br \/>\nDas geht gar nicht!<\/h4>\n<p>Offensichtlich geh\u00f6rt Wasser nicht zu Ihrem Wortschatz?<br \/>\nKeine Sorge, mit unserer Deep Hydration Rose Face Cream k\u00f6nnen Sie den Durst Ihrer Haut stillen. Sie verleiht der Haut den ganzen Tag und die ganze Nacht \u00fcber ein lang anhaltendes Feuchtigkeitsgef\u00fchl, strafft sie und gl\u00e4ttet die Gesichtsz\u00fcge. Ihre Haut ist sichtbar weicher und beruhigt.[\/vc_column_text][vc_btn title=&#8221;EN SAVOIR PLUS&#8221; el_class=&#8221;green_button&#8221; link=&#8221;url:https%3A%2F%2Fwww.lacurebeaute.fr%2Fde%2Fproduit%2Fdeep-hydration-rose-face-cream%2F|title:Cr%C3%A8me%20Hydratante%20et%20Apaisante%20%C3%A0%20La%20Rose|target:_blank|&#8221;][\/vc_column_inner][vc_column_inner width=&#8221;1\/2&#8243;][vc_single_image image=&#8221;29260&#8243; img_size=&#8221;full&#8221; el_class=&#8221;img-top&#8221;][\/vc_column_inner][\/vc_row_inner][vc_row_inner content_placement=&#8221;middle&#8221; el_class=&#8221;bloc-conseils special-on-mobile separation_mobile&#8221; css=&#8221;.vc_custom_1736947930730{margin-top: 80px !important;}&#8221;][vc_column_inner width=&#8221;1\/2&#8243;][vc_single_image image=&#8221;29264&#8243; img_size=&#8221;full&#8221; el_class=&#8221;img-top&#8221;][\/vc_column_inner][vc_column_inner width=&#8221;1\/2&#8243;][vc_column_text]\n<h4>In der N\u00e4he von \ud83e\udd14<br \/>\nDas ist nicht perfekt<\/h4>\n<p>Um Ihnen zu helfen, hier ist unsere Night Infusion Cream, die entwickelt wurde, um Ihre Haut mit all der Feuchtigkeit zu versorgen, die sie braucht. Und das alles w\u00e4hrend Sie schlafen. Ihre Formel, die zu 90,1% aus Inhaltsstoffen nat\u00fcrlichen Ursprungs besteht, wirkt, um die Gesichtsz\u00fcge zu gl\u00e4tten, die Haut zu n\u00e4hren und sie mit Feuchtigkeit zu versorgen.[\/vc_column_text][vc_btn title=&#8221;EN SAVOIR PLUS&#8221; el_class=&#8221;green_button&#8221; link=&#8221;url:https%3A%2F%2Fwww.lacurebeaute.fr%2Fde%2Fproduit%2Fnight-infusion-cream%2F|title:Cr%C3%A8me%20de%20Nuit%20Anti-%C3%82ge|&#8221;][\/vc_column_inner][\/vc_row_inner][vc_row_inner content_placement=&#8221;middle&#8221; el_class=&#8221;bloc-conseils separation_mobile&#8221; css=&#8221;.vc_custom_1736947947757{margin-top: 80px !important;}&#8221;][vc_column_inner width=&#8221;1\/2&#8243;][vc_column_text el_class=&#8221;img-top&#8221;]\n<h4>In der N\u00e4he von \ud83d\ude0e<br \/>\nSie geh\u00f6ren offiziell zum Orden der feuchtigkeitsspendenden Haut.<\/h4>\n<p>Nehmen Sie auch nicht das Vertrauen!<br \/>\nDenn egal, was Sie tun, es ist wichtig, dass Sie Ihre Haut jeden Tag mit Feuchtigkeit versorgen! Entdecken Sie also unsere Super Moisturizing Nourishing &#8211; Firming Mask. Sie wurde entwickelt, um Ihre Haut mit Feuchtigkeit zu versorgen, sie zu n\u00e4hren und zu festigen. Im Handumdrehen ist sie beruhigt und strahlend sch\u00f6n.[\/vc_column_text][vc_btn title=&#8221;EN SAVOIR PLUS&#8221; el_class=&#8221;green_button&#8221; link=&#8221;url:https%3A%2F%2Fwww.lacurebeaute.fr%2Fde%2Fproduit%2F3-facial-masks-super-moisturizing-nourishing-firming%2F|title:Masque%20Super%20Moisturizing%20Nourishing%20%E2%80%93%20Firming|&#8221;][\/vc_column_inner][vc_column_inner width=&#8221;1\/2&#8243;][vc_single_image image=&#8221;29256&#8243; img_size=&#8221;full&#8221; el_class=&#8221;img-top&#8221;][\/vc_column_inner][\/vc_row_inner][\/vc_column][\/vc_row][vc_row et_full_width=&#8221;true&#8221; css=&#8221;.vc_custom_1736764558778{margin-top: 80px !important;}&#8221;][vc_column][vc_separator color=&#8221;custom&#8221; accent_color=&#8221;#095540&#8243;][\/vc_column][\/vc_row][vc_row content_placement=&#8221;middle&#8221; css=&#8221;.vc_custom_1736763348711{margin-top: 80px !important;}&#8221;][vc_column width=&#8221;1\/2&#8243;][vc_single_image image=&#8221;29054&#8243; img_size=&#8221;full&#8221; alignment=&#8221;right&#8221;][\/vc_column][vc_column width=&#8221;1\/2&#8243;][vc_column_text el_class=&#8221;text_margin&#8221;]\n<h2>Wirksamkeit aus zuverl\u00e4ssiger Quelle<\/h2>\n<p>Dank unserer hochmodernen wissenschaftlichen Expertise besteht jede von uns entwickelte Pflege zu mindestens 84 % aus Inhaltsstoffen nat\u00fcrlichen Ursprungs, die sorgf\u00e4ltig ausgew\u00e4hlt werden, um sichtbare Ergebnisse zu liefern.<\/p>\n<p>Um ihre Wirksamkeit zu belegen, durchlaufen alle unsere Produkte strenge Tests. Fr\u00fcchte, Gem\u00fcse, Pflanzen und andere Inhaltsstoffe kommen ganz gezielt zum Einsatz. Ihre spezifische Wirkung auf die Haut macht sie zu wertvollen Verb\u00fcndeten.[\/vc_column_text][vc_btn title=&#8221;en savoir plus&#8221; shape=&#8221;square&#8221; el_class=&#8221;green_button&#8221;][\/vc_column][\/vc_row][vc_row et_full_width=&#8221;true&#8221; content_placement=&#8221;bottom&#8221; css=&#8221;.vc_custom_1736763328531{margin-top: 80px !important;padding-top: 80px !important;padding-bottom: 80px !important;background-color: #fce9f1 !important;}&#8221; el_class=&#8221;reassurance&#8221;][vc_column][vc_row_inner content_placement=&#8221;bottom&#8221;][vc_column_inner width=&#8221;1\/4&#8243;][vc_single_image image=&#8221;29068&#8243; img_size=&#8221;&#8221; add_caption=&#8221;yes&#8221; alignment=&#8221;center&#8221; el_class=&#8221;width-figcaption&#8221;][\/vc_column_inner][vc_column_inner width=&#8221;1\/4&#8243;][vc_single_image image=&#8221;29570&#8243; img_size=&#8221;&#8221; add_caption=&#8221;yes&#8221; alignment=&#8221;center&#8221; el_class=&#8221;width-figcaption&#8221;][\/vc_column_inner][vc_column_inner width=&#8221;1\/4&#8243;][vc_single_image image=&#8221;29072&#8243; img_size=&#8221;&#8221; add_caption=&#8221;yes&#8221; alignment=&#8221;center&#8221; el_id=&#8221;width-figcaption&#8221;][\/vc_column_inner][vc_column_inner width=&#8221;1\/4&#8243;][vc_single_image image=&#8221;29080&#8243; img_size=&#8221;&#8221; add_caption=&#8221;yes&#8221; alignment=&#8221;center&#8221; el_class=&#8221;width-figcaption&#8221;][\/vc_column_inner][\/vc_row_inner][\/vc_column][\/vc_row][vc_row css=&#8221;.vc_custom_1736764143856{margin-top: 120px !important;}&#8221; el_class=&#8221;instagram_footer&#8221;][vc_column][vc_column_text]\n<h2 style=\"text-align: center; text-color: #fff; margin: 0!important;\">Folgen Sie uns auf Instagram!<\/h2>\n<h4 style=\"text-align: center; text-color: #fff;\">@lacurebeauteparis<\/h4>\n[\/vc_column_text][vc_raw_html]JTVCaW5zdGFncmFtLWZlZWQlMjBmZWVkJTNEMiU1RA==[\/vc_raw_html][\/vc_column][\/vc_row]\n","protected":false},"excerpt":{"rendered":"<p>[vc_row et_full_width=&#8221;true&#8221; equal_height=&#8221;yes&#8221; content_placement=&#8221;middle&#8221; el_class=&#8221;zoom-in-out-element banner_hero&#8221; css=&#8221;.vc_custom_1736849429551{background-image: url(https:\/\/www.lacurebeaute.fr\/wp-content\/uploads\/2025\/01\/hydra_banner_hero.png?id=29244) !important;}&#8221;][vc_column][vc_row_inner equal_height=&#8221;yes&#8221; content_placement=&#8221;middle&#8221; el_class=&#8221;slide_diag_result&#8221;][vc_column_inner width=&#8221;7\/12&#8243;][\/vc_column_inner][vc_column_inner width=&#8221;5\/12&#8243;][vc_column_text] Ihre Punktzahl f\u00fcr den Fl\u00fcssigkeitshaushalt Finden Sie heraus, wie hoch Ihr Feuchtigkeitsgehalt ist und welches Produkt mit Ihnen in Verbindung steht.[\/vc_column_text][\/vc_column_inner][\/vc_row_inner][\/vc_column][\/vc_row][vc_row][vc_column][vc_column_text el_id=&#8221;bloc-resultat-larme&#8221;] [\/vc_column_text][vc_row_inner content_placement=&#8221;middle&#8221; el_class=&#8221;bloc-conseils&#8221; css=&#8221;.vc_custom_1736850377261{margin-top: 80px !important;}&#8221;][vc_column_inner width=&#8221;1\/2&#8243;][vc_column_text] In der N\u00e4he von \ud83e\udd75 Das geht&hellip;<\/p>\n","protected":false},"author":7,"featured_media":0,"parent":0,"menu_order":0,"comment_status":"closed","ping_status":"closed","template":"","meta":{"footnotes":""},"yoast_head":"<!-- This site is optimized with the Yoast SEO plugin v23.5 - https:\/\/yoast.com\/wordpress\/plugins\/seo\/ -->\n<title>Ergebnis der Hydratationsdiagnose - La Cure Beaut\u00e9<\/title>\n<meta name=\"robots\" content=\"index, follow, max-snippet:-1, max-image-preview:large, max-video-preview:-1\" \/>\n<link rel=\"canonical\" href=\"https:\/\/www.lacurebeaute.fr\/de\/ergebnis-der-hydratations-diagnose\/\" \/>\n<meta property=\"og:locale\" content=\"de_DE\" \/>\n<meta property=\"og:type\" content=\"article\" \/>\n<meta property=\"og:title\" content=\"Ergebnis der Hydratationsdiagnose - La Cure Beaut\u00e9\" \/>\n<meta property=\"og:description\" content=\"[vc_row et_full_width=&#8221;true&#8221; equal_height=&#8221;yes&#8221; content_placement=&#8221;middle&#8221; el_class=&#8221;zoom-in-out-element banner_hero&#8221; css=&#8221;.vc_custom_1736849429551{background-image: url(https:\/\/www.lacurebeaute.fr\/wp-content\/uploads\/2025\/01\/hydra_banner_hero.png?id=29244) !important;}&#8221;][vc_column][vc_row_inner equal_height=&#8221;yes&#8221; content_placement=&#8221;middle&#8221; el_class=&#8221;slide_diag_result&#8221;][vc_column_inner width=&#8221;7\/12&#8243;][\/vc_column_inner][vc_column_inner width=&#8221;5\/12&#8243;][vc_column_text] Ihre Punktzahl f\u00fcr den Fl\u00fcssigkeitshaushalt Finden Sie heraus, wie hoch Ihr Feuchtigkeitsgehalt ist und welches Produkt mit Ihnen in Verbindung steht.[\/vc_column_text][\/vc_column_inner][\/vc_row_inner][\/vc_column][\/vc_row][vc_row][vc_column][vc_column_text el_id=&#8221;bloc-resultat-larme&#8221;] [\/vc_column_text][vc_row_inner content_placement=&#8221;middle&#8221; el_class=&#8221;bloc-conseils&#8221; css=&#8221;.vc_custom_1736850377261{margin-top: 80px !important;}&#8221;][vc_column_inner width=&#8221;1\/2&#8243;][vc_column_text] In der N\u00e4he von \ud83e\udd75 Das geht&hellip;\" \/>\n<meta property=\"og:url\" content=\"https:\/\/www.lacurebeaute.fr\/de\/ergebnis-der-hydratations-diagnose\/\" \/>\n<meta property=\"og:site_name\" content=\"La Cure Beaut\u00e9\" \/>\n<meta property=\"article:modified_time\" content=\"2025-01-31T15:00:27+00:00\" \/>\n<meta name=\"twitter:card\" content=\"summary_large_image\" \/>\n<meta name=\"twitter:label1\" content=\"Gesch\u00e4tzte Lesezeit\" \/>\n\t<meta name=\"twitter:data1\" content=\"3\u00a0Minuten\" \/>\n<script type=\"application\/ld+json\" class=\"yoast-schema-graph\">{\"@context\":\"https:\/\/schema.org\",\"@graph\":[{\"@type\":\"WebPage\",\"@id\":\"https:\/\/www.lacurebeaute.fr\/de\/ergebnis-der-hydratations-diagnose\/\",\"url\":\"https:\/\/www.lacurebeaute.fr\/de\/ergebnis-der-hydratations-diagnose\/\",\"name\":\"Ergebnis der Hydratationsdiagnose - La Cure Beaut\u00e9\",\"isPartOf\":{\"@id\":\"https:\/\/www.lacurebeaute.fr\/de\/#website\"},\"datePublished\":\"2025-01-29T11:34:29+00:00\",\"dateModified\":\"2025-01-31T15:00:27+00:00\",\"breadcrumb\":{\"@id\":\"https:\/\/www.lacurebeaute.fr\/de\/ergebnis-der-hydratations-diagnose\/#breadcrumb\"},\"inLanguage\":\"de\",\"potentialAction\":[{\"@type\":\"ReadAction\",\"target\":[\"https:\/\/www.lacurebeaute.fr\/de\/ergebnis-der-hydratations-diagnose\/\"]}]},{\"@type\":\"BreadcrumbList\",\"@id\":\"https:\/\/www.lacurebeaute.fr\/de\/ergebnis-der-hydratations-diagnose\/#breadcrumb\",\"itemListElement\":[{\"@type\":\"ListItem\",\"position\":1,\"name\":\"Accueil\",\"item\":\"https:\/\/www.lacurebeaute.fr\/de\/\"},{\"@type\":\"ListItem\",\"position\":2,\"name\":\"Ergebnis der Hydratationsdiagnose\"}]},{\"@type\":\"WebSite\",\"@id\":\"https:\/\/www.lacurebeaute.fr\/de\/#website\",\"url\":\"https:\/\/www.lacurebeaute.fr\/de\/\",\"name\":\"La Cure Beaut\u00e9\",\"description\":\"La marque de soins entre copines, naturelle et efficace\",\"potentialAction\":[{\"@type\":\"SearchAction\",\"target\":{\"@type\":\"EntryPoint\",\"urlTemplate\":\"https:\/\/www.lacurebeaute.fr\/de\/?s={search_term_string}\"},\"query-input\":{\"@type\":\"PropertyValueSpecification\",\"valueRequired\":true,\"valueName\":\"search_term_string\"}}],\"inLanguage\":\"de\"}]}<\/script>\n<!-- \/ Yoast SEO plugin. -->","yoast_head_json":{"title":"Ergebnis der Hydratationsdiagnose - La Cure Beaut\u00e9","robots":{"index":"index","follow":"follow","max-snippet":"max-snippet:-1","max-image-preview":"max-image-preview:large","max-video-preview":"max-video-preview:-1"},"canonical":"https:\/\/www.lacurebeaute.fr\/de\/ergebnis-der-hydratations-diagnose\/","og_locale":"de_DE","og_type":"article","og_title":"Ergebnis der Hydratationsdiagnose - La Cure Beaut\u00e9","og_description":"[vc_row et_full_width=&#8221;true&#8221; equal_height=&#8221;yes&#8221; content_placement=&#8221;middle&#8221; el_class=&#8221;zoom-in-out-element banner_hero&#8221; css=&#8221;.vc_custom_1736849429551{background-image: url(https:\/\/www.lacurebeaute.fr\/wp-content\/uploads\/2025\/01\/hydra_banner_hero.png?id=29244) !important;}&#8221;][vc_column][vc_row_inner equal_height=&#8221;yes&#8221; content_placement=&#8221;middle&#8221; el_class=&#8221;slide_diag_result&#8221;][vc_column_inner width=&#8221;7\/12&#8243;][\/vc_column_inner][vc_column_inner width=&#8221;5\/12&#8243;][vc_column_text] Ihre Punktzahl f\u00fcr den Fl\u00fcssigkeitshaushalt Finden Sie heraus, wie hoch Ihr Feuchtigkeitsgehalt ist und welches Produkt mit Ihnen in Verbindung steht.[\/vc_column_text][\/vc_column_inner][\/vc_row_inner][\/vc_column][\/vc_row][vc_row][vc_column][vc_column_text el_id=&#8221;bloc-resultat-larme&#8221;] [\/vc_column_text][vc_row_inner content_placement=&#8221;middle&#8221; el_class=&#8221;bloc-conseils&#8221; css=&#8221;.vc_custom_1736850377261{margin-top: 80px !important;}&#8221;][vc_column_inner width=&#8221;1\/2&#8243;][vc_column_text] In der N\u00e4he von \ud83e\udd75 Das geht&hellip;","og_url":"https:\/\/www.lacurebeaute.fr\/de\/ergebnis-der-hydratations-diagnose\/","og_site_name":"La Cure Beaut\u00e9","article_modified_time":"2025-01-31T15:00:27+00:00","twitter_card":"summary_large_image","twitter_misc":{"Gesch\u00e4tzte Lesezeit":"3\u00a0Minuten"},"schema":{"@context":"https:\/\/schema.org","@graph":[{"@type":"WebPage","@id":"https:\/\/www.lacurebeaute.fr\/de\/ergebnis-der-hydratations-diagnose\/","url":"https:\/\/www.lacurebeaute.fr\/de\/ergebnis-der-hydratations-diagnose\/","name":"Ergebnis der Hydratationsdiagnose - La Cure Beaut\u00e9","isPartOf":{"@id":"https:\/\/www.lacurebeaute.fr\/de\/#website"},"datePublished":"2025-01-29T11:34:29+00:00","dateModified":"2025-01-31T15:00:27+00:00","breadcrumb":{"@id":"https:\/\/www.lacurebeaute.fr\/de\/ergebnis-der-hydratations-diagnose\/#breadcrumb"},"inLanguage":"de","potentialAction":[{"@type":"ReadAction","target":["https:\/\/www.lacurebeaute.fr\/de\/ergebnis-der-hydratations-diagnose\/"]}]},{"@type":"BreadcrumbList","@id":"https:\/\/www.lacurebeaute.fr\/de\/ergebnis-der-hydratations-diagnose\/#breadcrumb","itemListElement":[{"@type":"ListItem","position":1,"name":"Accueil","item":"https:\/\/www.lacurebeaute.fr\/de\/"},{"@type":"ListItem","position":2,"name":"Ergebnis der Hydratationsdiagnose"}]},{"@type":"WebSite","@id":"https:\/\/www.lacurebeaute.fr\/de\/#website","url":"https:\/\/www.lacurebeaute.fr\/de\/","name":"La Cure Beaut\u00e9","description":"La marque de soins entre copines, naturelle et efficace","potentialAction":[{"@type":"SearchAction","target":{"@type":"EntryPoint","urlTemplate":"https:\/\/www.lacurebeaute.fr\/de\/?s={search_term_string}"},"query-input":{"@type":"PropertyValueSpecification","valueRequired":true,"valueName":"search_term_string"}}],"inLanguage":"de"}]}},"_links":{"self":[{"href":"https:\/\/www.lacurebeaute.fr\/de\/wp-json\/wp\/v2\/pages\/28666"}],"collection":[{"href":"https:\/\/www.lacurebeaute.fr\/de\/wp-json\/wp\/v2\/pages"}],"about":[{"href":"https:\/\/www.lacurebeaute.fr\/de\/wp-json\/wp\/v2\/types\/page"}],"author":[{"embeddable":true,"href":"https:\/\/www.lacurebeaute.fr\/de\/wp-json\/wp\/v2\/users\/7"}],"replies":[{"embeddable":true,"href":"https:\/\/www.lacurebeaute.fr\/de\/wp-json\/wp\/v2\/comments?post=28666"}],"version-history":[{"count":14,"href":"https:\/\/www.lacurebeaute.fr\/de\/wp-json\/wp\/v2\/pages\/28666\/revisions"}],"predecessor-version":[{"id":30064,"href":"https:\/\/www.lacurebeaute.fr\/de\/wp-json\/wp\/v2\/pages\/28666\/revisions\/30064"}],"wp:attachment":[{"href":"https:\/\/www.lacurebeaute.fr\/de\/wp-json\/wp\/v2\/media?parent=28666"}],"curies":[{"name":"wp","href":"https:\/\/api.w.org\/{rel}","templated":true}]}}