{"id":29714,"date":"2025-01-28T11:24:33","date_gmt":"2025-01-28T10:24:33","guid":{"rendered":"https:\/\/www.lacurebeaute.fr\/diagnostic-hydratation-de-2024\/"},"modified":"2025-01-31T15:57:21","modified_gmt":"2025-01-31T14:57:21","slug":"dein-feuchtigkeitsbedarf","status":"publish","type":"page","link":"https:\/\/www.lacurebeaute.fr\/de\/dein-feuchtigkeitsbedarf\/","title":{"rendered":"Diagnostic Hydratation DE 2024"},"content":{"rendered":"[vc_row et_full_width=&#8221;true&#8221; equal_height=&#8221;yes&#8221; content_placement=&#8221;middle&#8221; el_class=&#8221;zoom-in-out-element banner_hero&#8221; css=&#8221;.vc_custom_1736849429551{background-image: url(https:\/\/www.lacurebeaute.fr\/wp-content\/uploads\/2025\/01\/hydra_banner_hero.png?id=29244) !important;}&#8221;][vc_column][vc_row_inner equal_height=&#8221;yes&#8221; content_placement=&#8221;middle&#8221; el_class=&#8221;slide_diag&#8221;][vc_column_inner width=&#8221;7\/12&#8243;][\/vc_column_inner][vc_column_inner width=&#8221;5\/12&#8243;][vc_column_text]\n<h1>Dein Feuchtigkeitsbedarf<\/h1>\n<p>Du bist neugierig, wie es um den Feuchtigkeitsgehalt deiner Haut bestellt ist? Mit unserem schnellen Quiz erh\u00e4ltst du in weniger als 5 Minuten individuelle Tipps f\u00fcr eine strahlende und optimal gesch\u00fctzte Haut![\/vc_column_text][\/vc_column_inner][\/vc_row_inner][\/vc_column][\/vc_row][vc_row et_full_width=&#8221;true&#8221; css=&#8221;.vc_custom_1737018188373{padding-top: 140px !important;padding-bottom: 80px !important;background-image: url(https:\/\/www.lacurebeaute.fr\/wp-content\/uploads\/2025\/01\/fleurs_bg_hydratation.png?id=29240) !important;background-position: center !important;background-repeat: no-repeat !important;background-size: cover !important;}&#8221; el_class=&#8221;flower-background&#8221;][vc_column][vc_row_inner][vc_column_inner width=&#8221;1\/2&#8243;][vc_single_image image=&#8221;29238&#8243; img_size=&#8221;full&#8221; alignment=&#8221;right&#8221;][\/vc_column_inner][vc_column_inner width=&#8221;1\/2&#8243;][vc_column_text el_class=&#8221;text_margin&#8221;]\n<h2>Die Feuchtigkeitszufuhr<\/h2>\n<p>Eine ausreichende Feuchtigkeitszufuhr ist ein Grundbed\u00fcrfnis aller Hauttypen, egal ob es sich um trockene, fettige, empfindliche Haut oder Mischhaut handelt. Sie spielt eine entscheidende Rolle bei der Aufrechterhaltung der Hautbarriere, hilft, Spannungsgef\u00fchlen vorzubeugen, und tr\u00e4gt dazu bei, die Anzeichen vorzeitiger Hautalterung zu verz\u00f6gern.<\/p>\n<p>Bei der Wahl deiner individuellen Pflegeroutine ist es daher unerl\u00e4sslich, den Feuchtigkeitsgehalt deiner Haut und ihre spezifischen Bed\u00fcrfnisse zu kennen. Unsere gezielten Pflegeprodukte helfen dir dabei, das nat\u00fcrliche Gleichgewicht deiner Haut zu bewahren, ihre Struktur zu verbessern und Problemen wie mangelnde Feuchtigkeit oder \u00fcberm\u00e4\u00dfige Talgproduktion vorzubeugen.<\/p>\n<p>Mit der optimalen Feuchtigkeitszufuhr verhilfst du deiner Haut zu einem geschmeidigen und strahlenden Teint. Enth\u00fclle die volle Ausstrahlung einer gesunden und gepflegten Haut.[\/vc_column_text][vc_btn title=&#8221;Teste deinen Feuchtigkeitsbedarf&#8221; shape=&#8221;square&#8221; el_class=&#8221;green_button&#8221; link=&#8221;url:https%3A%2F%2Finterprestige.typeform.com%2Fto%2FLxUUXd8N&#8221;][\/vc_column_inner][\/vc_row_inner][\/vc_column][\/vc_row][vc_row et_full_width=&#8221;true&#8221; content_placement=&#8221;bottom&#8221; css=&#8221;.vc_custom_1736780572419{margin-top: 0px !important;padding-top: 80px !important;padding-bottom: 80px !important;background-color: #fce9f1 !important;}&#8221; el_class=&#8221;reassurance&#8221;][vc_column][vc_row_inner content_placement=&#8221;bottom&#8221;][vc_column_inner width=&#8221;1\/4&#8243;][vc_single_image image=&#8221;29068&#8243; img_size=&#8221;&#8221; add_caption=&#8221;yes&#8221; alignment=&#8221;center&#8221; el_class=&#8221;width-figcaption&#8221;][\/vc_column_inner][vc_column_inner width=&#8221;1\/4&#8243;][vc_single_image image=&#8221;29570&#8243; img_size=&#8221;&#8221; add_caption=&#8221;yes&#8221; alignment=&#8221;center&#8221; el_class=&#8221;width-figcaption&#8221;][\/vc_column_inner][vc_column_inner width=&#8221;1\/4&#8243;][vc_single_image image=&#8221;29072&#8243; img_size=&#8221;&#8221; add_caption=&#8221;yes&#8221; alignment=&#8221;center&#8221; el_id=&#8221;width-figcaption&#8221;][\/vc_column_inner][vc_column_inner width=&#8221;1\/4&#8243;][vc_single_image image=&#8221;29080&#8243; img_size=&#8221;&#8221; add_caption=&#8221;yes&#8221; alignment=&#8221;center&#8221; el_class=&#8221;width-figcaption&#8221;][\/vc_column_inner][\/vc_row_inner][\/vc_column][\/vc_row][vc_row css=&#8221;.vc_custom_1736764143856{margin-top: 120px !important;}&#8221; el_class=&#8221;instagram_footer&#8221;][vc_column][vc_column_text]\n<h2 style=\"text-align: center; text-color: #fff; margin: 0!important;\">Folgen Sie uns auf Instagram<\/h2>\n<h4 style=\"text-align: center; text-color: #fff;\">@lacurebeauteparis<\/h4>\n[\/vc_column_text][vc_raw_html]W2luc3RhZ3JhbS1mZWVkIGZlZWQ9Ml0=[\/vc_raw_html][\/vc_column][\/vc_row]\n","protected":false},"excerpt":{"rendered":"<p>[vc_row et_full_width=&#8221;true&#8221; equal_height=&#8221;yes&#8221; content_placement=&#8221;middle&#8221; el_class=&#8221;zoom-in-out-element banner_hero&#8221; css=&#8221;.vc_custom_1736849429551{background-image: url(https:\/\/www.lacurebeaute.fr\/wp-content\/uploads\/2025\/01\/hydra_banner_hero.png?id=29244) !important;}&#8221;][vc_column][vc_row_inner equal_height=&#8221;yes&#8221; content_placement=&#8221;middle&#8221; el_class=&#8221;slide_diag&#8221;][vc_column_inner width=&#8221;7\/12&#8243;][\/vc_column_inner][vc_column_inner width=&#8221;5\/12&#8243;][vc_column_text] Dein Feuchtigkeitsbedarf Du bist neugierig, wie es um den Feuchtigkeitsgehalt deiner Haut bestellt ist? Mit unserem schnellen Quiz erh\u00e4ltst du in weniger als 5 Minuten individuelle Tipps f\u00fcr eine strahlende und optimal gesch\u00fctzte Haut![\/vc_column_text][\/vc_column_inner][\/vc_row_inner][\/vc_column][\/vc_row][vc_row et_full_width=&#8221;true&#8221; css=&#8221;.vc_custom_1737018188373{padding-top:&hellip;<\/p>\n","protected":false},"author":7,"featured_media":0,"parent":0,"menu_order":0,"comment_status":"closed","ping_status":"closed","template":"","meta":{"footnotes":""},"yoast_head":"<!-- This site is optimized with the Yoast SEO plugin v23.5 - https:\/\/yoast.com\/wordpress\/plugins\/seo\/ -->\n<title>La Cure Beaut\u00e9 | Eine Pflege, die aus dem Reichtum S\u00fcdfrankreichs sch\u00f6pft<\/title>\n<meta name=\"robots\" content=\"index, follow, max-snippet:-1, max-image-preview:large, max-video-preview:-1\" \/>\n<link rel=\"canonical\" href=\"https:\/\/www.lacurebeaute.fr\/de\/dein-feuchtigkeitsbedarf\/\" \/>\n<meta property=\"og:locale\" content=\"de_DE\" \/>\n<meta property=\"og:type\" content=\"article\" \/>\n<meta property=\"og:title\" content=\"La Cure Beaut\u00e9 | Eine Pflege, die aus dem Reichtum S\u00fcdfrankreichs sch\u00f6pft\" \/>\n<meta property=\"og:description\" content=\"[vc_row et_full_width=&#8221;true&#8221; equal_height=&#8221;yes&#8221; content_placement=&#8221;middle&#8221; el_class=&#8221;zoom-in-out-element banner_hero&#8221; css=&#8221;.vc_custom_1736849429551{background-image: url(https:\/\/www.lacurebeaute.fr\/wp-content\/uploads\/2025\/01\/hydra_banner_hero.png?id=29244) !important;}&#8221;][vc_column][vc_row_inner equal_height=&#8221;yes&#8221; content_placement=&#8221;middle&#8221; el_class=&#8221;slide_diag&#8221;][vc_column_inner width=&#8221;7\/12&#8243;][\/vc_column_inner][vc_column_inner width=&#8221;5\/12&#8243;][vc_column_text] Dein Feuchtigkeitsbedarf Du bist neugierig, wie es um den Feuchtigkeitsgehalt deiner Haut bestellt ist? Mit unserem schnellen Quiz erh\u00e4ltst du in weniger als 5 Minuten individuelle Tipps f\u00fcr eine strahlende und optimal gesch\u00fctzte Haut![\/vc_column_text][\/vc_column_inner][\/vc_row_inner][\/vc_column][\/vc_row][vc_row et_full_width=&#8221;true&#8221; css=&#8221;.vc_custom_1737018188373{padding-top:&hellip;\" \/>\n<meta property=\"og:url\" content=\"https:\/\/www.lacurebeaute.fr\/de\/dein-feuchtigkeitsbedarf\/\" \/>\n<meta property=\"og:site_name\" content=\"La Cure Beaut\u00e9\" \/>\n<meta property=\"article:modified_time\" content=\"2025-01-31T14:57:21+00:00\" \/>\n<meta name=\"twitter:card\" content=\"summary_large_image\" \/>\n<meta name=\"twitter:label1\" content=\"Gesch\u00e4tzte Lesezeit\" \/>\n\t<meta name=\"twitter:data1\" content=\"3\u00a0Minuten\" \/>\n<script type=\"application\/ld+json\" class=\"yoast-schema-graph\">{\"@context\":\"https:\/\/schema.org\",\"@graph\":[{\"@type\":\"WebPage\",\"@id\":\"https:\/\/www.lacurebeaute.fr\/de\/dein-feuchtigkeitsbedarf\/\",\"url\":\"https:\/\/www.lacurebeaute.fr\/de\/dein-feuchtigkeitsbedarf\/\",\"name\":\"La Cure Beaut\u00e9 | Eine Pflege, die aus dem Reichtum S\u00fcdfrankreichs sch\u00f6pft\",\"isPartOf\":{\"@id\":\"https:\/\/www.lacurebeaute.fr\/de\/#website\"},\"datePublished\":\"2025-01-28T10:24:33+00:00\",\"dateModified\":\"2025-01-31T14:57:21+00:00\",\"breadcrumb\":{\"@id\":\"https:\/\/www.lacurebeaute.fr\/de\/dein-feuchtigkeitsbedarf\/#breadcrumb\"},\"inLanguage\":\"de\",\"potentialAction\":[{\"@type\":\"ReadAction\",\"target\":[\"https:\/\/www.lacurebeaute.fr\/de\/dein-feuchtigkeitsbedarf\/\"]}]},{\"@type\":\"BreadcrumbList\",\"@id\":\"https:\/\/www.lacurebeaute.fr\/de\/dein-feuchtigkeitsbedarf\/#breadcrumb\",\"itemListElement\":[{\"@type\":\"ListItem\",\"position\":1,\"name\":\"Accueil\",\"item\":\"https:\/\/www.lacurebeaute.fr\/de\/\"},{\"@type\":\"ListItem\",\"position\":2,\"name\":\"Diagnostic Hydratation DE 2024\"}]},{\"@type\":\"WebSite\",\"@id\":\"https:\/\/www.lacurebeaute.fr\/de\/#website\",\"url\":\"https:\/\/www.lacurebeaute.fr\/de\/\",\"name\":\"La Cure Beaut\u00e9\",\"description\":\"La marque de soins entre copines, naturelle et efficace\",\"potentialAction\":[{\"@type\":\"SearchAction\",\"target\":{\"@type\":\"EntryPoint\",\"urlTemplate\":\"https:\/\/www.lacurebeaute.fr\/de\/?s={search_term_string}\"},\"query-input\":{\"@type\":\"PropertyValueSpecification\",\"valueRequired\":true,\"valueName\":\"search_term_string\"}}],\"inLanguage\":\"de\"}]}<\/script>\n<!-- \/ Yoast SEO plugin. -->","yoast_head_json":{"title":"La Cure Beaut\u00e9 | Eine Pflege, die aus dem Reichtum S\u00fcdfrankreichs sch\u00f6pft","robots":{"index":"index","follow":"follow","max-snippet":"max-snippet:-1","max-image-preview":"max-image-preview:large","max-video-preview":"max-video-preview:-1"},"canonical":"https:\/\/www.lacurebeaute.fr\/de\/dein-feuchtigkeitsbedarf\/","og_locale":"de_DE","og_type":"article","og_title":"La Cure Beaut\u00e9 | Eine Pflege, die aus dem Reichtum S\u00fcdfrankreichs sch\u00f6pft","og_description":"[vc_row et_full_width=&#8221;true&#8221; equal_height=&#8221;yes&#8221; content_placement=&#8221;middle&#8221; el_class=&#8221;zoom-in-out-element banner_hero&#8221; css=&#8221;.vc_custom_1736849429551{background-image: url(https:\/\/www.lacurebeaute.fr\/wp-content\/uploads\/2025\/01\/hydra_banner_hero.png?id=29244) !important;}&#8221;][vc_column][vc_row_inner equal_height=&#8221;yes&#8221; content_placement=&#8221;middle&#8221; el_class=&#8221;slide_diag&#8221;][vc_column_inner width=&#8221;7\/12&#8243;][\/vc_column_inner][vc_column_inner width=&#8221;5\/12&#8243;][vc_column_text] Dein Feuchtigkeitsbedarf Du bist neugierig, wie es um den Feuchtigkeitsgehalt deiner Haut bestellt ist? Mit unserem schnellen Quiz erh\u00e4ltst du in weniger als 5 Minuten individuelle Tipps f\u00fcr eine strahlende und optimal gesch\u00fctzte Haut![\/vc_column_text][\/vc_column_inner][\/vc_row_inner][\/vc_column][\/vc_row][vc_row et_full_width=&#8221;true&#8221; css=&#8221;.vc_custom_1737018188373{padding-top:&hellip;","og_url":"https:\/\/www.lacurebeaute.fr\/de\/dein-feuchtigkeitsbedarf\/","og_site_name":"La Cure Beaut\u00e9","article_modified_time":"2025-01-31T14:57:21+00:00","twitter_card":"summary_large_image","twitter_misc":{"Gesch\u00e4tzte Lesezeit":"3\u00a0Minuten"},"schema":{"@context":"https:\/\/schema.org","@graph":[{"@type":"WebPage","@id":"https:\/\/www.lacurebeaute.fr\/de\/dein-feuchtigkeitsbedarf\/","url":"https:\/\/www.lacurebeaute.fr\/de\/dein-feuchtigkeitsbedarf\/","name":"La Cure Beaut\u00e9 | Eine Pflege, die aus dem Reichtum S\u00fcdfrankreichs sch\u00f6pft","isPartOf":{"@id":"https:\/\/www.lacurebeaute.fr\/de\/#website"},"datePublished":"2025-01-28T10:24:33+00:00","dateModified":"2025-01-31T14:57:21+00:00","breadcrumb":{"@id":"https:\/\/www.lacurebeaute.fr\/de\/dein-feuchtigkeitsbedarf\/#breadcrumb"},"inLanguage":"de","potentialAction":[{"@type":"ReadAction","target":["https:\/\/www.lacurebeaute.fr\/de\/dein-feuchtigkeitsbedarf\/"]}]},{"@type":"BreadcrumbList","@id":"https:\/\/www.lacurebeaute.fr\/de\/dein-feuchtigkeitsbedarf\/#breadcrumb","itemListElement":[{"@type":"ListItem","position":1,"name":"Accueil","item":"https:\/\/www.lacurebeaute.fr\/de\/"},{"@type":"ListItem","position":2,"name":"Diagnostic Hydratation DE 2024"}]},{"@type":"WebSite","@id":"https:\/\/www.lacurebeaute.fr\/de\/#website","url":"https:\/\/www.lacurebeaute.fr\/de\/","name":"La Cure Beaut\u00e9","description":"La marque de soins entre copines, naturelle et efficace","potentialAction":[{"@type":"SearchAction","target":{"@type":"EntryPoint","urlTemplate":"https:\/\/www.lacurebeaute.fr\/de\/?s={search_term_string}"},"query-input":{"@type":"PropertyValueSpecification","valueRequired":true,"valueName":"search_term_string"}}],"inLanguage":"de"}]}},"_links":{"self":[{"href":"https:\/\/www.lacurebeaute.fr\/de\/wp-json\/wp\/v2\/pages\/29714"}],"collection":[{"href":"https:\/\/www.lacurebeaute.fr\/de\/wp-json\/wp\/v2\/pages"}],"about":[{"href":"https:\/\/www.lacurebeaute.fr\/de\/wp-json\/wp\/v2\/types\/page"}],"author":[{"embeddable":true,"href":"https:\/\/www.lacurebeaute.fr\/de\/wp-json\/wp\/v2\/users\/7"}],"replies":[{"embeddable":true,"href":"https:\/\/www.lacurebeaute.fr\/de\/wp-json\/wp\/v2\/comments?post=29714"}],"version-history":[{"count":11,"href":"https:\/\/www.lacurebeaute.fr\/de\/wp-json\/wp\/v2\/pages\/29714\/revisions"}],"predecessor-version":[{"id":30453,"href":"https:\/\/www.lacurebeaute.fr\/de\/wp-json\/wp\/v2\/pages\/29714\/revisions\/30453"}],"wp:attachment":[{"href":"https:\/\/www.lacurebeaute.fr\/de\/wp-json\/wp\/v2\/media?parent=29714"}],"curies":[{"name":"wp","href":"https:\/\/api.w.org\/{rel}","templated":true}]}}