{"id":29722,"date":"2025-01-28T11:26:19","date_gmt":"2025-01-28T10:26:19","guid":{"rendered":"https:\/\/www.lacurebeaute.fr\/diagnostic-de-peau-de-2024\/"},"modified":"2025-01-31T15:58:39","modified_gmt":"2025-01-31T14:58:39","slug":"hautdiagnose","status":"publish","type":"page","link":"https:\/\/www.lacurebeaute.fr\/de\/hautdiagnose\/","title":{"rendered":"Diagnostic de peau DE 2024"},"content":{"rendered":"[vc_row et_full_width=&#8221;true&#8221; equal_height=&#8221;yes&#8221; content_placement=&#8221;middle&#8221; el_class=&#8221;zoom-in-out-element banner_hero&#8221; css=&#8221;.vc_custom_1736848771956{background-image: url(https:\/\/www.lacurebeaute.fr\/wp-content\/uploads\/2025\/01\/banner_type_peaux.png?id=29207) !important;}&#8221;][vc_column][vc_row_inner equal_height=&#8221;yes&#8221; content_placement=&#8221;middle&#8221; el_class=&#8221;slide_diag&#8221;][vc_column_inner width=&#8221;1\/2&#8243;][\/vc_column_inner][vc_column_inner width=&#8221;1\/2&#8243;][vc_column_text]\n<h1>Du m\u00f6chtest wissen, welcher Hauttyp du bist?<\/h1>\n<p>Dann bist du hier genau richtig! Erfahre dein Ergebnis in weniger als 5 Minuten.[\/vc_column_text][\/vc_column_inner][\/vc_row_inner][\/vc_column][\/vc_row][vc_row et_full_width=&#8221;true&#8221; css=&#8221;.vc_custom_1737018143800{background-image: url(https:\/\/www.lacurebeaute.fr\/wp-content\/uploads\/2025\/01\/fleurs_bg_type_peaux.png?id=29224) !important;background-position: center !important;background-repeat: no-repeat !important;background-size: cover !important;}&#8221; el_class=&#8221;flower-background&#8221;][vc_column][vc_row_inner][vc_column_inner width=&#8221;1\/2&#8243;][vc_column_text el_class=&#8221;text_margin&#8221;]\n<h2>Hauttypen<\/h2>\n<p>Es gibt verschiedene Hauttypen: normale, trockene, fettige und Mischhaut &#8230;<br \/>\nTrockener Haut mangelt es an Lipiden, was ihre Hautbarriere schw\u00e4cht und zu Feuchtigkeitsverlust f\u00fchrt.<\/p>\n<p>Fettige Haut hingegen produziert einen \u00dcberschuss an Talg, w\u00e4hrend Mischhaut eine Kombination dieser beiden Merkmale aufweist.<\/p>\n<p>Empfindliche Haut besitzt eine niedrigere Toleranzschwelle und ben\u00f6tigt eine sanftere Pflege, w\u00e4hrend reife Haut einer speziellen Pflege bedarf, um den Zeichen der Hautalterung entgegenzuwirken.<\/p>\n<p>Um deine ganz individuelle Pflegeroutine zusammenzustellen, ist es unerl\u00e4sslich, deinen Hauttyp zu kennen. Denn nur so kannst du auf die besonderen Bed\u00fcrfnisse deiner Haut eingehen, Hautproblemen vorbeugen, das Aussehen deiner Haut verbessern und ihr nat\u00fcrliches Gleichgewicht bewahren. Mit der richtigen Pflege erzielst du ein optimales Ergebnis und enth\u00fcllst einen gesunden und strahlenden Teint und eine perfekt ausbalancierte, wundersch\u00f6ne Haut.[\/vc_column_text][vc_btn title=&#8221;Teste deinen Hauttyp&#8221; shape=&#8221;square&#8221; el_class=&#8221;green_button&#8221; link=&#8221;url:https%3A%2F%2Fform.typeform.com%2Fto%2Fi7u7ERuw%3Ftypeform-medium%3Dembed-snippet&#8221;][\/vc_column_inner][vc_column_inner width=&#8221;1\/2&#8243;][vc_single_image image=&#8221;29220&#8243; img_size=&#8221;full&#8221; alignment=&#8221;right&#8221; el_class=&#8221;text_margin&#8221;][\/vc_column_inner][\/vc_row_inner][\/vc_column][\/vc_row][vc_row et_full_width=&#8221;true&#8221; content_placement=&#8221;bottom&#8221; css=&#8221;.vc_custom_1736780572419{margin-top: 0px !important;padding-top: 80px !important;padding-bottom: 80px !important;background-color: #fce9f1 !important;}&#8221; el_class=&#8221;reassurance&#8221;][vc_column][vc_row_inner][vc_column_inner width=&#8221;1\/4&#8243;][vc_single_image image=&#8221;29068&#8243; img_size=&#8221;&#8221; add_caption=&#8221;yes&#8221; alignment=&#8221;center&#8221; el_class=&#8221;width-figcaption&#8221;][\/vc_column_inner][vc_column_inner width=&#8221;1\/4&#8243;][vc_single_image image=&#8221;29570&#8243; img_size=&#8221;&#8221; add_caption=&#8221;yes&#8221; alignment=&#8221;center&#8221; el_class=&#8221;width-figcaption&#8221;][\/vc_column_inner][vc_column_inner width=&#8221;1\/4&#8243;][vc_single_image image=&#8221;29072&#8243; img_size=&#8221;&#8221; add_caption=&#8221;yes&#8221; alignment=&#8221;center&#8221; el_id=&#8221;width-figcaption&#8221;][\/vc_column_inner][vc_column_inner width=&#8221;1\/4&#8243;][vc_single_image image=&#8221;29080&#8243; img_size=&#8221;&#8221; add_caption=&#8221;yes&#8221; alignment=&#8221;center&#8221; el_class=&#8221;width-figcaption&#8221;][\/vc_column_inner][\/vc_row_inner][\/vc_column][\/vc_row][vc_row css=&#8221;.vc_custom_1736764143856{margin-top: 120px !important;}&#8221; el_class=&#8221;instagram_footer&#8221;][vc_column][vc_column_text]\n<h2 style=\"text-align: center; text-color: #fff; margin: 0!important;\">Folgen Sie uns auf Instagram\/h2&gt;<\/h2>\n<h4 style=\"text-align: center; text-color: #fff;\">@lacurebeauteparis<\/h4>\n[\/vc_column_text][vc_raw_html]W2luc3RhZ3JhbS1mZWVkIGZlZWQ9Ml0=[\/vc_raw_html][\/vc_column][\/vc_row]\n","protected":false},"excerpt":{"rendered":"<p>[vc_row et_full_width=&#8221;true&#8221; equal_height=&#8221;yes&#8221; content_placement=&#8221;middle&#8221; el_class=&#8221;zoom-in-out-element banner_hero&#8221; css=&#8221;.vc_custom_1736848771956{background-image: url(https:\/\/www.lacurebeaute.fr\/wp-content\/uploads\/2025\/01\/banner_type_peaux.png?id=29207) !important;}&#8221;][vc_column][vc_row_inner equal_height=&#8221;yes&#8221; content_placement=&#8221;middle&#8221; el_class=&#8221;slide_diag&#8221;][vc_column_inner width=&#8221;1\/2&#8243;][\/vc_column_inner][vc_column_inner width=&#8221;1\/2&#8243;][vc_column_text] Du m\u00f6chtest wissen, welcher Hauttyp du bist? Dann bist du hier genau richtig! Erfahre dein Ergebnis in weniger als 5 Minuten.[\/vc_column_text][\/vc_column_inner][\/vc_row_inner][\/vc_column][\/vc_row][vc_row et_full_width=&#8221;true&#8221; css=&#8221;.vc_custom_1737018143800{background-image: url(https:\/\/www.lacurebeaute.fr\/wp-content\/uploads\/2025\/01\/fleurs_bg_type_peaux.png?id=29224) !important;background-position: center !important;background-repeat: no-repeat !important;background-size: cover !important;}&#8221; el_class=&#8221;flower-background&#8221;][vc_column][vc_row_inner][vc_column_inner width=&#8221;1\/2&#8243;][vc_column_text el_class=&#8221;text_margin&#8221;] Hauttypen Es&hellip;<\/p>\n","protected":false},"author":7,"featured_media":0,"parent":0,"menu_order":0,"comment_status":"closed","ping_status":"closed","template":"","meta":{"footnotes":""},"yoast_head":"<!-- This site is optimized with the Yoast SEO plugin v23.5 - https:\/\/yoast.com\/wordpress\/plugins\/seo\/ -->\n<title>La Cure Beaut\u00e9 | Eine Pflege, die aus dem Reichtum S\u00fcdfrankreichs sch\u00f6pft<\/title>\n<meta name=\"robots\" content=\"index, follow, max-snippet:-1, max-image-preview:large, max-video-preview:-1\" \/>\n<link rel=\"canonical\" href=\"https:\/\/www.lacurebeaute.fr\/de\/hautdiagnose\/\" \/>\n<meta property=\"og:locale\" content=\"de_DE\" \/>\n<meta property=\"og:type\" content=\"article\" \/>\n<meta property=\"og:title\" content=\"La Cure Beaut\u00e9 | Eine Pflege, die aus dem Reichtum S\u00fcdfrankreichs sch\u00f6pft\" \/>\n<meta property=\"og:description\" content=\"[vc_row et_full_width=&#8221;true&#8221; equal_height=&#8221;yes&#8221; content_placement=&#8221;middle&#8221; el_class=&#8221;zoom-in-out-element banner_hero&#8221; css=&#8221;.vc_custom_1736848771956{background-image: url(https:\/\/www.lacurebeaute.fr\/wp-content\/uploads\/2025\/01\/banner_type_peaux.png?id=29207) !important;}&#8221;][vc_column][vc_row_inner equal_height=&#8221;yes&#8221; content_placement=&#8221;middle&#8221; el_class=&#8221;slide_diag&#8221;][vc_column_inner width=&#8221;1\/2&#8243;][\/vc_column_inner][vc_column_inner width=&#8221;1\/2&#8243;][vc_column_text] Du m\u00f6chtest wissen, welcher Hauttyp du bist? Dann bist du hier genau richtig! Erfahre dein Ergebnis in weniger als 5 Minuten.[\/vc_column_text][\/vc_column_inner][\/vc_row_inner][\/vc_column][\/vc_row][vc_row et_full_width=&#8221;true&#8221; css=&#8221;.vc_custom_1737018143800{background-image: url(https:\/\/www.lacurebeaute.fr\/wp-content\/uploads\/2025\/01\/fleurs_bg_type_peaux.png?id=29224) !important;background-position: center !important;background-repeat: no-repeat !important;background-size: cover !important;}&#8221; el_class=&#8221;flower-background&#8221;][vc_column][vc_row_inner][vc_column_inner width=&#8221;1\/2&#8243;][vc_column_text el_class=&#8221;text_margin&#8221;] Hauttypen Es&hellip;\" \/>\n<meta property=\"og:url\" content=\"https:\/\/www.lacurebeaute.fr\/de\/hautdiagnose\/\" \/>\n<meta property=\"og:site_name\" content=\"La Cure Beaut\u00e9\" \/>\n<meta property=\"article:modified_time\" content=\"2025-01-31T14:58:39+00:00\" \/>\n<meta name=\"twitter:card\" content=\"summary_large_image\" \/>\n<meta name=\"twitter:label1\" content=\"Gesch\u00e4tzte Lesezeit\" \/>\n\t<meta name=\"twitter:data1\" content=\"3\u00a0Minuten\" \/>\n<script type=\"application\/ld+json\" class=\"yoast-schema-graph\">{\"@context\":\"https:\/\/schema.org\",\"@graph\":[{\"@type\":\"WebPage\",\"@id\":\"https:\/\/www.lacurebeaute.fr\/de\/hautdiagnose\/\",\"url\":\"https:\/\/www.lacurebeaute.fr\/de\/hautdiagnose\/\",\"name\":\"La Cure Beaut\u00e9 | Eine Pflege, die aus dem Reichtum S\u00fcdfrankreichs sch\u00f6pft\",\"isPartOf\":{\"@id\":\"https:\/\/www.lacurebeaute.fr\/de\/#website\"},\"datePublished\":\"2025-01-28T10:26:19+00:00\",\"dateModified\":\"2025-01-31T14:58:39+00:00\",\"breadcrumb\":{\"@id\":\"https:\/\/www.lacurebeaute.fr\/de\/hautdiagnose\/#breadcrumb\"},\"inLanguage\":\"de\",\"potentialAction\":[{\"@type\":\"ReadAction\",\"target\":[\"https:\/\/www.lacurebeaute.fr\/de\/hautdiagnose\/\"]}]},{\"@type\":\"BreadcrumbList\",\"@id\":\"https:\/\/www.lacurebeaute.fr\/de\/hautdiagnose\/#breadcrumb\",\"itemListElement\":[{\"@type\":\"ListItem\",\"position\":1,\"name\":\"Accueil\",\"item\":\"https:\/\/www.lacurebeaute.fr\/de\/\"},{\"@type\":\"ListItem\",\"position\":2,\"name\":\"Diagnostic de peau DE 2024\"}]},{\"@type\":\"WebSite\",\"@id\":\"https:\/\/www.lacurebeaute.fr\/de\/#website\",\"url\":\"https:\/\/www.lacurebeaute.fr\/de\/\",\"name\":\"La Cure Beaut\u00e9\",\"description\":\"La marque de soins entre copines, naturelle et efficace\",\"potentialAction\":[{\"@type\":\"SearchAction\",\"target\":{\"@type\":\"EntryPoint\",\"urlTemplate\":\"https:\/\/www.lacurebeaute.fr\/de\/?s={search_term_string}\"},\"query-input\":{\"@type\":\"PropertyValueSpecification\",\"valueRequired\":true,\"valueName\":\"search_term_string\"}}],\"inLanguage\":\"de\"}]}<\/script>\n<!-- \/ Yoast SEO plugin. -->","yoast_head_json":{"title":"La Cure Beaut\u00e9 | Eine Pflege, die aus dem Reichtum S\u00fcdfrankreichs sch\u00f6pft","robots":{"index":"index","follow":"follow","max-snippet":"max-snippet:-1","max-image-preview":"max-image-preview:large","max-video-preview":"max-video-preview:-1"},"canonical":"https:\/\/www.lacurebeaute.fr\/de\/hautdiagnose\/","og_locale":"de_DE","og_type":"article","og_title":"La Cure Beaut\u00e9 | Eine Pflege, die aus dem Reichtum S\u00fcdfrankreichs sch\u00f6pft","og_description":"[vc_row et_full_width=&#8221;true&#8221; equal_height=&#8221;yes&#8221; content_placement=&#8221;middle&#8221; el_class=&#8221;zoom-in-out-element banner_hero&#8221; css=&#8221;.vc_custom_1736848771956{background-image: url(https:\/\/www.lacurebeaute.fr\/wp-content\/uploads\/2025\/01\/banner_type_peaux.png?id=29207) !important;}&#8221;][vc_column][vc_row_inner equal_height=&#8221;yes&#8221; content_placement=&#8221;middle&#8221; el_class=&#8221;slide_diag&#8221;][vc_column_inner width=&#8221;1\/2&#8243;][\/vc_column_inner][vc_column_inner width=&#8221;1\/2&#8243;][vc_column_text] Du m\u00f6chtest wissen, welcher Hauttyp du bist? Dann bist du hier genau richtig! Erfahre dein Ergebnis in weniger als 5 Minuten.[\/vc_column_text][\/vc_column_inner][\/vc_row_inner][\/vc_column][\/vc_row][vc_row et_full_width=&#8221;true&#8221; css=&#8221;.vc_custom_1737018143800{background-image: url(https:\/\/www.lacurebeaute.fr\/wp-content\/uploads\/2025\/01\/fleurs_bg_type_peaux.png?id=29224) !important;background-position: center !important;background-repeat: no-repeat !important;background-size: cover !important;}&#8221; el_class=&#8221;flower-background&#8221;][vc_column][vc_row_inner][vc_column_inner width=&#8221;1\/2&#8243;][vc_column_text el_class=&#8221;text_margin&#8221;] Hauttypen Es&hellip;","og_url":"https:\/\/www.lacurebeaute.fr\/de\/hautdiagnose\/","og_site_name":"La Cure Beaut\u00e9","article_modified_time":"2025-01-31T14:58:39+00:00","twitter_card":"summary_large_image","twitter_misc":{"Gesch\u00e4tzte Lesezeit":"3\u00a0Minuten"},"schema":{"@context":"https:\/\/schema.org","@graph":[{"@type":"WebPage","@id":"https:\/\/www.lacurebeaute.fr\/de\/hautdiagnose\/","url":"https:\/\/www.lacurebeaute.fr\/de\/hautdiagnose\/","name":"La Cure Beaut\u00e9 | Eine Pflege, die aus dem Reichtum S\u00fcdfrankreichs sch\u00f6pft","isPartOf":{"@id":"https:\/\/www.lacurebeaute.fr\/de\/#website"},"datePublished":"2025-01-28T10:26:19+00:00","dateModified":"2025-01-31T14:58:39+00:00","breadcrumb":{"@id":"https:\/\/www.lacurebeaute.fr\/de\/hautdiagnose\/#breadcrumb"},"inLanguage":"de","potentialAction":[{"@type":"ReadAction","target":["https:\/\/www.lacurebeaute.fr\/de\/hautdiagnose\/"]}]},{"@type":"BreadcrumbList","@id":"https:\/\/www.lacurebeaute.fr\/de\/hautdiagnose\/#breadcrumb","itemListElement":[{"@type":"ListItem","position":1,"name":"Accueil","item":"https:\/\/www.lacurebeaute.fr\/de\/"},{"@type":"ListItem","position":2,"name":"Diagnostic de peau DE 2024"}]},{"@type":"WebSite","@id":"https:\/\/www.lacurebeaute.fr\/de\/#website","url":"https:\/\/www.lacurebeaute.fr\/de\/","name":"La Cure Beaut\u00e9","description":"La marque de soins entre copines, naturelle et efficace","potentialAction":[{"@type":"SearchAction","target":{"@type":"EntryPoint","urlTemplate":"https:\/\/www.lacurebeaute.fr\/de\/?s={search_term_string}"},"query-input":{"@type":"PropertyValueSpecification","valueRequired":true,"valueName":"search_term_string"}}],"inLanguage":"de"}]}},"_links":{"self":[{"href":"https:\/\/www.lacurebeaute.fr\/de\/wp-json\/wp\/v2\/pages\/29722"}],"collection":[{"href":"https:\/\/www.lacurebeaute.fr\/de\/wp-json\/wp\/v2\/pages"}],"about":[{"href":"https:\/\/www.lacurebeaute.fr\/de\/wp-json\/wp\/v2\/types\/page"}],"author":[{"embeddable":true,"href":"https:\/\/www.lacurebeaute.fr\/de\/wp-json\/wp\/v2\/users\/7"}],"replies":[{"embeddable":true,"href":"https:\/\/www.lacurebeaute.fr\/de\/wp-json\/wp\/v2\/comments?post=29722"}],"version-history":[{"count":9,"href":"https:\/\/www.lacurebeaute.fr\/de\/wp-json\/wp\/v2\/pages\/29722\/revisions"}],"predecessor-version":[{"id":29876,"href":"https:\/\/www.lacurebeaute.fr\/de\/wp-json\/wp\/v2\/pages\/29722\/revisions\/29876"}],"wp:attachment":[{"href":"https:\/\/www.lacurebeaute.fr\/de\/wp-json\/wp\/v2\/media?parent=29722"}],"curies":[{"name":"wp","href":"https:\/\/api.w.org\/{rel}","templated":true}]}}