{"id":17323,"date":"2021-03-09T16:46:41","date_gmt":"2021-03-09T15:46:41","guid":{"rendered":"https:\/\/www.lacurebeaute.fr\/produit\/moisture-booster-face-serum\/"},"modified":"2025-11-14T09:45:17","modified_gmt":"2025-11-14T08:45:17","slug":"moisture-booster-face-serum","status":"publish","type":"product","link":"https:\/\/www.lacurebeaute.fr\/de\/produit\/moisture-booster-face-serum\/","title":{"rendered":"Moisture Booster Face Serum"},"content":{"rendered":"[vc_row et_row_padding=&#8221;true&#8221; css=&#8221;.vc_custom_1653920068715{background-color: #E6DFFB !important;}&#8221; el_class=&#8221;bg-full pink spacing-lg percents&#8221;][vc_column]\t<div id=\"et-content-carousel-411\" class=\"row et-content-carousel slick slick-slider no-padding  \" data-center=\"\" data-columns=\"3\" data-autoplay=\"\" data-fade=\"false\" data-autoplay-speed=\"\" data-pause=\"\" data-navigation=\"\" data-pagination=\"true\" data-infinite=\"true\">\n\t\t[vc_row_inner][vc_column_inner]\n\t<div id=\"et-counter-6a070269c7512\" class=\"et-counter animation bottom-to-top counter-color-custom icon-color- text-color-custom counter-top\" >\n\t\t\t\t\t<div class=\"counter-container\">\n\t\t\t\t\t\t\t\t\t<div class=\"h1\" data-count=\"100\" data-speed=\"1500\">0<\/div>\n\t\t\t\t\t\t\t\t\t\t\t\t\t<h4>Reduziert das Erscheinungsbild feiner Linien und Falten*<\/h4>\n\t\t\t\t\t\t\t<\/div>\n\t\t\t\t\t\t\t\t\t\t<figure>\t\t\t\t\t<span class=\"\"><\/span>\n\t\t\t\t\t\t\t\t\t<\/figure>\n\t\t\t\t\t\t\t\n\t<\/div>\n\t[\/vc_column_inner][\/vc_row_inner][vc_row_inner][vc_column_inner]\n\t<div id=\"et-counter-6a070269c7547\" class=\"et-counter animation bottom-to-top counter-color-custom icon-color- text-color-custom counter-top\" >\n\t\t\t\t\t<div class=\"counter-container\">\n\t\t\t\t\t\t\t\t\t<div class=\"h1\" data-count=\"100\" data-speed=\"1500\">0<\/div>\n\t\t\t\t\t\t\t\t\t\t\t\t\t<h4>besser mit Feuchtigkeit versorgte Haut*<\/h4>\n\t\t\t\t\t\t\t<\/div>\n\t\t\t\t\t\t\t\t\t\t<figure>\t\t\t\t\t<span class=\"\"><\/span>\n\t\t\t\t\t\t\t\t\t<\/figure>\n\t\t\t\t\t\t\t\n\t<\/div>\n\t[\/vc_column_inner][\/vc_row_inner][vc_row_inner][vc_column_inner]\n\t<div id=\"et-counter-6a070269c7563\" class=\"et-counter animation bottom-to-top counter-color-custom icon-color- text-color-custom counter-top\" >\n\t\t\t\t\t<div class=\"counter-container\">\n\t\t\t\t\t\t\t\t\t<div class=\"h1\" data-count=\"100\" data-speed=\"1500\">0<\/div>\n\t\t\t\t\t\t\t\t\t\t\t\t\t<h4>revitalisierte Haut*<\/h4>\n\t\t\t\t\t\t\t<\/div>\n\t\t\t\t\t\t\t\t\t\t<figure>\t\t\t\t\t<span class=\"\"><\/span>\n\t\t\t\t\t\t\t\t\t<\/figure>\n\t\t\t\t\t\t\t\n\t<\/div>\n\t[\/vc_column_inner][\/vc_row_inner]\t<\/div>\n\t\t\n\t[\/vc_column][\/vc_row][vc_row el_class=&#8221;spacing-lg benefits&#8221;][vc_column width=&#8221;1\/2&#8243; animation=&#8221;animation bottom-to-top&#8221;]\t<div id=\"et-image-199\" class=\"et-image   benefits-img  et_image_link\">\n\t\t<div class=\"et-image-inner \">\n\t\t\t\t\t\t\t<div class=\"et-image-thumb \">\n\t\t\t\t\t<img decoding=\"async\" width=\"1792\" height=\"2168\" src=\"https:\/\/www.lacurebeaute.fr\/wp-content\/uploads\/2021\/03\/9904-6.png\" class=\"attachment-full size-full\" alt=\"\" srcset=\"https:\/\/www.lacurebeaute.fr\/wp-content\/uploads\/2021\/03\/9904-6.png 1792w, https:\/\/www.lacurebeaute.fr\/wp-content\/uploads\/2021\/03\/9904-6-248x300.png 248w, https:\/\/www.lacurebeaute.fr\/wp-content\/uploads\/2021\/03\/9904-6-846x1024.png 846w, https:\/\/www.lacurebeaute.fr\/wp-content\/uploads\/2021\/03\/9904-6-768x929.png 768w, https:\/\/www.lacurebeaute.fr\/wp-content\/uploads\/2021\/03\/9904-6-79x96.png 79w, https:\/\/www.lacurebeaute.fr\/wp-content\/uploads\/2021\/03\/9904-6-35x42.png 35w, https:\/\/www.lacurebeaute.fr\/wp-content\/uploads\/2021\/03\/9904-6-1270x1536.png 1270w, https:\/\/www.lacurebeaute.fr\/wp-content\/uploads\/2021\/03\/9904-6-1693x2048.png 1693w, https:\/\/www.lacurebeaute.fr\/wp-content\/uploads\/2021\/03\/9904-6-124x150.png 124w, https:\/\/www.lacurebeaute.fr\/wp-content\/uploads\/2021\/03\/9904-6-600x726.png 600w, https:\/\/www.lacurebeaute.fr\/wp-content\/uploads\/2021\/03\/9904-6-900x1089.png 900w\" sizes=\"(max-width: 1792px) 100vw, 1792px\" \/>\t\t\t\t<\/div>\n\t\t\t\t\t\t\t\t\t\t\t<\/div>\n\t<\/div>\n  [\/vc_column][vc_column width=&#8221;1\/2&#8243; animation=&#8221;animation bottom-to-top&#8221;][vc_column_text css=&#8221;.vc_custom_1710234997878{margin-bottom: 0px !important;}&#8221;]\n<h3 style=\"text-align: left;\"><label class=\"fancy-tag\">Feuchtigkeitsspendendes anti-aging serum<\/label><\/h3>\n<h2 style=\"text-align: left;\">Garantiert eine gesunde Ausstrahlung<\/h2>\n<p>Um Feuchtigkeit zu spenden die Haut und bek\u00e4mpft die sichtbaren Zeichen der Hautalterung, das Gesichtsserum Moisture Booster ist ein Muss! Es revitalisiert die Haut und verleiht ihr ein strahlendes Aussehen, strafft sie und gl\u00e4ttet die Gesichtsz\u00fcge. die Gesichtsz\u00fcge. Seine milchige Textur zieht schnell ein und hinterl\u00e4sst auf der Haut einen leichten Duftschleier auf der Haut, der Sie den ganzen Tag \u00fcber begleitet.<\/p>\n<p><strong>Besondere Merkmale:<\/strong><\/p>\n<ul>\n<li>VEGAN<\/li>\n<li>Dermatologisch getestet<\/li>\n<\/ul>\n[\/vc_column_text][\/vc_column][\/vc_row][vc_row el_class=&#8221;spacing-lg application&#8221;][vc_column][vc_row_inner][vc_column_inner][vc_column_text animation=&#8221;animation bottom-to-top&#8221; css=&#8221;.vc_custom_1629445247553{margin-bottom: 0px !important;}&#8221;]\n<h3 style=\"text-align: center;\"><label class=\"fancy-tag\">Anwendung<\/label><\/h3>\n<h2 style=\"text-align: center;\">Morgens und abends<\/h2>\n[\/vc_column_text][\/vc_column_inner][\/vc_row_inner]\t<div id=\"et-content-carousel-869\" class=\"row et-content-carousel slick slick-slider regular-padding  \" data-center=\"\" data-columns=\"3\" data-autoplay=\"\" data-fade=\"false\" data-autoplay-speed=\"\" data-pause=\"\" data-navigation=\"\" data-pagination=\"true\" data-infinite=\"true\">\n\t\t\r\n\t<div id=\"et-iconbox-123\" class=\"et-iconbox layout-centered icon-style-image-default bottom-spacing-none icon-color- text-color- animation bottom-to-top \"> \r\n\t\t<div class=\"et-icon-inner\">\r\n\t\t\t<figure class=\"et-feature-icon\">\r\n\t\t\t\t\t\t\t\t\t<img decoding=\"async\" src=\"https:\/\/www.lacurebeaute.fr\/wp-content\/uploads\/2021\/03\/Serum-Visage-Hydratation-Anti-age-step1.jpg\" alt=\"\" \/>\r\n\t\t\t\t\t\t\t<\/figure>\r\n\t\t\t<div class=\"et-feature-content\"> \r\n\t\t\t\t\t\t\t\t\t\t\t\t<div class=\"wpb_text_column\"><h4 style=\"text-align: center;\">Schritt 1<\/h4>\n<p style=\"text-align: center;\"><span style=\"font-weight: 400;\">Nachdem Sie Ihr Gesicht gereinigt haben, geben Sie 3 bis 4 Tropfen des Serums in Ihre Handfl\u00e4che und erw\u00e4rmen sie, indem Sie Ihre H\u00e4nde aneinander reiben<\/span><\/p>\n<\/div>\r\n\t\t\t\t\t\t\t<\/div>\r\n\t\t<\/div>\r\n\t<\/div>\r\n\r\n\t\r\n\t<div id=\"et-iconbox-402\" class=\"et-iconbox layout-centered icon-style-image-default bottom-spacing-none icon-color- text-color- animation bottom-to-top \"> \r\n\t\t<div class=\"et-icon-inner\">\r\n\t\t\t<figure class=\"et-feature-icon\">\r\n\t\t\t\t\t\t\t\t\t<img decoding=\"async\" src=\"https:\/\/www.lacurebeaute.fr\/wp-content\/uploads\/2021\/03\/Serum-Visage-Hydratation-Anti-age-step2.jpg\" alt=\"\" \/>\r\n\t\t\t\t\t\t\t<\/figure>\r\n\t\t\t<div class=\"et-feature-content\"> \r\n\t\t\t\t\t\t\t\t\t\t\t\t<div class=\"wpb_text_column\"><h4 style=\"text-align: center;\">Schritt 2<\/h4>\n<p style=\"text-align: center;\"><span style=\"font-weight: 400;\">Dr\u00fccken Sie Ihre H\u00e4nde sanft auf Ihr Gesicht und arbeiten Sie das Serum gleichm\u00e4\u00dfig ein<\/span><\/p>\n<\/div>\r\n\t\t\t\t\t\t\t<\/div>\r\n\t\t<\/div>\r\n\t<\/div>\r\n\r\n\t\r\n\t<div id=\"et-iconbox-316\" class=\"et-iconbox layout-centered icon-style-image-default bottom-spacing-none icon-color- text-color- animation bottom-to-top \"> \r\n\t\t<div class=\"et-icon-inner\">\r\n\t\t\t<figure class=\"et-feature-icon\">\r\n\t\t\t\t\t\t\t\t\t<img decoding=\"async\" src=\"https:\/\/www.lacurebeaute.fr\/wp-content\/uploads\/2021\/03\/Serum-Visage-Hydratation-Anti-age-step3.jpg\" alt=\"\" \/>\r\n\t\t\t\t\t\t\t<\/figure>\r\n\t\t\t<div class=\"et-feature-content\"> \r\n\t\t\t\t\t\t\t\t\t\t\t\t<div class=\"wpb_text_column\"><h4 style=\"text-align: center;\"><strong>Schritt<\/strong> 3<\/h4>\n<p style=\"text-align: center;\"><span style=\"font-weight: 400;\">Tragen Sie anschlie\u00dfend Ihre Tages- oder Nachtcreme sowie Ihre Augenkonturpflege auf<\/span><\/p>\n<\/div>\r\n\t\t\t\t\t\t\t<\/div>\r\n\t\t<\/div>\r\n\t<\/div>\r\n\r\n\t\t<\/div>\n\t\t\n\t[\/vc_column][\/vc_row][vc_row css=&#8221;.vc_custom_1653920094315{background-color: #E6DFFB !important;}&#8221; el_class=&#8221;bg-full pink spacing-lg quote&#8221;][vc_column et_column_color=&#8221;et-light-column&#8221; width=&#8221;1\/4&#8243; animation=&#8221;animation bottom-to-top&#8221;]\t<div id=\"et-image-562\" class=\"et-image aligncenter  quote-img  et_image_link\">\n\t\t<div class=\"et-image-inner \">\n\t\t\t\t\t\t\t<div class=\"et-image-thumb \">\n\t\t\t\t\t<img decoding=\"async\" width=\"1200\" height=\"1200\" src=\"https:\/\/www.lacurebeaute.fr\/wp-content\/uploads\/2021\/02\/natacha-avis.jpg\" class=\"attachment-full size-full\" alt=\"Avis Natacha\" srcset=\"https:\/\/www.lacurebeaute.fr\/wp-content\/uploads\/2021\/02\/natacha-avis.jpg 1200w, https:\/\/www.lacurebeaute.fr\/wp-content\/uploads\/2021\/02\/natacha-avis-300x300.jpg 300w, https:\/\/www.lacurebeaute.fr\/wp-content\/uploads\/2021\/02\/natacha-avis-1024x1024.jpg 1024w, https:\/\/www.lacurebeaute.fr\/wp-content\/uploads\/2021\/02\/natacha-avis-150x150.jpg 150w, https:\/\/www.lacurebeaute.fr\/wp-content\/uploads\/2021\/02\/natacha-avis-768x768.jpg 768w, https:\/\/www.lacurebeaute.fr\/wp-content\/uploads\/2021\/02\/natacha-avis-96x96.jpg 96w, https:\/\/www.lacurebeaute.fr\/wp-content\/uploads\/2021\/02\/natacha-avis-42x42.jpg 42w, https:\/\/www.lacurebeaute.fr\/wp-content\/uploads\/2021\/02\/natacha-avis-60x60.jpg 60w, https:\/\/www.lacurebeaute.fr\/wp-content\/uploads\/2021\/02\/natacha-avis-600x600.jpg 600w, https:\/\/www.lacurebeaute.fr\/wp-content\/uploads\/2021\/02\/natacha-avis-900x900.jpg 900w, https:\/\/www.lacurebeaute.fr\/wp-content\/uploads\/2021\/02\/natacha-avis-100x100.jpg 100w\" sizes=\"(max-width: 1200px) 100vw, 1200px\" \/>\t\t\t\t<\/div>\n\t\t\t\t\t\t\t\t\t\t\t<\/div>\n\t<\/div>\n  [\/vc_column][vc_column width=&#8221;3\/4&#8243; animation=&#8221;animation bottom-to-top&#8221; el_class=&#8221;quote-content&#8221;][vc_column_text]<strong>FAZIT DES TEAMS:<\/strong><\/p>\n<p>Seine zartschmelzende Textur ist sehr angenehm aufzutragen. Meine Haut wird besser mit Feuchtigkeit versorgt und meine Mimikfalten sind sichtbar reduziert!<\/p>\n<p>Natacha &#8211; Derjenige, der den Lieferanten ins Ohr fl\u00fcsterte[\/vc_column_text][\/vc_column][\/vc_row]\n","protected":false},"excerpt":{"rendered":"<p>Das Moisture Booster Face Serum bietet einen doppelten Feuchtigkeits- und Anti-Aging-Effekt f\u00fcr eine vitale Haut. Es verbessert das Erscheinungsbild der Haut und reduziert feine Linien und Falten. Die Haut wirkt sichtbar sch\u00f6ner.<\/p>\n<div class=\"product-desc-infos\">[acf field='product_description_naturality_title'] \u00b7 98.9%<br \/>\n[acf field='product_description_skin_title'] \u00b7 Alle Hauttypen<br \/>\n[acf field='product_description_ref_title'] \u00b7 30ml<\/div>\n","protected":false},"featured_media":27362,"comment_status":"closed","ping_status":"closed","template":"","meta":[],"product_cat":[484,512,487,491,520],"product_tag":[],"yoast_head":"<!-- This site is optimized with the Yoast SEO plugin v23.5 - https:\/\/yoast.com\/wordpress\/plugins\/seo\/ -->\n<title>S\u00e9rum Hydratant Visage \u00e0 l&#039;Acide Hyaluronique<\/title>\n<meta name=\"description\" content=\"Pour apporter \u00e0 la peau toute l&#039;hydratation dont elle a besoin nous avons con\u00e7u un S\u00e9rum Visage Hydratant et Anti-\u00e2ge \u00e0 l&#039;Acide Hyaluronique.\" \/>\n<meta name=\"robots\" content=\"index, follow, max-snippet:-1, max-image-preview:large, max-video-preview:-1\" \/>\n<link rel=\"canonical\" href=\"https:\/\/www.lacurebeaute.fr\/de\/produit\/moisture-booster-face-serum\/\" \/>\n<meta property=\"og:locale\" content=\"de_DE\" \/>\n<meta property=\"og:type\" content=\"article\" \/>\n<meta property=\"og:title\" content=\"S\u00e9rum Hydratant Visage \u00e0 l&#039;Acide Hyaluronique\" \/>\n<meta property=\"og:description\" content=\"Pour apporter \u00e0 la peau toute l&#039;hydratation dont elle a besoin nous avons con\u00e7u un S\u00e9rum Visage Hydratant et Anti-\u00e2ge \u00e0 l&#039;Acide Hyaluronique.\" \/>\n<meta property=\"og:url\" content=\"https:\/\/www.lacurebeaute.fr\/de\/produit\/moisture-booster-face-serum\/\" \/>\n<meta property=\"og:site_name\" content=\"La Cure Beaut\u00e9\" \/>\n<meta property=\"article:modified_time\" content=\"2025-11-14T08:45:17+00:00\" \/>\n<meta property=\"og:image\" content=\"https:\/\/www.lacurebeaute.fr\/wp-content\/uploads\/2021\/03\/9904-\u2013-2-971x1024.png\" \/>\n\t<meta property=\"og:image:width\" content=\"971\" \/>\n\t<meta property=\"og:image:height\" content=\"1024\" \/>\n\t<meta property=\"og:image:type\" content=\"image\/png\" \/>\n<meta name=\"twitter:card\" content=\"summary_large_image\" \/>\n<meta name=\"twitter:label1\" content=\"Gesch\u00e4tzte Lesezeit\" \/>\n\t<meta name=\"twitter:data1\" content=\"3\u00a0Minuten\" \/>\n<script type=\"application\/ld+json\" class=\"yoast-schema-graph\">{\"@context\":\"https:\/\/schema.org\",\"@graph\":[{\"@type\":\"WebPage\",\"@id\":\"https:\/\/www.lacurebeaute.fr\/de\/produit\/moisture-booster-face-serum\/\",\"url\":\"https:\/\/www.lacurebeaute.fr\/de\/produit\/moisture-booster-face-serum\/\",\"name\":\"S\u00e9rum Hydratant Visage \u00e0 l'Acide Hyaluronique\",\"isPartOf\":{\"@id\":\"https:\/\/www.lacurebeaute.fr\/de\/#website\"},\"primaryImageOfPage\":{\"@id\":\"https:\/\/www.lacurebeaute.fr\/de\/produit\/moisture-booster-face-serum\/#primaryimage\"},\"image\":{\"@id\":\"https:\/\/www.lacurebeaute.fr\/de\/produit\/moisture-booster-face-serum\/#primaryimage\"},\"thumbnailUrl\":\"https:\/\/www.lacurebeaute.fr\/wp-content\/uploads\/2021\/03\/9904-\u2013-2-scaled.png\",\"datePublished\":\"2021-03-09T15:46:41+00:00\",\"dateModified\":\"2025-11-14T08:45:17+00:00\",\"description\":\"Pour apporter \u00e0 la peau toute l'hydratation dont elle a besoin nous avons con\u00e7u un S\u00e9rum Visage Hydratant et Anti-\u00e2ge \u00e0 l'Acide Hyaluronique.\",\"breadcrumb\":{\"@id\":\"https:\/\/www.lacurebeaute.fr\/de\/produit\/moisture-booster-face-serum\/#breadcrumb\"},\"inLanguage\":\"de\",\"potentialAction\":[{\"@type\":\"ReadAction\",\"target\":[\"https:\/\/www.lacurebeaute.fr\/de\/produit\/moisture-booster-face-serum\/\"]}]},{\"@type\":\"ImageObject\",\"inLanguage\":\"de\",\"@id\":\"https:\/\/www.lacurebeaute.fr\/de\/produit\/moisture-booster-face-serum\/#primaryimage\",\"url\":\"https:\/\/www.lacurebeaute.fr\/wp-content\/uploads\/2021\/03\/9904-\u2013-2-scaled.png\",\"contentUrl\":\"https:\/\/www.lacurebeaute.fr\/wp-content\/uploads\/2021\/03\/9904-\u2013-2-scaled.png\",\"width\":2800,\"height\":2952},{\"@type\":\"BreadcrumbList\",\"@id\":\"https:\/\/www.lacurebeaute.fr\/de\/produit\/moisture-booster-face-serum\/#breadcrumb\",\"itemListElement\":[{\"@type\":\"ListItem\",\"position\":1,\"name\":\"Accueil\",\"item\":\"https:\/\/www.lacurebeaute.fr\/de\/\"},{\"@type\":\"ListItem\",\"position\":2,\"name\":\"Shop\",\"item\":\"https:\/\/www.lacurebeaute.fr\/de\/shop\/\"},{\"@type\":\"ListItem\",\"position\":3,\"name\":\"Moisture Booster Face Serum\"}]},{\"@type\":\"WebSite\",\"@id\":\"https:\/\/www.lacurebeaute.fr\/de\/#website\",\"url\":\"https:\/\/www.lacurebeaute.fr\/de\/\",\"name\":\"La Cure Beaut\u00e9\",\"description\":\"La marque de soins entre copines, naturelle et efficace\",\"potentialAction\":[{\"@type\":\"SearchAction\",\"target\":{\"@type\":\"EntryPoint\",\"urlTemplate\":\"https:\/\/www.lacurebeaute.fr\/de\/?s={search_term_string}\"},\"query-input\":{\"@type\":\"PropertyValueSpecification\",\"valueRequired\":true,\"valueName\":\"search_term_string\"}}],\"inLanguage\":\"de\"}]}<\/script>\n<!-- \/ Yoast SEO plugin. -->","yoast_head_json":{"title":"S\u00e9rum Hydratant Visage \u00e0 l'Acide Hyaluronique","description":"Pour apporter \u00e0 la peau toute l'hydratation dont elle a besoin nous avons con\u00e7u un S\u00e9rum Visage Hydratant et Anti-\u00e2ge \u00e0 l'Acide Hyaluronique.","robots":{"index":"index","follow":"follow","max-snippet":"max-snippet:-1","max-image-preview":"max-image-preview:large","max-video-preview":"max-video-preview:-1"},"canonical":"https:\/\/www.lacurebeaute.fr\/de\/produit\/moisture-booster-face-serum\/","og_locale":"de_DE","og_type":"article","og_title":"S\u00e9rum Hydratant Visage \u00e0 l'Acide Hyaluronique","og_description":"Pour apporter \u00e0 la peau toute l'hydratation dont elle a besoin nous avons con\u00e7u un S\u00e9rum Visage Hydratant et Anti-\u00e2ge \u00e0 l'Acide Hyaluronique.","og_url":"https:\/\/www.lacurebeaute.fr\/de\/produit\/moisture-booster-face-serum\/","og_site_name":"La Cure Beaut\u00e9","article_modified_time":"2025-11-14T08:45:17+00:00","og_image":[{"width":971,"height":1024,"url":"https:\/\/www.lacurebeaute.fr\/wp-content\/uploads\/2021\/03\/9904-\u2013-2-971x1024.png","type":"image\/png"}],"twitter_card":"summary_large_image","twitter_misc":{"Gesch\u00e4tzte Lesezeit":"3\u00a0Minuten"},"schema":{"@context":"https:\/\/schema.org","@graph":[{"@type":"WebPage","@id":"https:\/\/www.lacurebeaute.fr\/de\/produit\/moisture-booster-face-serum\/","url":"https:\/\/www.lacurebeaute.fr\/de\/produit\/moisture-booster-face-serum\/","name":"S\u00e9rum Hydratant Visage \u00e0 l'Acide Hyaluronique","isPartOf":{"@id":"https:\/\/www.lacurebeaute.fr\/de\/#website"},"primaryImageOfPage":{"@id":"https:\/\/www.lacurebeaute.fr\/de\/produit\/moisture-booster-face-serum\/#primaryimage"},"image":{"@id":"https:\/\/www.lacurebeaute.fr\/de\/produit\/moisture-booster-face-serum\/#primaryimage"},"thumbnailUrl":"https:\/\/www.lacurebeaute.fr\/wp-content\/uploads\/2021\/03\/9904-\u2013-2-scaled.png","datePublished":"2021-03-09T15:46:41+00:00","dateModified":"2025-11-14T08:45:17+00:00","description":"Pour apporter \u00e0 la peau toute l'hydratation dont elle a besoin nous avons con\u00e7u un S\u00e9rum Visage Hydratant et Anti-\u00e2ge \u00e0 l'Acide Hyaluronique.","breadcrumb":{"@id":"https:\/\/www.lacurebeaute.fr\/de\/produit\/moisture-booster-face-serum\/#breadcrumb"},"inLanguage":"de","potentialAction":[{"@type":"ReadAction","target":["https:\/\/www.lacurebeaute.fr\/de\/produit\/moisture-booster-face-serum\/"]}]},{"@type":"ImageObject","inLanguage":"de","@id":"https:\/\/www.lacurebeaute.fr\/de\/produit\/moisture-booster-face-serum\/#primaryimage","url":"https:\/\/www.lacurebeaute.fr\/wp-content\/uploads\/2021\/03\/9904-\u2013-2-scaled.png","contentUrl":"https:\/\/www.lacurebeaute.fr\/wp-content\/uploads\/2021\/03\/9904-\u2013-2-scaled.png","width":2800,"height":2952},{"@type":"BreadcrumbList","@id":"https:\/\/www.lacurebeaute.fr\/de\/produit\/moisture-booster-face-serum\/#breadcrumb","itemListElement":[{"@type":"ListItem","position":1,"name":"Accueil","item":"https:\/\/www.lacurebeaute.fr\/de\/"},{"@type":"ListItem","position":2,"name":"Shop","item":"https:\/\/www.lacurebeaute.fr\/de\/shop\/"},{"@type":"ListItem","position":3,"name":"Moisture Booster Face Serum"}]},{"@type":"WebSite","@id":"https:\/\/www.lacurebeaute.fr\/de\/#website","url":"https:\/\/www.lacurebeaute.fr\/de\/","name":"La Cure Beaut\u00e9","description":"La marque de soins entre copines, naturelle et efficace","potentialAction":[{"@type":"SearchAction","target":{"@type":"EntryPoint","urlTemplate":"https:\/\/www.lacurebeaute.fr\/de\/?s={search_term_string}"},"query-input":{"@type":"PropertyValueSpecification","valueRequired":true,"valueName":"search_term_string"}}],"inLanguage":"de"}]}},"_links":{"self":[{"href":"https:\/\/www.lacurebeaute.fr\/de\/wp-json\/wp\/v2\/product\/17323"}],"collection":[{"href":"https:\/\/www.lacurebeaute.fr\/de\/wp-json\/wp\/v2\/product"}],"about":[{"href":"https:\/\/www.lacurebeaute.fr\/de\/wp-json\/wp\/v2\/types\/product"}],"replies":[{"embeddable":true,"href":"https:\/\/www.lacurebeaute.fr\/de\/wp-json\/wp\/v2\/comments?post=17323"}],"wp:featuredmedia":[{"embeddable":true,"href":"https:\/\/www.lacurebeaute.fr\/de\/wp-json\/wp\/v2\/media\/27362"}],"wp:attachment":[{"href":"https:\/\/www.lacurebeaute.fr\/de\/wp-json\/wp\/v2\/media?parent=17323"}],"wp:term":[{"taxonomy":"product_cat","embeddable":true,"href":"https:\/\/www.lacurebeaute.fr\/de\/wp-json\/wp\/v2\/product_cat?post=17323"},{"taxonomy":"product_tag","embeddable":true,"href":"https:\/\/www.lacurebeaute.fr\/de\/wp-json\/wp\/v2\/product_tag?post=17323"}],"curies":[{"name":"wp","href":"https:\/\/api.w.org\/{rel}","templated":true}]}}