{"id":17513,"date":"2021-03-10T13:29:27","date_gmt":"2021-03-10T12:29:27","guid":{"rendered":"https:\/\/www.lacurebeaute.fr\/produit\/sos-stick-gegen-augenschatten\/"},"modified":"2024-08-03T09:15:20","modified_gmt":"2024-08-03T07:15:20","slug":"sos-dark-circle","status":"publish","type":"product","link":"https:\/\/www.lacurebeaute.fr\/de\/produit\/sos-dark-circle\/","title":{"rendered":"SOS Dark Circle"},"content":{"rendered":"[vc_row et_row_padding=&#8221;true&#8221; css=&#8221;.vc_custom_1653919412053{background-color: #E6DFFB !important;}&#8221; el_class=&#8221;bg-full pink spacing-lg percents&#8221;][vc_column]\t<div id=\"et-content-carousel-151\" class=\"row et-content-carousel slick slick-slider no-padding  \" data-center=\"\" data-columns=\"3\" data-autoplay=\"\" data-fade=\"false\" data-autoplay-speed=\"\" data-pause=\"\" data-navigation=\"\" data-pagination=\"true\" data-infinite=\"true\">\n\t\t[vc_row_inner][vc_column_inner]\n\t<div id=\"et-counter-69dfc2c2771f0\" class=\"et-counter animation bottom-to-top counter-color-custom icon-color- text-color-custom counter-top\" >\n\t\t\t\t\t<div class=\"counter-container\">\n\t\t\t\t\t\t\t\t\t<div class=\"h1\" data-count=\"100\" data-speed=\"1500\">0<\/div>\n\t\t\t\t\t\t\t\t\t\t\t\t\t<h4>Reduziert Augenringe und Schwellungen*<\/h4>\n\t\t\t\t\t\t\t<\/div>\n\t\t\t\t\t\t\t\t\t\t<figure>\t\t\t\t\t<span class=\"\"><\/span>\n\t\t\t\t\t\t\t\t\t<\/figure>\n\t\t\t\t\t\t\t\n\t<\/div>\n\t[\/vc_column_inner][\/vc_row_inner][vc_row_inner][vc_column_inner]\n\t<div id=\"et-counter-69dfc2c277226\" class=\"et-counter animation bottom-to-top counter-color-custom icon-color- text-color-custom counter-top\" >\n\t\t\t\t\t<div class=\"counter-container\">\n\t\t\t\t\t\t\t\t\t<div class=\"h1\" data-count=\"100\" data-speed=\"1500\">0<\/div>\n\t\t\t\t\t\t\t\t\t\t\t\t\t<h4>L\u00e4sst die Augenpartie strahlen*<\/h4>\n\t\t\t\t\t\t\t<\/div>\n\t\t\t\t\t\t\t\t\t\t<figure>\t\t\t\t\t<span class=\"\"><\/span>\n\t\t\t\t\t\t\t\t\t<\/figure>\n\t\t\t\t\t\t\t\n\t<\/div>\n\t[\/vc_column_inner][\/vc_row_inner][vc_row_inner][vc_column_inner]\n\t<div id=\"et-counter-69dfc2c27723e\" class=\"et-counter animation bottom-to-top counter-color-custom icon-color- text-color-custom counter-top\" >\n\t\t\t\t\t<div class=\"counter-container\">\n\t\t\t\t\t\t\t\t\t<div class=\"h1\" data-count=\"100\" data-speed=\"1500\">0<\/div>\n\t\t\t\t\t\t\t\t\t\t\t\t\t<h4>F\u00fchlt sich feuchtigkeitsspendend an*<\/h4>\n\t\t\t\t\t\t\t<\/div>\n\t\t\t\t\t\t\t\t\t\t<figure>\t\t\t\t\t<span class=\"\"><\/span>\n\t\t\t\t\t\t\t\t\t<\/figure>\n\t\t\t\t\t\t\t\n\t<\/div>\n\t[\/vc_column_inner][\/vc_row_inner]\t<\/div>\n\t\t\n\t[\/vc_column][\/vc_row][vc_row el_class=&#8221;spacing-lg benefits&#8221;][vc_column width=&#8221;1\/2&#8243; animation=&#8221;animation bottom-to-top&#8221;]\t<div id=\"et-image-610\" class=\"et-image   benefits-img  et_image_link\">\n\t\t<div class=\"et-image-inner \">\n\t\t\t\t\t\t\t<div class=\"et-image-thumb \">\n\t\t\t\t\t<img decoding=\"async\" width=\"448\" height=\"542\" src=\"https:\/\/www.lacurebeaute.fr\/wp-content\/uploads\/2021\/03\/Stick-Sos-Cernes-et-Poches-4-1.jpg\" class=\"attachment-full size-full\" alt=\"\" srcset=\"https:\/\/www.lacurebeaute.fr\/wp-content\/uploads\/2021\/03\/Stick-Sos-Cernes-et-Poches-4-1.jpg 448w, https:\/\/www.lacurebeaute.fr\/wp-content\/uploads\/2021\/03\/Stick-Sos-Cernes-et-Poches-4-1-248x300.jpg 248w, https:\/\/www.lacurebeaute.fr\/wp-content\/uploads\/2021\/03\/Stick-Sos-Cernes-et-Poches-4-1-79x96.jpg 79w, https:\/\/www.lacurebeaute.fr\/wp-content\/uploads\/2021\/03\/Stick-Sos-Cernes-et-Poches-4-1-35x42.jpg 35w, https:\/\/www.lacurebeaute.fr\/wp-content\/uploads\/2021\/03\/Stick-Sos-Cernes-et-Poches-4-1-124x150.jpg 124w\" sizes=\"(max-width: 448px) 100vw, 448px\" \/>\t\t\t\t<\/div>\n\t\t\t\t\t\t\t\t\t\t\t<\/div>\n\t<\/div>\n  [\/vc_column][vc_column width=&#8221;1\/2&#8243; animation=&#8221;animation bottom-to-top&#8221;][vc_column_text css=&#8221;.vc_custom_1710845133045{margin-bottom: 0px !important;}&#8221;]\n<h3 style=\"text-align: left;\">SCHLUSS MIT PANDA-AUGEN<\/h3>\n<h2>Ein magischer Stick<\/h2>\n<p>Der SOS Dark Circle Stick ist ein t\u00e4glicher Verb\u00fcndeter im Kampf gegen Augenringe und Schwellungen. Das handliche Stick-Format passt in jede Tasche und sorgt daf\u00fcr, dass Ihre Augenpartie zu jeder Tageszeit strahlend sch\u00f6n aussieht und mit Feuchtigkeit versorgt wird.<\/p>\n<p>F\u00fcr eine noch intensivere Wirkung kann der Stick im K\u00fchlschrank aufbewahrt werden, um eine erfrischende Mikromassage der Augenpartie zu erm\u00f6glichen.<\/p>\n<p><strong>Besondere Merkmale :<\/strong><\/p>\n<ul>\n<li>Ophthalmologisch getest<\/li>\n<\/ul>\n[\/vc_column_text][\/vc_column][\/vc_row][vc_row el_class=&#8221;spacing-lg application&#8221;][vc_column][vc_row_inner][vc_column_inner][vc_column_text animation=&#8221;animation bottom-to-top&#8221; css=&#8221;.vc_custom_1629707165568{margin-bottom: 0px !important;}&#8221;]\n<h3 style=\"text-align: center;\"><label class=\"fancy-tag\">Anwendung<\/label><\/h3>\n<h2 style=\"text-align: center;\">Morgen und Abend<\/h2>\n[\/vc_column_text][\/vc_column_inner][\/vc_row_inner]\t<div id=\"et-content-carousel-695\" class=\"row et-content-carousel slick slick-slider regular-padding  \" data-center=\"\" data-columns=\"3\" data-autoplay=\"\" data-fade=\"false\" data-autoplay-speed=\"\" data-pause=\"\" data-navigation=\"\" data-pagination=\"true\" data-infinite=\"true\">\n\t\t\r\n\t<div id=\"et-iconbox-604\" class=\"et-iconbox layout-centered icon-style-image-default bottom-spacing-none icon-color- text-color- animation bottom-to-top \"> \r\n\t\t<div class=\"et-icon-inner\">\r\n\t\t\t<figure class=\"et-feature-icon\">\r\n\t\t\t\t\t\t\t\t\t<img decoding=\"async\" src=\"https:\/\/www.lacurebeaute.fr\/wp-content\/uploads\/2021\/03\/Stick-Sos-Cernes-et-Poches-step1.jpg\" alt=\"\" \/>\r\n\t\t\t\t\t\t\t<\/figure>\r\n\t\t\t<div class=\"et-feature-content\"> \r\n\t\t\t\t\t\t\t\t\t\t\t\t<div class=\"wpb_text_column\"><h4 style=\"text-align: center;\">Schritt 1<\/h4>\n<p style=\"text-align: center;\"><span style=\"font-weight: 400;\">Tragen Sie Ihren Stick morgens und\/oder abends auf Ihre Augenkontur auf und f\u00fchren Sie sanfte, massierende Bewegungen aus. Wandern Sie dabei von der Innenseite des Auges nach au\u00dfen<\/span><\/p>\n<\/div>\r\n\t\t\t\t\t\t\t<\/div>\r\n\t\t<\/div>\r\n\t<\/div>\r\n\r\n\t\r\n\t<div id=\"et-iconbox-439\" class=\"et-iconbox layout-centered icon-style-image-default bottom-spacing-none icon-color- text-color- animation bottom-to-top \"> \r\n\t\t<div class=\"et-icon-inner\">\r\n\t\t\t<figure class=\"et-feature-icon\">\r\n\t\t\t\t\t\t\t\t\t<img decoding=\"async\" src=\"https:\/\/www.lacurebeaute.fr\/wp-content\/uploads\/2021\/03\/Stick-Sos-Cernes-et-Poches-step2.jpg\" alt=\"\" \/>\r\n\t\t\t\t\t\t\t<\/figure>\r\n\t\t\t<div class=\"et-feature-content\"> \r\n\t\t\t\t\t\t\t\t\t\t\t\t<div class=\"wpb_text_column\"><h4 style=\"text-align: center;\">Schritt 2<\/h4>\n<p style=\"text-align: center;\"><span style=\"font-weight: 400;\">Halten Sie den Stick immer griffbereit, um Ihre Augenkontur je nach Bedarf den ganzen Tag zu verw\u00f6hnen !<\/span><\/p>\n<\/div>\r\n\t\t\t\t\t\t\t<\/div>\r\n\t\t<\/div>\r\n\t<\/div>\r\n\r\n\t\r\n\t<div id=\"et-iconbox-379\" class=\"et-iconbox layout-centered icon-style-image-default bottom-spacing-none icon-color- text-color- animation bottom-to-top \"> \r\n\t\t<div class=\"et-icon-inner\">\r\n\t\t\t<figure class=\"et-feature-icon\">\r\n\t\t\t\t\t\t\t\t\t<img decoding=\"async\" src=\"https:\/\/www.lacurebeaute.fr\/wp-content\/uploads\/2021\/03\/Stick-Sos-Cernes-et-Poches-step3.gif\" alt=\"\" \/>\r\n\t\t\t\t\t\t\t<\/figure>\r\n\t\t\t<div class=\"et-feature-content\"> \r\n\t\t\t\t\t\t\t\t\t\t\t\t<div class=\"wpb_text_column\"><h4 style=\"text-align: center;\">Tipp<\/h4>\n<p style=\"text-align: center;\"><span style=\"font-weight: 400;\">Sie k\u00f6nnen ihn sogar \u00fcber Ihrem Make-up verwenden !<\/span><\/p>\n<\/div>\r\n\t\t\t\t\t\t\t<\/div>\r\n\t\t<\/div>\r\n\t<\/div>\r\n\r\n\t\t<\/div>\n\t\t\n\t[\/vc_column][\/vc_row][vc_row css=&#8221;.vc_custom_1653919093546{background-color: #E6DFFB !important;}&#8221; el_class=&#8221;bg-full pink spacing-lg quote&#8221;][vc_column et_column_color=&#8221;et-light-column&#8221; width=&#8221;1\/4&#8243; animation=&#8221;animation bottom-to-top&#8221;]\t<div id=\"et-image-620\" class=\"et-image aligncenter  quote-img  et_image_link\">\n\t\t<div class=\"et-image-inner \">\n\t\t\t\t\t\t\t<div class=\"et-image-thumb \">\n\t\t\t\t\t<img decoding=\"async\" width=\"1200\" height=\"1200\" src=\"https:\/\/www.lacurebeaute.fr\/wp-content\/uploads\/2021\/02\/christine-avis.jpg\" class=\"attachment-full size-full\" alt=\"avis christine\" srcset=\"https:\/\/www.lacurebeaute.fr\/wp-content\/uploads\/2021\/02\/christine-avis.jpg 1200w, https:\/\/www.lacurebeaute.fr\/wp-content\/uploads\/2021\/02\/christine-avis-300x300.jpg 300w, https:\/\/www.lacurebeaute.fr\/wp-content\/uploads\/2021\/02\/christine-avis-1024x1024.jpg 1024w, https:\/\/www.lacurebeaute.fr\/wp-content\/uploads\/2021\/02\/christine-avis-150x150.jpg 150w, https:\/\/www.lacurebeaute.fr\/wp-content\/uploads\/2021\/02\/christine-avis-768x768.jpg 768w, https:\/\/www.lacurebeaute.fr\/wp-content\/uploads\/2021\/02\/christine-avis-96x96.jpg 96w, https:\/\/www.lacurebeaute.fr\/wp-content\/uploads\/2021\/02\/christine-avis-42x42.jpg 42w, https:\/\/www.lacurebeaute.fr\/wp-content\/uploads\/2021\/02\/christine-avis-60x60.jpg 60w, https:\/\/www.lacurebeaute.fr\/wp-content\/uploads\/2021\/02\/christine-avis-600x600.jpg 600w, https:\/\/www.lacurebeaute.fr\/wp-content\/uploads\/2021\/02\/christine-avis-900x900.jpg 900w, https:\/\/www.lacurebeaute.fr\/wp-content\/uploads\/2021\/02\/christine-avis-100x100.jpg 100w\" sizes=\"(max-width: 1200px) 100vw, 1200px\" \/>\t\t\t\t<\/div>\n\t\t\t\t\t\t\t\t\t\t\t<\/div>\n\t<\/div>\n  [\/vc_column][vc_column width=&#8221;3\/4&#8243; animation=&#8221;animation bottom-to-top&#8221; el_class=&#8221;quote-content&#8221;][vc_column_text]<strong>FAZIT DES TEAMS<\/strong><\/p>\n<p>Ich habe ihn immer im Rucksack dabei und verwende ihn, sobald sich auch nur das geringste Anzeichen von M\u00fcdigkeit abzeichnet. Er \u00f6ffnet meinen Blick und reduziert Augenringe und Schwellungen sichtbar!<\/p>\n<p>Christine &#8211; unser angehender Influencer[\/vc_column_text][\/vc_column][\/vc_row]\n","protected":false},"excerpt":{"rendered":"<p>Schlafmangel, Stress, schlechte Durchblutung&#8230; Augenringe und Tr\u00e4nens\u00e4cke machen sich bemerkbar!<br \/>\nUm ihr Erscheinungsbild sichtbar zu reduzieren und einen strahlenden Blick zur\u00fcckzubringen, haben wir den SOS Dark Circle Stick entwickelt!<\/p>\n<div class=\"product-desc-infos\">[acf field='product_description_naturality_title'] \u00b7 85%<br \/>\n[acf field='product_description_skin_title'] \u00b7 Alle Hauttypen<br \/>\n[acf field='product_description_ref_title'] \u00b7 3g<\/div>\n","protected":false},"featured_media":27753,"comment_status":"closed","ping_status":"closed","template":"","meta":[],"product_cat":[484,542],"product_tag":[],"yoast_head":"<!-- This site is optimized with the Yoast SEO plugin v23.5 - https:\/\/yoast.com\/wordpress\/plugins\/seo\/ -->\n<title>SOS Dark Circle | La Cure Beaut\u00e9<\/title>\n<meta name=\"robots\" content=\"index, follow, max-snippet:-1, max-image-preview:large, max-video-preview:-1\" \/>\n<link rel=\"canonical\" href=\"https:\/\/www.lacurebeaute.fr\/de\/produit\/sos-dark-circle\/\" \/>\n<meta property=\"og:locale\" content=\"de_DE\" \/>\n<meta property=\"og:type\" content=\"article\" \/>\n<meta property=\"og:title\" content=\"SOS Dark Circle | La Cure Beaut\u00e9\" \/>\n<meta property=\"og:description\" content=\"Schlafmangel, Stress, schlechte Durchblutung... Augenringe und Tr\u00e4nens\u00e4cke machen sich bemerkbar! Um ihr Erscheinungsbild sichtbar zu reduzieren und einen strahlenden Blick zur\u00fcckzubringen, haben wir den SOS Dark Circle Stick entwickelt!  \u00b7 85%  \u00b7 Alle Hauttypen  \u00b7 3g\" \/>\n<meta property=\"og:url\" content=\"https:\/\/www.lacurebeaute.fr\/de\/produit\/sos-dark-circle\/\" \/>\n<meta property=\"og:site_name\" content=\"La Cure Beaut\u00e9\" \/>\n<meta property=\"article:modified_time\" content=\"2024-08-03T07:15:20+00:00\" \/>\n<meta property=\"og:image\" content=\"https:\/\/www.lacurebeaute.fr\/wp-content\/uploads\/2021\/03\/9915-\u2013-3-971x1024.png\" \/>\n\t<meta property=\"og:image:width\" content=\"971\" \/>\n\t<meta property=\"og:image:height\" content=\"1024\" \/>\n\t<meta property=\"og:image:type\" content=\"image\/png\" \/>\n<meta name=\"twitter:card\" content=\"summary_large_image\" \/>\n<meta name=\"twitter:label1\" content=\"Gesch\u00e4tzte Lesezeit\" \/>\n\t<meta name=\"twitter:data1\" content=\"2\u00a0Minuten\" \/>\n<script type=\"application\/ld+json\" class=\"yoast-schema-graph\">{\"@context\":\"https:\/\/schema.org\",\"@graph\":[{\"@type\":\"WebPage\",\"@id\":\"https:\/\/www.lacurebeaute.fr\/de\/produit\/sos-dark-circle\/\",\"url\":\"https:\/\/www.lacurebeaute.fr\/de\/produit\/sos-dark-circle\/\",\"name\":\"SOS Dark Circle | La Cure Beaut\u00e9\",\"isPartOf\":{\"@id\":\"https:\/\/www.lacurebeaute.fr\/de\/#website\"},\"primaryImageOfPage\":{\"@id\":\"https:\/\/www.lacurebeaute.fr\/de\/produit\/sos-dark-circle\/#primaryimage\"},\"image\":{\"@id\":\"https:\/\/www.lacurebeaute.fr\/de\/produit\/sos-dark-circle\/#primaryimage\"},\"thumbnailUrl\":\"https:\/\/www.lacurebeaute.fr\/wp-content\/uploads\/2021\/03\/9915-\u2013-3-scaled.png\",\"datePublished\":\"2021-03-10T12:29:27+00:00\",\"dateModified\":\"2024-08-03T07:15:20+00:00\",\"breadcrumb\":{\"@id\":\"https:\/\/www.lacurebeaute.fr\/de\/produit\/sos-dark-circle\/#breadcrumb\"},\"inLanguage\":\"de\",\"potentialAction\":[{\"@type\":\"ReadAction\",\"target\":[\"https:\/\/www.lacurebeaute.fr\/de\/produit\/sos-dark-circle\/\"]}]},{\"@type\":\"ImageObject\",\"inLanguage\":\"de\",\"@id\":\"https:\/\/www.lacurebeaute.fr\/de\/produit\/sos-dark-circle\/#primaryimage\",\"url\":\"https:\/\/www.lacurebeaute.fr\/wp-content\/uploads\/2021\/03\/9915-\u2013-3-scaled.png\",\"contentUrl\":\"https:\/\/www.lacurebeaute.fr\/wp-content\/uploads\/2021\/03\/9915-\u2013-3-scaled.png\",\"width\":2800,\"height\":2952},{\"@type\":\"BreadcrumbList\",\"@id\":\"https:\/\/www.lacurebeaute.fr\/de\/produit\/sos-dark-circle\/#breadcrumb\",\"itemListElement\":[{\"@type\":\"ListItem\",\"position\":1,\"name\":\"Accueil\",\"item\":\"https:\/\/www.lacurebeaute.fr\/de\/\"},{\"@type\":\"ListItem\",\"position\":2,\"name\":\"Shop\",\"item\":\"https:\/\/www.lacurebeaute.fr\/de\/shop\/\"},{\"@type\":\"ListItem\",\"position\":3,\"name\":\"SOS Dark Circle\"}]},{\"@type\":\"WebSite\",\"@id\":\"https:\/\/www.lacurebeaute.fr\/de\/#website\",\"url\":\"https:\/\/www.lacurebeaute.fr\/de\/\",\"name\":\"La Cure Beaut\u00e9\",\"description\":\"La marque de soins entre copines, naturelle et efficace\",\"potentialAction\":[{\"@type\":\"SearchAction\",\"target\":{\"@type\":\"EntryPoint\",\"urlTemplate\":\"https:\/\/www.lacurebeaute.fr\/de\/?s={search_term_string}\"},\"query-input\":{\"@type\":\"PropertyValueSpecification\",\"valueRequired\":true,\"valueName\":\"search_term_string\"}}],\"inLanguage\":\"de\"}]}<\/script>\n<!-- \/ Yoast SEO plugin. -->","yoast_head_json":{"title":"SOS Dark Circle | La Cure Beaut\u00e9","robots":{"index":"index","follow":"follow","max-snippet":"max-snippet:-1","max-image-preview":"max-image-preview:large","max-video-preview":"max-video-preview:-1"},"canonical":"https:\/\/www.lacurebeaute.fr\/de\/produit\/sos-dark-circle\/","og_locale":"de_DE","og_type":"article","og_title":"SOS Dark Circle | La Cure Beaut\u00e9","og_description":"Schlafmangel, Stress, schlechte Durchblutung... Augenringe und Tr\u00e4nens\u00e4cke machen sich bemerkbar! Um ihr Erscheinungsbild sichtbar zu reduzieren und einen strahlenden Blick zur\u00fcckzubringen, haben wir den SOS Dark Circle Stick entwickelt!  \u00b7 85%  \u00b7 Alle Hauttypen  \u00b7 3g","og_url":"https:\/\/www.lacurebeaute.fr\/de\/produit\/sos-dark-circle\/","og_site_name":"La Cure Beaut\u00e9","article_modified_time":"2024-08-03T07:15:20+00:00","og_image":[{"width":971,"height":1024,"url":"https:\/\/www.lacurebeaute.fr\/wp-content\/uploads\/2021\/03\/9915-\u2013-3-971x1024.png","type":"image\/png"}],"twitter_card":"summary_large_image","twitter_misc":{"Gesch\u00e4tzte Lesezeit":"2\u00a0Minuten"},"schema":{"@context":"https:\/\/schema.org","@graph":[{"@type":"WebPage","@id":"https:\/\/www.lacurebeaute.fr\/de\/produit\/sos-dark-circle\/","url":"https:\/\/www.lacurebeaute.fr\/de\/produit\/sos-dark-circle\/","name":"SOS Dark Circle | La Cure Beaut\u00e9","isPartOf":{"@id":"https:\/\/www.lacurebeaute.fr\/de\/#website"},"primaryImageOfPage":{"@id":"https:\/\/www.lacurebeaute.fr\/de\/produit\/sos-dark-circle\/#primaryimage"},"image":{"@id":"https:\/\/www.lacurebeaute.fr\/de\/produit\/sos-dark-circle\/#primaryimage"},"thumbnailUrl":"https:\/\/www.lacurebeaute.fr\/wp-content\/uploads\/2021\/03\/9915-\u2013-3-scaled.png","datePublished":"2021-03-10T12:29:27+00:00","dateModified":"2024-08-03T07:15:20+00:00","breadcrumb":{"@id":"https:\/\/www.lacurebeaute.fr\/de\/produit\/sos-dark-circle\/#breadcrumb"},"inLanguage":"de","potentialAction":[{"@type":"ReadAction","target":["https:\/\/www.lacurebeaute.fr\/de\/produit\/sos-dark-circle\/"]}]},{"@type":"ImageObject","inLanguage":"de","@id":"https:\/\/www.lacurebeaute.fr\/de\/produit\/sos-dark-circle\/#primaryimage","url":"https:\/\/www.lacurebeaute.fr\/wp-content\/uploads\/2021\/03\/9915-\u2013-3-scaled.png","contentUrl":"https:\/\/www.lacurebeaute.fr\/wp-content\/uploads\/2021\/03\/9915-\u2013-3-scaled.png","width":2800,"height":2952},{"@type":"BreadcrumbList","@id":"https:\/\/www.lacurebeaute.fr\/de\/produit\/sos-dark-circle\/#breadcrumb","itemListElement":[{"@type":"ListItem","position":1,"name":"Accueil","item":"https:\/\/www.lacurebeaute.fr\/de\/"},{"@type":"ListItem","position":2,"name":"Shop","item":"https:\/\/www.lacurebeaute.fr\/de\/shop\/"},{"@type":"ListItem","position":3,"name":"SOS Dark Circle"}]},{"@type":"WebSite","@id":"https:\/\/www.lacurebeaute.fr\/de\/#website","url":"https:\/\/www.lacurebeaute.fr\/de\/","name":"La Cure Beaut\u00e9","description":"La marque de soins entre copines, naturelle et efficace","potentialAction":[{"@type":"SearchAction","target":{"@type":"EntryPoint","urlTemplate":"https:\/\/www.lacurebeaute.fr\/de\/?s={search_term_string}"},"query-input":{"@type":"PropertyValueSpecification","valueRequired":true,"valueName":"search_term_string"}}],"inLanguage":"de"}]}},"_links":{"self":[{"href":"https:\/\/www.lacurebeaute.fr\/de\/wp-json\/wp\/v2\/product\/17513"}],"collection":[{"href":"https:\/\/www.lacurebeaute.fr\/de\/wp-json\/wp\/v2\/product"}],"about":[{"href":"https:\/\/www.lacurebeaute.fr\/de\/wp-json\/wp\/v2\/types\/product"}],"replies":[{"embeddable":true,"href":"https:\/\/www.lacurebeaute.fr\/de\/wp-json\/wp\/v2\/comments?post=17513"}],"wp:featuredmedia":[{"embeddable":true,"href":"https:\/\/www.lacurebeaute.fr\/de\/wp-json\/wp\/v2\/media\/27753"}],"wp:attachment":[{"href":"https:\/\/www.lacurebeaute.fr\/de\/wp-json\/wp\/v2\/media?parent=17513"}],"wp:term":[{"taxonomy":"product_cat","embeddable":true,"href":"https:\/\/www.lacurebeaute.fr\/de\/wp-json\/wp\/v2\/product_cat?post=17513"},{"taxonomy":"product_tag","embeddable":true,"href":"https:\/\/www.lacurebeaute.fr\/de\/wp-json\/wp\/v2\/product_tag?post=17513"}],"curies":[{"name":"wp","href":"https:\/\/api.w.org\/{rel}","templated":true}]}}