{"id":20788,"date":"2021-03-30T12:36:42","date_gmt":"2021-03-30T10:36:42","guid":{"rendered":"https:\/\/www.lacurebeaute.fr\/produit\/nobodys-perfect-routine\/"},"modified":"2024-03-26T10:00:48","modified_gmt":"2024-03-26T09:00:48","slug":"nobodys-perfect-kur","status":"publish","type":"product","link":"https:\/\/www.lacurebeaute.fr\/de\/produit\/nobodys-perfect-kur\/","title":{"rendered":"Nobody&#8217;s Perfect Kur"},"content":{"rendered":"[vc_row el_class=&#8221;spacing-lg cure-obj&#8221;][vc_column animation=&#8221;animation bottom-to-top&#8221;][vc_row_inner][vc_column_inner width=&#8221;1\/2&#8243; offset=&#8221;vc_hidden-xs&#8221;][vc_single_image image=&#8221;27466&#8243; img_size=&#8221;large&#8221; onclick=&#8221;custom_link&#8221; link=&#8221;https:\/\/www.lacurebeaute.fr\/de\/produit\/black-thermal-face-mask\/&#8221;][\/vc_column_inner][vc_column_inner width=&#8221;1\/2&#8243; offset=&#8221;vc_hidden-xs&#8221;][vc_column_text css=&#8221;.vc_custom_1711443161015{margin-bottom: 0px !important;}&#8221;]\n<h2>Black Thermal Face Mask<\/h2>\n<p>Die mit 84,7% Inhaltsstoffen nat\u00fcrlichen Ursprungs formulierte Black Thermal Mask ist eine Multi-Aktions-Pflege, die die Haut mattiert, sie strafft und weniger fettig erscheinen l\u00e4sst, um dem Gesicht seine ganze Ausstrahlung zur\u00fcckzugeben. 1-2 Mal pro Woche auf die gereinigte Haut auftragen, dabei die Augenpartie aussparen. 15 Minuten einwirken lassen und absp\u00fclen.<\/p>\n<p><strong>Erwiesene Ergebnisse*:<\/strong><\/p>\n<p><strong>100%<\/strong> weniger fettige Haut<br \/>\n<strong>100%<\/strong> mattierte Haut<br \/>\n<strong>96%<\/strong>\u00a0frischere Haut<br \/>\n<strong>92%<\/strong> straffere Haut<\/p>\n<p>*Prozentuale Zufriedenheit. Studie mit 25 Frauen \u00fcber einen Zeitraum von 4 Wochen.[\/vc_column_text][\/vc_column_inner][\/vc_row_inner][vc_row_inner][vc_column_inner offset=&#8221;vc_hidden-lg vc_hidden-md vc_hidden-sm&#8221;][vc_single_image image=&#8221;27466&#8243; img_size=&#8221;large&#8221; onclick=&#8221;custom_link&#8221; link=&#8221;https:\/\/www.lacurebeaute.fr\/de\/produit\/black-thermal-face-mask\/&#8221;][vc_column_text css=&#8221;.vc_custom_1711443326842{margin-bottom: 0px !important;}&#8221;]\n<h2>Black Thermal Face Mask<\/h2>\n<p>Die mit 84,7% Inhaltsstoffen nat\u00fcrlichen Ursprungs formulierte Black Thermal Mask ist eine Multi-Aktions-Pflege, die die Haut mattiert, sie strafft und weniger fettig erscheinen l\u00e4sst, um dem Gesicht seine ganze Ausstrahlung zur\u00fcckzugeben. 1-2 Mal pro Woche auf die gereinigte Haut auftragen, dabei die Augenpartie aussparen. 15 Minuten einwirken lassen und absp\u00fclen.[\/vc_column_text][\/vc_column_inner][\/vc_row_inner][\/vc_column][\/vc_row][vc_row el_class=&#8221;spacing-lg cure-obj&#8221;][vc_column][vc_row_inner][vc_column_inner width=&#8221;1\/2&#8243; offset=&#8221;vc_hidden-xs&#8221;][vc_column_text css=&#8221;.vc_custom_1711443407308{margin-bottom: 0px !important;}&#8221;]\n<h2>Exfoliating Clay Face Mask<\/h2>\n<p>Die Exfoliating Clay Face Mask ist ein wahres Konzentrat an Wirksamkeit und wurde entwickelt, um die Gesichtsz\u00fcge zu gl\u00e4tten und den Teint zum Strahlen zu bringen. Sie verbessert sichtbar das Erscheinungsbild der Haut und verleiht ihr ein belebendes Gef\u00fchl von Frische. Ihre Haut f\u00fchlt sich wie gereinigt an.<br \/>\n1-2 Mal pro Woche auf die gereinigte Haut auftragen, dabei die Augenpartie aussparen. 15 Minuten einwirken lassen und absp\u00fclen.<\/p>\n<p><strong>Erwiesene Ergebnisse* :<\/strong><\/p>\n<p><strong>100%<\/strong> gereinigte Haut<br \/>\n<strong>100%<\/strong> gegl\u00e4ttete Haut<br \/>\n<strong>100%<\/strong> verbessert das Hautbild<br \/>\n<strong>100%<\/strong> frischer Teint<\/p>\n<p>*Prozentuale Zufriedenheit. Studie mit 25 Frauen \u00fcber einen Zeitraum von 4 Wochen.[\/vc_column_text][\/vc_column_inner][vc_column_inner width=&#8221;1\/2&#8243; offset=&#8221;vc_hidden-xs&#8221;][vc_single_image image=&#8221;27470&#8243; img_size=&#8221;large&#8221; onclick=&#8221;custom_link&#8221; link=&#8221;https:\/\/www.lacurebeaute.fr\/de\/produit\/clay-exfoliating-face-mask\/&#8221;][\/vc_column_inner][\/vc_row_inner][vc_row_inner][vc_column_inner offset=&#8221;vc_hidden-lg vc_hidden-md vc_hidden-sm&#8221;][vc_single_image image=&#8221;27470&#8243; img_size=&#8221;large&#8221; onclick=&#8221;custom_link&#8221; link=&#8221;https:\/\/www.lacurebeaute.fr\/de\/produit\/clay-exfoliating-face-mask\/&#8221;][vc_column_text css=&#8221;.vc_custom_1711443473541{margin-bottom: 0px !important;}&#8221;]\n<h2>Exfoliating Clay Face Mask<\/h2>\n<p>Die Exfoliating Clay Face Mask ist ein wahres Konzentrat an Wirksamkeit und wurde entwickelt, um die Gesichtsz\u00fcge zu gl\u00e4tten und den Teint zum Strahlen zu bringen. Sie verbessert sichtbar das Erscheinungsbild der Haut und verleiht ihr ein belebendes Gef\u00fchl von Frische. Ihre Haut f\u00fchlt sich wie gereinigt an.<\/p>\n<p>1-2 Mal pro Woche auf die gereinigte Haut auftragen, dabei die Augenpartie aussparen. 15 Minuten einwirken lassen und absp\u00fclen.[\/vc_column_text][\/vc_column_inner][\/vc_row_inner][\/vc_column][\/vc_row][vc_row el_class=&#8221;spacing-lg cure-obj&#8221;][vc_column animation=&#8221;animation bottom-to-top&#8221;][vc_row_inner][vc_column_inner width=&#8221;1\/2&#8243; offset=&#8221;vc_hidden-xs&#8221;][vc_single_image image=&#8221;27794&#8243; img_size=&#8221;large&#8221; onclick=&#8221;custom_link&#8221; link=&#8221;https:\/\/www.lacurebeaute.fr\/de\/produit\/aloe-vera-express-moisturizer\/&#8221;][\/vc_column_inner][vc_column_inner width=&#8221;1\/2&#8243; offset=&#8221;vc_hidden-xs&#8221;][vc_column_text css=&#8221;.vc_custom_1711443528698{margin-bottom: 0px !important;}&#8221;]\n<h2 style=\"text-align: left;\">Aloe Vera Express Moisturizer<\/h2>\n<p>Unsere Aloe Vera Express Moisturizer Creme, die zu 95 % aus Inhaltsstoffen nat\u00fcrlichen Ursprungs besteht, verbessert das Erscheinungsbild der Haut und verhilft ihr zu einem sch\u00f6neren und strahlenderen Aussehen. Die Haut gewinnt an Elastizit\u00e4t, wird mit N\u00e4hrstoffen und Feuchtigkeit versorgt und die Gesichtsz\u00fcge werden gegl\u00e4ttet!<\/p>\n<p>Tragen Sie die Creme morgens auf die gereinigte Haut auf. Sie ist auch als Nachtpflege wirksam und umh\u00fcllt Ihre Haut mit einem Feuchtigkeitskokon, der Sie am Morgen frisch und strahlend aussehen l\u00e4sst!<\/p>\n<p><strong>Erwiesene Ergebnisse*:<\/strong><\/p>\n<p><strong>100%<\/strong> sofortiges Feuchtigkeitsgef\u00fchl<br \/>\n<strong>100%<\/strong> beruhigte Haut<br \/>\n<strong>100%<\/strong> reduziert das Spannungsgef\u00fchl<br \/>\n<strong>90%<\/strong> gen\u00e4hrte Haut<\/p>\n<p>*Prozentuale Zufriedenheit. Studie mit 25 Frauen \u00fcber einen Zeitraum von 4 Wochen.[\/vc_column_text][\/vc_column_inner][\/vc_row_inner][vc_row_inner][vc_column_inner offset=&#8221;vc_hidden-lg vc_hidden-md vc_hidden-sm&#8221;][vc_single_image image=&#8221;27794&#8243; img_size=&#8221;large&#8221; onclick=&#8221;custom_link&#8221; link=&#8221;https:\/\/www.lacurebeaute.fr\/de\/produit\/aloe-vera-express-moisturizer\/&#8221;][vc_column_text css=&#8221;.vc_custom_1711443560123{margin-bottom: 0px !important;}&#8221;]\n<h2 style=\"text-align: left;\">Aloe Vera Express Moisturizer<\/h2>\n<p>Unsere Aloe Vera Express Moisturizer Creme, die zu 95 % aus Inhaltsstoffen nat\u00fcrlichen Ursprungs besteht, verbessert das Erscheinungsbild der Haut und verhilft ihr zu einem sch\u00f6neren und strahlenderen Aussehen. Die Haut gewinnt an Elastizit\u00e4t, wird mit N\u00e4hrstoffen und Feuchtigkeit versorgt und die Gesichtsz\u00fcge werden gegl\u00e4ttet!<\/p>\n<p>Tragen Sie die Creme morgens auf die gereinigte Haut auf. Sie ist auch als Nachtpflege wirksam und umh\u00fcllt Ihre Haut mit einem Feuchtigkeitskokon, der Sie am Morgen frisch und strahlend aussehen l\u00e4sst![\/vc_column_text][\/vc_column_inner][\/vc_row_inner][\/vc_column][\/vc_row][vc_row disable_element=&#8221;yes&#8221; el_class=&#8221;spacing-lg application&#8221;][vc_column][vc_row_inner][vc_column_inner][vc_column_text animation=&#8221;animation bottom-to-top&#8221; css=&#8221;.vc_custom_1619598102275{margin-bottom: 0px !important;}&#8221;]\n<h3 style=\"text-align: center;\"><label class=\"fancy-tag\">Application<\/label><\/h3>\n<h2 style=\"text-align: center;\">Chaque semaine<\/h2>\n[\/vc_column_text][\/vc_column_inner][\/vc_row_inner]\t<div id=\"et-content-carousel-492\" class=\"row et-content-carousel slick slick-slider regular-padding  \" data-center=\"\" data-columns=\"3\" data-autoplay=\"\" data-fade=\"false\" data-autoplay-speed=\"\" data-pause=\"\" data-navigation=\"\" data-pagination=\"true\" data-infinite=\"true\">\n\t\t\r\n\t<div id=\"et-iconbox-315\" class=\"et-iconbox layout-centered icon-style-image-default bottom-spacing-none icon-color- text-color- animation bottom-to-top \"> \r\n\t\t<div class=\"et-icon-inner\">\r\n\t\t\t<figure class=\"et-feature-icon\">\r\n\t\t\t\t\t\t\t\t\t<img decoding=\"async\" src=\"https:\/\/www.lacurebeaute.fr\/wp-content\/uploads\/2021\/03\/masque-argile-2.jpg\" alt=\"\" \/>\r\n\t\t\t\t\t\t\t<\/figure>\r\n\t\t\t<div class=\"et-feature-content\"> \r\n\t\t\t\t\t\t\t\t\t\t\t\t<div class=\"wpb_text_column\"><h4 style=\"text-align: center;\">\u00c9tape 1<\/h4>\n<p style=\"text-align: center;\"><span style=\"font-weight: 400;\">Applique une couche \u00e9paisse du Masque Exfoliant \u00e0 l\u2019argile verte. <\/span><span style=\"font-weight: 400;\">Masse d\u00e9licatement pour permettre aux grains d\u2019exfolier la peau en douceur.<\/span><span style=\"font-weight: 400;\"> Laisse poser quelques instants puis rince \u00e0 l\u2019eau ti\u00e8de.<\/span><\/p>\n<\/div>\r\n\t\t\t\t\t\t\t<\/div>\r\n\t\t<\/div>\r\n\t<\/div>\r\n\r\n\t\r\n\t<div id=\"et-iconbox-228\" class=\"et-iconbox layout-centered icon-style-image-default bottom-spacing-none icon-color- text-color- animation bottom-to-top \"> \r\n\t\t<div class=\"et-icon-inner\">\r\n\t\t\t<figure class=\"et-feature-icon\">\r\n\t\t\t\t\t\t\t\t\t<img decoding=\"async\" src=\"https:\/\/www.lacurebeaute.fr\/wp-content\/uploads\/2021\/03\/masque-argile.jpg\" alt=\"\" \/>\r\n\t\t\t\t\t\t\t<\/figure>\r\n\t\t\t<div class=\"et-feature-content\"> \r\n\t\t\t\t\t\t\t\t\t\t\t\t<div class=\"wpb_text_column\"><h4 style=\"text-align: center;\">\u00c9tape 2<\/h4>\n<p style=\"text-align: center;\"><span style=\"font-weight: 400;\">Applique ensuite le Masque Noir D\u00e9tox sur ton visage en \u00e9vitant le contour des yeux. Laisse poser entre 10 et 15 minutes puis rince \u00e0 l\u2019eau claire.\u00a0\u00a0<\/span><\/p>\n<\/div>\r\n\t\t\t\t\t\t\t<\/div>\r\n\t\t<\/div>\r\n\t<\/div>\r\n\r\n\t\r\n\t<div id=\"et-iconbox-668\" class=\"et-iconbox layout-centered icon-style-image-default bottom-spacing-none icon-color- text-color- animation bottom-to-top \"> \r\n\t\t<div class=\"et-icon-inner\">\r\n\t\t\t<figure class=\"et-feature-icon\">\r\n\t\t\t\t\t\t\t\t\t<img decoding=\"async\" src=\"https:\/\/www.lacurebeaute.fr\/wp-content\/uploads\/2021\/02\/creme.jpg\" alt=\"\" \/>\r\n\t\t\t\t\t\t\t<\/figure>\r\n\t\t\t<div class=\"et-feature-content\"> \r\n\t\t\t\t\t\t\t\t\t\t\t\t<div class=\"wpb_text_column\"><h4 style=\"text-align: center;\">Etape 3<\/h4>\n<p style=\"text-align: center;\"><span style=\"font-weight: 400;\">Pour finir, hydrate ta peau en d\u00e9posant une noisette de Cr\u00e8me Hydratante Anti-Tiraillement sur ton visage, fais p\u00e9n\u00e9trer par mouvements circulaires.\u00a0<\/span><\/p>\n<\/div>\r\n\t\t\t\t\t\t\t<\/div>\r\n\t\t<\/div>\r\n\t<\/div>\r\n\r\n\t\t<\/div>\n\t\t\n\t[\/vc_column][\/vc_row]\n","protected":false},"excerpt":{"rendered":"<p>Gl\u00e4nzender Glanz in der T-Zone? Gibt es Unreinheiten? Sie wissen nicht, was Sie tun sollen und welche Produkte Sie verwenden sollen?<br \/>\nKeine Sorge, die Nobody&#8217;s Perfect Kur wurde speziell entwickelt, um Ihnen zu helfen, Ihre Haut wieder sch\u00f6n zu machen. Ihre Haut wird von Unreinheiten befreit und gereinigt.<\/p>\n<div class=\"product-desc-infos\">\n<ul style=\"margin-left: 20px;\">\n<li>[acf field='product_actions_0_action']<\/li>\n<li>[acf field='product_actions_1_action']<\/li>\n<li>[acf field='product_actions_2_action']<\/li>\n<\/ul>\n<\/div>\n","protected":false},"featured_media":25430,"comment_status":"closed","ping_status":"closed","template":"","meta":[],"product_cat":[608],"product_tag":[],"yoast_head":"<!-- This site is optimized with the Yoast SEO plugin v23.5 - https:\/\/yoast.com\/wordpress\/plugins\/seo\/ -->\n<title>Nobody&#039;s Perfect Kur | La Cure Beaut\u00e9<\/title>\n<meta name=\"robots\" content=\"index, follow, max-snippet:-1, max-image-preview:large, max-video-preview:-1\" \/>\n<link rel=\"canonical\" href=\"https:\/\/www.lacurebeaute.fr\/de\/produit\/nobodys-perfect-kur\/\" \/>\n<meta property=\"og:locale\" content=\"de_DE\" \/>\n<meta property=\"og:type\" content=\"article\" \/>\n<meta property=\"og:title\" content=\"Nobody&#039;s Perfect Kur | La Cure Beaut\u00e9\" \/>\n<meta property=\"og:description\" content=\"Gl\u00e4nzender Glanz in der T-Zone? Gibt es Unreinheiten? Sie wissen nicht, was Sie tun sollen und welche Produkte Sie verwenden sollen? Keine Sorge, die Nobody&#039;s Perfect Kur wurde speziell entwickelt, um Ihnen zu helfen, Ihre Haut wieder sch\u00f6n zu machen. Ihre Haut wird von Unreinheiten befreit und gereinigt.\" \/>\n<meta property=\"og:url\" content=\"https:\/\/www.lacurebeaute.fr\/de\/produit\/nobodys-perfect-kur\/\" \/>\n<meta property=\"og:site_name\" content=\"La Cure Beaut\u00e9\" \/>\n<meta property=\"article:modified_time\" content=\"2024-03-26T09:00:48+00:00\" \/>\n<meta property=\"og:image\" content=\"https:\/\/www.lacurebeaute.fr\/wp-content\/uploads\/2021\/03\/P1270783.jpg\" \/>\n\t<meta property=\"og:image:width\" content=\"2210\" \/>\n\t<meta property=\"og:image:height\" content=\"2210\" \/>\n\t<meta property=\"og:image:type\" content=\"image\/jpeg\" \/>\n<meta name=\"twitter:card\" content=\"summary_large_image\" \/>\n<meta name=\"twitter:label1\" content=\"Gesch\u00e4tzte Lesezeit\" \/>\n\t<meta name=\"twitter:data1\" content=\"6\u00a0Minuten\" \/>\n<script type=\"application\/ld+json\" class=\"yoast-schema-graph\">{\"@context\":\"https:\/\/schema.org\",\"@graph\":[{\"@type\":\"WebPage\",\"@id\":\"https:\/\/www.lacurebeaute.fr\/de\/produit\/nobodys-perfect-kur\/\",\"url\":\"https:\/\/www.lacurebeaute.fr\/de\/produit\/nobodys-perfect-kur\/\",\"name\":\"Nobody's Perfect Kur | La Cure Beaut\u00e9\",\"isPartOf\":{\"@id\":\"https:\/\/www.lacurebeaute.fr\/de\/#website\"},\"primaryImageOfPage\":{\"@id\":\"https:\/\/www.lacurebeaute.fr\/de\/produit\/nobodys-perfect-kur\/#primaryimage\"},\"image\":{\"@id\":\"https:\/\/www.lacurebeaute.fr\/de\/produit\/nobodys-perfect-kur\/#primaryimage\"},\"thumbnailUrl\":\"https:\/\/www.lacurebeaute.fr\/wp-content\/uploads\/2021\/03\/P1270783.jpg\",\"datePublished\":\"2021-03-30T10:36:42+00:00\",\"dateModified\":\"2024-03-26T09:00:48+00:00\",\"breadcrumb\":{\"@id\":\"https:\/\/www.lacurebeaute.fr\/de\/produit\/nobodys-perfect-kur\/#breadcrumb\"},\"inLanguage\":\"de\",\"potentialAction\":[{\"@type\":\"ReadAction\",\"target\":[\"https:\/\/www.lacurebeaute.fr\/de\/produit\/nobodys-perfect-kur\/\"]}]},{\"@type\":\"ImageObject\",\"inLanguage\":\"de\",\"@id\":\"https:\/\/www.lacurebeaute.fr\/de\/produit\/nobodys-perfect-kur\/#primaryimage\",\"url\":\"https:\/\/www.lacurebeaute.fr\/wp-content\/uploads\/2021\/03\/P1270783.jpg\",\"contentUrl\":\"https:\/\/www.lacurebeaute.fr\/wp-content\/uploads\/2021\/03\/P1270783.jpg\",\"width\":2210,\"height\":2210},{\"@type\":\"BreadcrumbList\",\"@id\":\"https:\/\/www.lacurebeaute.fr\/de\/produit\/nobodys-perfect-kur\/#breadcrumb\",\"itemListElement\":[{\"@type\":\"ListItem\",\"position\":1,\"name\":\"Accueil\",\"item\":\"https:\/\/www.lacurebeaute.fr\/de\/\"},{\"@type\":\"ListItem\",\"position\":2,\"name\":\"Shop\",\"item\":\"https:\/\/www.lacurebeaute.fr\/de\/shop\/\"},{\"@type\":\"ListItem\",\"position\":3,\"name\":\"Nobody&#8217;s Perfect Kur\"}]},{\"@type\":\"WebSite\",\"@id\":\"https:\/\/www.lacurebeaute.fr\/de\/#website\",\"url\":\"https:\/\/www.lacurebeaute.fr\/de\/\",\"name\":\"La Cure Beaut\u00e9\",\"description\":\"La marque de soins entre copines, naturelle et efficace\",\"potentialAction\":[{\"@type\":\"SearchAction\",\"target\":{\"@type\":\"EntryPoint\",\"urlTemplate\":\"https:\/\/www.lacurebeaute.fr\/de\/?s={search_term_string}\"},\"query-input\":{\"@type\":\"PropertyValueSpecification\",\"valueRequired\":true,\"valueName\":\"search_term_string\"}}],\"inLanguage\":\"de\"}]}<\/script>\n<!-- \/ Yoast SEO plugin. -->","yoast_head_json":{"title":"Nobody's Perfect Kur | La Cure Beaut\u00e9","robots":{"index":"index","follow":"follow","max-snippet":"max-snippet:-1","max-image-preview":"max-image-preview:large","max-video-preview":"max-video-preview:-1"},"canonical":"https:\/\/www.lacurebeaute.fr\/de\/produit\/nobodys-perfect-kur\/","og_locale":"de_DE","og_type":"article","og_title":"Nobody's Perfect Kur | La Cure Beaut\u00e9","og_description":"Gl\u00e4nzender Glanz in der T-Zone? Gibt es Unreinheiten? Sie wissen nicht, was Sie tun sollen und welche Produkte Sie verwenden sollen? Keine Sorge, die Nobody's Perfect Kur wurde speziell entwickelt, um Ihnen zu helfen, Ihre Haut wieder sch\u00f6n zu machen. Ihre Haut wird von Unreinheiten befreit und gereinigt.","og_url":"https:\/\/www.lacurebeaute.fr\/de\/produit\/nobodys-perfect-kur\/","og_site_name":"La Cure Beaut\u00e9","article_modified_time":"2024-03-26T09:00:48+00:00","og_image":[{"width":2210,"height":2210,"url":"https:\/\/www.lacurebeaute.fr\/wp-content\/uploads\/2021\/03\/P1270783.jpg","type":"image\/jpeg"}],"twitter_card":"summary_large_image","twitter_misc":{"Gesch\u00e4tzte Lesezeit":"6\u00a0Minuten"},"schema":{"@context":"https:\/\/schema.org","@graph":[{"@type":"WebPage","@id":"https:\/\/www.lacurebeaute.fr\/de\/produit\/nobodys-perfect-kur\/","url":"https:\/\/www.lacurebeaute.fr\/de\/produit\/nobodys-perfect-kur\/","name":"Nobody's Perfect Kur | La Cure Beaut\u00e9","isPartOf":{"@id":"https:\/\/www.lacurebeaute.fr\/de\/#website"},"primaryImageOfPage":{"@id":"https:\/\/www.lacurebeaute.fr\/de\/produit\/nobodys-perfect-kur\/#primaryimage"},"image":{"@id":"https:\/\/www.lacurebeaute.fr\/de\/produit\/nobodys-perfect-kur\/#primaryimage"},"thumbnailUrl":"https:\/\/www.lacurebeaute.fr\/wp-content\/uploads\/2021\/03\/P1270783.jpg","datePublished":"2021-03-30T10:36:42+00:00","dateModified":"2024-03-26T09:00:48+00:00","breadcrumb":{"@id":"https:\/\/www.lacurebeaute.fr\/de\/produit\/nobodys-perfect-kur\/#breadcrumb"},"inLanguage":"de","potentialAction":[{"@type":"ReadAction","target":["https:\/\/www.lacurebeaute.fr\/de\/produit\/nobodys-perfect-kur\/"]}]},{"@type":"ImageObject","inLanguage":"de","@id":"https:\/\/www.lacurebeaute.fr\/de\/produit\/nobodys-perfect-kur\/#primaryimage","url":"https:\/\/www.lacurebeaute.fr\/wp-content\/uploads\/2021\/03\/P1270783.jpg","contentUrl":"https:\/\/www.lacurebeaute.fr\/wp-content\/uploads\/2021\/03\/P1270783.jpg","width":2210,"height":2210},{"@type":"BreadcrumbList","@id":"https:\/\/www.lacurebeaute.fr\/de\/produit\/nobodys-perfect-kur\/#breadcrumb","itemListElement":[{"@type":"ListItem","position":1,"name":"Accueil","item":"https:\/\/www.lacurebeaute.fr\/de\/"},{"@type":"ListItem","position":2,"name":"Shop","item":"https:\/\/www.lacurebeaute.fr\/de\/shop\/"},{"@type":"ListItem","position":3,"name":"Nobody&#8217;s Perfect Kur"}]},{"@type":"WebSite","@id":"https:\/\/www.lacurebeaute.fr\/de\/#website","url":"https:\/\/www.lacurebeaute.fr\/de\/","name":"La Cure Beaut\u00e9","description":"La marque de soins entre copines, naturelle et efficace","potentialAction":[{"@type":"SearchAction","target":{"@type":"EntryPoint","urlTemplate":"https:\/\/www.lacurebeaute.fr\/de\/?s={search_term_string}"},"query-input":{"@type":"PropertyValueSpecification","valueRequired":true,"valueName":"search_term_string"}}],"inLanguage":"de"}]}},"_links":{"self":[{"href":"https:\/\/www.lacurebeaute.fr\/de\/wp-json\/wp\/v2\/product\/20788"}],"collection":[{"href":"https:\/\/www.lacurebeaute.fr\/de\/wp-json\/wp\/v2\/product"}],"about":[{"href":"https:\/\/www.lacurebeaute.fr\/de\/wp-json\/wp\/v2\/types\/product"}],"replies":[{"embeddable":true,"href":"https:\/\/www.lacurebeaute.fr\/de\/wp-json\/wp\/v2\/comments?post=20788"}],"wp:featuredmedia":[{"embeddable":true,"href":"https:\/\/www.lacurebeaute.fr\/de\/wp-json\/wp\/v2\/media\/25430"}],"wp:attachment":[{"href":"https:\/\/www.lacurebeaute.fr\/de\/wp-json\/wp\/v2\/media?parent=20788"}],"wp:term":[{"taxonomy":"product_cat","embeddable":true,"href":"https:\/\/www.lacurebeaute.fr\/de\/wp-json\/wp\/v2\/product_cat?post=20788"},{"taxonomy":"product_tag","embeddable":true,"href":"https:\/\/www.lacurebeaute.fr\/de\/wp-json\/wp\/v2\/product_tag?post=20788"}],"curies":[{"name":"wp","href":"https:\/\/api.w.org\/{rel}","templated":true}]}}