{"id":12023,"date":"2021-02-24T16:56:17","date_gmt":"2021-02-24T15:56:17","guid":{"rendered":"https:\/\/www.lacurebeaute.fr\/produit\/nuage-de-mousse\/"},"modified":"2025-04-15T12:12:42","modified_gmt":"2025-04-15T10:12:42","slug":"gentle-clansing-foam","status":"publish","type":"product","link":"https:\/\/www.lacurebeaute.fr\/en\/produit\/gentle-clansing-foam\/","title":{"rendered":"Gentle Cleansing Foam"},"content":{"rendered":"[vc_row el_class=&#8221;spacing-lg benefits&#8221;][vc_column width=&#8221;1\/2&#8243; animation=&#8221;animation bottom-to-top&#8221;]\t<div id=\"et-image-727\" class=\"et-image   benefits-img  et_image_link\">\n\t\t<div class=\"et-image-inner \">\n\t\t\t\t\t\t\t<div class=\"et-image-thumb \">\n\t\t\t\t\t<img decoding=\"async\" width=\"1792\" height=\"2168\" src=\"https:\/\/www.lacurebeaute.fr\/wp-content\/uploads\/2021\/02\/9901-\u2013-7.png\" class=\"attachment-full size-full\" alt=\"\" srcset=\"https:\/\/www.lacurebeaute.fr\/wp-content\/uploads\/2021\/02\/9901-\u2013-7.png 1792w, https:\/\/www.lacurebeaute.fr\/wp-content\/uploads\/2021\/02\/9901-\u2013-7-248x300.png 248w, https:\/\/www.lacurebeaute.fr\/wp-content\/uploads\/2021\/02\/9901-\u2013-7-846x1024.png 846w, https:\/\/www.lacurebeaute.fr\/wp-content\/uploads\/2021\/02\/9901-\u2013-7-768x929.png 768w, https:\/\/www.lacurebeaute.fr\/wp-content\/uploads\/2021\/02\/9901-\u2013-7-79x96.png 79w, https:\/\/www.lacurebeaute.fr\/wp-content\/uploads\/2021\/02\/9901-\u2013-7-35x42.png 35w, https:\/\/www.lacurebeaute.fr\/wp-content\/uploads\/2021\/02\/9901-\u2013-7-1270x1536.png 1270w, https:\/\/www.lacurebeaute.fr\/wp-content\/uploads\/2021\/02\/9901-\u2013-7-1693x2048.png 1693w, https:\/\/www.lacurebeaute.fr\/wp-content\/uploads\/2021\/02\/9901-\u2013-7-124x150.png 124w, https:\/\/www.lacurebeaute.fr\/wp-content\/uploads\/2021\/02\/9901-\u2013-7-600x726.png 600w, https:\/\/www.lacurebeaute.fr\/wp-content\/uploads\/2021\/02\/9901-\u2013-7-900x1089.png 900w\" sizes=\"(max-width: 1792px) 100vw, 1792px\" \/>\t\t\t\t<\/div>\n\t\t\t\t\t\t\t\t\t\t\t<\/div>\n\t<\/div>\n  [\/vc_column][vc_column width=&#8221;1\/2&#8243; animation=&#8221;animation bottom-to-top&#8221;][vc_column_text css=&#8221;.vc_custom_1744711787081{margin-bottom: 0px !important;}&#8221;]\n<p class=\"\" data-start=\"100\" data-end=\"155\"><strong data-start=\"100\" data-end=\"118\">Cleansing Foam<\/strong><\/p>\n<p class=\"\" data-start=\"100\" data-end=\"155\"><strong data-start=\"121\" data-end=\"155\">Gentle cleansing for your face<\/strong><\/p>\n<p class=\"\" data-start=\"157\" data-end=\"284\">Perfect for all skin types, this cleansing foam combines effectiveness and softness to offer your skin a unique moment of care.<\/p>\n<p class=\"\" data-start=\"286\" data-end=\"439\">Its airy, lightweight texture glides effortlessly over the skin, removing makeup residues and impurities accumulated throughout the day in just one step.<\/p>\n[\/vc_column_text][\/vc_column][\/vc_row][vc_row el_class=&#8221;spacing-lg application&#8221;][vc_column][vc_row_inner][vc_column_inner][vc_column_text animation=&#8221;animation bottom-to-top&#8221; css=&#8221;.vc_custom_1626966881155{margin-bottom: 0px !important;}&#8221;]\n<h3 style=\"text-align: center;\"><label class=\"fancy-tag\">Application<\/label><\/h3>\n<h2 style=\"text-align: center;\">Morning and Evening<\/h2>\n[\/vc_column_text][\/vc_column_inner][\/vc_row_inner]\t<div id=\"et-content-carousel-486\" class=\"row et-content-carousel slick slick-slider regular-padding  \" data-center=\"\" data-columns=\"3\" data-autoplay=\"\" data-fade=\"false\" data-autoplay-speed=\"\" data-pause=\"\" data-navigation=\"\" data-pagination=\"true\" data-infinite=\"true\">\n\t\t\r\n\t<div id=\"et-iconbox-452\" class=\"et-iconbox layout-centered icon-style-image-default bottom-spacing-none icon-color- text-color- animation bottom-to-top \"> \r\n\t\t<div class=\"et-icon-inner\">\r\n\t\t\t<figure class=\"et-feature-icon\">\r\n\t\t\t\t\t\t\t\t\t<img decoding=\"async\" src=\"https:\/\/www.lacurebeaute.fr\/wp-content\/uploads\/2021\/02\/Nuage-de-Mousse-Nettoyante-step1.jpg\" alt=\"\" \/>\r\n\t\t\t\t\t\t\t<\/figure>\r\n\t\t\t<div class=\"et-feature-content\"> \r\n\t\t\t\t\t\t\t\t\t\t\t\t<div class=\"wpb_text_column\"><h4 style=\"text-align: center;\">STEP 1<\/h4>\n<p style=\"text-align: center;\"><span style=\"font-weight: 400;\">Hold the bottle upright and press on the dispensing pump.\u00a0<\/span><\/p>\n<\/div>\r\n\t\t\t\t\t\t\t<\/div>\r\n\t\t<\/div>\r\n\t<\/div>\r\n\r\n\t\r\n\t<div id=\"et-iconbox-140\" class=\"et-iconbox layout-centered icon-style-image-default bottom-spacing-none icon-color- text-color- animation bottom-to-top \"> \r\n\t\t<div class=\"et-icon-inner\">\r\n\t\t\t<figure class=\"et-feature-icon\">\r\n\t\t\t\t\t\t\t\t\t<img decoding=\"async\" src=\"https:\/\/www.lacurebeaute.fr\/wp-content\/uploads\/2021\/02\/Nuage-de-Mousse-Nettoyante-step2.jpg\" alt=\"\" \/>\r\n\t\t\t\t\t\t\t<\/figure>\r\n\t\t\t<div class=\"et-feature-content\"> \r\n\t\t\t\t\t\t\t\t\t\t\t\t<div class=\"wpb_text_column\"><h4 style=\"text-align: center;\">Step 2<\/h4>\n<p style=\"text-align: center;\"><span style=\"font-weight: 400;\">Apply the foam to damp skin and massage in circular movements over your entire face. Rinse well.\u00a0<\/span><\/p>\n<\/div>\r\n\t\t\t\t\t\t\t<\/div>\r\n\t\t<\/div>\r\n\t<\/div>\r\n\r\n\t\r\n\t<div id=\"et-iconbox-581\" class=\"et-iconbox layout-centered icon-style-image-default bottom-spacing-none icon-color- text-color- animation bottom-to-top \"> \r\n\t\t<div class=\"et-icon-inner\">\r\n\t\t\t<figure class=\"et-feature-icon\">\r\n\t\t\t\t\t\t\t\t\t<img decoding=\"async\" src=\"https:\/\/www.lacurebeaute.fr\/wp-content\/uploads\/2021\/02\/Nuage-de-Mousse-Nettoyante-step3.jpg\" alt=\"\" \/>\r\n\t\t\t\t\t\t\t<\/figure>\r\n\t\t\t<div class=\"et-feature-content\"> \r\n\t\t\t\t\t\t\t\t\t\t\t\t<div class=\"wpb_text_column\"><h4 style=\"text-align: center;\">Step 3<\/h4>\n<p style=\"text-align: center;\"><span style=\"font-weight: 400;\">After drying your skin, apply your skincare.\u00a0<\/span><\/p>\n<\/div>\r\n\t\t\t\t\t\t\t<\/div>\r\n\t\t<\/div>\r\n\t<\/div>\r\n\r\n\t\t<\/div>\n\t\t\n\t[\/vc_column][\/vc_row]\n","protected":false},"excerpt":{"rendered":"<p>Suitable for all skin types, this cleansing foam combines gentleness and effectiveness to offer your face a true moment of care.<br \/>\nIts airy, lightweight texture envelops the skin, removing makeup and daily impurities in a single step.<br \/>\nMade with 96% naturally derived ingredients, it\u2019s your new must-have beauty essential! <\/p>\n<p>[acf field='product_description_naturality_title'] \u00b7 96%<br \/>\n[acf field='product_description_skin_title'] \u00b7 Tous types de peaux<br \/>\n[acf field='product_description_ref_title'] \u00b7 150ml<\/p>\n","protected":false},"featured_media":28904,"comment_status":"closed","ping_status":"closed","template":"","meta":[],"product_cat":[331,329,332,333,330],"product_tag":[],"yoast_head":"<!-- This site is optimized with the Yoast SEO plugin v23.5 - https:\/\/yoast.com\/wordpress\/plugins\/seo\/ -->\n<title>Nettoyant mousse | Nettoie, D\u00e9maquille et D\u00e9toxifie<\/title>\n<meta name=\"description\" content=\"Impuret\u00e9s, s\u00e9bum, maquillage\u2026 pour nettoyer mais aussi d\u00e9maquiller ta peau d\u00e9couvre notre nettoyant mousse Vegan aux pr\u00e9biotiques.\" \/>\n<meta name=\"robots\" content=\"index, follow, max-snippet:-1, max-image-preview:large, max-video-preview:-1\" \/>\n<link rel=\"canonical\" href=\"https:\/\/www.lacurebeaute.fr\/en\/produit\/gentle-clansing-foam\/\" \/>\n<meta property=\"og:locale\" content=\"en_US\" \/>\n<meta property=\"og:type\" content=\"article\" \/>\n<meta property=\"og:title\" content=\"Nettoyant mousse | Nettoie, D\u00e9maquille et D\u00e9toxifie\" \/>\n<meta property=\"og:description\" content=\"Impuret\u00e9s, s\u00e9bum, maquillage\u2026 pour nettoyer mais aussi d\u00e9maquiller ta peau d\u00e9couvre notre nettoyant mousse Vegan aux pr\u00e9biotiques.\" \/>\n<meta property=\"og:url\" content=\"https:\/\/www.lacurebeaute.fr\/en\/produit\/gentle-clansing-foam\/\" \/>\n<meta property=\"og:site_name\" content=\"La Cure Beaut\u00e9\" \/>\n<meta property=\"article:modified_time\" content=\"2025-04-15T10:12:42+00:00\" \/>\n<meta property=\"og:image\" content=\"https:\/\/www.lacurebeaute.fr\/wp-content\/uploads\/2021\/02\/9901-\u2013-3-1-971x1024.png\" \/>\n\t<meta property=\"og:image:width\" content=\"971\" \/>\n\t<meta property=\"og:image:height\" content=\"1024\" \/>\n\t<meta property=\"og:image:type\" content=\"image\/png\" \/>\n<meta name=\"twitter:card\" content=\"summary_large_image\" \/>\n<meta name=\"twitter:label1\" content=\"Est. reading time\" \/>\n\t<meta name=\"twitter:data1\" content=\"2 minutes\" \/>\n<script type=\"application\/ld+json\" class=\"yoast-schema-graph\">{\"@context\":\"https:\/\/schema.org\",\"@graph\":[{\"@type\":\"WebPage\",\"@id\":\"https:\/\/www.lacurebeaute.fr\/en\/produit\/gentle-clansing-foam\/\",\"url\":\"https:\/\/www.lacurebeaute.fr\/en\/produit\/gentle-clansing-foam\/\",\"name\":\"Nettoyant mousse | Nettoie, D\u00e9maquille et D\u00e9toxifie\",\"isPartOf\":{\"@id\":\"https:\/\/www.lacurebeaute.fr\/en\/#website\"},\"primaryImageOfPage\":{\"@id\":\"https:\/\/www.lacurebeaute.fr\/en\/produit\/gentle-clansing-foam\/#primaryimage\"},\"image\":{\"@id\":\"https:\/\/www.lacurebeaute.fr\/en\/produit\/gentle-clansing-foam\/#primaryimage\"},\"thumbnailUrl\":\"https:\/\/www.lacurebeaute.fr\/wp-content\/uploads\/2021\/02\/9901-\u2013-3-1-scaled.png\",\"datePublished\":\"2021-02-24T15:56:17+00:00\",\"dateModified\":\"2025-04-15T10:12:42+00:00\",\"description\":\"Impuret\u00e9s, s\u00e9bum, maquillage\u2026 pour nettoyer mais aussi d\u00e9maquiller ta peau d\u00e9couvre notre nettoyant mousse Vegan aux pr\u00e9biotiques.\",\"breadcrumb\":{\"@id\":\"https:\/\/www.lacurebeaute.fr\/en\/produit\/gentle-clansing-foam\/#breadcrumb\"},\"inLanguage\":\"en-US\",\"potentialAction\":[{\"@type\":\"ReadAction\",\"target\":[\"https:\/\/www.lacurebeaute.fr\/en\/produit\/gentle-clansing-foam\/\"]}]},{\"@type\":\"ImageObject\",\"inLanguage\":\"en-US\",\"@id\":\"https:\/\/www.lacurebeaute.fr\/en\/produit\/gentle-clansing-foam\/#primaryimage\",\"url\":\"https:\/\/www.lacurebeaute.fr\/wp-content\/uploads\/2021\/02\/9901-\u2013-3-1-scaled.png\",\"contentUrl\":\"https:\/\/www.lacurebeaute.fr\/wp-content\/uploads\/2021\/02\/9901-\u2013-3-1-scaled.png\",\"width\":2800,\"height\":2952},{\"@type\":\"BreadcrumbList\",\"@id\":\"https:\/\/www.lacurebeaute.fr\/en\/produit\/gentle-clansing-foam\/#breadcrumb\",\"itemListElement\":[{\"@type\":\"ListItem\",\"position\":1,\"name\":\"Accueil\",\"item\":\"https:\/\/www.lacurebeaute.fr\/en\/\"},{\"@type\":\"ListItem\",\"position\":2,\"name\":\"Shop\",\"item\":\"https:\/\/www.lacurebeaute.fr\/en\/shop\/\"},{\"@type\":\"ListItem\",\"position\":3,\"name\":\"Gentle Cleansing Foam\"}]},{\"@type\":\"WebSite\",\"@id\":\"https:\/\/www.lacurebeaute.fr\/en\/#website\",\"url\":\"https:\/\/www.lacurebeaute.fr\/en\/\",\"name\":\"La Cure Beaut\u00e9\",\"description\":\"La marque de soins entre copines, naturelle et efficace\",\"potentialAction\":[{\"@type\":\"SearchAction\",\"target\":{\"@type\":\"EntryPoint\",\"urlTemplate\":\"https:\/\/www.lacurebeaute.fr\/en\/?s={search_term_string}\"},\"query-input\":{\"@type\":\"PropertyValueSpecification\",\"valueRequired\":true,\"valueName\":\"search_term_string\"}}],\"inLanguage\":\"en-US\"}]}<\/script>\n<!-- \/ Yoast SEO plugin. -->","yoast_head_json":{"title":"Nettoyant mousse | Nettoie, D\u00e9maquille et D\u00e9toxifie","description":"Impuret\u00e9s, s\u00e9bum, maquillage\u2026 pour nettoyer mais aussi d\u00e9maquiller ta peau d\u00e9couvre notre nettoyant mousse Vegan aux pr\u00e9biotiques.","robots":{"index":"index","follow":"follow","max-snippet":"max-snippet:-1","max-image-preview":"max-image-preview:large","max-video-preview":"max-video-preview:-1"},"canonical":"https:\/\/www.lacurebeaute.fr\/en\/produit\/gentle-clansing-foam\/","og_locale":"en_US","og_type":"article","og_title":"Nettoyant mousse | Nettoie, D\u00e9maquille et D\u00e9toxifie","og_description":"Impuret\u00e9s, s\u00e9bum, maquillage\u2026 pour nettoyer mais aussi d\u00e9maquiller ta peau d\u00e9couvre notre nettoyant mousse Vegan aux pr\u00e9biotiques.","og_url":"https:\/\/www.lacurebeaute.fr\/en\/produit\/gentle-clansing-foam\/","og_site_name":"La Cure Beaut\u00e9","article_modified_time":"2025-04-15T10:12:42+00:00","og_image":[{"width":971,"height":1024,"url":"https:\/\/www.lacurebeaute.fr\/wp-content\/uploads\/2021\/02\/9901-\u2013-3-1-971x1024.png","type":"image\/png"}],"twitter_card":"summary_large_image","twitter_misc":{"Est. reading time":"2 minutes"},"schema":{"@context":"https:\/\/schema.org","@graph":[{"@type":"WebPage","@id":"https:\/\/www.lacurebeaute.fr\/en\/produit\/gentle-clansing-foam\/","url":"https:\/\/www.lacurebeaute.fr\/en\/produit\/gentle-clansing-foam\/","name":"Nettoyant mousse | Nettoie, D\u00e9maquille et D\u00e9toxifie","isPartOf":{"@id":"https:\/\/www.lacurebeaute.fr\/en\/#website"},"primaryImageOfPage":{"@id":"https:\/\/www.lacurebeaute.fr\/en\/produit\/gentle-clansing-foam\/#primaryimage"},"image":{"@id":"https:\/\/www.lacurebeaute.fr\/en\/produit\/gentle-clansing-foam\/#primaryimage"},"thumbnailUrl":"https:\/\/www.lacurebeaute.fr\/wp-content\/uploads\/2021\/02\/9901-\u2013-3-1-scaled.png","datePublished":"2021-02-24T15:56:17+00:00","dateModified":"2025-04-15T10:12:42+00:00","description":"Impuret\u00e9s, s\u00e9bum, maquillage\u2026 pour nettoyer mais aussi d\u00e9maquiller ta peau d\u00e9couvre notre nettoyant mousse Vegan aux pr\u00e9biotiques.","breadcrumb":{"@id":"https:\/\/www.lacurebeaute.fr\/en\/produit\/gentle-clansing-foam\/#breadcrumb"},"inLanguage":"en-US","potentialAction":[{"@type":"ReadAction","target":["https:\/\/www.lacurebeaute.fr\/en\/produit\/gentle-clansing-foam\/"]}]},{"@type":"ImageObject","inLanguage":"en-US","@id":"https:\/\/www.lacurebeaute.fr\/en\/produit\/gentle-clansing-foam\/#primaryimage","url":"https:\/\/www.lacurebeaute.fr\/wp-content\/uploads\/2021\/02\/9901-\u2013-3-1-scaled.png","contentUrl":"https:\/\/www.lacurebeaute.fr\/wp-content\/uploads\/2021\/02\/9901-\u2013-3-1-scaled.png","width":2800,"height":2952},{"@type":"BreadcrumbList","@id":"https:\/\/www.lacurebeaute.fr\/en\/produit\/gentle-clansing-foam\/#breadcrumb","itemListElement":[{"@type":"ListItem","position":1,"name":"Accueil","item":"https:\/\/www.lacurebeaute.fr\/en\/"},{"@type":"ListItem","position":2,"name":"Shop","item":"https:\/\/www.lacurebeaute.fr\/en\/shop\/"},{"@type":"ListItem","position":3,"name":"Gentle Cleansing Foam"}]},{"@type":"WebSite","@id":"https:\/\/www.lacurebeaute.fr\/en\/#website","url":"https:\/\/www.lacurebeaute.fr\/en\/","name":"La Cure Beaut\u00e9","description":"La marque de soins entre copines, naturelle et efficace","potentialAction":[{"@type":"SearchAction","target":{"@type":"EntryPoint","urlTemplate":"https:\/\/www.lacurebeaute.fr\/en\/?s={search_term_string}"},"query-input":{"@type":"PropertyValueSpecification","valueRequired":true,"valueName":"search_term_string"}}],"inLanguage":"en-US"}]}},"_links":{"self":[{"href":"https:\/\/www.lacurebeaute.fr\/en\/wp-json\/wp\/v2\/product\/12023"}],"collection":[{"href":"https:\/\/www.lacurebeaute.fr\/en\/wp-json\/wp\/v2\/product"}],"about":[{"href":"https:\/\/www.lacurebeaute.fr\/en\/wp-json\/wp\/v2\/types\/product"}],"replies":[{"embeddable":true,"href":"https:\/\/www.lacurebeaute.fr\/en\/wp-json\/wp\/v2\/comments?post=12023"}],"wp:featuredmedia":[{"embeddable":true,"href":"https:\/\/www.lacurebeaute.fr\/en\/wp-json\/wp\/v2\/media\/28904"}],"wp:attachment":[{"href":"https:\/\/www.lacurebeaute.fr\/en\/wp-json\/wp\/v2\/media?parent=12023"}],"wp:term":[{"taxonomy":"product_cat","embeddable":true,"href":"https:\/\/www.lacurebeaute.fr\/en\/wp-json\/wp\/v2\/product_cat?post=12023"},{"taxonomy":"product_tag","embeddable":true,"href":"https:\/\/www.lacurebeaute.fr\/en\/wp-json\/wp\/v2\/product_tag?post=12023"}],"curies":[{"name":"wp","href":"https:\/\/api.w.org\/{rel}","templated":true}]}}