{"id":28943,"date":"2025-01-09T17:08:02","date_gmt":"2025-01-09T16:08:02","guid":{"rendered":"https:\/\/www.lacurebeaute.fr\/?post_type=product&#038;p=28943"},"modified":"2025-04-07T16:49:00","modified_gmt":"2025-04-07T14:49:00","slug":"rich-milky-cream-cleanser","status":"publish","type":"product","link":"https:\/\/www.lacurebeaute.fr\/en\/produit\/rich-milky-cream-cleanser\/","title":{"rendered":"Rich Milky Cream Cleanser"},"content":{"rendered":"[vc_row et_row_padding=&#8221;true&#8221; css=&#8221;.vc_custom_1653473820489{background-color: #E6DFFB !important;}&#8221; el_class=&#8221;bg-full pink spacing-lg percents&#8221;][vc_column]\t<div id=\"et-content-carousel-572\" class=\"row et-content-carousel slick slick-slider no-padding  \" data-center=\"\" data-columns=\"3\" data-autoplay=\"\" data-fade=\"false\" data-autoplay-speed=\"\" data-pause=\"\" data-navigation=\"\" data-pagination=\"true\" data-infinite=\"true\">\n\t\t\t<\/div>\n\t\t\n\t[\/vc_column][\/vc_row][vc_row el_class=&#8221;spacing-lg benefits&#8221;][vc_column width=&#8221;1\/2&#8243; animation=&#8221;animation bottom-to-top&#8221;]\t<div id=\"et-image-994\" class=\"et-image   benefits-img  et_image_link\">\n\t\t<div class=\"et-image-inner \">\n\t\t\t\t\t\t\t<div class=\"et-image-thumb \">\n\t\t\t\t\t<img decoding=\"async\" width=\"1792\" height=\"2168\" src=\"https:\/\/www.lacurebeaute.fr\/wp-content\/uploads\/2021\/02\/9901-\u2013-7.png\" class=\"attachment-full size-full\" alt=\"\" srcset=\"https:\/\/www.lacurebeaute.fr\/wp-content\/uploads\/2021\/02\/9901-\u2013-7.png 1792w, https:\/\/www.lacurebeaute.fr\/wp-content\/uploads\/2021\/02\/9901-\u2013-7-248x300.png 248w, https:\/\/www.lacurebeaute.fr\/wp-content\/uploads\/2021\/02\/9901-\u2013-7-846x1024.png 846w, https:\/\/www.lacurebeaute.fr\/wp-content\/uploads\/2021\/02\/9901-\u2013-7-768x929.png 768w, https:\/\/www.lacurebeaute.fr\/wp-content\/uploads\/2021\/02\/9901-\u2013-7-79x96.png 79w, https:\/\/www.lacurebeaute.fr\/wp-content\/uploads\/2021\/02\/9901-\u2013-7-35x42.png 35w, https:\/\/www.lacurebeaute.fr\/wp-content\/uploads\/2021\/02\/9901-\u2013-7-1270x1536.png 1270w, https:\/\/www.lacurebeaute.fr\/wp-content\/uploads\/2021\/02\/9901-\u2013-7-1693x2048.png 1693w, https:\/\/www.lacurebeaute.fr\/wp-content\/uploads\/2021\/02\/9901-\u2013-7-124x150.png 124w, https:\/\/www.lacurebeaute.fr\/wp-content\/uploads\/2021\/02\/9901-\u2013-7-600x726.png 600w, https:\/\/www.lacurebeaute.fr\/wp-content\/uploads\/2021\/02\/9901-\u2013-7-900x1089.png 900w\" sizes=\"(max-width: 1792px) 100vw, 1792px\" \/>\t\t\t\t<\/div>\n\t\t\t\t\t\t\t\t\t\t\t<\/div>\n\t<\/div>\n  [\/vc_column][vc_column width=&#8221;1\/2&#8243; animation=&#8221;animation bottom-to-top&#8221;][vc_column_text css=&#8221;.vc_custom_1744035287486{margin-bottom: 0px !important;}&#8221;]\n<h3 style=\"text-align: left;\"><label class=\"fancy-tag\">Cleansing Milk<\/label><\/h3>\n<h2>A gentle cleansing step for your face.<\/h2>\n<p>Discover <strong data-start=\"9\" data-end=\"38\">Rich Milky Cream Cleanser<\/strong>, the ideal face cleansing and makeup-removing solution for a gentle daily skincare routine. Its silky formula, made with 94% of ingredients from natural origin, respects your skin and is perfectly suited for morning and evening use.[\/vc_column_text][\/vc_column][\/vc_row][vc_row el_class=&#8221;spacing-lg application&#8221;][vc_column][vc_row_inner][vc_column_inner][vc_column_text animation=&#8221;animation bottom-to-top&#8221; css=&#8221;.vc_custom_1744035298011{margin-bottom: 0px !important;}&#8221;]\n<h3 style=\"text-align: center;\"><label class=\"fancy-tag\">How to use<\/label><\/h3>\n<h2 style=\"text-align: center;\">Morning and Evening<\/h2>\n[\/vc_column_text][\/vc_column_inner][\/vc_row_inner]\t<div id=\"et-content-carousel-551\" class=\"row et-content-carousel slick slick-slider regular-padding  \" data-center=\"\" data-columns=\"3\" data-autoplay=\"\" data-fade=\"false\" data-autoplay-speed=\"\" data-pause=\"\" data-navigation=\"\" data-pagination=\"true\" data-infinite=\"true\">\n\t\t\r\n\t<div id=\"et-iconbox-148\" class=\"et-iconbox layout-centered icon-style-image-default bottom-spacing-none icon-color- text-color- animation bottom-to-top \"> \r\n\t\t<div class=\"et-icon-inner\">\r\n\t\t\t<figure class=\"et-feature-icon\">\r\n\t\t\t\t\t\t\t\t\t<img decoding=\"async\" src=\"https:\/\/www.lacurebeaute.fr\/wp-content\/uploads\/2025\/01\/9000-1.png\" alt=\"\" \/>\r\n\t\t\t\t\t\t\t<\/figure>\r\n\t\t\t<div class=\"et-feature-content\"> \r\n\t\t\t\t\t\t\t\t\t\t\t\t<div class=\"wpb_text_column\"><h4 style=\"text-align: center;\">Step 1<\/h4>\n<p style=\"text-align: center;\">Apply the milk directly onto a cotton pad or into the palm of your hands.<\/p>\n<\/div>\r\n\t\t\t\t\t\t\t<\/div>\r\n\t\t<\/div>\r\n\t<\/div>\r\n\r\n\t\r\n\t<div id=\"et-iconbox-587\" class=\"et-iconbox layout-centered icon-style-image-default bottom-spacing-none icon-color- text-color- animation bottom-to-top \"> \r\n\t\t<div class=\"et-icon-inner\">\r\n\t\t\t<figure class=\"et-feature-icon\">\r\n\t\t\t\t\t\t\t\t\t<img decoding=\"async\" src=\"https:\/\/www.lacurebeaute.fr\/wp-content\/uploads\/2025\/01\/9900-1.png\" alt=\"\" \/>\r\n\t\t\t\t\t\t\t<\/figure>\r\n\t\t\t<div class=\"et-feature-content\"> \r\n\t\t\t\t\t\t\t\t\t\t\t\t<div class=\"wpb_text_column\"><h4 style=\"text-align: center;\">Step 2<\/h4>\n<p style=\"text-align: center;\">Gently massage over the entire face using circular motions.<\/p>\n<\/div>\r\n\t\t\t\t\t\t\t<\/div>\r\n\t\t<\/div>\r\n\t<\/div>\r\n\r\n\t\r\n\t<div id=\"et-iconbox-148\" class=\"et-iconbox layout-centered icon-style-image-default bottom-spacing-none icon-color- text-color- animation bottom-to-top \"> \r\n\t\t<div class=\"et-icon-inner\">\r\n\t\t\t<figure class=\"et-feature-icon\">\r\n\t\t\t\t\t\t\t\t\t<img decoding=\"async\" src=\"https:\/\/www.lacurebeaute.fr\/wp-content\/uploads\/2025\/01\/9904-\u2013-3-scaled.png\" alt=\"\" \/>\r\n\t\t\t\t\t\t\t<\/figure>\r\n\t\t\t<div class=\"et-feature-content\"> \r\n\t\t\t\t\t\t\t\t\t\t\t\t<div class=\"wpb_text_column\"><h4 style=\"text-align: center;\">Step 3<\/h4>\n<p style=\"text-align: center;\">Remove any excess with a cotton pad and follow with the rest of your beauty routine.<\/p>\n<\/div>\r\n\t\t\t\t\t\t\t<\/div>\r\n\t\t<\/div>\r\n\t<\/div>\r\n\r\n\t\t<\/div>\n\t\t\n\t[\/vc_column][\/vc_row][vc_row css=&#8221;.vc_custom_1653473938284{background-color: #E6DFFB !important;}&#8221; el_class=&#8221;bg-full pink spacing-lg quote&#8221;][vc_column et_column_color=&#8221;et-light-column&#8221; width=&#8221;1\/4&#8243; animation=&#8221;animation bottom-to-top&#8221;]\t<div id=\"et-image-860\" class=\"et-image aligncenter  quote-img  et_image_link\">\n\t\t<div class=\"et-image-inner \">\n\t\t\t\t\t\t\t<div class=\"et-image-thumb \">\n\t\t\t\t\t<img decoding=\"async\" width=\"2560\" height=\"1920\" src=\"https:\/\/www.lacurebeaute.fr\/wp-content\/uploads\/2021\/02\/eva-scaled.jpg\" class=\"attachment-full size-full\" alt=\"Avis\" \/>\t\t\t\t<\/div>\n\t\t\t\t\t\t\t\t\t\t\t<\/div>\n\t<\/div>\n  [\/vc_column][\/vc_row]\n","protected":false},"excerpt":{"rendered":"<p>Discover Rich Milky Cream Cleanser, the ideal face cleansing and makeup-removing solution for a gentle daily skincare routine. Its silky formula, made with 94% of ingredients from natural origin, respects your skin and is perfectly suited for morning and evening use.<\/p>\n<div class=\"product-desc-infos\">[acf field='product_description_naturality_title'] \u00b7 94%<br \/>\n[acf field='product_description_skin_title'] \u00b7 <span class=\"gz-product-inject-skin\">All skin types<\/span><br \/>\n[acf field='product_description_ref_title'] \u00b7 200ml<\/div>\n","protected":false},"featured_media":29604,"comment_status":"closed","ping_status":"closed","template":"","meta":[],"product_cat":[331,329,831],"product_tag":[],"yoast_head":"<!-- This site is optimized with the Yoast SEO plugin v23.5 - https:\/\/yoast.com\/wordpress\/plugins\/seo\/ -->\n<title>Rich Milky Cream Cleanser<\/title>\n<meta name=\"description\" content=\"Un lait fondant pour retirer le maquillage et les impuret\u00e9s accumul\u00e9s au long de la journ\u00e9e. La Cure Beaut\u00e9 vous propose Rich Milky Cream Cleanser.\" \/>\n<meta name=\"robots\" content=\"index, follow, max-snippet:-1, max-image-preview:large, max-video-preview:-1\" \/>\n<link rel=\"canonical\" href=\"https:\/\/www.lacurebeaute.fr\/en\/produit\/rich-milky-cream-cleanser\/\" \/>\n<meta property=\"og:locale\" content=\"en_US\" \/>\n<meta property=\"og:type\" content=\"article\" \/>\n<meta property=\"og:title\" content=\"Rich Milky Cream Cleanser\" \/>\n<meta property=\"og:description\" content=\"Un lait fondant pour retirer le maquillage et les impuret\u00e9s accumul\u00e9s au long de la journ\u00e9e. La Cure Beaut\u00e9 vous propose Rich Milky Cream Cleanser.\" \/>\n<meta property=\"og:url\" content=\"https:\/\/www.lacurebeaute.fr\/en\/produit\/rich-milky-cream-cleanser\/\" \/>\n<meta property=\"og:site_name\" content=\"La Cure Beaut\u00e9\" \/>\n<meta property=\"article:modified_time\" content=\"2025-04-07T14:49:00+00:00\" \/>\n<meta property=\"og:image\" content=\"https:\/\/www.lacurebeaute.fr\/wp-content\/uploads\/2021\/03\/9000-scaled.jpg\" \/>\n\t<meta property=\"og:image:width\" content=\"2428\" \/>\n\t<meta property=\"og:image:height\" content=\"2560\" \/>\n\t<meta property=\"og:image:type\" content=\"image\/jpeg\" \/>\n<meta name=\"twitter:card\" content=\"summary_large_image\" \/>\n<meta name=\"twitter:label1\" content=\"Est. reading time\" \/>\n\t<meta name=\"twitter:data1\" content=\"3 minutes\" \/>\n<script type=\"application\/ld+json\" class=\"yoast-schema-graph\">{\"@context\":\"https:\/\/schema.org\",\"@graph\":[{\"@type\":\"WebPage\",\"@id\":\"https:\/\/www.lacurebeaute.fr\/en\/produit\/rich-milky-cream-cleanser\/\",\"url\":\"https:\/\/www.lacurebeaute.fr\/en\/produit\/rich-milky-cream-cleanser\/\",\"name\":\"Rich Milky Cream Cleanser\",\"isPartOf\":{\"@id\":\"https:\/\/www.lacurebeaute.fr\/en\/#website\"},\"primaryImageOfPage\":{\"@id\":\"https:\/\/www.lacurebeaute.fr\/en\/produit\/rich-milky-cream-cleanser\/#primaryimage\"},\"image\":{\"@id\":\"https:\/\/www.lacurebeaute.fr\/en\/produit\/rich-milky-cream-cleanser\/#primaryimage\"},\"thumbnailUrl\":\"https:\/\/www.lacurebeaute.fr\/wp-content\/uploads\/2021\/03\/9000-scaled.jpg\",\"datePublished\":\"2025-01-09T16:08:02+00:00\",\"dateModified\":\"2025-04-07T14:49:00+00:00\",\"description\":\"Un lait fondant pour retirer le maquillage et les impuret\u00e9s accumul\u00e9s au long de la journ\u00e9e. La Cure Beaut\u00e9 vous propose Rich Milky Cream Cleanser.\",\"breadcrumb\":{\"@id\":\"https:\/\/www.lacurebeaute.fr\/en\/produit\/rich-milky-cream-cleanser\/#breadcrumb\"},\"inLanguage\":\"en-US\",\"potentialAction\":[{\"@type\":\"ReadAction\",\"target\":[\"https:\/\/www.lacurebeaute.fr\/en\/produit\/rich-milky-cream-cleanser\/\"]}]},{\"@type\":\"ImageObject\",\"inLanguage\":\"en-US\",\"@id\":\"https:\/\/www.lacurebeaute.fr\/en\/produit\/rich-milky-cream-cleanser\/#primaryimage\",\"url\":\"https:\/\/www.lacurebeaute.fr\/wp-content\/uploads\/2021\/03\/9000-scaled.jpg\",\"contentUrl\":\"https:\/\/www.lacurebeaute.fr\/wp-content\/uploads\/2021\/03\/9000-scaled.jpg\",\"width\":2428,\"height\":2560},{\"@type\":\"BreadcrumbList\",\"@id\":\"https:\/\/www.lacurebeaute.fr\/en\/produit\/rich-milky-cream-cleanser\/#breadcrumb\",\"itemListElement\":[{\"@type\":\"ListItem\",\"position\":1,\"name\":\"Accueil\",\"item\":\"https:\/\/www.lacurebeaute.fr\/en\/\"},{\"@type\":\"ListItem\",\"position\":2,\"name\":\"Shop\",\"item\":\"https:\/\/www.lacurebeaute.fr\/en\/shop\/\"},{\"@type\":\"ListItem\",\"position\":3,\"name\":\"Rich Milky Cream Cleanser\"}]},{\"@type\":\"WebSite\",\"@id\":\"https:\/\/www.lacurebeaute.fr\/en\/#website\",\"url\":\"https:\/\/www.lacurebeaute.fr\/en\/\",\"name\":\"La Cure Beaut\u00e9\",\"description\":\"La marque de soins entre copines, naturelle et efficace\",\"potentialAction\":[{\"@type\":\"SearchAction\",\"target\":{\"@type\":\"EntryPoint\",\"urlTemplate\":\"https:\/\/www.lacurebeaute.fr\/en\/?s={search_term_string}\"},\"query-input\":{\"@type\":\"PropertyValueSpecification\",\"valueRequired\":true,\"valueName\":\"search_term_string\"}}],\"inLanguage\":\"en-US\"}]}<\/script>\n<!-- \/ Yoast SEO plugin. -->","yoast_head_json":{"title":"Rich Milky Cream Cleanser","description":"Un lait fondant pour retirer le maquillage et les impuret\u00e9s accumul\u00e9s au long de la journ\u00e9e. La Cure Beaut\u00e9 vous propose Rich Milky Cream Cleanser.","robots":{"index":"index","follow":"follow","max-snippet":"max-snippet:-1","max-image-preview":"max-image-preview:large","max-video-preview":"max-video-preview:-1"},"canonical":"https:\/\/www.lacurebeaute.fr\/en\/produit\/rich-milky-cream-cleanser\/","og_locale":"en_US","og_type":"article","og_title":"Rich Milky Cream Cleanser","og_description":"Un lait fondant pour retirer le maquillage et les impuret\u00e9s accumul\u00e9s au long de la journ\u00e9e. La Cure Beaut\u00e9 vous propose Rich Milky Cream Cleanser.","og_url":"https:\/\/www.lacurebeaute.fr\/en\/produit\/rich-milky-cream-cleanser\/","og_site_name":"La Cure Beaut\u00e9","article_modified_time":"2025-04-07T14:49:00+00:00","og_image":[{"width":2428,"height":2560,"url":"https:\/\/www.lacurebeaute.fr\/wp-content\/uploads\/2021\/03\/9000-scaled.jpg","type":"image\/jpeg"}],"twitter_card":"summary_large_image","twitter_misc":{"Est. reading time":"3 minutes"},"schema":{"@context":"https:\/\/schema.org","@graph":[{"@type":"WebPage","@id":"https:\/\/www.lacurebeaute.fr\/en\/produit\/rich-milky-cream-cleanser\/","url":"https:\/\/www.lacurebeaute.fr\/en\/produit\/rich-milky-cream-cleanser\/","name":"Rich Milky Cream Cleanser","isPartOf":{"@id":"https:\/\/www.lacurebeaute.fr\/en\/#website"},"primaryImageOfPage":{"@id":"https:\/\/www.lacurebeaute.fr\/en\/produit\/rich-milky-cream-cleanser\/#primaryimage"},"image":{"@id":"https:\/\/www.lacurebeaute.fr\/en\/produit\/rich-milky-cream-cleanser\/#primaryimage"},"thumbnailUrl":"https:\/\/www.lacurebeaute.fr\/wp-content\/uploads\/2021\/03\/9000-scaled.jpg","datePublished":"2025-01-09T16:08:02+00:00","dateModified":"2025-04-07T14:49:00+00:00","description":"Un lait fondant pour retirer le maquillage et les impuret\u00e9s accumul\u00e9s au long de la journ\u00e9e. La Cure Beaut\u00e9 vous propose Rich Milky Cream Cleanser.","breadcrumb":{"@id":"https:\/\/www.lacurebeaute.fr\/en\/produit\/rich-milky-cream-cleanser\/#breadcrumb"},"inLanguage":"en-US","potentialAction":[{"@type":"ReadAction","target":["https:\/\/www.lacurebeaute.fr\/en\/produit\/rich-milky-cream-cleanser\/"]}]},{"@type":"ImageObject","inLanguage":"en-US","@id":"https:\/\/www.lacurebeaute.fr\/en\/produit\/rich-milky-cream-cleanser\/#primaryimage","url":"https:\/\/www.lacurebeaute.fr\/wp-content\/uploads\/2021\/03\/9000-scaled.jpg","contentUrl":"https:\/\/www.lacurebeaute.fr\/wp-content\/uploads\/2021\/03\/9000-scaled.jpg","width":2428,"height":2560},{"@type":"BreadcrumbList","@id":"https:\/\/www.lacurebeaute.fr\/en\/produit\/rich-milky-cream-cleanser\/#breadcrumb","itemListElement":[{"@type":"ListItem","position":1,"name":"Accueil","item":"https:\/\/www.lacurebeaute.fr\/en\/"},{"@type":"ListItem","position":2,"name":"Shop","item":"https:\/\/www.lacurebeaute.fr\/en\/shop\/"},{"@type":"ListItem","position":3,"name":"Rich Milky Cream Cleanser"}]},{"@type":"WebSite","@id":"https:\/\/www.lacurebeaute.fr\/en\/#website","url":"https:\/\/www.lacurebeaute.fr\/en\/","name":"La Cure Beaut\u00e9","description":"La marque de soins entre copines, naturelle et efficace","potentialAction":[{"@type":"SearchAction","target":{"@type":"EntryPoint","urlTemplate":"https:\/\/www.lacurebeaute.fr\/en\/?s={search_term_string}"},"query-input":{"@type":"PropertyValueSpecification","valueRequired":true,"valueName":"search_term_string"}}],"inLanguage":"en-US"}]}},"_links":{"self":[{"href":"https:\/\/www.lacurebeaute.fr\/en\/wp-json\/wp\/v2\/product\/28943"}],"collection":[{"href":"https:\/\/www.lacurebeaute.fr\/en\/wp-json\/wp\/v2\/product"}],"about":[{"href":"https:\/\/www.lacurebeaute.fr\/en\/wp-json\/wp\/v2\/types\/product"}],"replies":[{"embeddable":true,"href":"https:\/\/www.lacurebeaute.fr\/en\/wp-json\/wp\/v2\/comments?post=28943"}],"wp:featuredmedia":[{"embeddable":true,"href":"https:\/\/www.lacurebeaute.fr\/en\/wp-json\/wp\/v2\/media\/29604"}],"wp:attachment":[{"href":"https:\/\/www.lacurebeaute.fr\/en\/wp-json\/wp\/v2\/media?parent=28943"}],"wp:term":[{"taxonomy":"product_cat","embeddable":true,"href":"https:\/\/www.lacurebeaute.fr\/en\/wp-json\/wp\/v2\/product_cat?post=28943"},{"taxonomy":"product_tag","embeddable":true,"href":"https:\/\/www.lacurebeaute.fr\/en\/wp-json\/wp\/v2\/product_tag?post=28943"}],"curies":[{"name":"wp","href":"https:\/\/api.w.org\/{rel}","templated":true}]}}