{"id":18516,"date":"2021-09-27T15:11:36","date_gmt":"2021-09-27T13:11:36","guid":{"rendered":"https:\/\/www.lacurebeaute.fr\/envie-de-gagner-10e\/"},"modified":"2021-10-20T14:35:28","modified_gmt":"2021-10-20T12:35:28","slug":"quieres-ganar-10e","status":"publish","type":"page","link":"https:\/\/www.lacurebeaute.fr\/es\/quieres-ganar-10e\/","title":{"rendered":"\u00bfQuieres ganar 10\u20ac?"},"content":{"rendered":"[vc_row et_full_width=&#8221;true&#8221; et_column_align=&#8221;align-center&#8221; content_placement=&#8221;middle&#8221; css=&#8221;.vc_custom_1628079998499{background-color: #d5c4ff !important;background-position: center !important;background-repeat: no-repeat !important;background-size: cover !important;}&#8221;][vc_column offset=&#8221;vc_hidden-sm vc_hidden-xs&#8221;][vc_empty_space height=&#8221;100px&#8221;][vc_custom_heading text=&#8221;\u00bfQuieres ganar 10\u20ac?&#8221; font_container=&#8221;tag:p|font_size:80|text_align:left|color:%23ffffff&#8221; google_fonts=&#8221;font_family:Playfair%20Display%3Aregular%2Citalic%2C700%2C700italic%2C900%2C900italic|font_style:400%20regular%3A400%3Anormal&#8221; css=&#8221;.vc_custom_1632748457238{padding-bottom: 0px !important;padding-left: 10% !important;}&#8221;][vc_custom_heading text=&#8221;\u00bfEst\u00e1s contenta con nuestros productos?<br \/>\nD\u00edselo a tu alrededor y comparte tu enlace de recomendaci\u00f3n. \u00a1Win-Win garantizado!&#8221; font_container=&#8221;tag:p|font_size:19|text_align:left|color:%23ffffff&#8221; google_fonts=&#8221;font_family:Montserrat%3Aregular%2C700|font_style:400%20regular%3A400%3Anormal&#8221; css=&#8221;.vc_custom_1632748536185{padding-left: 10% !important;}&#8221;][vc_empty_space height=&#8221;100px&#8221;][\/vc_column][\/vc_row][vc_row et_full_width=&#8221;true&#8221; et_column_align=&#8221;align-center&#8221; content_placement=&#8221;middle&#8221; css=&#8221;.vc_custom_1628080008998{background-color: #d5c4ff !important;background-position: 0 0 !important;background-repeat: no-repeat !important;}&#8221;][vc_column offset=&#8221;vc_hidden-lg vc_hidden-md&#8221;][vc_empty_space height=&#8221;50px&#8221;][vc_custom_heading text=&#8221;\u00bfQuieres ganar 10\u20ac?&#8221; font_container=&#8221;tag:p|font_size:45|text_align:left|color:%23ffffff&#8221; google_fonts=&#8221;font_family:Playfair%20Display%3Aregular%2Citalic%2C700%2C700italic%2C900%2C900italic|font_style:400%20regular%3A400%3Anormal&#8221; css=&#8221;.vc_custom_1632748465366{padding-bottom: 0px !important;padding-left: 10% !important;}&#8221;][vc_custom_heading text=&#8221;\u00bfEst\u00e1s contenta con nuestros productos?<br \/>\nD\u00edselo a tu alrededor y comparte tu enlace de recomendaci\u00f3n. \u00a1Win-Win garantizado!&#8221; font_container=&#8221;tag:p|font_size:15|text_align:left|color:%23ffffff&#8221; google_fonts=&#8221;font_family:Montserrat%3Aregular%2C700|font_style:400%20regular%3A400%3Anormal&#8221; css=&#8221;.vc_custom_1632748542737{padding-left: 10% !important;}&#8221;][vc_empty_space height=&#8221;50px&#8221;][\/vc_column][\/vc_row][vc_row et_full_width=&#8221;true&#8221;][vc_column][vc_empty_space height=&#8221;70px&#8221;][\/vc_column][\/vc_row][vc_row][vc_column][vc_custom_heading text=&#8221;\u00bfC\u00f3mo funciona?&#8221; font_container=&#8221;tag:h2|text_align:center&#8221; google_fonts=&#8221;font_family:Playfair%20Display%3Aregular%2Citalic%2C700%2C700italic%2C900%2C900italic|font_style:400%20regular%3A400%3Anormal&#8221;][vc_column_text]\n<p style=\"text-align: center;\">Comparte tu c\u00f3digo de referencia con tu madre, tu BFF o tus amigas y <strong>gana 10\u20ac<\/strong> en cup\u00f3n.<br \/>\nY no s\u00f3lo eso, <strong>ofrecemos un 20%<\/strong> a tu amiga apadrinada para su primer pedido (a partir de 39\u20ac de compra),<br \/>\n\u00a1as\u00ed podr\u00e1s hacerte un regalo mientras ahorras dinero!<\/p>\n[\/vc_column_text][\/vc_column][\/vc_row][vc_row et_full_width=&#8221;true&#8221;][vc_column offset=&#8221;vc_hidden-sm vc_hidden-xs&#8221;][vc_empty_space height=&#8221;70px&#8221;][vc_custom_heading text=&#8221;\u00bfC\u00f3mo puedes aprovecharlo?&#8221; font_container=&#8221;tag:h2|text_align:center&#8221; google_fonts=&#8221;font_family:Playfair%20Display%3Aregular%2Citalic%2C700%2C700italic%2C900%2C900italic|font_style:400%20regular%3A400%3Anormal&#8221;][vc_empty_space height=&#8221;70px&#8221;][\/vc_column][\/vc_row][vc_row et_full_width=&#8221;true&#8221;][vc_column offset=&#8221;vc_hidden-lg vc_hidden-md&#8221;][vc_empty_space height=&#8221;70px&#8221;][vc_custom_heading text=&#8221;\u00bfC\u00f3mo puedes aprovecharlo?&#8221; font_container=&#8221;tag:h2|text_align:center&#8221; google_fonts=&#8221;font_family:Playfair%20Display%3Aregular%2Citalic%2C700%2C700italic%2C900%2C900italic|font_style:400%20regular%3A400%3Anormal&#8221;][vc_empty_space height=&#8221;2px&#8221;][\/vc_column][\/vc_row][vc_row et_column_align=&#8221;align-center&#8221; css=&#8221;.vc_custom_1627377760991{border-radius: 1px !important;}&#8221;][vc_column width=&#8221;1\/4&#8243; offset=&#8221;vc_hidden-sm vc_hidden-xs&#8221;]\t<div id=\"et-image-751\" class=\"et-image alignright    et_image_link\">\n\t\t<div class=\"et-image-inner \">\n\t\t\t\t\t\t\t<div class=\"et-image-thumb \">\n\t\t\t\t\t<img decoding=\"async\" width=\"150\" height=\"150\" src=\"https:\/\/www.lacurebeaute.fr\/wp-content\/uploads\/2021\/07\/Plan-de-travail-1-150x150.png\" class=\"attachment-thumbnail size-thumbnail\" alt=\"\" srcset=\"https:\/\/www.lacurebeaute.fr\/wp-content\/uploads\/2021\/07\/Plan-de-travail-1-150x150.png 150w, https:\/\/www.lacurebeaute.fr\/wp-content\/uploads\/2021\/07\/Plan-de-travail-1-300x300.png 300w, https:\/\/www.lacurebeaute.fr\/wp-content\/uploads\/2021\/07\/Plan-de-travail-1-768x768.png 768w, https:\/\/www.lacurebeaute.fr\/wp-content\/uploads\/2021\/07\/Plan-de-travail-1-96x96.png 96w, https:\/\/www.lacurebeaute.fr\/wp-content\/uploads\/2021\/07\/Plan-de-travail-1-42x42.png 42w, https:\/\/www.lacurebeaute.fr\/wp-content\/uploads\/2021\/07\/Plan-de-travail-1-600x600.png 600w, https:\/\/www.lacurebeaute.fr\/wp-content\/uploads\/2021\/07\/Plan-de-travail-1-100x100.png 100w, https:\/\/www.lacurebeaute.fr\/wp-content\/uploads\/2021\/07\/Plan-de-travail-1.png 800w\" sizes=\"(max-width: 150px) 100vw, 150px\" \/>\t\t\t\t<\/div>\n\t\t\t\t\t\t\t\t\t\t\t<\/div>\n\t<\/div>\n  [\/vc_column][vc_column width=&#8221;1\/2&#8243; el_class=&#8221;border&#8221; offset=&#8221;vc_hidden-sm vc_hidden-xs&#8221;][vc_custom_heading text=&#8221;Comparto mi enlace de referencia por correo electr\u00f3nico&#8221; font_container=&#8221;tag:h3|text_align:center|color:%238f49ff&#8221; google_fonts=&#8221;font_family:Montserrat%3Aregular%2C700|font_style:400%20regular%3A400%3Anormal&#8221;][vc_column_text css=&#8221;.vc_custom_1632748698950{border-radius: 3px !important;}&#8221;]\n<p style=\"text-align: center;\">Con\u00e9ctate o crea una cuenta\u00a0y el enlace est\u00e1 en el espacio: mi cuenta<\/p>\n[\/vc_column_text][\/vc_column][vc_column width=&#8221;1\/4&#8243; offset=&#8221;vc_hidden-sm vc_hidden-xs&#8221;][\/vc_column][\/vc_row][vc_row et_column_align=&#8221;align-center&#8221; css=&#8221;.vc_custom_1627477807147{background-position: center !important;background-repeat: no-repeat !important;background-size: contain !important;}&#8221;][vc_column width=&#8221;1\/6&#8243; animation=&#8221;animation right-to-left&#8221; offset=&#8221;vc_hidden-lg vc_hidden-md&#8221;][\/vc_column][vc_column width=&#8221;2\/3&#8243; offset=&#8221;vc_hidden-lg vc_hidden-md&#8221; el_class=&#8221;border-phone&#8221;][vc_custom_heading text=&#8221;Comparto mi enlace de referencia por correo electr\u00f3nico&#8221; font_container=&#8221;tag:h3|font_size:25|text_align:center|color:%238f49ff&#8221; google_fonts=&#8221;font_family:Montserrat%3Aregular%2C700|font_style:400%20regular%3A400%3Anormal&#8221;][vc_column_text css=&#8221;.vc_custom_1632748791777{border-radius: 3px !important;}&#8221;]\n<p style=\"text-align: center;\">Con\u00e9ctate o crea una cuenta\u00a0y el enlace est\u00e1 en el espacio: mi cuenta<\/p>\n[\/vc_column_text][\/vc_column][vc_column width=&#8221;1\/6&#8243; offset=&#8221;vc_hidden-lg vc_hidden-md&#8221;][\/vc_column][\/vc_row][vc_row et_full_width=&#8221;true&#8221;][vc_column offset=&#8221;vc_hidden-sm vc_hidden-xs&#8221;][vc_empty_space height=&#8221;35px&#8221;][\/vc_column][\/vc_row][vc_row et_full_width=&#8221;true&#8221;][vc_column offset=&#8221;vc_hidden-lg vc_hidden-md&#8221;][vc_empty_space height=&#8221;2px&#8221;][\/vc_column][\/vc_row][vc_row et_column_align=&#8221;align-center&#8221; css=&#8221;.vc_custom_1627377760991{border-radius: 1px !important;}&#8221;][vc_column width=&#8221;1\/4&#8243; offset=&#8221;vc_hidden-sm vc_hidden-xs&#8221;]\t<div id=\"et-image-814\" class=\"et-image alignright    et_image_link\">\n\t\t<div class=\"et-image-inner \">\n\t\t\t\t\t\t\t<div class=\"et-image-thumb \">\n\t\t\t\t\t<img decoding=\"async\" width=\"150\" height=\"150\" src=\"https:\/\/www.lacurebeaute.fr\/wp-content\/uploads\/2021\/07\/ETOILE-2.gif\" class=\"attachment-thumbnail size-thumbnail\" alt=\"\" \/>\t\t\t\t<\/div>\n\t\t\t\t\t\t\t\t\t\t\t<\/div>\n\t<\/div>\n  [\/vc_column][vc_column width=&#8221;1\/2&#8243; el_class=&#8221;bordersize&#8221; offset=&#8221;vc_hidden-sm vc_hidden-xs&#8221;][vc_custom_heading text=&#8221;Mi amigo recibe el enlace y lo utiliza&#8221; font_container=&#8221;tag:h3|text_align:center|color:%238f49ff&#8221; google_fonts=&#8221;font_family:Montserrat%3Aregular%2C700|font_style:400%20regular%3A400%3Anormal&#8221;][vc_column_text css=&#8221;.vc_custom_1633688374701{border-radius: 3px !important;}&#8221;]\n<p style=\"text-align: center;\"><strong>Ofrecemos un 20%<\/strong> a tu amiga apadrinada para su primer pedido a partir de 39\u20ac de compra.<\/p>\n[\/vc_column_text][\/vc_column][vc_column width=&#8221;1\/4&#8243; offset=&#8221;vc_hidden-sm vc_hidden-xs&#8221;][\/vc_column][\/vc_row][vc_row et_column_align=&#8221;align-center&#8221; css=&#8221;.vc_custom_1627478432079{background-position: center !important;background-repeat: no-repeat !important;background-size: contain !important;}&#8221;][vc_column animation=&#8221;animation right-to-left&#8221; offset=&#8221;vc_hidden-lg vc_hidden-md&#8221; el_class=&#8221;border-phone&#8221;][vc_custom_heading text=&#8221;Mi amigo recibe el enlace y lo utiliza&#8221; font_container=&#8221;tag:h3|font_size:25|text_align:center|color:%238f49ff&#8221; google_fonts=&#8221;font_family:Montserrat%3Aregular%2C700|font_style:400%20regular%3A400%3Anormal&#8221;][vc_column_text css=&#8221;.vc_custom_1632748905303{border-radius: 3px !important;}&#8221;]\n<p style=\"text-align: center;\"><strong>Ofrecemos un 20%<\/strong> a tu amiga apadrinada para su primer pedido a partir de 39\u20ac de compra.<\/p>\n[\/vc_column_text][\/vc_column][\/vc_row][vc_row et_full_width=&#8221;true&#8221;][vc_column offset=&#8221;vc_hidden-sm vc_hidden-xs&#8221;][vc_empty_space height=&#8221;35px&#8221;][\/vc_column][\/vc_row][vc_row et_full_width=&#8221;true&#8221;][vc_column offset=&#8221;vc_hidden-lg vc_hidden-md&#8221;][vc_empty_space height=&#8221;2px&#8221;][\/vc_column][\/vc_row][vc_row et_column_align=&#8221;align-center&#8221; css=&#8221;.vc_custom_1627377760991{border-radius: 1px !important;}&#8221;][vc_column width=&#8221;1\/4&#8243; offset=&#8221;vc_hidden-sm vc_hidden-xs&#8221;]\t<div id=\"et-image-342\" class=\"et-image alignright    et_image_link\">\n\t\t<div class=\"et-image-inner \">\n\t\t\t\t\t\t\t<div class=\"et-image-thumb \">\n\t\t\t\t\t<img decoding=\"async\" width=\"150\" height=\"150\" src=\"https:\/\/www.lacurebeaute.fr\/wp-content\/uploads\/2021\/07\/ETOILE-3.gif\" class=\"attachment-thumbnail size-thumbnail\" alt=\"\" \/>\t\t\t\t<\/div>\n\t\t\t\t\t\t\t\t\t\t\t<\/div>\n\t<\/div>\n  [\/vc_column][vc_column width=&#8221;1\/2&#8243; el_class=&#8221;border&#8221; offset=&#8221;vc_hidden-sm vc_hidden-xs&#8221;][vc_custom_heading text=&#8221;Soy recompensada&#8221; font_container=&#8221;tag:h3|text_align:center|color:%238f49ff&#8221; google_fonts=&#8221;font_family:Montserrat%3Aregular%2C700|font_style:400%20regular%3A400%3Anormal&#8221;][vc_column_text css=&#8221;.vc_custom_1632749433144{border-radius: 3px !important;}&#8221;]\n<p style=\"text-align: center;\">y recibe por correo electr\u00f3nico tu c\u00f3digo promocional de 10\u20ac.<br \/>\n\u00a1Para ellos el ahorro y para ti los regalos!<\/p>\n[\/vc_column_text][\/vc_column][vc_column width=&#8221;1\/4&#8243; offset=&#8221;vc_hidden-sm vc_hidden-xs&#8221;][\/vc_column][\/vc_row][vc_row et_column_align=&#8221;align-center&#8221; css=&#8221;.vc_custom_1627478440585{background-position: center !important;background-repeat: no-repeat !important;background-size: contain !important;}&#8221;][vc_column animation=&#8221;animation right-to-left&#8221; offset=&#8221;vc_hidden-lg vc_hidden-md&#8221; el_class=&#8221;border-phone&#8221;][vc_custom_heading text=&#8221;Soy recompensada&#8221; font_container=&#8221;tag:h3|font_size:25|text_align:center|color:%238f49ff&#8221; google_fonts=&#8221;font_family:Montserrat%3Aregular%2C700|font_style:400%20regular%3A400%3Anormal&#8221;][vc_column_text css=&#8221;.vc_custom_1632749385139{border-radius: 3px !important;}&#8221;]\n<p style=\"text-align: center;\">y reciba su c\u00f3digo promocional de 10 euros por correo electr\u00f3nico.<br \/>\n\u00a1Para ellos el ahorro y para ti los regalos!<\/p>\n[\/vc_column_text][\/vc_column][\/vc_row][vc_row et_full_width=&#8221;true&#8221;][vc_column offset=&#8221;vc_hidden-sm vc_hidden-xs&#8221;][vc_empty_space height=&#8221;35px&#8221;][\/vc_column][\/vc_row][vc_row et_full_width=&#8221;true&#8221;][vc_column offset=&#8221;vc_hidden-lg vc_hidden-md&#8221;][vc_empty_space height=&#8221;2px&#8221;][\/vc_column][\/vc_row][vc_row et_full_width=&#8221;true&#8221;][vc_column offset=&#8221;vc_hidden-lg vc_hidden-md&#8221;]\t<div id=\"et-image-464\" class=\"et-image aligncenter full sizeimg  et_image_link\">\n\t\t<div class=\"et-image-inner \">\n\t\t\t\t\t\t\t<div class=\"et-image-thumb \">\n\t\t\t\t\t<img decoding=\"async\" width=\"800\" height=\"800\" src=\"https:\/\/www.lacurebeaute.fr\/wp-content\/uploads\/2021\/07\/ETOILE-3.gif\" class=\"attachment-75x75 size-75x75\" alt=\"\" \/>\t\t\t\t<\/div>\n\t\t\t\t\t\t\t\t\t\t\t<\/div>\n\t<\/div>\n  [\/vc_column][\/vc_row]\n","protected":false},"excerpt":{"rendered":"<p>[vc_row et_full_width=&#8221;true&#8221; et_column_align=&#8221;align-center&#8221; content_placement=&#8221;middle&#8221; css=&#8221;.vc_custom_1628079998499{background-color: #d5c4ff !important;background-position: center !important;background-repeat: no-repeat !important;background-size: cover !important;}&#8221;][vc_column offset=&#8221;vc_hidden-sm vc_hidden-xs&#8221;][vc_empty_space height=&#8221;100px&#8221;][vc_custom_heading text=&#8221;\u00bfQuieres ganar 10\u20ac?&#8221; font_container=&#8221;tag:p|font_size:80|text_align:left|color:%23ffffff&#8221; google_fonts=&#8221;font_family:Playfair%20Display%3Aregular%2Citalic%2C700%2C700italic%2C900%2C900italic|font_style:400%20regular%3A400%3Anormal&#8221; css=&#8221;.vc_custom_1632748457238{padding-bottom: 0px !important;padding-left: 10% !important;}&#8221;][vc_custom_heading text=&#8221;\u00bfEst\u00e1s contenta con nuestros productos? D\u00edselo a tu alrededor y comparte tu enlace de recomendaci\u00f3n. \u00a1Win-Win garantizado!&#8221; font_container=&#8221;tag:p|font_size:19|text_align:left|color:%23ffffff&#8221; google_fonts=&#8221;font_family:Montserrat%3Aregular%2C700|font_style:400%20regular%3A400%3Anormal&#8221; css=&#8221;.vc_custom_1632748536185{padding-left: 10% !important;}&#8221;][vc_empty_space height=&#8221;100px&#8221;][\/vc_column][\/vc_row][vc_row et_full_width=&#8221;true&#8221;&hellip;<\/p>\n","protected":false},"author":35,"featured_media":0,"parent":0,"menu_order":0,"comment_status":"closed","ping_status":"closed","template":"","meta":{"footnotes":""},"yoast_head":"<!-- This site is optimized with the Yoast SEO plugin v23.5 - https:\/\/yoast.com\/wordpress\/plugins\/seo\/ -->\n<title>Programme de Parrainage | Gagne 10\u20ac | La Cure Beaut\u00e9<\/title>\n<meta name=\"description\" content=\"Partage ton code de parrainage et gagne\u00a010\u20ac en bon d\u2019achat. Et on offre\u00a020% \u00e0 ton\/ta filleul(le)\u00a0pour sa premi\u00e8re commande.\" \/>\n<meta name=\"robots\" content=\"noindex, nofollow\" \/>\n<meta property=\"og:locale\" content=\"es_ES\" \/>\n<meta property=\"og:type\" content=\"article\" \/>\n<meta property=\"og:title\" content=\"Programme de Parrainage | Gagne 10\u20ac | La Cure Beaut\u00e9\" \/>\n<meta property=\"og:description\" content=\"Partage ton code de parrainage et gagne\u00a010\u20ac en bon d\u2019achat. Et on offre\u00a020% \u00e0 ton\/ta filleul(le)\u00a0pour sa premi\u00e8re commande.\" \/>\n<meta property=\"og:url\" content=\"https:\/\/www.lacurebeaute.fr\/es\/quieres-ganar-10e\/\" \/>\n<meta property=\"og:site_name\" content=\"La Cure Beaut\u00e9\" \/>\n<meta property=\"article:modified_time\" content=\"2021-10-20T12:35:28+00:00\" \/>\n<meta name=\"twitter:card\" content=\"summary_large_image\" \/>\n<meta name=\"twitter:label1\" content=\"Tiempo de lectura\" \/>\n\t<meta name=\"twitter:data1\" content=\"3 minutos\" \/>\n<script type=\"application\/ld+json\" class=\"yoast-schema-graph\">{\"@context\":\"https:\/\/schema.org\",\"@graph\":[{\"@type\":\"WebPage\",\"@id\":\"https:\/\/www.lacurebeaute.fr\/es\/quieres-ganar-10e\/\",\"url\":\"https:\/\/www.lacurebeaute.fr\/es\/quieres-ganar-10e\/\",\"name\":\"Programme de Parrainage | Gagne 10\u20ac | La Cure Beaut\u00e9\",\"isPartOf\":{\"@id\":\"https:\/\/www.lacurebeaute.fr\/es\/#website\"},\"datePublished\":\"2021-09-27T13:11:36+00:00\",\"dateModified\":\"2021-10-20T12:35:28+00:00\",\"description\":\"Partage ton code de parrainage et gagne\u00a010\u20ac en bon d\u2019achat. Et on offre\u00a020% \u00e0 ton\/ta filleul(le)\u00a0pour sa premi\u00e8re commande.\",\"breadcrumb\":{\"@id\":\"https:\/\/www.lacurebeaute.fr\/es\/quieres-ganar-10e\/#breadcrumb\"},\"inLanguage\":\"es\",\"potentialAction\":[{\"@type\":\"ReadAction\",\"target\":[\"https:\/\/www.lacurebeaute.fr\/es\/quieres-ganar-10e\/\"]}]},{\"@type\":\"BreadcrumbList\",\"@id\":\"https:\/\/www.lacurebeaute.fr\/es\/quieres-ganar-10e\/#breadcrumb\",\"itemListElement\":[{\"@type\":\"ListItem\",\"position\":1,\"name\":\"Accueil\",\"item\":\"https:\/\/www.lacurebeaute.fr\/es\/\"},{\"@type\":\"ListItem\",\"position\":2,\"name\":\"\u00bfQuieres ganar 10\u20ac?\"}]},{\"@type\":\"WebSite\",\"@id\":\"https:\/\/www.lacurebeaute.fr\/es\/#website\",\"url\":\"https:\/\/www.lacurebeaute.fr\/es\/\",\"name\":\"La Cure Beaut\u00e9\",\"description\":\"La marque de soins entre copines, naturelle et efficace\",\"potentialAction\":[{\"@type\":\"SearchAction\",\"target\":{\"@type\":\"EntryPoint\",\"urlTemplate\":\"https:\/\/www.lacurebeaute.fr\/es\/?s={search_term_string}\"},\"query-input\":{\"@type\":\"PropertyValueSpecification\",\"valueRequired\":true,\"valueName\":\"search_term_string\"}}],\"inLanguage\":\"es\"}]}<\/script>\n<!-- \/ Yoast SEO plugin. -->","yoast_head_json":{"title":"Programme de Parrainage | Gagne 10\u20ac | La Cure Beaut\u00e9","description":"Partage ton code de parrainage et gagne\u00a010\u20ac en bon d\u2019achat. Et on offre\u00a020% \u00e0 ton\/ta filleul(le)\u00a0pour sa premi\u00e8re commande.","robots":{"index":"noindex","follow":"nofollow"},"og_locale":"es_ES","og_type":"article","og_title":"Programme de Parrainage | Gagne 10\u20ac | La Cure Beaut\u00e9","og_description":"Partage ton code de parrainage et gagne\u00a010\u20ac en bon d\u2019achat. Et on offre\u00a020% \u00e0 ton\/ta filleul(le)\u00a0pour sa premi\u00e8re commande.","og_url":"https:\/\/www.lacurebeaute.fr\/es\/quieres-ganar-10e\/","og_site_name":"La Cure Beaut\u00e9","article_modified_time":"2021-10-20T12:35:28+00:00","twitter_card":"summary_large_image","twitter_misc":{"Tiempo de lectura":"3 minutos"},"schema":{"@context":"https:\/\/schema.org","@graph":[{"@type":"WebPage","@id":"https:\/\/www.lacurebeaute.fr\/es\/quieres-ganar-10e\/","url":"https:\/\/www.lacurebeaute.fr\/es\/quieres-ganar-10e\/","name":"Programme de Parrainage | Gagne 10\u20ac | La Cure Beaut\u00e9","isPartOf":{"@id":"https:\/\/www.lacurebeaute.fr\/es\/#website"},"datePublished":"2021-09-27T13:11:36+00:00","dateModified":"2021-10-20T12:35:28+00:00","description":"Partage ton code de parrainage et gagne\u00a010\u20ac en bon d\u2019achat. Et on offre\u00a020% \u00e0 ton\/ta filleul(le)\u00a0pour sa premi\u00e8re commande.","breadcrumb":{"@id":"https:\/\/www.lacurebeaute.fr\/es\/quieres-ganar-10e\/#breadcrumb"},"inLanguage":"es","potentialAction":[{"@type":"ReadAction","target":["https:\/\/www.lacurebeaute.fr\/es\/quieres-ganar-10e\/"]}]},{"@type":"BreadcrumbList","@id":"https:\/\/www.lacurebeaute.fr\/es\/quieres-ganar-10e\/#breadcrumb","itemListElement":[{"@type":"ListItem","position":1,"name":"Accueil","item":"https:\/\/www.lacurebeaute.fr\/es\/"},{"@type":"ListItem","position":2,"name":"\u00bfQuieres ganar 10\u20ac?"}]},{"@type":"WebSite","@id":"https:\/\/www.lacurebeaute.fr\/es\/#website","url":"https:\/\/www.lacurebeaute.fr\/es\/","name":"La Cure Beaut\u00e9","description":"La marque de soins entre copines, naturelle et efficace","potentialAction":[{"@type":"SearchAction","target":{"@type":"EntryPoint","urlTemplate":"https:\/\/www.lacurebeaute.fr\/es\/?s={search_term_string}"},"query-input":{"@type":"PropertyValueSpecification","valueRequired":true,"valueName":"search_term_string"}}],"inLanguage":"es"}]}},"_links":{"self":[{"href":"https:\/\/www.lacurebeaute.fr\/es\/wp-json\/wp\/v2\/pages\/18516"}],"collection":[{"href":"https:\/\/www.lacurebeaute.fr\/es\/wp-json\/wp\/v2\/pages"}],"about":[{"href":"https:\/\/www.lacurebeaute.fr\/es\/wp-json\/wp\/v2\/types\/page"}],"author":[{"embeddable":true,"href":"https:\/\/www.lacurebeaute.fr\/es\/wp-json\/wp\/v2\/users\/35"}],"replies":[{"embeddable":true,"href":"https:\/\/www.lacurebeaute.fr\/es\/wp-json\/wp\/v2\/comments?post=18516"}],"version-history":[{"count":7,"href":"https:\/\/www.lacurebeaute.fr\/es\/wp-json\/wp\/v2\/pages\/18516\/revisions"}],"predecessor-version":[{"id":21000,"href":"https:\/\/www.lacurebeaute.fr\/es\/wp-json\/wp\/v2\/pages\/18516\/revisions\/21000"}],"wp:attachment":[{"href":"https:\/\/www.lacurebeaute.fr\/es\/wp-json\/wp\/v2\/media?parent=18516"}],"curies":[{"name":"wp","href":"https:\/\/api.w.org\/{rel}","templated":true}]}}