{"id":20161,"date":"2019-03-17T15:40:42","date_gmt":"2019-03-17T15:40:42","guid":{"rendered":"https:\/\/www.lacurebeaute.fr\/faq\/"},"modified":"2021-10-11T13:50:14","modified_gmt":"2021-10-11T11:50:14","slug":"faq","status":"publish","type":"page","link":"https:\/\/www.lacurebeaute.fr\/es\/faq\/","title":{"rendered":"FAQ"},"content":{"rendered":"[vc_row][vc_column][vc_empty_space][vc_separator][\/vc_column][\/vc_row][vc_row et_full_width=&#8221;true&#8221; et_row_padding=&#8221;true&#8221; full_height=&#8221;yes&#8221; columns_placement=&#8221;stretch&#8221; equal_height=&#8221;yes&#8221; content_placement=&#8221;middle&#8221; disable_element=&#8221;yes&#8221; css=&#8221;.vc_custom_1620047115775{padding-top: 80px !important;padding-bottom: 80px !important;background-image: url(https:\/\/www.lacurebeaute.fr\/wp-content\/uploads\/2021\/04\/banniere-la-marque.jpg?id=6832) !important;background-position: center !important;background-repeat: no-repeat !important;background-size: cover !important;}&#8221; el_class=&#8221;video-bg-row&#8221;][vc_column][vc_row_inner et_max_width=&#8221;&#8221; equal_height=&#8221;yes&#8221; content_placement=&#8221;middle&#8221; css=&#8221;.vc_custom_1562734895463{background-position: center !important;background-repeat: no-repeat !important;background-size: cover !important;}&#8221;][vc_column_inner width=&#8221;1\/2&#8243; css=&#8221;.vc_custom_1562725835995{padding-top: 20% !important;padding-right: 20% !important;padding-bottom: 20% !important;padding-left: 20% !important;}&#8221;][vc_column_text animation=&#8221;animation bottom-to-top&#8221; css=&#8221;.vc_custom_1620047123378{margin-top: 30px !important;}&#8221;]\n<h1 style=\"text-align: center;\">FAQ<\/h1>\n<p style=\"text-align: center;\">Lorem ipsum dolor sit amet, consectetur adipiscing elit. Sed viverra, est nec condimentum tempus, mauris augue dignissim turpis, et feugiat lacus orci quis ligula. Integer metus leo, iaculis at venenatis vel, pretium id dolor.<\/p>\n[\/vc_column_text][\/vc_column_inner][\/vc_row_inner][\/vc_column][\/vc_row][vc_row et_full_width=&#8221;true&#8221; et_row_padding=&#8221;true&#8221; disable_element=&#8221;yes&#8221; css=&#8221;.vc_custom_1619080772327{margin-bottom: 100px !important;padding-top: 100px !important;padding-bottom: 100px !important;background: #e6dffb url(https:\/\/www.lacurebeaute.fr\/wp-content\/uploads\/2021\/03\/aloe-vera-2-scaled.jpg?id=5861) !important;background-position: center !important;background-repeat: no-repeat !important;background-size: cover !important;}&#8221;][vc_column et_column_color=&#8221;et-light-column&#8221;][vc_row_inner][vc_column_inner offset=&#8221;vc_col-lg-4 vc_col-md-6&#8243;][vc_column_text css=&#8221;.vc_custom_1633947367604{margin-top: 20px !important;}&#8221;]\n<h1><span style=\"color: #0a0a0a;\">FAQ<\/span><\/h1>\n<h4>Preguntas m\u00e1s frecuentes<\/h4>\n[\/vc_column_text][\/vc_column_inner][\/vc_row_inner][\/vc_column][\/vc_row][vc_row css=&#8221;.vc_custom_1621522369987{padding-bottom: 80px !important;}&#8221; el_class=&#8221;spacing-lg top-space&#8221;][vc_column offset=&#8221;vc_col-lg-offset-1 vc_col-lg-3&#8243;][vc_custom_heading text=&#8221;Nuestros productos&#8221; font_container=&#8221;tag:h2|text_align:left|color:%23f5cec7&#8243;][vc_empty_space][\/vc_column][vc_column offset=&#8221;vc_col-lg-6&#8243;][vc_tta_accordion active_section=&#8221;1&#8243; style=&#8221;style2&#8243;][vc_tta_section title=&#8221;\u00bfLa gama La Cure Beaut\u00e9 se fabrica en Francia?&#8221; tab_id=&#8221;1-1&#8243;][vc_column_text]Todos nuestros productos se fabrican en Francia, excepto los parches y las mascarillas, que se fabrican en Corea.[\/vc_column_text][\/vc_tta_section][vc_tta_section title=&#8221;\u00bfLas cajas y botellas de La Cure Beaut\u00e9 son reciclables?&#8221; tab_id=&#8221;1-2&#8243;][vc_column_text]Todas nuestras cajas son de cart\u00f3n reciclable.<br \/>\nTambi\u00e9n privilegiamos las botellas de vidrio, que son reciclables para siempre. Nuestros tubos de pl\u00e1stico tambi\u00e9n son reciclables.[\/vc_column_text][\/vc_tta_section][vc_tta_section title=&#8221;\u00bfCu\u00e1nto tiempo puedo conservar mis productos La Cure beaut\u00e9 despu\u00e9s de abrirlos?&#8221; tab_id=&#8221;1-3&#8243;][vc_column_text]El periodo tras la apertura var\u00eda seg\u00fan los productos entre 6 y 12 meses.<br \/>\nEst\u00e1 indicado en cada botella y caja de vuestros productos.[\/vc_column_text][\/vc_tta_section][vc_tta_section title=&#8221;\u00bfPuedo probar vuestros productos?&#8221; tab_id=&#8221;1-4&#8243;][vc_column_text]S\u00ed, siempre que est\u00e9n sujetas a disponibilidad, adjuntamos muestras con cada pedido, para que puedas probar nuestra gama.[\/vc_column_text][\/vc_tta_section][vc_tta_section title=&#8221;\u00bfC\u00f3mo puedo saber cu\u00e1les son los mejores productos para mi piel?&#8221; tab_id=&#8221;1-5&#8243;][vc_column_text]Para aconsejarte lo mejor posible y ofrecerte una rutina personalizada, te invitamos a realizar nuestro <a href=\"https:\/\/www.lacurebeaute.fr\/es\/resultado-del-diagnostico-de-la-piel\/\">diagn\u00f3stico<\/a>[\/vc_column_text][\/vc_tta_section][vc_tta_section title=&#8221;\u00bfCu\u00e1les son los ingredientes naturales de los productos?&#8221; tab_id=&#8221;1-6&#8243;][vc_column_text]En total, en nuestra gama, hemos utilizado m\u00e1s de 65 ingredientes de origen natural. Para mayor transparencia, hemos creado un <a href=\"https:\/\/www.lacurebeaute.fr\/es\/ingredientes\/\">glosario<\/a>[\/vc_column_text][\/vc_tta_section][vc_tta_section title=&#8221;Tengo la piel sensible, \u00bfpuedo utilizar los productos de La Cure Beaut\u00e9?&#8221; tab_id=&#8221;1-7&#8243;][vc_column_text]Todos nuestros productos contienen agua termal de Salies de B\u00e9arn, conocida por sus propiedades calmantes e hidratantes. Por eso, nuestra gama est\u00e1 recomendada para pieles sensibles.[\/vc_column_text][\/vc_tta_section][\/vc_tta_accordion][\/vc_column][\/vc_row][vc_row][vc_column][vc_separator][vc_empty_space height=&#8221;50px&#8221;][\/vc_column][\/vc_row][vc_row css=&#8221;.vc_custom_1621522472833{padding-bottom: 80px !important;}&#8221;][vc_column offset=&#8221;vc_col-lg-offset-1 vc_col-lg-3&#8243;][vc_custom_heading text=&#8221;Fidelizaci\u00f3n y patrocinio&#8221; font_container=&#8221;tag:h2|text_align:left|color:%23ffc988&#8243;][vc_empty_space][\/vc_column][vc_column offset=&#8221;vc_col-lg-6&#8243;][vc_tta_accordion active_section=&#8221;1&#8243; style=&#8221;style2&#8243;][vc_tta_section title=&#8221;\u00bfC\u00f3mo funciona el programa de fidelizaci\u00f3n?&#8221; tab_id=&#8221;2-1&#8243;][vc_column_text]\u00danete a la Cure Community y disfruta de todas sus ventajas :<\/p>\n<ul>\n<li>\u00a1DESCUENTOS EXCEPCIONALES todo el a\u00f1o!<\/li>\n<li>\u00a1BUENAS OFERTAS s\u00f3lo para ti!<\/li>\n<li>CONSEJOS &amp; DIAGN\u00d3STICOS para conocer y mimar mejor tu piel<\/li>\n<\/ul>\n<p>\u00a1En La Cure Beaut\u00e9 <strong>1 punto = 0,05 \u20ac de descuento<\/strong> en tu carrito de compra!<br \/>\nPara saber m\u00e1s, te invitamos a visitar la p\u00e1gina dedicada al <a href=\"https:\/\/www.lacurebeaute.fr\/es\/programa-de-fidelizacion\/\">programa de fidelizaci\u00f3n<\/a>.[\/vc_column_text][\/vc_tta_section][vc_tta_section title=&#8221;\u00bfC\u00f3mo funciona el patrocinio?&#8221; tab_id=&#8221;2-2&#8243;][vc_column_text]Comparte tu c\u00f3digo de referencia con tu madre, tu BFF o tus amigas y <strong>gana 10\u20ac<\/strong> en cup\u00f3n.<\/p>\n<p>Y no s\u00f3lo eso, ofrecemos un <strong>20% a tu amiga apadrinada<\/strong> para su primer pedido (a partir de 39\u20ac de compra), \u00a1as\u00ed podr\u00e1s hacerte un regalo mientras ahorras dinero!<\/p>\n<p>Para saber m\u00e1s, te invitamos a visitar la p\u00e1gina dedicada al <a href=\"https:\/\/www.lacurebeaute.fr\/es\/quieres-ganar-10e\/\">patrocinio<\/a>.[\/vc_column_text][\/vc_tta_section][\/vc_tta_accordion][\/vc_column][\/vc_row][vc_row][vc_column][vc_separator][vc_empty_space height=&#8221;50px&#8221;][\/vc_column][\/vc_row][vc_row css=&#8221;.vc_custom_1621522522355{padding-bottom: 80px !important;}&#8221;][vc_column offset=&#8221;vc_col-lg-offset-1 vc_col-lg-3&#8243;][vc_custom_heading text=&#8221;Pedidos y entrega&#8221; font_container=&#8221;tag:h2|text_align:left|color:%23ffb284&#8243;][vc_empty_space][\/vc_column][vc_column offset=&#8221;vc_col-lg-6&#8243;][vc_tta_accordion active_section=&#8221;1&#8243; style=&#8221;style2&#8243;][vc_tta_section title=&#8221;\u00bfQu\u00e9 m\u00e9todos de pago se aceptan en la p\u00e1gina web?&#8221; tab_id=&#8221;3-1&#8243;][vc_column_text]Puedes pagar tu pedido con tarjeta de cr\u00e9dito.[\/vc_column_text][\/vc_tta_section][vc_tta_section title=&#8221;\u00bfEl pago es seguro?&#8221; tab_id=&#8221;3-2&#8243;][vc_column_text]S\u00ed, el pago est\u00e1 asegurado por nuestro socio CM CIC.[\/vc_column_text][\/vc_tta_section][vc_tta_section title=&#8221;\u00bfEn qu\u00e9 pa\u00edses puedo ser entregada?&#8221; tab_id=&#8221;3-3&#8243;][vc_column_text]Enviamos a los siguientes pa\u00edses: Francia, Alemania, Estados Unidos y Reino Unido.[\/vc_column_text][\/vc_tta_section][vc_tta_section title=&#8221;\u00bfCu\u00e1les son los plazos de entrega?&#8221; tab_id=&#8221;3-4&#8243;][vc_column_text]Para Francia: entre 2 y 4 d\u00edas<br \/>\nPara Alemania: de 3 a 5 d\u00edas<br \/>\nPara el Reino Unido: de 3 a 5 d\u00edas<br \/>\nPara Estados Unidos: de 3 a 5 d\u00edas.[\/vc_column_text][\/vc_tta_section][vc_tta_section title=&#8221;\u00bfC\u00f3mo puedo saber d\u00f3nde est\u00e1 mi pedido?&#8221; tab_id=&#8221;3-5&#8243;][vc_column_text]Para seguir tu pedido, con\u00e9ctate a tu cuenta de cliente y encuentra tu n\u00famero de seguimiento en &#8220;mis pedidos&#8221;.<br \/>\nUna vez enviado tu pedido, tambi\u00e9n recibir\u00e1s un correo electr\u00f3nico con el n\u00famero de seguimiento.[\/vc_column_text][\/vc_tta_section][\/vc_tta_accordion][\/vc_column][\/vc_row][vc_row et_row_padding=&#8221;true&#8221; et_column_align=&#8221;align-center&#8221; content_placement=&#8221;middle&#8221; css=&#8221;.vc_custom_1626773851277{padding-top: 80px !important;padding-bottom: 80px !important;}&#8221;][vc_column width=&#8221;1\/2&#8243;][vc_row_inner][vc_column_inner][vc_column_text]\n<h2>\u00bfOtras preguntas?<\/h2>\n[\/vc_column_text][vc_column_text]No dudes en escribirnos una peque\u00f1a nota por correo electr\u00f3nico si no hemos respondido a tu pregunta. Nuestro equipo te responder\u00e1 lo antes posible ?.[\/vc_column_text][\/vc_column_inner][\/vc_row_inner][\/vc_column][vc_column width=&#8221;1\/2&#8243;][vc_single_image image=&#8221;14042&#8243; img_size=&#8221;600&#215;2000&#8243; alignment=&#8221;center&#8221;][\/vc_column][\/vc_row]\n","protected":false},"excerpt":{"rendered":"<p>[vc_row][vc_column][vc_empty_space][vc_separator][\/vc_column][\/vc_row][vc_row et_full_width=&#8221;true&#8221; et_row_padding=&#8221;true&#8221; full_height=&#8221;yes&#8221; columns_placement=&#8221;stretch&#8221; equal_height=&#8221;yes&#8221; content_placement=&#8221;middle&#8221; disable_element=&#8221;yes&#8221; css=&#8221;.vc_custom_1620047115775{padding-top: 80px !important;padding-bottom: 80px !important;background-image: url(https:\/\/www.lacurebeaute.fr\/wp-content\/uploads\/2021\/04\/banniere-la-marque.jpg?id=6832) !important;background-position: center !important;background-repeat: no-repeat !important;background-size: cover !important;}&#8221; el_class=&#8221;video-bg-row&#8221;][vc_column][vc_row_inner et_max_width=&#8221;&#8221; equal_height=&#8221;yes&#8221; content_placement=&#8221;middle&#8221; css=&#8221;.vc_custom_1562734895463{background-position: center !important;background-repeat: no-repeat !important;background-size: cover !important;}&#8221;][vc_column_inner width=&#8221;1\/2&#8243; css=&#8221;.vc_custom_1562725835995{padding-top: 20% !important;padding-right: 20% !important;padding-bottom: 20% !important;padding-left: 20% !important;}&#8221;][vc_column_text animation=&#8221;animation bottom-to-top&#8221; css=&#8221;.vc_custom_1620047123378{margin-top: 30px !important;}&#8221;] FAQ Lorem ipsum&hellip;<\/p>\n","protected":false},"author":2,"featured_media":0,"parent":0,"menu_order":0,"comment_status":"closed","ping_status":"closed","template":"","meta":{"footnotes":""},"yoast_head":"<!-- This site is optimized with the Yoast SEO plugin v23.5 - https:\/\/yoast.com\/wordpress\/plugins\/seo\/ -->\n<title>FAQ | La Cure Beaut\u00e9 | Soins Naturels et Hydratants<\/title>\n<meta name=\"description\" content=\"La FAQ La Cure Beaut\u00e9 regroupe toutes les questions que tu te poses sur nos soins, tes commandes, ton compte... On r\u00e9pond \u00e0 tout !\" \/>\n<meta name=\"robots\" content=\"index, follow, max-snippet:-1, max-image-preview:large, max-video-preview:-1\" \/>\n<link rel=\"canonical\" href=\"https:\/\/www.lacurebeaute.fr\/es\/faq\/\" \/>\n<meta property=\"og:locale\" content=\"es_ES\" \/>\n<meta property=\"og:type\" content=\"article\" \/>\n<meta property=\"og:title\" content=\"FAQ | La Cure Beaut\u00e9 | Soins Naturels et Hydratants\" \/>\n<meta property=\"og:description\" content=\"La FAQ La Cure Beaut\u00e9 regroupe toutes les questions que tu te poses sur nos soins, tes commandes, ton compte... On r\u00e9pond \u00e0 tout !\" \/>\n<meta property=\"og:url\" content=\"https:\/\/www.lacurebeaute.fr\/es\/faq\/\" \/>\n<meta property=\"og:site_name\" content=\"La Cure Beaut\u00e9\" \/>\n<meta property=\"article:modified_time\" content=\"2021-10-11T11:50:14+00:00\" \/>\n<meta name=\"twitter:card\" content=\"summary_large_image\" \/>\n<meta name=\"twitter:label1\" content=\"Tiempo de lectura\" \/>\n\t<meta name=\"twitter:data1\" content=\"3 minutos\" \/>\n<script type=\"application\/ld+json\" class=\"yoast-schema-graph\">{\"@context\":\"https:\/\/schema.org\",\"@graph\":[{\"@type\":\"WebPage\",\"@id\":\"https:\/\/www.lacurebeaute.fr\/es\/faq\/\",\"url\":\"https:\/\/www.lacurebeaute.fr\/es\/faq\/\",\"name\":\"FAQ | La Cure Beaut\u00e9 | Soins Naturels et Hydratants\",\"isPartOf\":{\"@id\":\"https:\/\/www.lacurebeaute.fr\/es\/#website\"},\"datePublished\":\"2019-03-17T15:40:42+00:00\",\"dateModified\":\"2021-10-11T11:50:14+00:00\",\"description\":\"La FAQ La Cure Beaut\u00e9 regroupe toutes les questions que tu te poses sur nos soins, tes commandes, ton compte... On r\u00e9pond \u00e0 tout !\",\"breadcrumb\":{\"@id\":\"https:\/\/www.lacurebeaute.fr\/es\/faq\/#breadcrumb\"},\"inLanguage\":\"es\",\"potentialAction\":[{\"@type\":\"ReadAction\",\"target\":[\"https:\/\/www.lacurebeaute.fr\/es\/faq\/\"]}]},{\"@type\":\"BreadcrumbList\",\"@id\":\"https:\/\/www.lacurebeaute.fr\/es\/faq\/#breadcrumb\",\"itemListElement\":[{\"@type\":\"ListItem\",\"position\":1,\"name\":\"Accueil\",\"item\":\"https:\/\/www.lacurebeaute.fr\/es\/\"},{\"@type\":\"ListItem\",\"position\":2,\"name\":\"FAQ\"}]},{\"@type\":\"WebSite\",\"@id\":\"https:\/\/www.lacurebeaute.fr\/es\/#website\",\"url\":\"https:\/\/www.lacurebeaute.fr\/es\/\",\"name\":\"La Cure Beaut\u00e9\",\"description\":\"La marque de soins entre copines, naturelle et efficace\",\"potentialAction\":[{\"@type\":\"SearchAction\",\"target\":{\"@type\":\"EntryPoint\",\"urlTemplate\":\"https:\/\/www.lacurebeaute.fr\/es\/?s={search_term_string}\"},\"query-input\":{\"@type\":\"PropertyValueSpecification\",\"valueRequired\":true,\"valueName\":\"search_term_string\"}}],\"inLanguage\":\"es\"}]}<\/script>\n<!-- \/ Yoast SEO plugin. -->","yoast_head_json":{"title":"FAQ | La Cure Beaut\u00e9 | Soins Naturels et Hydratants","description":"La FAQ La Cure Beaut\u00e9 regroupe toutes les questions que tu te poses sur nos soins, tes commandes, ton compte... On r\u00e9pond \u00e0 tout !","robots":{"index":"index","follow":"follow","max-snippet":"max-snippet:-1","max-image-preview":"max-image-preview:large","max-video-preview":"max-video-preview:-1"},"canonical":"https:\/\/www.lacurebeaute.fr\/es\/faq\/","og_locale":"es_ES","og_type":"article","og_title":"FAQ | La Cure Beaut\u00e9 | Soins Naturels et Hydratants","og_description":"La FAQ La Cure Beaut\u00e9 regroupe toutes les questions que tu te poses sur nos soins, tes commandes, ton compte... On r\u00e9pond \u00e0 tout !","og_url":"https:\/\/www.lacurebeaute.fr\/es\/faq\/","og_site_name":"La Cure Beaut\u00e9","article_modified_time":"2021-10-11T11:50:14+00:00","twitter_card":"summary_large_image","twitter_misc":{"Tiempo de lectura":"3 minutos"},"schema":{"@context":"https:\/\/schema.org","@graph":[{"@type":"WebPage","@id":"https:\/\/www.lacurebeaute.fr\/es\/faq\/","url":"https:\/\/www.lacurebeaute.fr\/es\/faq\/","name":"FAQ | La Cure Beaut\u00e9 | Soins Naturels et Hydratants","isPartOf":{"@id":"https:\/\/www.lacurebeaute.fr\/es\/#website"},"datePublished":"2019-03-17T15:40:42+00:00","dateModified":"2021-10-11T11:50:14+00:00","description":"La FAQ La Cure Beaut\u00e9 regroupe toutes les questions que tu te poses sur nos soins, tes commandes, ton compte... On r\u00e9pond \u00e0 tout !","breadcrumb":{"@id":"https:\/\/www.lacurebeaute.fr\/es\/faq\/#breadcrumb"},"inLanguage":"es","potentialAction":[{"@type":"ReadAction","target":["https:\/\/www.lacurebeaute.fr\/es\/faq\/"]}]},{"@type":"BreadcrumbList","@id":"https:\/\/www.lacurebeaute.fr\/es\/faq\/#breadcrumb","itemListElement":[{"@type":"ListItem","position":1,"name":"Accueil","item":"https:\/\/www.lacurebeaute.fr\/es\/"},{"@type":"ListItem","position":2,"name":"FAQ"}]},{"@type":"WebSite","@id":"https:\/\/www.lacurebeaute.fr\/es\/#website","url":"https:\/\/www.lacurebeaute.fr\/es\/","name":"La Cure Beaut\u00e9","description":"La marque de soins entre copines, naturelle et efficace","potentialAction":[{"@type":"SearchAction","target":{"@type":"EntryPoint","urlTemplate":"https:\/\/www.lacurebeaute.fr\/es\/?s={search_term_string}"},"query-input":{"@type":"PropertyValueSpecification","valueRequired":true,"valueName":"search_term_string"}}],"inLanguage":"es"}]}},"_links":{"self":[{"href":"https:\/\/www.lacurebeaute.fr\/es\/wp-json\/wp\/v2\/pages\/20161"}],"collection":[{"href":"https:\/\/www.lacurebeaute.fr\/es\/wp-json\/wp\/v2\/pages"}],"about":[{"href":"https:\/\/www.lacurebeaute.fr\/es\/wp-json\/wp\/v2\/types\/page"}],"author":[{"embeddable":true,"href":"https:\/\/www.lacurebeaute.fr\/es\/wp-json\/wp\/v2\/users\/2"}],"replies":[{"embeddable":true,"href":"https:\/\/www.lacurebeaute.fr\/es\/wp-json\/wp\/v2\/comments?post=20161"}],"version-history":[{"count":4,"href":"https:\/\/www.lacurebeaute.fr\/es\/wp-json\/wp\/v2\/pages\/20161\/revisions"}],"predecessor-version":[{"id":20178,"href":"https:\/\/www.lacurebeaute.fr\/es\/wp-json\/wp\/v2\/pages\/20161\/revisions\/20178"}],"wp:attachment":[{"href":"https:\/\/www.lacurebeaute.fr\/es\/wp-json\/wp\/v2\/media?parent=20161"}],"curies":[{"name":"wp","href":"https:\/\/api.w.org\/{rel}","templated":true}]}}