{"id":28668,"date":"2025-01-31T16:01:24","date_gmt":"2025-01-31T15:01:24","guid":{"rendered":"https:\/\/www.lacurebeaute.fr\/?page_id=28668"},"modified":"2025-01-31T16:01:24","modified_gmt":"2025-01-31T15:01:24","slug":"resultado-del-diagnostico-hidratacion","status":"publish","type":"page","link":"https:\/\/www.lacurebeaute.fr\/es\/resultado-del-diagnostico-hidratacion\/","title":{"rendered":"Resultado del diagn\u00f3stico de hidrataci\u00f3n"},"content":{"rendered":"[vc_row et_full_width=&#8221;true&#8221; equal_height=&#8221;yes&#8221; content_placement=&#8221;middle&#8221; el_class=&#8221;zoom-in-out-element banner_hero&#8221; css=&#8221;.vc_custom_1736849429551{background-image: url(https:\/\/www.lacurebeaute.fr\/wp-content\/uploads\/2025\/01\/hydra_banner_hero.png?id=29244) !important;}&#8221;][vc_column][vc_row_inner equal_height=&#8221;yes&#8221; content_placement=&#8221;middle&#8221; el_class=&#8221;slide_diag_result&#8221;][vc_column_inner width=&#8221;7\/12&#8243;][\/vc_column_inner][vc_column_inner width=&#8221;5\/12&#8243;][vc_column_text]\n<h1>Su nivel de hidrataci\u00f3n<\/h1>\n<p>\u00a1Es la hora de la graduaci\u00f3n!<\/p>\n<p>Descubre tu nivel de hidrataci\u00f3n<br \/>\ny el producto asociado a \u00e9l.[\/vc_column_text][\/vc_column_inner][\/vc_row_inner][\/vc_column][\/vc_row][vc_row][vc_column][vc_column_text el_id=&#8221;bloc-resultat-larme&#8221;]\n<div id=\"test-result\" class=\"res-hydratation\"><\/div>\n[\/vc_column_text][vc_row_inner content_placement=&#8221;middle&#8221; el_class=&#8221;bloc-conseils&#8221; css=&#8221;.vc_custom_1736850377261{margin-top: 80px !important;}&#8221;][vc_column_inner width=&#8221;1\/2&#8243;][vc_column_text]\n<h2>Cerca de \ud83e\udd75<\/h2>\n<h3>\u00a1Esto est\u00e1 tan mal!<\/h3>\n<p>Al parecer, el agua no forma parte de tu vocabulario&#8230;.<br \/>\nQue no cunda el p\u00e1nico, con nuestra Crema Facial de Rosas de Hidrataci\u00f3n Profunda podr\u00e1s saciar la sed de tu piel. Proporciona a la piel una sensaci\u00f3n de hidrataci\u00f3n duradera durante todo el d\u00eda y la noche, reafirmando y alisando los rasgos. Su piel estar\u00e1 visiblemente m\u00e1s suave y calmada.[\/vc_column_text][vc_btn title=&#8221;M\u00c1S INFORMACI\u00d3N&#8221; el_class=&#8221;green_button&#8221; link=&#8221;url:https%3A%2F%2Fwww.lacurebeaute.fr%2Fes%2Fproduit%2Fdeep-hydration-rose-face-cream%2F|title:Cr%C3%A8me%20Hydratante%20et%20Apaisante%20%C3%A0%20La%20Rose|target:_blank|&#8221;][\/vc_column_inner][vc_column_inner width=&#8221;1\/2&#8243;][vc_single_image image=&#8221;29261&#8243; img_size=&#8221;full&#8221; el_class=&#8221;img-top&#8221;][\/vc_column_inner][\/vc_row_inner][vc_row_inner content_placement=&#8221;middle&#8221; el_class=&#8221;bloc-conseils special-on-mobile separation_mobile&#8221; css=&#8221;.vc_custom_1736947930730{margin-top: 80px !important;}&#8221;][vc_column_inner width=&#8221;1\/2&#8243;][vc_single_image image=&#8221;29265&#8243; img_size=&#8221;full&#8221; el_class=&#8221;img-top&#8221;][\/vc_column_inner][vc_column_inner width=&#8221;1\/2&#8243;][vc_column_text]\n<h2>Cerca de \ud83e\udd14<\/h2>\n<h3>No est\u00e1 perfecta<\/h3>\n<p>Para ayudarte aqu\u00ed tienes nuestra Crema Infusi\u00f3n de Noche, dise\u00f1ada para aportar toda la hidrataci\u00f3n que tu piel necesita. Y todo mientras duermes <img decoding=\"async\" class=\"\u00abemoji\u00bb\" role=\"\u00abimg\u00bb\" draggable=\"\u00abfalse\u00bb\" src=\"\u00abhttps:\/\/s.w.org\/images\/core\/emoji\/13.1.0\/svg\/1f319.svg\u00bb\" alt=\"\u00ab?\u00bb\" \/>. Su f\u00f3rmula, compuesta por un 90,1% de ingredientes de origen natural, act\u00faa alisando los rasgos, nutriendo la piel e hidrat\u00e1ndola.[\/vc_column_text][vc_btn title=&#8221;M\u00c1S INFORMACI\u00d3N&#8221; el_class=&#8221;green_button&#8221; link=&#8221;url:https%3A%2F%2Fwww.lacurebeaute.fr%2Fes%2Fproduit%2Fnight-infusion-cream%2F|title:Cr%C3%A8me%20de%20Nuit%20Anti-%C3%82ge|&#8221;][\/vc_column_inner][\/vc_row_inner][vc_row_inner content_placement=&#8221;middle&#8221; el_class=&#8221;bloc-conseils separation_mobile&#8221; css=&#8221;.vc_custom_1736947947757{margin-top: 80px !important;}&#8221;][vc_column_inner width=&#8221;1\/2&#8243;][vc_column_text el_class=&#8221;img-top&#8221;]\n<h2>Cerca de \ud83d\ude0e<\/h2>\n<h3>Oficialmente formas parte de la orden de las pieles hidratadas<\/h3>\n<p>.<br \/>\n\u00a1Tampoco te tomes la confianza!<br \/>\nPorque pase lo que pase, \u00a1es importante hidratar tu piel todos los d\u00edas! As\u00ed que descubre nuestra mascarilla Super Hidratante Nutritiva &#8211; Reafirmante. Dise\u00f1ada para hidratar, nutrir y reafirmar su piel. En un abrir y cerrar de ojos, estar\u00e1 calmada y radiante.[\/vc_column_text][vc_btn title=&#8221;M\u00c1S INFORMACI\u00d3N&#8221; el_class=&#8221;green_button&#8221; link=&#8221;url:https%3A%2F%2Fwww.lacurebeaute.fr%2Fes%2Fproduit%2F3-facial-masks-super-moisturizing-nourishing-firming%2F|title:Super%20Moisturizing%20Nourishing%20%E2%80%93%20Firming|&#8221;][\/vc_column_inner][vc_column_inner width=&#8221;1\/2&#8243;][vc_single_image image=&#8221;29257&#8243; img_size=&#8221;full&#8221; el_class=&#8221;img-top&#8221;][\/vc_column_inner][\/vc_row_inner][\/vc_column][\/vc_row][vc_row et_full_width=&#8221;true&#8221; css=&#8221;.vc_custom_1736764558778{margin-top: 80px !important;}&#8221;][vc_column][vc_separator color=&#8221;custom&#8221; accent_color=&#8221;#095540&#8243;][\/vc_column][\/vc_row][vc_row content_placement=&#8221;middle&#8221; css=&#8221;.vc_custom_1736763348711{margin-top: 80px !important;}&#8221;][vc_column width=&#8221;1\/2&#8243;][vc_single_image image=&#8221;29055&#8243; img_size=&#8221;full&#8221; alignment=&#8221;right&#8221;][\/vc_column][vc_column width=&#8221;1\/2&#8243;][vc_column_text el_class=&#8221;text_margin&#8221;]\n<h2>Eficacia desde el origen<\/h2>\n<p>Con el respaldo de conocimientos cient\u00edficos de vanguardia, cada cuidado que formulamos contiene al menos un 84% de ingredientes de origen natural, rigurosamente seleccionados para garantizar resultados visibles.<\/p>\n<p>Todos nuestros productos se someten a rigurosas pruebas para validar su eficacia. Frutas, verduras, plantas y otros ingredientes se eligen con cuidado, pues su presencia en nuestros cuidados selectivos se justifica por sus acciones espec\u00edficas sobre la piel.[\/vc_column_text][vc_btn title=&#8221;M\u00c1S INFORMACI\u00d3N&#8221; shape=&#8221;square&#8221; el_class=&#8221;green_button&#8221;][\/vc_column][\/vc_row][vc_row et_full_width=&#8221;true&#8221; content_placement=&#8221;bottom&#8221; css=&#8221;.vc_custom_1736763328531{margin-top: 80px !important;padding-top: 80px !important;padding-bottom: 80px !important;background-color: #fce9f1 !important;}&#8221; el_class=&#8221;reassurance&#8221;][vc_column][vc_row_inner content_placement=&#8221;bottom&#8221;][vc_column_inner width=&#8221;1\/4&#8243;][vc_single_image image=&#8221;29069&#8243; img_size=&#8221;&#8221; add_caption=&#8221;yes&#8221; alignment=&#8221;center&#8221; el_class=&#8221;width-figcaption&#8221;][\/vc_column_inner][vc_column_inner width=&#8221;1\/4&#8243;][vc_single_image image=&#8221;29571&#8243; img_size=&#8221;&#8221; add_caption=&#8221;yes&#8221; alignment=&#8221;center&#8221; el_class=&#8221;width-figcaption&#8221;][\/vc_column_inner][vc_column_inner width=&#8221;1\/4&#8243;][vc_single_image image=&#8221;29073&#8243; img_size=&#8221;&#8221; add_caption=&#8221;yes&#8221; alignment=&#8221;center&#8221; el_id=&#8221;width-figcaption&#8221;][\/vc_column_inner][vc_column_inner width=&#8221;1\/4&#8243;][vc_single_image image=&#8221;29081&#8243; img_size=&#8221;&#8221; add_caption=&#8221;yes&#8221; alignment=&#8221;center&#8221; el_class=&#8221;width-figcaption&#8221;][\/vc_column_inner][\/vc_row_inner][\/vc_column][\/vc_row][vc_row css=&#8221;.vc_custom_1736764143856{margin-top: 120px !important;}&#8221; el_class=&#8221;instagram_footer&#8221;][vc_column][vc_column_text]\n<h2 style=\"text-align: center; text-color: #fff; margin: 0!important;\">\u00a1S\u00edguenos en Instagram!<\/h2>\n<h4 style=\"text-align: center; text-color: #fff;\">@lacurebeauteparis<\/h4>\n[\/vc_column_text][vc_raw_html]W2luc3RhZ3JhbS1mZWVkIGZlZWQ9Ml0=[\/vc_raw_html][\/vc_column][\/vc_row]\n","protected":false},"excerpt":{"rendered":"<p>[vc_row et_full_width=&#8221;true&#8221; equal_height=&#8221;yes&#8221; content_placement=&#8221;middle&#8221; el_class=&#8221;zoom-in-out-element banner_hero&#8221; css=&#8221;.vc_custom_1736849429551{background-image: url(https:\/\/www.lacurebeaute.fr\/wp-content\/uploads\/2025\/01\/hydra_banner_hero.png?id=29244) !important;}&#8221;][vc_column][vc_row_inner equal_height=&#8221;yes&#8221; content_placement=&#8221;middle&#8221; el_class=&#8221;slide_diag_result&#8221;][vc_column_inner width=&#8221;7\/12&#8243;][\/vc_column_inner][vc_column_inner width=&#8221;5\/12&#8243;][vc_column_text] Su nivel de hidrataci\u00f3n \u00a1Es la hora de la graduaci\u00f3n! Descubre tu nivel de hidrataci\u00f3n y el producto asociado a \u00e9l.[\/vc_column_text][\/vc_column_inner][\/vc_row_inner][\/vc_column][\/vc_row][vc_row][vc_column][vc_column_text el_id=&#8221;bloc-resultat-larme&#8221;] [\/vc_column_text][vc_row_inner content_placement=&#8221;middle&#8221; el_class=&#8221;bloc-conseils&#8221; css=&#8221;.vc_custom_1736850377261{margin-top: 80px !important;}&#8221;][vc_column_inner width=&#8221;1\/2&#8243;][vc_column_text] Cerca de \ud83e\udd75 \u00a1Esto est\u00e1 tan mal!&hellip;<\/p>\n","protected":false},"author":7,"featured_media":0,"parent":0,"menu_order":0,"comment_status":"closed","ping_status":"closed","template":"","meta":{"footnotes":""},"yoast_head":"<!-- This site is optimized with the Yoast SEO plugin v23.5 - https:\/\/yoast.com\/wordpress\/plugins\/seo\/ -->\n<title>Resultado del diagn\u00f3stico de hidrataci\u00f3n - La Cure Beaut\u00e9<\/title>\n<meta name=\"robots\" content=\"index, follow, max-snippet:-1, max-image-preview:large, max-video-preview:-1\" \/>\n<link rel=\"canonical\" href=\"https:\/\/www.lacurebeaute.fr\/es\/resultado-del-diagnostico-hidratacion\/\" \/>\n<meta property=\"og:locale\" content=\"es_ES\" \/>\n<meta property=\"og:type\" content=\"article\" \/>\n<meta property=\"og:title\" content=\"Resultado del diagn\u00f3stico de hidrataci\u00f3n - La Cure Beaut\u00e9\" \/>\n<meta property=\"og:description\" content=\"[vc_row et_full_width=&#8221;true&#8221; equal_height=&#8221;yes&#8221; content_placement=&#8221;middle&#8221; el_class=&#8221;zoom-in-out-element banner_hero&#8221; css=&#8221;.vc_custom_1736849429551{background-image: url(https:\/\/www.lacurebeaute.fr\/wp-content\/uploads\/2025\/01\/hydra_banner_hero.png?id=29244) !important;}&#8221;][vc_column][vc_row_inner equal_height=&#8221;yes&#8221; content_placement=&#8221;middle&#8221; el_class=&#8221;slide_diag_result&#8221;][vc_column_inner width=&#8221;7\/12&#8243;][\/vc_column_inner][vc_column_inner width=&#8221;5\/12&#8243;][vc_column_text] Su nivel de hidrataci\u00f3n \u00a1Es la hora de la graduaci\u00f3n! Descubre tu nivel de hidrataci\u00f3n y el producto asociado a \u00e9l.[\/vc_column_text][\/vc_column_inner][\/vc_row_inner][\/vc_column][\/vc_row][vc_row][vc_column][vc_column_text el_id=&#8221;bloc-resultat-larme&#8221;] [\/vc_column_text][vc_row_inner content_placement=&#8221;middle&#8221; el_class=&#8221;bloc-conseils&#8221; css=&#8221;.vc_custom_1736850377261{margin-top: 80px !important;}&#8221;][vc_column_inner width=&#8221;1\/2&#8243;][vc_column_text] Cerca de \ud83e\udd75 \u00a1Esto est\u00e1 tan mal!&hellip;\" \/>\n<meta property=\"og:url\" content=\"https:\/\/www.lacurebeaute.fr\/es\/resultado-del-diagnostico-hidratacion\/\" \/>\n<meta property=\"og:site_name\" content=\"La Cure Beaut\u00e9\" \/>\n<meta name=\"twitter:card\" content=\"summary_large_image\" \/>\n<meta name=\"twitter:label1\" content=\"Tiempo de lectura\" \/>\n\t<meta name=\"twitter:data1\" content=\"4 minutos\" \/>\n<script type=\"application\/ld+json\" class=\"yoast-schema-graph\">{\"@context\":\"https:\/\/schema.org\",\"@graph\":[{\"@type\":\"WebPage\",\"@id\":\"https:\/\/www.lacurebeaute.fr\/es\/resultado-del-diagnostico-hidratacion\/\",\"url\":\"https:\/\/www.lacurebeaute.fr\/es\/resultado-del-diagnostico-hidratacion\/\",\"name\":\"Resultado del diagn\u00f3stico de hidrataci\u00f3n - La Cure Beaut\u00e9\",\"isPartOf\":{\"@id\":\"https:\/\/www.lacurebeaute.fr\/es\/#website\"},\"datePublished\":\"2025-01-31T15:01:24+00:00\",\"dateModified\":\"2025-01-31T15:01:24+00:00\",\"breadcrumb\":{\"@id\":\"https:\/\/www.lacurebeaute.fr\/es\/resultado-del-diagnostico-hidratacion\/#breadcrumb\"},\"inLanguage\":\"es\",\"potentialAction\":[{\"@type\":\"ReadAction\",\"target\":[\"https:\/\/www.lacurebeaute.fr\/es\/resultado-del-diagnostico-hidratacion\/\"]}]},{\"@type\":\"BreadcrumbList\",\"@id\":\"https:\/\/www.lacurebeaute.fr\/es\/resultado-del-diagnostico-hidratacion\/#breadcrumb\",\"itemListElement\":[{\"@type\":\"ListItem\",\"position\":1,\"name\":\"Accueil\",\"item\":\"https:\/\/www.lacurebeaute.fr\/es\/\"},{\"@type\":\"ListItem\",\"position\":2,\"name\":\"Resultado del diagn\u00f3stico de hidrataci\u00f3n\"}]},{\"@type\":\"WebSite\",\"@id\":\"https:\/\/www.lacurebeaute.fr\/es\/#website\",\"url\":\"https:\/\/www.lacurebeaute.fr\/es\/\",\"name\":\"La Cure Beaut\u00e9\",\"description\":\"La marque de soins entre copines, naturelle et efficace\",\"potentialAction\":[{\"@type\":\"SearchAction\",\"target\":{\"@type\":\"EntryPoint\",\"urlTemplate\":\"https:\/\/www.lacurebeaute.fr\/es\/?s={search_term_string}\"},\"query-input\":{\"@type\":\"PropertyValueSpecification\",\"valueRequired\":true,\"valueName\":\"search_term_string\"}}],\"inLanguage\":\"es\"}]}<\/script>\n<!-- \/ Yoast SEO plugin. -->","yoast_head_json":{"title":"Resultado del diagn\u00f3stico de hidrataci\u00f3n - La Cure Beaut\u00e9","robots":{"index":"index","follow":"follow","max-snippet":"max-snippet:-1","max-image-preview":"max-image-preview:large","max-video-preview":"max-video-preview:-1"},"canonical":"https:\/\/www.lacurebeaute.fr\/es\/resultado-del-diagnostico-hidratacion\/","og_locale":"es_ES","og_type":"article","og_title":"Resultado del diagn\u00f3stico de hidrataci\u00f3n - La Cure Beaut\u00e9","og_description":"[vc_row et_full_width=&#8221;true&#8221; equal_height=&#8221;yes&#8221; content_placement=&#8221;middle&#8221; el_class=&#8221;zoom-in-out-element banner_hero&#8221; css=&#8221;.vc_custom_1736849429551{background-image: url(https:\/\/www.lacurebeaute.fr\/wp-content\/uploads\/2025\/01\/hydra_banner_hero.png?id=29244) !important;}&#8221;][vc_column][vc_row_inner equal_height=&#8221;yes&#8221; content_placement=&#8221;middle&#8221; el_class=&#8221;slide_diag_result&#8221;][vc_column_inner width=&#8221;7\/12&#8243;][\/vc_column_inner][vc_column_inner width=&#8221;5\/12&#8243;][vc_column_text] Su nivel de hidrataci\u00f3n \u00a1Es la hora de la graduaci\u00f3n! Descubre tu nivel de hidrataci\u00f3n y el producto asociado a \u00e9l.[\/vc_column_text][\/vc_column_inner][\/vc_row_inner][\/vc_column][\/vc_row][vc_row][vc_column][vc_column_text el_id=&#8221;bloc-resultat-larme&#8221;] [\/vc_column_text][vc_row_inner content_placement=&#8221;middle&#8221; el_class=&#8221;bloc-conseils&#8221; css=&#8221;.vc_custom_1736850377261{margin-top: 80px !important;}&#8221;][vc_column_inner width=&#8221;1\/2&#8243;][vc_column_text] Cerca de \ud83e\udd75 \u00a1Esto est\u00e1 tan mal!&hellip;","og_url":"https:\/\/www.lacurebeaute.fr\/es\/resultado-del-diagnostico-hidratacion\/","og_site_name":"La Cure Beaut\u00e9","twitter_card":"summary_large_image","twitter_misc":{"Tiempo de lectura":"4 minutos"},"schema":{"@context":"https:\/\/schema.org","@graph":[{"@type":"WebPage","@id":"https:\/\/www.lacurebeaute.fr\/es\/resultado-del-diagnostico-hidratacion\/","url":"https:\/\/www.lacurebeaute.fr\/es\/resultado-del-diagnostico-hidratacion\/","name":"Resultado del diagn\u00f3stico de hidrataci\u00f3n - La Cure Beaut\u00e9","isPartOf":{"@id":"https:\/\/www.lacurebeaute.fr\/es\/#website"},"datePublished":"2025-01-31T15:01:24+00:00","dateModified":"2025-01-31T15:01:24+00:00","breadcrumb":{"@id":"https:\/\/www.lacurebeaute.fr\/es\/resultado-del-diagnostico-hidratacion\/#breadcrumb"},"inLanguage":"es","potentialAction":[{"@type":"ReadAction","target":["https:\/\/www.lacurebeaute.fr\/es\/resultado-del-diagnostico-hidratacion\/"]}]},{"@type":"BreadcrumbList","@id":"https:\/\/www.lacurebeaute.fr\/es\/resultado-del-diagnostico-hidratacion\/#breadcrumb","itemListElement":[{"@type":"ListItem","position":1,"name":"Accueil","item":"https:\/\/www.lacurebeaute.fr\/es\/"},{"@type":"ListItem","position":2,"name":"Resultado del diagn\u00f3stico de hidrataci\u00f3n"}]},{"@type":"WebSite","@id":"https:\/\/www.lacurebeaute.fr\/es\/#website","url":"https:\/\/www.lacurebeaute.fr\/es\/","name":"La Cure Beaut\u00e9","description":"La marque de soins entre copines, naturelle et efficace","potentialAction":[{"@type":"SearchAction","target":{"@type":"EntryPoint","urlTemplate":"https:\/\/www.lacurebeaute.fr\/es\/?s={search_term_string}"},"query-input":{"@type":"PropertyValueSpecification","valueRequired":true,"valueName":"search_term_string"}}],"inLanguage":"es"}]}},"_links":{"self":[{"href":"https:\/\/www.lacurebeaute.fr\/es\/wp-json\/wp\/v2\/pages\/28668"}],"collection":[{"href":"https:\/\/www.lacurebeaute.fr\/es\/wp-json\/wp\/v2\/pages"}],"about":[{"href":"https:\/\/www.lacurebeaute.fr\/es\/wp-json\/wp\/v2\/types\/page"}],"author":[{"embeddable":true,"href":"https:\/\/www.lacurebeaute.fr\/es\/wp-json\/wp\/v2\/users\/7"}],"replies":[{"embeddable":true,"href":"https:\/\/www.lacurebeaute.fr\/es\/wp-json\/wp\/v2\/comments?post=28668"}],"version-history":[{"count":14,"href":"https:\/\/www.lacurebeaute.fr\/es\/wp-json\/wp\/v2\/pages\/28668\/revisions"}],"predecessor-version":[{"id":30465,"href":"https:\/\/www.lacurebeaute.fr\/es\/wp-json\/wp\/v2\/pages\/28668\/revisions\/30465"}],"wp:attachment":[{"href":"https:\/\/www.lacurebeaute.fr\/es\/wp-json\/wp\/v2\/media?parent=28668"}],"curies":[{"name":"wp","href":"https:\/\/api.w.org\/{rel}","templated":true}]}}