{"id":29647,"date":"2025-01-23T14:22:02","date_gmt":"2025-01-23T13:22:02","guid":{"rendered":"https:\/\/www.lacurebeaute.fr\/diagnostic-hydratation-es-2024\/"},"modified":"2025-01-31T15:56:59","modified_gmt":"2025-01-31T14:56:59","slug":"nivel-de-hidratacion","status":"publish","type":"page","link":"https:\/\/www.lacurebeaute.fr\/es\/nivel-de-hidratacion\/","title":{"rendered":"Diagnostic Hydratation ES 2024"},"content":{"rendered":"[vc_row et_full_width=&#8221;true&#8221; equal_height=&#8221;yes&#8221; content_placement=&#8221;middle&#8221; el_class=&#8221;zoom-in-out-element banner_hero&#8221; css=&#8221;.vc_custom_1736849429551{background-image: url(https:\/\/www.lacurebeaute.fr\/wp-content\/uploads\/2025\/01\/hydra_banner_hero.png?id=29244) !important;}&#8221;][vc_column][vc_row_inner equal_height=&#8221;yes&#8221; content_placement=&#8221;middle&#8221; el_class=&#8221;slide_diag&#8221;][vc_column_inner width=&#8221;7\/12&#8243;][\/vc_column_inner][vc_column_inner width=&#8221;5\/12&#8243;][vc_column_text]\n<h1>Su nivel de hidrataci\u00f3n<\/h1>\n<p>\u00bfQuiere saber cu\u00e1l es el nivel de hidrataci\u00f3n de su piel? \u00a1Responda a nuestro breve cuestionario en menos de 5 minutos y reciba consejos personalizados para una piel radiante y bien protegida![\/vc_column_text][\/vc_column_inner][\/vc_row_inner][\/vc_column][\/vc_row][vc_row et_full_width=&#8221;true&#8221; css=&#8221;.vc_custom_1737018188373{padding-top: 140px !important;padding-bottom: 80px !important;background-image: url(https:\/\/www.lacurebeaute.fr\/wp-content\/uploads\/2025\/01\/fleurs_bg_hydratation.png?id=29240) !important;background-position: center !important;background-repeat: no-repeat !important;background-size: cover !important;}&#8221; el_class=&#8221;flower-background&#8221;][vc_column][vc_row_inner][vc_column_inner width=&#8221;1\/2&#8243;][vc_single_image image=&#8221;29239&#8243; img_size=&#8221;full&#8221; alignment=&#8221;right&#8221;][\/vc_column_inner][vc_column_inner width=&#8221;1\/2&#8243;][vc_column_text el_class=&#8221;text_margin&#8221;]\n<h2>Hidrataci\u00f3n<\/h2>\n<p>La hidrataci\u00f3n es una necesidad fundamental para todos los tipos de piel, ya sea seca, grasa, mixta o sensible. Desempe\u00f1a un papel crucial en el mantenimiento de la barrera protectora de la piel, ayuda a prevenir la tirantez y contribuye a ralentizar la aparici\u00f3n de signos prematuros de la edad.<\/p>\n<p>Conocer el nivel de hidrataci\u00f3n de su piel es esencial para elegir cuidados adaptados a sus necesidades espec\u00edficas. Estos cuidados espec\u00edficos ayudan a mantener el equilibrio natural de la piel, mejorar su textura y prevenir problemas tales como la deshidrataci\u00f3n y el exceso de sebo.<\/p>\n<p>Proporcionando a su piel una hidrataci\u00f3n \u00f3ptima, garantizar\u00e1 su suavidad, flexibilidad y luminosidad, revelando todo el encanto de una piel sana, nutrida y radiante.[\/vc_column_text][vc_btn title=&#8221;Conocer su hidrataci\u00f3n&#8221; shape=&#8221;square&#8221; el_class=&#8221;green_button&#8221; link=&#8221;url:https%3A%2F%2Finterprestige.typeform.com%2Fto%2FLxUUXd8N&#8221;][\/vc_column_inner][\/vc_row_inner][\/vc_column][\/vc_row][vc_row et_full_width=&#8221;true&#8221; content_placement=&#8221;bottom&#8221; css=&#8221;.vc_custom_1736780572419{margin-top: 0px !important;padding-top: 80px !important;padding-bottom: 80px !important;background-color: #fce9f1 !important;}&#8221; el_class=&#8221;reassurance&#8221;][vc_column][vc_row_inner content_placement=&#8221;bottom&#8221;][vc_column_inner width=&#8221;1\/4&#8243;][vc_single_image image=&#8221;29069&#8243; img_size=&#8221;&#8221; add_caption=&#8221;yes&#8221; alignment=&#8221;center&#8221; el_class=&#8221;width-figcaption&#8221;][\/vc_column_inner][vc_column_inner width=&#8221;1\/4&#8243;][vc_single_image image=&#8221;29571&#8243; img_size=&#8221;&#8221; add_caption=&#8221;yes&#8221; alignment=&#8221;center&#8221; el_class=&#8221;width-figcaption&#8221;][\/vc_column_inner][vc_column_inner width=&#8221;1\/4&#8243;][vc_single_image image=&#8221;29073&#8243; img_size=&#8221;&#8221; add_caption=&#8221;yes&#8221; alignment=&#8221;center&#8221; el_id=&#8221;width-figcaption&#8221;][\/vc_column_inner][vc_column_inner width=&#8221;1\/4&#8243;][vc_single_image image=&#8221;29081&#8243; img_size=&#8221;&#8221; add_caption=&#8221;yes&#8221; alignment=&#8221;center&#8221; el_class=&#8221;width-figcaption&#8221;][\/vc_column_inner][\/vc_row_inner][\/vc_column][\/vc_row][vc_row css=&#8221;.vc_custom_1736764143856{margin-top: 120px !important;}&#8221; el_class=&#8221;instagram_footer&#8221;][vc_column][vc_column_text]\n<h2 style=\"text-align: center; text-color: #fff; margin: 0!important;\">\u00a1S\u00edguenos en Instagram!<\/h2>\n<h4 style=\"text-align: center; text-color: #fff;\">@lacurebeauteparis<\/h4>\n[\/vc_column_text][vc_raw_html]W2luc3RhZ3JhbS1mZWVkIGZlZWQ9Ml0=[\/vc_raw_html][\/vc_column][\/vc_row]\n","protected":false},"excerpt":{"rendered":"<p>[vc_row et_full_width=&#8221;true&#8221; equal_height=&#8221;yes&#8221; content_placement=&#8221;middle&#8221; el_class=&#8221;zoom-in-out-element banner_hero&#8221; css=&#8221;.vc_custom_1736849429551{background-image: url(https:\/\/www.lacurebeaute.fr\/wp-content\/uploads\/2025\/01\/hydra_banner_hero.png?id=29244) !important;}&#8221;][vc_column][vc_row_inner equal_height=&#8221;yes&#8221; content_placement=&#8221;middle&#8221; el_class=&#8221;slide_diag&#8221;][vc_column_inner width=&#8221;7\/12&#8243;][\/vc_column_inner][vc_column_inner width=&#8221;5\/12&#8243;][vc_column_text] Su nivel de hidrataci\u00f3n \u00bfQuiere saber cu\u00e1l es el nivel de hidrataci\u00f3n de su piel? \u00a1Responda a nuestro breve cuestionario en menos de 5 minutos y reciba consejos personalizados para una piel radiante y bien protegida![\/vc_column_text][\/vc_column_inner][\/vc_row_inner][\/vc_column][\/vc_row][vc_row&hellip;<\/p>\n","protected":false},"author":7,"featured_media":0,"parent":0,"menu_order":0,"comment_status":"closed","ping_status":"closed","template":"","meta":{"footnotes":""},"yoast_head":"<!-- This site is optimized with the Yoast SEO plugin v23.5 - https:\/\/yoast.com\/wordpress\/plugins\/seo\/ -->\n<title>La Cure Beaut\u00e9 | Su nivel de hidrataci\u00f3n<\/title>\n<meta name=\"robots\" content=\"index, follow, max-snippet:-1, max-image-preview:large, max-video-preview:-1\" \/>\n<link rel=\"canonical\" href=\"https:\/\/www.lacurebeaute.fr\/es\/nivel-de-hidratacion\/\" \/>\n<meta property=\"og:locale\" content=\"es_ES\" \/>\n<meta property=\"og:type\" content=\"article\" \/>\n<meta property=\"og:title\" content=\"La Cure Beaut\u00e9 | Su nivel de hidrataci\u00f3n\" \/>\n<meta property=\"og:description\" content=\"[vc_row et_full_width=&#8221;true&#8221; equal_height=&#8221;yes&#8221; content_placement=&#8221;middle&#8221; el_class=&#8221;zoom-in-out-element banner_hero&#8221; css=&#8221;.vc_custom_1736849429551{background-image: url(https:\/\/www.lacurebeaute.fr\/wp-content\/uploads\/2025\/01\/hydra_banner_hero.png?id=29244) !important;}&#8221;][vc_column][vc_row_inner equal_height=&#8221;yes&#8221; content_placement=&#8221;middle&#8221; el_class=&#8221;slide_diag&#8221;][vc_column_inner width=&#8221;7\/12&#8243;][\/vc_column_inner][vc_column_inner width=&#8221;5\/12&#8243;][vc_column_text] Su nivel de hidrataci\u00f3n \u00bfQuiere saber cu\u00e1l es el nivel de hidrataci\u00f3n de su piel? \u00a1Responda a nuestro breve cuestionario en menos de 5 minutos y reciba consejos personalizados para una piel radiante y bien protegida![\/vc_column_text][\/vc_column_inner][\/vc_row_inner][\/vc_column][\/vc_row][vc_row&hellip;\" \/>\n<meta property=\"og:url\" content=\"https:\/\/www.lacurebeaute.fr\/es\/nivel-de-hidratacion\/\" \/>\n<meta property=\"og:site_name\" content=\"La Cure Beaut\u00e9\" \/>\n<meta property=\"article:modified_time\" content=\"2025-01-31T14:56:59+00:00\" \/>\n<meta name=\"twitter:card\" content=\"summary_large_image\" \/>\n<meta name=\"twitter:label1\" content=\"Tiempo de lectura\" \/>\n\t<meta name=\"twitter:data1\" content=\"3 minutos\" \/>\n<script type=\"application\/ld+json\" class=\"yoast-schema-graph\">{\"@context\":\"https:\/\/schema.org\",\"@graph\":[{\"@type\":\"WebPage\",\"@id\":\"https:\/\/www.lacurebeaute.fr\/es\/nivel-de-hidratacion\/\",\"url\":\"https:\/\/www.lacurebeaute.fr\/es\/nivel-de-hidratacion\/\",\"name\":\"La Cure Beaut\u00e9 | Su nivel de hidrataci\u00f3n\",\"isPartOf\":{\"@id\":\"https:\/\/www.lacurebeaute.fr\/es\/#website\"},\"datePublished\":\"2025-01-23T13:22:02+00:00\",\"dateModified\":\"2025-01-31T14:56:59+00:00\",\"breadcrumb\":{\"@id\":\"https:\/\/www.lacurebeaute.fr\/es\/nivel-de-hidratacion\/#breadcrumb\"},\"inLanguage\":\"es\",\"potentialAction\":[{\"@type\":\"ReadAction\",\"target\":[\"https:\/\/www.lacurebeaute.fr\/es\/nivel-de-hidratacion\/\"]}]},{\"@type\":\"BreadcrumbList\",\"@id\":\"https:\/\/www.lacurebeaute.fr\/es\/nivel-de-hidratacion\/#breadcrumb\",\"itemListElement\":[{\"@type\":\"ListItem\",\"position\":1,\"name\":\"Accueil\",\"item\":\"https:\/\/www.lacurebeaute.fr\/es\/\"},{\"@type\":\"ListItem\",\"position\":2,\"name\":\"Diagnostic Hydratation ES 2024\"}]},{\"@type\":\"WebSite\",\"@id\":\"https:\/\/www.lacurebeaute.fr\/es\/#website\",\"url\":\"https:\/\/www.lacurebeaute.fr\/es\/\",\"name\":\"La Cure Beaut\u00e9\",\"description\":\"La marque de soins entre copines, naturelle et efficace\",\"potentialAction\":[{\"@type\":\"SearchAction\",\"target\":{\"@type\":\"EntryPoint\",\"urlTemplate\":\"https:\/\/www.lacurebeaute.fr\/es\/?s={search_term_string}\"},\"query-input\":{\"@type\":\"PropertyValueSpecification\",\"valueRequired\":true,\"valueName\":\"search_term_string\"}}],\"inLanguage\":\"es\"}]}<\/script>\n<!-- \/ Yoast SEO plugin. -->","yoast_head_json":{"title":"La Cure Beaut\u00e9 | Su nivel de hidrataci\u00f3n","robots":{"index":"index","follow":"follow","max-snippet":"max-snippet:-1","max-image-preview":"max-image-preview:large","max-video-preview":"max-video-preview:-1"},"canonical":"https:\/\/www.lacurebeaute.fr\/es\/nivel-de-hidratacion\/","og_locale":"es_ES","og_type":"article","og_title":"La Cure Beaut\u00e9 | Su nivel de hidrataci\u00f3n","og_description":"[vc_row et_full_width=&#8221;true&#8221; equal_height=&#8221;yes&#8221; content_placement=&#8221;middle&#8221; el_class=&#8221;zoom-in-out-element banner_hero&#8221; css=&#8221;.vc_custom_1736849429551{background-image: url(https:\/\/www.lacurebeaute.fr\/wp-content\/uploads\/2025\/01\/hydra_banner_hero.png?id=29244) !important;}&#8221;][vc_column][vc_row_inner equal_height=&#8221;yes&#8221; content_placement=&#8221;middle&#8221; el_class=&#8221;slide_diag&#8221;][vc_column_inner width=&#8221;7\/12&#8243;][\/vc_column_inner][vc_column_inner width=&#8221;5\/12&#8243;][vc_column_text] Su nivel de hidrataci\u00f3n \u00bfQuiere saber cu\u00e1l es el nivel de hidrataci\u00f3n de su piel? \u00a1Responda a nuestro breve cuestionario en menos de 5 minutos y reciba consejos personalizados para una piel radiante y bien protegida![\/vc_column_text][\/vc_column_inner][\/vc_row_inner][\/vc_column][\/vc_row][vc_row&hellip;","og_url":"https:\/\/www.lacurebeaute.fr\/es\/nivel-de-hidratacion\/","og_site_name":"La Cure Beaut\u00e9","article_modified_time":"2025-01-31T14:56:59+00:00","twitter_card":"summary_large_image","twitter_misc":{"Tiempo de lectura":"3 minutos"},"schema":{"@context":"https:\/\/schema.org","@graph":[{"@type":"WebPage","@id":"https:\/\/www.lacurebeaute.fr\/es\/nivel-de-hidratacion\/","url":"https:\/\/www.lacurebeaute.fr\/es\/nivel-de-hidratacion\/","name":"La Cure Beaut\u00e9 | Su nivel de hidrataci\u00f3n","isPartOf":{"@id":"https:\/\/www.lacurebeaute.fr\/es\/#website"},"datePublished":"2025-01-23T13:22:02+00:00","dateModified":"2025-01-31T14:56:59+00:00","breadcrumb":{"@id":"https:\/\/www.lacurebeaute.fr\/es\/nivel-de-hidratacion\/#breadcrumb"},"inLanguage":"es","potentialAction":[{"@type":"ReadAction","target":["https:\/\/www.lacurebeaute.fr\/es\/nivel-de-hidratacion\/"]}]},{"@type":"BreadcrumbList","@id":"https:\/\/www.lacurebeaute.fr\/es\/nivel-de-hidratacion\/#breadcrumb","itemListElement":[{"@type":"ListItem","position":1,"name":"Accueil","item":"https:\/\/www.lacurebeaute.fr\/es\/"},{"@type":"ListItem","position":2,"name":"Diagnostic Hydratation ES 2024"}]},{"@type":"WebSite","@id":"https:\/\/www.lacurebeaute.fr\/es\/#website","url":"https:\/\/www.lacurebeaute.fr\/es\/","name":"La Cure Beaut\u00e9","description":"La marque de soins entre copines, naturelle et efficace","potentialAction":[{"@type":"SearchAction","target":{"@type":"EntryPoint","urlTemplate":"https:\/\/www.lacurebeaute.fr\/es\/?s={search_term_string}"},"query-input":{"@type":"PropertyValueSpecification","valueRequired":true,"valueName":"search_term_string"}}],"inLanguage":"es"}]}},"_links":{"self":[{"href":"https:\/\/www.lacurebeaute.fr\/es\/wp-json\/wp\/v2\/pages\/29647"}],"collection":[{"href":"https:\/\/www.lacurebeaute.fr\/es\/wp-json\/wp\/v2\/pages"}],"about":[{"href":"https:\/\/www.lacurebeaute.fr\/es\/wp-json\/wp\/v2\/types\/page"}],"author":[{"embeddable":true,"href":"https:\/\/www.lacurebeaute.fr\/es\/wp-json\/wp\/v2\/users\/7"}],"replies":[{"embeddable":true,"href":"https:\/\/www.lacurebeaute.fr\/es\/wp-json\/wp\/v2\/comments?post=29647"}],"version-history":[{"count":10,"href":"https:\/\/www.lacurebeaute.fr\/es\/wp-json\/wp\/v2\/pages\/29647\/revisions"}],"predecessor-version":[{"id":30451,"href":"https:\/\/www.lacurebeaute.fr\/es\/wp-json\/wp\/v2\/pages\/29647\/revisions\/30451"}],"wp:attachment":[{"href":"https:\/\/www.lacurebeaute.fr\/es\/wp-json\/wp\/v2\/media?parent=29647"}],"curies":[{"name":"wp","href":"https:\/\/api.w.org\/{rel}","templated":true}]}}