{"id":29655,"date":"2025-01-23T14:23:50","date_gmt":"2025-01-23T13:23:50","guid":{"rendered":"https:\/\/www.lacurebeaute.fr\/diagnostic-de-peau-2024-es\/"},"modified":"2025-01-31T15:58:18","modified_gmt":"2025-01-31T14:58:18","slug":"diagnostico-cutaneo","status":"publish","type":"page","link":"https:\/\/www.lacurebeaute.fr\/es\/diagnostico-cutaneo\/","title":{"rendered":"Diagnostic de peau 2024 ES"},"content":{"rendered":"[vc_row et_full_width=&#8221;true&#8221; equal_height=&#8221;yes&#8221; content_placement=&#8221;middle&#8221; el_class=&#8221;zoom-in-out-element banner_hero&#8221; css=&#8221;.vc_custom_1736848771956{background-image: url(https:\/\/www.lacurebeaute.fr\/wp-content\/uploads\/2025\/01\/banner_type_peaux.png?id=29207) !important;}&#8221;][vc_column][vc_row_inner equal_height=&#8221;yes&#8221; content_placement=&#8221;middle&#8221; el_class=&#8221;slide_diag&#8221;][vc_column_inner width=&#8221;1\/2&#8243;][\/vc_column_inner][vc_column_inner width=&#8221;1\/2&#8243;][vc_column_text]\n<h1>\u00bfQuiere saber cu\u00e1l es su tipo de piel?<\/h1>\n<p>Entonces, \u00a1est\u00e1 en el lugar correcto!<br \/>\nDescubra su resultado en menos de 5 minutos.[\/vc_column_text][\/vc_column_inner][\/vc_row_inner][\/vc_column][\/vc_row][vc_row et_full_width=&#8221;true&#8221; css=&#8221;.vc_custom_1737018143800{background-image: url(https:\/\/www.lacurebeaute.fr\/wp-content\/uploads\/2025\/01\/fleurs_bg_type_peaux.png?id=29224) !important;background-position: center !important;background-repeat: no-repeat !important;background-size: cover !important;}&#8221; el_class=&#8221;flower-background&#8221;][vc_column][vc_row_inner][vc_column_inner width=&#8221;1\/2&#8243;][vc_column_text el_class=&#8221;text_margin&#8221;]\n<h2>Tipos de piel<\/h2>\n<p>Existen varios tipos de piel: normal, seca, grasa y mixta&#8230;<\/p>\n<p>La piel seca carece de l\u00edpidos, lo que debilita la barrera cut\u00e1nea y provoca deshidrataci\u00f3n.<\/p>\n<p>La piel grasa, por su parte, produce un exceso de sebo, mientras que la piel mixta presenta una combinaci\u00f3n de estas dos caracter\u00edsticas.<\/p>\n<p>La piel sensible tiene un umbral de tolerancia m\u00e1s bajo y requiere cuidados m\u00e1s suaves, mientras que la piel madura necesita cuidados espec\u00edficos para luchar contra los signos de la edad.<\/p>\n<p>Conocer su tipo de piel es esencial para elegir los productos m\u00e1s apropiados y establecer una rutina de cuidados adecuada. Una rutina personalizada permite responder a las necesidades espec\u00edficas de la piel, prevenir los problemas cut\u00e1neos, mejorar su aspecto y preservar su equilibrio natural. Utilizando los cuidados adecuados, podr\u00e1 maximizar los resultados y revelar una piel sana, radiante y perfectamente equilibrada.[\/vc_column_text][vc_btn title=&#8221;Conocer su tipo de piel&#8221; shape=&#8221;square&#8221; el_class=&#8221;green_button&#8221; link=&#8221;url:https%3A%2F%2Fform.typeform.com%2Fto%2FpYkmTQ1c%3Ftypeform-medium%3Dembed-snippet&#8221;][\/vc_column_inner][vc_column_inner width=&#8221;1\/2&#8243;][vc_single_image image=&#8221;29221&#8243; img_size=&#8221;full&#8221; alignment=&#8221;right&#8221; el_class=&#8221;text_margin&#8221;][\/vc_column_inner][\/vc_row_inner][\/vc_column][\/vc_row][vc_row et_full_width=&#8221;true&#8221; content_placement=&#8221;bottom&#8221; css=&#8221;.vc_custom_1736780572419{margin-top: 0px !important;padding-top: 80px !important;padding-bottom: 80px !important;background-color: #fce9f1 !important;}&#8221; el_class=&#8221;reassurance&#8221;][vc_column][vc_row_inner][vc_column_inner width=&#8221;1\/4&#8243;][vc_single_image image=&#8221;29069&#8243; img_size=&#8221;&#8221; add_caption=&#8221;yes&#8221; alignment=&#8221;center&#8221; el_class=&#8221;width-figcaption&#8221;][\/vc_column_inner][vc_column_inner width=&#8221;1\/4&#8243;][vc_single_image image=&#8221;29571&#8243; img_size=&#8221;&#8221; add_caption=&#8221;yes&#8221; alignment=&#8221;center&#8221; el_class=&#8221;width-figcaption&#8221;][\/vc_column_inner][vc_column_inner width=&#8221;1\/4&#8243;][vc_single_image image=&#8221;29073&#8243; img_size=&#8221;&#8221; add_caption=&#8221;yes&#8221; alignment=&#8221;center&#8221; el_id=&#8221;width-figcaption&#8221;][\/vc_column_inner][vc_column_inner width=&#8221;1\/4&#8243;][vc_single_image image=&#8221;29081&#8243; img_size=&#8221;&#8221; add_caption=&#8221;yes&#8221; alignment=&#8221;center&#8221; el_class=&#8221;width-figcaption&#8221;][\/vc_column_inner][\/vc_row_inner][\/vc_column][\/vc_row][vc_row css=&#8221;.vc_custom_1736764143856{margin-top: 120px !important;}&#8221; el_class=&#8221;instagram_footer&#8221;][vc_column][vc_column_text]\n<h2 style=\"text-align: center; text-color: #fff; margin: 0!important;\">\u00a1S\u00edguenos en Instagram!<\/h2>\n<h4 style=\"text-align: center; text-color: #fff;\">@lacurebeauteparis<\/h4>\n[\/vc_column_text][vc_raw_html]W2luc3RhZ3JhbS1mZWVkIGZlZWQ9Ml0=[\/vc_raw_html][\/vc_column][\/vc_row]\n","protected":false},"excerpt":{"rendered":"<p>[vc_row et_full_width=&#8221;true&#8221; equal_height=&#8221;yes&#8221; content_placement=&#8221;middle&#8221; el_class=&#8221;zoom-in-out-element banner_hero&#8221; css=&#8221;.vc_custom_1736848771956{background-image: url(https:\/\/www.lacurebeaute.fr\/wp-content\/uploads\/2025\/01\/banner_type_peaux.png?id=29207) !important;}&#8221;][vc_column][vc_row_inner equal_height=&#8221;yes&#8221; content_placement=&#8221;middle&#8221; el_class=&#8221;slide_diag&#8221;][vc_column_inner width=&#8221;1\/2&#8243;][\/vc_column_inner][vc_column_inner width=&#8221;1\/2&#8243;][vc_column_text] \u00bfQuiere saber cu\u00e1l es su tipo de piel? Entonces, \u00a1est\u00e1 en el lugar correcto! Descubra su resultado en menos de 5 minutos.[\/vc_column_text][\/vc_column_inner][\/vc_row_inner][\/vc_column][\/vc_row][vc_row et_full_width=&#8221;true&#8221; css=&#8221;.vc_custom_1737018143800{background-image: url(https:\/\/www.lacurebeaute.fr\/wp-content\/uploads\/2025\/01\/fleurs_bg_type_peaux.png?id=29224) !important;background-position: center !important;background-repeat: no-repeat !important;background-size: cover !important;}&#8221; el_class=&#8221;flower-background&#8221;][vc_column][vc_row_inner][vc_column_inner width=&#8221;1\/2&#8243;][vc_column_text el_class=&#8221;text_margin&#8221;] Tipos&hellip;<\/p>\n","protected":false},"author":7,"featured_media":0,"parent":0,"menu_order":0,"comment_status":"closed","ping_status":"closed","template":"","meta":{"footnotes":""},"yoast_head":"<!-- This site is optimized with the Yoast SEO plugin v23.5 - https:\/\/yoast.com\/wordpress\/plugins\/seo\/ -->\n<title>La Cure Beaut\u00e9 | \u00bfQuiere saber cu\u00e1l es su tipo de piel?<\/title>\n<meta name=\"robots\" content=\"index, follow, max-snippet:-1, max-image-preview:large, max-video-preview:-1\" \/>\n<link rel=\"canonical\" href=\"https:\/\/www.lacurebeaute.fr\/es\/diagnostico-cutaneo\/\" \/>\n<meta property=\"og:locale\" content=\"es_ES\" \/>\n<meta property=\"og:type\" content=\"article\" \/>\n<meta property=\"og:title\" content=\"La Cure Beaut\u00e9 | \u00bfQuiere saber cu\u00e1l es su tipo de piel?\" \/>\n<meta property=\"og:description\" content=\"[vc_row et_full_width=&#8221;true&#8221; equal_height=&#8221;yes&#8221; content_placement=&#8221;middle&#8221; el_class=&#8221;zoom-in-out-element banner_hero&#8221; css=&#8221;.vc_custom_1736848771956{background-image: url(https:\/\/www.lacurebeaute.fr\/wp-content\/uploads\/2025\/01\/banner_type_peaux.png?id=29207) !important;}&#8221;][vc_column][vc_row_inner equal_height=&#8221;yes&#8221; content_placement=&#8221;middle&#8221; el_class=&#8221;slide_diag&#8221;][vc_column_inner width=&#8221;1\/2&#8243;][\/vc_column_inner][vc_column_inner width=&#8221;1\/2&#8243;][vc_column_text] \u00bfQuiere saber cu\u00e1l es su tipo de piel? Entonces, \u00a1est\u00e1 en el lugar correcto! Descubra su resultado en menos de 5 minutos.[\/vc_column_text][\/vc_column_inner][\/vc_row_inner][\/vc_column][\/vc_row][vc_row et_full_width=&#8221;true&#8221; css=&#8221;.vc_custom_1737018143800{background-image: url(https:\/\/www.lacurebeaute.fr\/wp-content\/uploads\/2025\/01\/fleurs_bg_type_peaux.png?id=29224) !important;background-position: center !important;background-repeat: no-repeat !important;background-size: cover !important;}&#8221; el_class=&#8221;flower-background&#8221;][vc_column][vc_row_inner][vc_column_inner width=&#8221;1\/2&#8243;][vc_column_text el_class=&#8221;text_margin&#8221;] Tipos&hellip;\" \/>\n<meta property=\"og:url\" content=\"https:\/\/www.lacurebeaute.fr\/es\/diagnostico-cutaneo\/\" \/>\n<meta property=\"og:site_name\" content=\"La Cure Beaut\u00e9\" \/>\n<meta property=\"article:modified_time\" content=\"2025-01-31T14:58:18+00:00\" \/>\n<meta name=\"twitter:card\" content=\"summary_large_image\" \/>\n<meta name=\"twitter:label1\" content=\"Tiempo de lectura\" \/>\n\t<meta name=\"twitter:data1\" content=\"2 minutos\" \/>\n<script type=\"application\/ld+json\" class=\"yoast-schema-graph\">{\"@context\":\"https:\/\/schema.org\",\"@graph\":[{\"@type\":\"WebPage\",\"@id\":\"https:\/\/www.lacurebeaute.fr\/es\/diagnostico-cutaneo\/\",\"url\":\"https:\/\/www.lacurebeaute.fr\/es\/diagnostico-cutaneo\/\",\"name\":\"La Cure Beaut\u00e9 | \u00bfQuiere saber cu\u00e1l es su tipo de piel?\",\"isPartOf\":{\"@id\":\"https:\/\/www.lacurebeaute.fr\/es\/#website\"},\"datePublished\":\"2025-01-23T13:23:50+00:00\",\"dateModified\":\"2025-01-31T14:58:18+00:00\",\"breadcrumb\":{\"@id\":\"https:\/\/www.lacurebeaute.fr\/es\/diagnostico-cutaneo\/#breadcrumb\"},\"inLanguage\":\"es\",\"potentialAction\":[{\"@type\":\"ReadAction\",\"target\":[\"https:\/\/www.lacurebeaute.fr\/es\/diagnostico-cutaneo\/\"]}]},{\"@type\":\"BreadcrumbList\",\"@id\":\"https:\/\/www.lacurebeaute.fr\/es\/diagnostico-cutaneo\/#breadcrumb\",\"itemListElement\":[{\"@type\":\"ListItem\",\"position\":1,\"name\":\"Accueil\",\"item\":\"https:\/\/www.lacurebeaute.fr\/es\/\"},{\"@type\":\"ListItem\",\"position\":2,\"name\":\"Diagnostic de peau 2024 ES\"}]},{\"@type\":\"WebSite\",\"@id\":\"https:\/\/www.lacurebeaute.fr\/es\/#website\",\"url\":\"https:\/\/www.lacurebeaute.fr\/es\/\",\"name\":\"La Cure Beaut\u00e9\",\"description\":\"La marque de soins entre copines, naturelle et efficace\",\"potentialAction\":[{\"@type\":\"SearchAction\",\"target\":{\"@type\":\"EntryPoint\",\"urlTemplate\":\"https:\/\/www.lacurebeaute.fr\/es\/?s={search_term_string}\"},\"query-input\":{\"@type\":\"PropertyValueSpecification\",\"valueRequired\":true,\"valueName\":\"search_term_string\"}}],\"inLanguage\":\"es\"}]}<\/script>\n<!-- \/ Yoast SEO plugin. -->","yoast_head_json":{"title":"La Cure Beaut\u00e9 | \u00bfQuiere saber cu\u00e1l es su tipo de piel?","robots":{"index":"index","follow":"follow","max-snippet":"max-snippet:-1","max-image-preview":"max-image-preview:large","max-video-preview":"max-video-preview:-1"},"canonical":"https:\/\/www.lacurebeaute.fr\/es\/diagnostico-cutaneo\/","og_locale":"es_ES","og_type":"article","og_title":"La Cure Beaut\u00e9 | \u00bfQuiere saber cu\u00e1l es su tipo de piel?","og_description":"[vc_row et_full_width=&#8221;true&#8221; equal_height=&#8221;yes&#8221; content_placement=&#8221;middle&#8221; el_class=&#8221;zoom-in-out-element banner_hero&#8221; css=&#8221;.vc_custom_1736848771956{background-image: url(https:\/\/www.lacurebeaute.fr\/wp-content\/uploads\/2025\/01\/banner_type_peaux.png?id=29207) !important;}&#8221;][vc_column][vc_row_inner equal_height=&#8221;yes&#8221; content_placement=&#8221;middle&#8221; el_class=&#8221;slide_diag&#8221;][vc_column_inner width=&#8221;1\/2&#8243;][\/vc_column_inner][vc_column_inner width=&#8221;1\/2&#8243;][vc_column_text] \u00bfQuiere saber cu\u00e1l es su tipo de piel? Entonces, \u00a1est\u00e1 en el lugar correcto! Descubra su resultado en menos de 5 minutos.[\/vc_column_text][\/vc_column_inner][\/vc_row_inner][\/vc_column][\/vc_row][vc_row et_full_width=&#8221;true&#8221; css=&#8221;.vc_custom_1737018143800{background-image: url(https:\/\/www.lacurebeaute.fr\/wp-content\/uploads\/2025\/01\/fleurs_bg_type_peaux.png?id=29224) !important;background-position: center !important;background-repeat: no-repeat !important;background-size: cover !important;}&#8221; el_class=&#8221;flower-background&#8221;][vc_column][vc_row_inner][vc_column_inner width=&#8221;1\/2&#8243;][vc_column_text el_class=&#8221;text_margin&#8221;] Tipos&hellip;","og_url":"https:\/\/www.lacurebeaute.fr\/es\/diagnostico-cutaneo\/","og_site_name":"La Cure Beaut\u00e9","article_modified_time":"2025-01-31T14:58:18+00:00","twitter_card":"summary_large_image","twitter_misc":{"Tiempo de lectura":"2 minutos"},"schema":{"@context":"https:\/\/schema.org","@graph":[{"@type":"WebPage","@id":"https:\/\/www.lacurebeaute.fr\/es\/diagnostico-cutaneo\/","url":"https:\/\/www.lacurebeaute.fr\/es\/diagnostico-cutaneo\/","name":"La Cure Beaut\u00e9 | \u00bfQuiere saber cu\u00e1l es su tipo de piel?","isPartOf":{"@id":"https:\/\/www.lacurebeaute.fr\/es\/#website"},"datePublished":"2025-01-23T13:23:50+00:00","dateModified":"2025-01-31T14:58:18+00:00","breadcrumb":{"@id":"https:\/\/www.lacurebeaute.fr\/es\/diagnostico-cutaneo\/#breadcrumb"},"inLanguage":"es","potentialAction":[{"@type":"ReadAction","target":["https:\/\/www.lacurebeaute.fr\/es\/diagnostico-cutaneo\/"]}]},{"@type":"BreadcrumbList","@id":"https:\/\/www.lacurebeaute.fr\/es\/diagnostico-cutaneo\/#breadcrumb","itemListElement":[{"@type":"ListItem","position":1,"name":"Accueil","item":"https:\/\/www.lacurebeaute.fr\/es\/"},{"@type":"ListItem","position":2,"name":"Diagnostic de peau 2024 ES"}]},{"@type":"WebSite","@id":"https:\/\/www.lacurebeaute.fr\/es\/#website","url":"https:\/\/www.lacurebeaute.fr\/es\/","name":"La Cure Beaut\u00e9","description":"La marque de soins entre copines, naturelle et efficace","potentialAction":[{"@type":"SearchAction","target":{"@type":"EntryPoint","urlTemplate":"https:\/\/www.lacurebeaute.fr\/es\/?s={search_term_string}"},"query-input":{"@type":"PropertyValueSpecification","valueRequired":true,"valueName":"search_term_string"}}],"inLanguage":"es"}]}},"_links":{"self":[{"href":"https:\/\/www.lacurebeaute.fr\/es\/wp-json\/wp\/v2\/pages\/29655"}],"collection":[{"href":"https:\/\/www.lacurebeaute.fr\/es\/wp-json\/wp\/v2\/pages"}],"about":[{"href":"https:\/\/www.lacurebeaute.fr\/es\/wp-json\/wp\/v2\/types\/page"}],"author":[{"embeddable":true,"href":"https:\/\/www.lacurebeaute.fr\/es\/wp-json\/wp\/v2\/users\/7"}],"replies":[{"embeddable":true,"href":"https:\/\/www.lacurebeaute.fr\/es\/wp-json\/wp\/v2\/comments?post=29655"}],"version-history":[{"count":9,"href":"https:\/\/www.lacurebeaute.fr\/es\/wp-json\/wp\/v2\/pages\/29655\/revisions"}],"predecessor-version":[{"id":30457,"href":"https:\/\/www.lacurebeaute.fr\/es\/wp-json\/wp\/v2\/pages\/29655\/revisions\/30457"}],"wp:attachment":[{"href":"https:\/\/www.lacurebeaute.fr\/es\/wp-json\/wp\/v2\/media?parent=29655"}],"curies":[{"name":"wp","href":"https:\/\/api.w.org\/{rel}","templated":true}]}}