{"id":19296,"date":"2021-02-24T16:56:17","date_gmt":"2021-02-24T15:56:17","guid":{"rendered":"https:\/\/www.lacurebeaute.fr\/produit\/gentle-cleansing-foam\/"},"modified":"2026-01-08T19:09:09","modified_gmt":"2026-01-08T18:09:09","slug":"gentle-cleansing-foam","status":"publish","type":"product","link":"https:\/\/www.lacurebeaute.fr\/es\/produit\/gentle-cleansing-foam\/","title":{"rendered":"Gentle Cleansing Foam"},"content":{"rendered":"[vc_row el_class=&#8221;spacing-lg benefits&#8221;][vc_column width=&#8221;1\/2&#8243; animation=&#8221;animation bottom-to-top&#8221;]\t<div id=\"et-image-627\" class=\"et-image   benefits-img  et_image_link\">\n\t\t<div class=\"et-image-inner \">\n\t\t\t\t\t\t\t<div class=\"et-image-thumb \">\n\t\t\t\t\t<img decoding=\"async\" width=\"1792\" height=\"2168\" src=\"https:\/\/www.lacurebeaute.fr\/wp-content\/uploads\/2021\/02\/9901-\u2013-7.png\" class=\"attachment-full size-full\" alt=\"\" srcset=\"https:\/\/www.lacurebeaute.fr\/wp-content\/uploads\/2021\/02\/9901-\u2013-7.png 1792w, https:\/\/www.lacurebeaute.fr\/wp-content\/uploads\/2021\/02\/9901-\u2013-7-248x300.png 248w, https:\/\/www.lacurebeaute.fr\/wp-content\/uploads\/2021\/02\/9901-\u2013-7-846x1024.png 846w, https:\/\/www.lacurebeaute.fr\/wp-content\/uploads\/2021\/02\/9901-\u2013-7-768x929.png 768w, https:\/\/www.lacurebeaute.fr\/wp-content\/uploads\/2021\/02\/9901-\u2013-7-79x96.png 79w, https:\/\/www.lacurebeaute.fr\/wp-content\/uploads\/2021\/02\/9901-\u2013-7-35x42.png 35w, https:\/\/www.lacurebeaute.fr\/wp-content\/uploads\/2021\/02\/9901-\u2013-7-1270x1536.png 1270w, https:\/\/www.lacurebeaute.fr\/wp-content\/uploads\/2021\/02\/9901-\u2013-7-1693x2048.png 1693w, https:\/\/www.lacurebeaute.fr\/wp-content\/uploads\/2021\/02\/9901-\u2013-7-124x150.png 124w, https:\/\/www.lacurebeaute.fr\/wp-content\/uploads\/2021\/02\/9901-\u2013-7-600x726.png 600w, https:\/\/www.lacurebeaute.fr\/wp-content\/uploads\/2021\/02\/9901-\u2013-7-900x1089.png 900w\" sizes=\"(max-width: 1792px) 100vw, 1792px\" \/>\t\t\t\t<\/div>\n\t\t\t\t\t\t\t\t\t\t\t<\/div>\n\t<\/div>\n  [\/vc_column][vc_column width=&#8221;1\/2&#8243; animation=&#8221;animation bottom-to-top&#8221;][vc_column_text css=&#8221;.vc_custom_1744712096327{margin-bottom: 0px !important;}&#8221;]\n<h3 data-start=\"86\" data-end=\"147\"><strong data-start=\"86\" data-end=\"107\">Espuma Limpiadora<\/strong><\/h3>\n<h3 data-start=\"86\" data-end=\"147\"><strong data-start=\"110\" data-end=\"147\">Una limpieza suave para tu rostro<\/strong><\/h3>\n<p class=\"\" data-start=\"149\" data-end=\"285\">Ideal para todo tipo de pieles, esta espuma limpiadora combina eficacia y suavidad para ofrecer a tu rostro un momento de cuidado \u00fanico.<\/p>\n<p class=\"\" data-start=\"287\" data-end=\"451\">Su textura ligera y aireada se desliza suavemente sobre la piel, eliminando en un solo gesto los restos de maquillaje y las impurezas acumuladas a lo largo del d\u00eda.<\/p>\n[\/vc_column_text][\/vc_column][\/vc_row][vc_row el_class=&#8221;spacing-lg application&#8221;][vc_column][vc_row_inner][vc_column_inner][vc_column_text animation=&#8221;animation bottom-to-top&#8221; css=&#8221;.vc_custom_1633523027427{margin-bottom: 0px !important;}&#8221;]\n<h3 style=\"text-align: center;\"><label class=\"fancy-tag\">Aplicaci\u00f3n<\/label><\/h3>\n<h2 style=\"text-align: center;\">Por la Ma\u00f1ana y por la Tarde<\/h2>\n[\/vc_column_text][\/vc_column_inner][\/vc_row_inner]\t<div id=\"et-content-carousel-82\" class=\"row et-content-carousel slick slick-slider regular-padding  \" data-center=\"\" data-columns=\"3\" data-autoplay=\"\" data-fade=\"false\" data-autoplay-speed=\"\" data-pause=\"\" data-navigation=\"\" data-pagination=\"true\" data-infinite=\"true\">\n\t\t\r\n\t<div id=\"et-iconbox-490\" class=\"et-iconbox layout-centered icon-style-image-default bottom-spacing-none icon-color- text-color- animation bottom-to-top \"> \r\n\t\t<div class=\"et-icon-inner\">\r\n\t\t\t<figure class=\"et-feature-icon\">\r\n\t\t\t\t\t\t\t\t\t<img decoding=\"async\" src=\"https:\/\/www.lacurebeaute.fr\/wp-content\/uploads\/2021\/02\/Nuage-de-Mousse-Nettoyante-step1.jpg\" alt=\"\" \/>\r\n\t\t\t\t\t\t\t<\/figure>\r\n\t\t\t<div class=\"et-feature-content\"> \r\n\t\t\t\t\t\t\t\t\t\t\t\t<div class=\"wpb_text_column\"><h4 style=\"text-align: center;\">Paso 1<\/h4>\n<p style=\"text-align: center;\"><span style=\"font-weight: 400;\">Mantenga la botella en posici\u00f3n vertical y apriete la bomba para obtener una dosis de espuma.\u00a0<\/span><\/p>\n<\/div>\r\n\t\t\t\t\t\t\t<\/div>\r\n\t\t<\/div>\r\n\t<\/div>\r\n\r\n\t\r\n\t<div id=\"et-iconbox-394\" class=\"et-iconbox layout-centered icon-style-image-default bottom-spacing-none icon-color- text-color- animation bottom-to-top \"> \r\n\t\t<div class=\"et-icon-inner\">\r\n\t\t\t<figure class=\"et-feature-icon\">\r\n\t\t\t\t\t\t\t\t\t<img decoding=\"async\" src=\"https:\/\/www.lacurebeaute.fr\/wp-content\/uploads\/2021\/02\/Nuage-de-Mousse-Nettoyante-step2.jpg\" alt=\"\" \/>\r\n\t\t\t\t\t\t\t<\/figure>\r\n\t\t\t<div class=\"et-feature-content\"> \r\n\t\t\t\t\t\t\t\t\t\t\t\t<div class=\"wpb_text_column\"><h4 style=\"text-align: center;\">Paso 2<\/h4>\n<p style=\"text-align: center;\"><span style=\"font-weight: 400;\">Aplique la espuma sobre la piel h\u00fameda y masajee con movimientos circulares por todo el rostro. Aclare bien.<\/span><\/p>\n<\/div>\r\n\t\t\t\t\t\t\t<\/div>\r\n\t\t<\/div>\r\n\t<\/div>\r\n\r\n\t\r\n\t<div id=\"et-iconbox-124\" class=\"et-iconbox layout-centered icon-style-image-default bottom-spacing-none icon-color- text-color- animation bottom-to-top \"> \r\n\t\t<div class=\"et-icon-inner\">\r\n\t\t\t<figure class=\"et-feature-icon\">\r\n\t\t\t\t\t\t\t\t\t<img decoding=\"async\" src=\"https:\/\/www.lacurebeaute.fr\/wp-content\/uploads\/2021\/02\/Nuage-de-Mousse-Nettoyante-step3.jpg\" alt=\"\" \/>\r\n\t\t\t\t\t\t\t<\/figure>\r\n\t\t\t<div class=\"et-feature-content\"> \r\n\t\t\t\t\t\t\t\t\t\t\t\t<div class=\"wpb_text_column\"><h4 style=\"text-align: center;\">Paso 3<\/h4>\n<p style=\"text-align: center;\"><span style=\"font-weight: 400;\">Despu\u00e9s de secar su piel, aplique su tratamiento de d\u00eda o de noche.<\/span><\/p>\n<\/div>\r\n\t\t\t\t\t\t\t<\/div>\r\n\t\t<\/div>\r\n\t<\/div>\r\n\r\n\t\t<\/div>\n\t\t\n\t[\/vc_column][\/vc_row]\n","protected":false},"excerpt":{"rendered":"<p>Adaptada a todo tipo de pieles, esta espuma limpiadora combina suavidad y eficacia para ofrecer un verdadero momento de cuidado a tu rostro.<br \/>\nSu textura aireada y ligera envuelve la piel, eliminando en un solo gesto el maquillaje y las impurezas acumuladas a lo largo del d\u00eda.<br \/>\nCompuesta por un 96 % de ingredientes de origen natural, \u00a1se convertir\u00e1 en tu nuevo imprescindible de belleza!<\/p>\n<div class=\"product-desc-infos\">[acf field='product_description_naturality_title'] \u00b7 96%<br \/>\n[acf field='product_description_skin_title'] \u00b7 <span class=\"gz-product-inject-skin\">Todo tipo de piel<\/span><br \/>\n[acf field='product_description_ref_title'] \u00b7 150ml<\/div>\n","protected":false},"featured_media":28906,"comment_status":"closed","ping_status":"closed","template":"","meta":[],"product_cat":[628,631,632,629,630],"product_tag":[],"yoast_head":"<!-- This site is optimized with the Yoast SEO plugin v23.5 - https:\/\/yoast.com\/wordpress\/plugins\/seo\/ -->\n<title>Nettoyant mousse | Nettoie, D\u00e9maquille et D\u00e9toxifie<\/title>\n<meta name=\"description\" content=\"Impuret\u00e9s, s\u00e9bum, maquillage\u2026 pour nettoyer mais aussi d\u00e9maquiller ta peau d\u00e9couvre notre nettoyant mousse La Cure Beaut\u00e9\" \/>\n<meta name=\"robots\" content=\"index, follow, max-snippet:-1, max-image-preview:large, max-video-preview:-1\" \/>\n<link rel=\"canonical\" href=\"https:\/\/www.lacurebeaute.fr\/es\/produit\/gentle-cleansing-foam\/\" \/>\n<meta property=\"og:locale\" content=\"es_ES\" \/>\n<meta property=\"og:type\" content=\"article\" \/>\n<meta property=\"og:title\" content=\"Nettoyant mousse | Nettoie, D\u00e9maquille et D\u00e9toxifie\" \/>\n<meta property=\"og:description\" content=\"Impuret\u00e9s, s\u00e9bum, maquillage\u2026 pour nettoyer mais aussi d\u00e9maquiller ta peau d\u00e9couvre notre nettoyant mousse La Cure Beaut\u00e9\" \/>\n<meta property=\"og:url\" content=\"https:\/\/www.lacurebeaute.fr\/es\/produit\/gentle-cleansing-foam\/\" \/>\n<meta property=\"og:site_name\" content=\"La Cure Beaut\u00e9\" \/>\n<meta property=\"article:modified_time\" content=\"2026-01-08T18:09:09+00:00\" \/>\n<meta property=\"og:image\" content=\"https:\/\/www.lacurebeaute.fr\/wp-content\/uploads\/2021\/02\/9901-\u2013-3-1-971x1024.png\" \/>\n\t<meta property=\"og:image:width\" content=\"971\" \/>\n\t<meta property=\"og:image:height\" content=\"1024\" \/>\n\t<meta property=\"og:image:type\" content=\"image\/png\" \/>\n<meta name=\"twitter:card\" content=\"summary_large_image\" \/>\n<meta name=\"twitter:label1\" content=\"Tiempo de lectura\" \/>\n\t<meta name=\"twitter:data1\" content=\"2 minutos\" \/>\n<script type=\"application\/ld+json\" class=\"yoast-schema-graph\">{\"@context\":\"https:\/\/schema.org\",\"@graph\":[{\"@type\":\"WebPage\",\"@id\":\"https:\/\/www.lacurebeaute.fr\/es\/produit\/gentle-cleansing-foam\/\",\"url\":\"https:\/\/www.lacurebeaute.fr\/es\/produit\/gentle-cleansing-foam\/\",\"name\":\"Nettoyant mousse | Nettoie, D\u00e9maquille et D\u00e9toxifie\",\"isPartOf\":{\"@id\":\"https:\/\/www.lacurebeaute.fr\/es\/#website\"},\"primaryImageOfPage\":{\"@id\":\"https:\/\/www.lacurebeaute.fr\/es\/produit\/gentle-cleansing-foam\/#primaryimage\"},\"image\":{\"@id\":\"https:\/\/www.lacurebeaute.fr\/es\/produit\/gentle-cleansing-foam\/#primaryimage\"},\"thumbnailUrl\":\"https:\/\/www.lacurebeaute.fr\/wp-content\/uploads\/2021\/02\/9901-\u2013-3-1-scaled.png\",\"datePublished\":\"2021-02-24T15:56:17+00:00\",\"dateModified\":\"2026-01-08T18:09:09+00:00\",\"description\":\"Impuret\u00e9s, s\u00e9bum, maquillage\u2026 pour nettoyer mais aussi d\u00e9maquiller ta peau d\u00e9couvre notre nettoyant mousse La Cure Beaut\u00e9\",\"breadcrumb\":{\"@id\":\"https:\/\/www.lacurebeaute.fr\/es\/produit\/gentle-cleansing-foam\/#breadcrumb\"},\"inLanguage\":\"es\",\"potentialAction\":[{\"@type\":\"ReadAction\",\"target\":[\"https:\/\/www.lacurebeaute.fr\/es\/produit\/gentle-cleansing-foam\/\"]}]},{\"@type\":\"ImageObject\",\"inLanguage\":\"es\",\"@id\":\"https:\/\/www.lacurebeaute.fr\/es\/produit\/gentle-cleansing-foam\/#primaryimage\",\"url\":\"https:\/\/www.lacurebeaute.fr\/wp-content\/uploads\/2021\/02\/9901-\u2013-3-1-scaled.png\",\"contentUrl\":\"https:\/\/www.lacurebeaute.fr\/wp-content\/uploads\/2021\/02\/9901-\u2013-3-1-scaled.png\",\"width\":2800,\"height\":2952},{\"@type\":\"BreadcrumbList\",\"@id\":\"https:\/\/www.lacurebeaute.fr\/es\/produit\/gentle-cleansing-foam\/#breadcrumb\",\"itemListElement\":[{\"@type\":\"ListItem\",\"position\":1,\"name\":\"Accueil\",\"item\":\"https:\/\/www.lacurebeaute.fr\/es\/\"},{\"@type\":\"ListItem\",\"position\":2,\"name\":\"Tienda\",\"item\":\"https:\/\/www.lacurebeaute.fr\/es\/tienda\/\"},{\"@type\":\"ListItem\",\"position\":3,\"name\":\"Gentle Cleansing Foam\"}]},{\"@type\":\"WebSite\",\"@id\":\"https:\/\/www.lacurebeaute.fr\/es\/#website\",\"url\":\"https:\/\/www.lacurebeaute.fr\/es\/\",\"name\":\"La Cure Beaut\u00e9\",\"description\":\"La marque de soins entre copines, naturelle et efficace\",\"potentialAction\":[{\"@type\":\"SearchAction\",\"target\":{\"@type\":\"EntryPoint\",\"urlTemplate\":\"https:\/\/www.lacurebeaute.fr\/es\/?s={search_term_string}\"},\"query-input\":{\"@type\":\"PropertyValueSpecification\",\"valueRequired\":true,\"valueName\":\"search_term_string\"}}],\"inLanguage\":\"es\"}]}<\/script>\n<!-- \/ Yoast SEO plugin. -->","yoast_head_json":{"title":"Nettoyant mousse | Nettoie, D\u00e9maquille et D\u00e9toxifie","description":"Impuret\u00e9s, s\u00e9bum, maquillage\u2026 pour nettoyer mais aussi d\u00e9maquiller ta peau d\u00e9couvre notre nettoyant mousse La Cure Beaut\u00e9","robots":{"index":"index","follow":"follow","max-snippet":"max-snippet:-1","max-image-preview":"max-image-preview:large","max-video-preview":"max-video-preview:-1"},"canonical":"https:\/\/www.lacurebeaute.fr\/es\/produit\/gentle-cleansing-foam\/","og_locale":"es_ES","og_type":"article","og_title":"Nettoyant mousse | Nettoie, D\u00e9maquille et D\u00e9toxifie","og_description":"Impuret\u00e9s, s\u00e9bum, maquillage\u2026 pour nettoyer mais aussi d\u00e9maquiller ta peau d\u00e9couvre notre nettoyant mousse La Cure Beaut\u00e9","og_url":"https:\/\/www.lacurebeaute.fr\/es\/produit\/gentle-cleansing-foam\/","og_site_name":"La Cure Beaut\u00e9","article_modified_time":"2026-01-08T18:09:09+00:00","og_image":[{"width":971,"height":1024,"url":"https:\/\/www.lacurebeaute.fr\/wp-content\/uploads\/2021\/02\/9901-\u2013-3-1-971x1024.png","type":"image\/png"}],"twitter_card":"summary_large_image","twitter_misc":{"Tiempo de lectura":"2 minutos"},"schema":{"@context":"https:\/\/schema.org","@graph":[{"@type":"WebPage","@id":"https:\/\/www.lacurebeaute.fr\/es\/produit\/gentle-cleansing-foam\/","url":"https:\/\/www.lacurebeaute.fr\/es\/produit\/gentle-cleansing-foam\/","name":"Nettoyant mousse | Nettoie, D\u00e9maquille et D\u00e9toxifie","isPartOf":{"@id":"https:\/\/www.lacurebeaute.fr\/es\/#website"},"primaryImageOfPage":{"@id":"https:\/\/www.lacurebeaute.fr\/es\/produit\/gentle-cleansing-foam\/#primaryimage"},"image":{"@id":"https:\/\/www.lacurebeaute.fr\/es\/produit\/gentle-cleansing-foam\/#primaryimage"},"thumbnailUrl":"https:\/\/www.lacurebeaute.fr\/wp-content\/uploads\/2021\/02\/9901-\u2013-3-1-scaled.png","datePublished":"2021-02-24T15:56:17+00:00","dateModified":"2026-01-08T18:09:09+00:00","description":"Impuret\u00e9s, s\u00e9bum, maquillage\u2026 pour nettoyer mais aussi d\u00e9maquiller ta peau d\u00e9couvre notre nettoyant mousse La Cure Beaut\u00e9","breadcrumb":{"@id":"https:\/\/www.lacurebeaute.fr\/es\/produit\/gentle-cleansing-foam\/#breadcrumb"},"inLanguage":"es","potentialAction":[{"@type":"ReadAction","target":["https:\/\/www.lacurebeaute.fr\/es\/produit\/gentle-cleansing-foam\/"]}]},{"@type":"ImageObject","inLanguage":"es","@id":"https:\/\/www.lacurebeaute.fr\/es\/produit\/gentle-cleansing-foam\/#primaryimage","url":"https:\/\/www.lacurebeaute.fr\/wp-content\/uploads\/2021\/02\/9901-\u2013-3-1-scaled.png","contentUrl":"https:\/\/www.lacurebeaute.fr\/wp-content\/uploads\/2021\/02\/9901-\u2013-3-1-scaled.png","width":2800,"height":2952},{"@type":"BreadcrumbList","@id":"https:\/\/www.lacurebeaute.fr\/es\/produit\/gentle-cleansing-foam\/#breadcrumb","itemListElement":[{"@type":"ListItem","position":1,"name":"Accueil","item":"https:\/\/www.lacurebeaute.fr\/es\/"},{"@type":"ListItem","position":2,"name":"Tienda","item":"https:\/\/www.lacurebeaute.fr\/es\/tienda\/"},{"@type":"ListItem","position":3,"name":"Gentle Cleansing Foam"}]},{"@type":"WebSite","@id":"https:\/\/www.lacurebeaute.fr\/es\/#website","url":"https:\/\/www.lacurebeaute.fr\/es\/","name":"La Cure Beaut\u00e9","description":"La marque de soins entre copines, naturelle et efficace","potentialAction":[{"@type":"SearchAction","target":{"@type":"EntryPoint","urlTemplate":"https:\/\/www.lacurebeaute.fr\/es\/?s={search_term_string}"},"query-input":{"@type":"PropertyValueSpecification","valueRequired":true,"valueName":"search_term_string"}}],"inLanguage":"es"}]}},"_links":{"self":[{"href":"https:\/\/www.lacurebeaute.fr\/es\/wp-json\/wp\/v2\/product\/19296"}],"collection":[{"href":"https:\/\/www.lacurebeaute.fr\/es\/wp-json\/wp\/v2\/product"}],"about":[{"href":"https:\/\/www.lacurebeaute.fr\/es\/wp-json\/wp\/v2\/types\/product"}],"replies":[{"embeddable":true,"href":"https:\/\/www.lacurebeaute.fr\/es\/wp-json\/wp\/v2\/comments?post=19296"}],"wp:featuredmedia":[{"embeddable":true,"href":"https:\/\/www.lacurebeaute.fr\/es\/wp-json\/wp\/v2\/media\/28906"}],"wp:attachment":[{"href":"https:\/\/www.lacurebeaute.fr\/es\/wp-json\/wp\/v2\/media?parent=19296"}],"wp:term":[{"taxonomy":"product_cat","embeddable":true,"href":"https:\/\/www.lacurebeaute.fr\/es\/wp-json\/wp\/v2\/product_cat?post=19296"},{"taxonomy":"product_tag","embeddable":true,"href":"https:\/\/www.lacurebeaute.fr\/es\/wp-json\/wp\/v2\/product_tag?post=19296"}],"curies":[{"name":"wp","href":"https:\/\/api.w.org\/{rel}","templated":true}]}}