{"id":19554,"date":"2021-03-10T09:49:26","date_gmt":"2021-03-10T08:49:26","guid":{"rendered":"https:\/\/www.lacurebeaute.fr\/produit\/night-infusion-cream\/"},"modified":"2024-08-01T09:15:16","modified_gmt":"2024-08-01T07:15:16","slug":"night-infusion-cream","status":"publish","type":"product","link":"https:\/\/www.lacurebeaute.fr\/es\/produit\/night-infusion-cream\/","title":{"rendered":"Night Infusion Cream"},"content":{"rendered":"[vc_row et_row_padding=&#8221;true&#8221; css=&#8221;.vc_custom_1653922576721{background-color: #E6DFFB !important;}&#8221; el_class=&#8221;bg-full pink spacing-lg percents&#8221;][vc_column]\t<div id=\"et-content-carousel-37\" class=\"row et-content-carousel slick slick-slider no-padding  \" data-center=\"\" data-columns=\"3\" data-autoplay=\"\" data-fade=\"false\" data-autoplay-speed=\"\" data-pause=\"\" data-navigation=\"\" data-pagination=\"true\" data-infinite=\"true\">\n\t\t[vc_row_inner][vc_column_inner]\n\t<div id=\"et-counter-6a07026b4d244\" class=\"et-counter animation bottom-to-top counter-color-custom icon-color- text-color-custom counter-top\" >\n\t\t\t\t\t<div class=\"counter-container\">\n\t\t\t\t\t\t\t\t\t<div class=\"h1\" data-count=\"96\" data-speed=\"1500\">0<\/div>\n\t\t\t\t\t\t\t\t\t\t\t\t\t<h4>piel m\u00e1s hidratada*<\/h4>\n\t\t\t\t\t\t\t<\/div>\n\t\t\t\t\t\t\t\t\t\t<figure>\t\t\t\t\t<span class=\"\"><\/span>\n\t\t\t\t\t\t\t\t\t<\/figure>\n\t\t\t\t\t\t\t\n\t<\/div>\n\t[\/vc_column_inner][\/vc_row_inner][vc_row_inner][vc_column_inner]\n\t<div id=\"et-counter-6a07026b4d27c\" class=\"et-counter animation bottom-to-top counter-color-custom icon-color- text-color-custom counter-top\" >\n\t\t\t\t\t<div class=\"counter-container\">\n\t\t\t\t\t\t\t\t\t<div class=\"h1\" data-count=\"96\" data-speed=\"1500\">0<\/div>\n\t\t\t\t\t\t\t\t\t\t\t\t\t<h4>piel m\u00e1s firme*<\/h4>\n\t\t\t\t\t\t\t<\/div>\n\t\t\t\t\t\t\t\t\t\t<figure>\t\t\t\t\t<span class=\"\"><\/span>\n\t\t\t\t\t\t\t\t\t<\/figure>\n\t\t\t\t\t\t\t\n\t<\/div>\n\t[\/vc_column_inner][\/vc_row_inner][vc_row_inner][vc_column_inner]\n\t<div id=\"et-counter-6a07026b4d297\" class=\"et-counter animation bottom-to-top counter-color-custom icon-color- text-color-custom counter-top\" >\n\t\t\t\t\t<div class=\"counter-container\">\n\t\t\t\t\t\t\t\t\t<div class=\"h1\" data-count=\"92\" data-speed=\"1500\">0<\/div>\n\t\t\t\t\t\t\t\t\t\t\t\t\t<h4>piel m\u00e1s lisa*<\/h4>\n\t\t\t\t\t\t\t<\/div>\n\t\t\t\t\t\t\t\t\t\t<figure>\t\t\t\t\t<span class=\"\"><\/span>\n\t\t\t\t\t\t\t\t\t<\/figure>\n\t\t\t\t\t\t\t\n\t<\/div>\n\t[\/vc_column_inner][\/vc_row_inner]\t<\/div>\n\t\t\n\t[\/vc_column][\/vc_row][vc_row el_class=&#8221;spacing-lg benefits&#8221;][vc_column width=&#8221;1\/2&#8243; animation=&#8221;animation bottom-to-top&#8221;]\t<div id=\"et-image-900\" class=\"et-image   benefits-img  et_image_link\">\n\t\t<div class=\"et-image-inner \">\n\t\t\t\t\t\t\t<div class=\"et-image-thumb \">\n\t\t\t\t\t<img decoding=\"async\" width=\"1792\" height=\"2168\" src=\"https:\/\/www.lacurebeaute.fr\/wp-content\/uploads\/2021\/03\/9906-6.png\" class=\"attachment-full size-full\" alt=\"\" srcset=\"https:\/\/www.lacurebeaute.fr\/wp-content\/uploads\/2021\/03\/9906-6.png 1792w, https:\/\/www.lacurebeaute.fr\/wp-content\/uploads\/2021\/03\/9906-6-248x300.png 248w, https:\/\/www.lacurebeaute.fr\/wp-content\/uploads\/2021\/03\/9906-6-846x1024.png 846w, https:\/\/www.lacurebeaute.fr\/wp-content\/uploads\/2021\/03\/9906-6-768x929.png 768w, https:\/\/www.lacurebeaute.fr\/wp-content\/uploads\/2021\/03\/9906-6-79x96.png 79w, https:\/\/www.lacurebeaute.fr\/wp-content\/uploads\/2021\/03\/9906-6-35x42.png 35w, https:\/\/www.lacurebeaute.fr\/wp-content\/uploads\/2021\/03\/9906-6-1270x1536.png 1270w, https:\/\/www.lacurebeaute.fr\/wp-content\/uploads\/2021\/03\/9906-6-1693x2048.png 1693w, https:\/\/www.lacurebeaute.fr\/wp-content\/uploads\/2021\/03\/9906-6-124x150.png 124w, https:\/\/www.lacurebeaute.fr\/wp-content\/uploads\/2021\/03\/9906-6-600x726.png 600w, https:\/\/www.lacurebeaute.fr\/wp-content\/uploads\/2021\/03\/9906-6-900x1089.png 900w\" sizes=\"(max-width: 1792px) 100vw, 1792px\" \/>\t\t\t\t<\/div>\n\t\t\t\t\t\t\t\t\t\t\t<\/div>\n\t<\/div>\n  [\/vc_column][vc_column width=&#8221;1\/2&#8243; animation=&#8221;animation bottom-to-top&#8221;][vc_column_text css=&#8221;.vc_custom_1710319983917{margin-bottom: 0px !important;}&#8221;]\n<h3 style=\"text-align: left;\"><label class=\"fancy-tag\">Crema de noche<\/label><\/h3>\n<h2>Despi\u00e9rtese con una piel luminosa<\/h2>\n<p>La crema de noche antiedad Night Infusion ha sido concebida para aportar a su rostro el cuidado diario que realmente se merece mientras duerme. Su f\u00f3rmula, compuesta por un 90,1% de ingredientes de origen natural, alisa los rasgos, nutre la piel y la hidrata.<\/p>\n<p>Al despertar, el rostro luce m\u00e1s firme, los rasgos descansados, la tez fresca y lista para empezar un nuevo d\u00eda.<\/p>\n<p><strong>Especificidades:<\/strong><\/p>\n<ul>\n<li>Dermatol\u00f3gicamente probado<\/li>\n<\/ul>\n[\/vc_column_text][\/vc_column][\/vc_row][vc_row el_class=&#8221;spacing-lg application&#8221;][vc_column][vc_row_inner][vc_column_inner][vc_column_text animation=&#8221;animation bottom-to-top&#8221; css=&#8221;.vc_custom_1633515574338{margin-bottom: 0px !important;}&#8221;]\n<h3 style=\"text-align: center;\"><label class=\"fancy-tag\">Aplicaci\u00f3n<\/label><\/h3>\n<h2 style=\"text-align: center;\">Cada noche<\/h2>\n[\/vc_column_text][\/vc_column_inner][\/vc_row_inner]\t<div id=\"et-content-carousel-114\" class=\"row et-content-carousel slick slick-slider regular-padding  \" data-center=\"\" data-columns=\"3\" data-autoplay=\"\" data-fade=\"false\" data-autoplay-speed=\"\" data-pause=\"\" data-navigation=\"\" data-pagination=\"true\" data-infinite=\"true\">\n\t\t\r\n\t<div id=\"et-iconbox-534\" class=\"et-iconbox layout-centered icon-style-image-default bottom-spacing-none icon-color- text-color- animation bottom-to-top \"> \r\n\t\t<div class=\"et-icon-inner\">\r\n\t\t\t<figure class=\"et-feature-icon\">\r\n\t\t\t\t\t\t\t\t\t<img decoding=\"async\" src=\"https:\/\/www.lacurebeaute.fr\/wp-content\/uploads\/2021\/03\/creme-de-nuit-anti-age-step1.jpg\" alt=\"\" \/>\r\n\t\t\t\t\t\t\t<\/figure>\r\n\t\t\t<div class=\"et-feature-content\"> \r\n\t\t\t\t\t\t\t\t\t\t\t\t<div class=\"wpb_text_column\"><h4 style=\"text-align: center;\">Paso 1<\/h4>\n<p style=\"text-align: center;\"><span style=\"font-weight: 400;\">Despu\u00e9s de limpiar el rostro y aplicar el suero, aplique un poco de la crema de noche<\/span><\/p>\n<\/div>\r\n\t\t\t\t\t\t\t<\/div>\r\n\t\t<\/div>\r\n\t<\/div>\r\n\r\n\t\r\n\t<div id=\"et-iconbox-190\" class=\"et-iconbox layout-centered icon-style-image-default bottom-spacing-none icon-color- text-color- animation bottom-to-top \"> \r\n\t\t<div class=\"et-icon-inner\">\r\n\t\t\t<figure class=\"et-feature-icon\">\r\n\t\t\t\t\t\t\t\t\t<img decoding=\"async\" src=\"https:\/\/www.lacurebeaute.fr\/wp-content\/uploads\/2021\/03\/Eyelift-Serum-Yeux-Effet-Liftant-step3.jpg\" alt=\"\" \/>\r\n\t\t\t\t\t\t\t<\/figure>\r\n\t\t\t<div class=\"et-feature-content\"> \r\n\t\t\t\t\t\t\t\t\t\t\t\t<div class=\"wpb_text_column\"><h4 style=\"text-align: center;\">Paso 2<\/h4>\n<p style=\"text-align: center;\"><span style=\"font-weight: 400;\">Aplique la crema con las puntas de los dedos en movimientos circulares por todo el rostro<\/span><\/p>\n<\/div>\r\n\t\t\t\t\t\t\t<\/div>\r\n\t\t<\/div>\r\n\t<\/div>\r\n\r\n\t\r\n\t<div id=\"et-iconbox-439\" class=\"et-iconbox layout-centered icon-style-image-default bottom-spacing-none icon-color- text-color- animation bottom-to-top \"> \r\n\t\t<div class=\"et-icon-inner\">\r\n\t\t\t<figure class=\"et-feature-icon\">\r\n\t\t\t\t\t\t\t\t\t<img decoding=\"async\" src=\"https:\/\/www.lacurebeaute.fr\/wp-content\/uploads\/2021\/03\/Eyelift-Serum-Yeux-Effet-Liftant-step2.jpg\" alt=\"\" \/>\r\n\t\t\t\t\t\t\t<\/figure>\r\n\t\t\t<div class=\"et-feature-content\"> \r\n\t\t\t\t\t\t\t\t\t\t\t\t<div class=\"wpb_text_column\"><h4 style=\"text-align: center;\">Paso 3<\/h4>\n<p style=\"text-align: center;\"><span style=\"font-weight: 400;\">Aplique el cuidado del contorno de ojos<\/span><\/p>\n<\/div>\r\n\t\t\t\t\t\t\t<\/div>\r\n\t\t<\/div>\r\n\t<\/div>\r\n\r\n\t\t<\/div>\n\t\t\n\t[\/vc_column][\/vc_row][vc_row css=&#8221;.vc_custom_1653922999159{background-color: #E6DFFB !important;}&#8221; el_class=&#8221;bg-full pink spacing-lg quote&#8221;][vc_column et_column_color=&#8221;et-light-column&#8221; width=&#8221;1\/4&#8243; animation=&#8221;animation bottom-to-top&#8221;]\t<div id=\"et-image-457\" class=\"et-image aligncenter  quote-img  et_image_link\">\n\t\t<div class=\"et-image-inner \">\n\t\t\t\t\t\t\t<div class=\"et-image-thumb \">\n\t\t\t\t\t<img decoding=\"async\" width=\"1200\" height=\"1200\" src=\"https:\/\/www.lacurebeaute.fr\/wp-content\/uploads\/2021\/02\/natacha-avis.jpg\" class=\"attachment-full size-full\" alt=\"Avis Natacha\" srcset=\"https:\/\/www.lacurebeaute.fr\/wp-content\/uploads\/2021\/02\/natacha-avis.jpg 1200w, https:\/\/www.lacurebeaute.fr\/wp-content\/uploads\/2021\/02\/natacha-avis-300x300.jpg 300w, https:\/\/www.lacurebeaute.fr\/wp-content\/uploads\/2021\/02\/natacha-avis-1024x1024.jpg 1024w, https:\/\/www.lacurebeaute.fr\/wp-content\/uploads\/2021\/02\/natacha-avis-150x150.jpg 150w, https:\/\/www.lacurebeaute.fr\/wp-content\/uploads\/2021\/02\/natacha-avis-768x768.jpg 768w, https:\/\/www.lacurebeaute.fr\/wp-content\/uploads\/2021\/02\/natacha-avis-96x96.jpg 96w, https:\/\/www.lacurebeaute.fr\/wp-content\/uploads\/2021\/02\/natacha-avis-42x42.jpg 42w, https:\/\/www.lacurebeaute.fr\/wp-content\/uploads\/2021\/02\/natacha-avis-60x60.jpg 60w, https:\/\/www.lacurebeaute.fr\/wp-content\/uploads\/2021\/02\/natacha-avis-600x600.jpg 600w, https:\/\/www.lacurebeaute.fr\/wp-content\/uploads\/2021\/02\/natacha-avis-900x900.jpg 900w, https:\/\/www.lacurebeaute.fr\/wp-content\/uploads\/2021\/02\/natacha-avis-100x100.jpg 100w\" sizes=\"(max-width: 1200px) 100vw, 1200px\" \/>\t\t\t\t<\/div>\n\t\t\t\t\t\t\t\t\t\t\t<\/div>\n\t<\/div>\n  [\/vc_column][vc_column width=&#8221;3\/4&#8243; animation=&#8221;animation bottom-to-top&#8221; el_class=&#8221;quote-content&#8221;][vc_column_text]<strong>MENSAJE DEL EQUIPO<\/strong><\/p>\n<p>\u00a1Un verdadero potenciador de la hidrataci\u00f3n! Llevo varios meses aplic\u00e1ndola todas las noches y los resultados est\u00e1n ah\u00ed. Mi piel est\u00e1 nutrida y visiblemente m\u00e1s suave. Me aseguro de no quedarme nunca sin esta peque\u00f1a joya.<\/p>\n<p>Natacha &#8211; El que susurr\u00f3 al o\u00eddo de los proveedores[\/vc_column_text][\/vc_column][\/vc_row]\n","protected":false},"excerpt":{"rendered":"<p>Le presentamos su nuevo cuidado facial imprescindible.<br \/>\nEsta rica crema ha sido especialmente formulada para mejorar el aspecto de su piel durante la noche. Al despertar, su piel estar\u00e1 visiblemente m\u00e1s hidratada y firme.<\/p>\n<div class=\"product-desc-infos\">[acf field='product_description_naturality_title'] \u00b7 90.1%<br \/>\n[acf field='product_description_skin_title'] \u00b7 Normal a Seca<br \/>\n[acf field='product_description_ref_title'] \u00b7 50ml<\/div>\n","protected":false},"featured_media":27426,"comment_status":"closed","ping_status":"closed","template":"","meta":[],"product_cat":[646,633,632,658,630],"product_tag":[],"yoast_head":"<!-- This site is optimized with the Yoast SEO plugin v23.5 - https:\/\/yoast.com\/wordpress\/plugins\/seo\/ -->\n<title>Night Infusion Cream La Cure Beaut\u00e9<\/title>\n<meta name=\"robots\" content=\"index, follow, max-snippet:-1, max-image-preview:large, max-video-preview:-1\" \/>\n<link rel=\"canonical\" href=\"https:\/\/www.lacurebeaute.fr\/es\/produit\/night-infusion-cream\/\" \/>\n<meta property=\"og:locale\" content=\"es_ES\" \/>\n<meta property=\"og:type\" content=\"article\" \/>\n<meta property=\"og:title\" content=\"Night Infusion Cream La Cure Beaut\u00e9\" \/>\n<meta property=\"og:description\" content=\"Le presentamos su nuevo cuidado facial imprescindible. Esta rica crema ha sido especialmente formulada para mejorar el aspecto de su piel durante la noche. Al despertar, su piel estar\u00e1 visiblemente m\u00e1s hidratada y firme.  \u00b7 90.1%  \u00b7 Normal a Seca  \u00b7 50ml\" \/>\n<meta property=\"og:url\" content=\"https:\/\/www.lacurebeaute.fr\/es\/produit\/night-infusion-cream\/\" \/>\n<meta property=\"og:site_name\" content=\"La Cure Beaut\u00e9\" \/>\n<meta property=\"article:modified_time\" content=\"2024-08-01T07:15:16+00:00\" \/>\n<meta property=\"og:image\" content=\"https:\/\/www.lacurebeaute.fr\/wp-content\/uploads\/2021\/03\/9906-\u2013-2-971x1024.png\" \/>\n\t<meta property=\"og:image:width\" content=\"971\" \/>\n\t<meta property=\"og:image:height\" content=\"1024\" \/>\n\t<meta property=\"og:image:type\" content=\"image\/png\" \/>\n<meta name=\"twitter:card\" content=\"summary_large_image\" \/>\n<meta name=\"twitter:label1\" content=\"Tiempo de lectura\" \/>\n\t<meta name=\"twitter:data1\" content=\"3 minutos\" \/>\n<script type=\"application\/ld+json\" class=\"yoast-schema-graph\">{\"@context\":\"https:\/\/schema.org\",\"@graph\":[{\"@type\":\"WebPage\",\"@id\":\"https:\/\/www.lacurebeaute.fr\/es\/produit\/night-infusion-cream\/\",\"url\":\"https:\/\/www.lacurebeaute.fr\/es\/produit\/night-infusion-cream\/\",\"name\":\"Night Infusion Cream La Cure Beaut\u00e9\",\"isPartOf\":{\"@id\":\"https:\/\/www.lacurebeaute.fr\/es\/#website\"},\"primaryImageOfPage\":{\"@id\":\"https:\/\/www.lacurebeaute.fr\/es\/produit\/night-infusion-cream\/#primaryimage\"},\"image\":{\"@id\":\"https:\/\/www.lacurebeaute.fr\/es\/produit\/night-infusion-cream\/#primaryimage\"},\"thumbnailUrl\":\"https:\/\/www.lacurebeaute.fr\/wp-content\/uploads\/2021\/03\/9906-\u2013-2-scaled.png\",\"datePublished\":\"2021-03-10T08:49:26+00:00\",\"dateModified\":\"2024-08-01T07:15:16+00:00\",\"breadcrumb\":{\"@id\":\"https:\/\/www.lacurebeaute.fr\/es\/produit\/night-infusion-cream\/#breadcrumb\"},\"inLanguage\":\"es\",\"potentialAction\":[{\"@type\":\"ReadAction\",\"target\":[\"https:\/\/www.lacurebeaute.fr\/es\/produit\/night-infusion-cream\/\"]}]},{\"@type\":\"ImageObject\",\"inLanguage\":\"es\",\"@id\":\"https:\/\/www.lacurebeaute.fr\/es\/produit\/night-infusion-cream\/#primaryimage\",\"url\":\"https:\/\/www.lacurebeaute.fr\/wp-content\/uploads\/2021\/03\/9906-\u2013-2-scaled.png\",\"contentUrl\":\"https:\/\/www.lacurebeaute.fr\/wp-content\/uploads\/2021\/03\/9906-\u2013-2-scaled.png\",\"width\":2800,\"height\":2952},{\"@type\":\"BreadcrumbList\",\"@id\":\"https:\/\/www.lacurebeaute.fr\/es\/produit\/night-infusion-cream\/#breadcrumb\",\"itemListElement\":[{\"@type\":\"ListItem\",\"position\":1,\"name\":\"Accueil\",\"item\":\"https:\/\/www.lacurebeaute.fr\/es\/\"},{\"@type\":\"ListItem\",\"position\":2,\"name\":\"Tienda\",\"item\":\"https:\/\/www.lacurebeaute.fr\/es\/tienda\/\"},{\"@type\":\"ListItem\",\"position\":3,\"name\":\"Night Infusion Cream\"}]},{\"@type\":\"WebSite\",\"@id\":\"https:\/\/www.lacurebeaute.fr\/es\/#website\",\"url\":\"https:\/\/www.lacurebeaute.fr\/es\/\",\"name\":\"La Cure Beaut\u00e9\",\"description\":\"La marque de soins entre copines, naturelle et efficace\",\"potentialAction\":[{\"@type\":\"SearchAction\",\"target\":{\"@type\":\"EntryPoint\",\"urlTemplate\":\"https:\/\/www.lacurebeaute.fr\/es\/?s={search_term_string}\"},\"query-input\":{\"@type\":\"PropertyValueSpecification\",\"valueRequired\":true,\"valueName\":\"search_term_string\"}}],\"inLanguage\":\"es\"}]}<\/script>\n<!-- \/ Yoast SEO plugin. -->","yoast_head_json":{"title":"Night Infusion Cream La Cure Beaut\u00e9","robots":{"index":"index","follow":"follow","max-snippet":"max-snippet:-1","max-image-preview":"max-image-preview:large","max-video-preview":"max-video-preview:-1"},"canonical":"https:\/\/www.lacurebeaute.fr\/es\/produit\/night-infusion-cream\/","og_locale":"es_ES","og_type":"article","og_title":"Night Infusion Cream La Cure Beaut\u00e9","og_description":"Le presentamos su nuevo cuidado facial imprescindible. Esta rica crema ha sido especialmente formulada para mejorar el aspecto de su piel durante la noche. Al despertar, su piel estar\u00e1 visiblemente m\u00e1s hidratada y firme.  \u00b7 90.1%  \u00b7 Normal a Seca  \u00b7 50ml","og_url":"https:\/\/www.lacurebeaute.fr\/es\/produit\/night-infusion-cream\/","og_site_name":"La Cure Beaut\u00e9","article_modified_time":"2024-08-01T07:15:16+00:00","og_image":[{"width":971,"height":1024,"url":"https:\/\/www.lacurebeaute.fr\/wp-content\/uploads\/2021\/03\/9906-\u2013-2-971x1024.png","type":"image\/png"}],"twitter_card":"summary_large_image","twitter_misc":{"Tiempo de lectura":"3 minutos"},"schema":{"@context":"https:\/\/schema.org","@graph":[{"@type":"WebPage","@id":"https:\/\/www.lacurebeaute.fr\/es\/produit\/night-infusion-cream\/","url":"https:\/\/www.lacurebeaute.fr\/es\/produit\/night-infusion-cream\/","name":"Night Infusion Cream La Cure Beaut\u00e9","isPartOf":{"@id":"https:\/\/www.lacurebeaute.fr\/es\/#website"},"primaryImageOfPage":{"@id":"https:\/\/www.lacurebeaute.fr\/es\/produit\/night-infusion-cream\/#primaryimage"},"image":{"@id":"https:\/\/www.lacurebeaute.fr\/es\/produit\/night-infusion-cream\/#primaryimage"},"thumbnailUrl":"https:\/\/www.lacurebeaute.fr\/wp-content\/uploads\/2021\/03\/9906-\u2013-2-scaled.png","datePublished":"2021-03-10T08:49:26+00:00","dateModified":"2024-08-01T07:15:16+00:00","breadcrumb":{"@id":"https:\/\/www.lacurebeaute.fr\/es\/produit\/night-infusion-cream\/#breadcrumb"},"inLanguage":"es","potentialAction":[{"@type":"ReadAction","target":["https:\/\/www.lacurebeaute.fr\/es\/produit\/night-infusion-cream\/"]}]},{"@type":"ImageObject","inLanguage":"es","@id":"https:\/\/www.lacurebeaute.fr\/es\/produit\/night-infusion-cream\/#primaryimage","url":"https:\/\/www.lacurebeaute.fr\/wp-content\/uploads\/2021\/03\/9906-\u2013-2-scaled.png","contentUrl":"https:\/\/www.lacurebeaute.fr\/wp-content\/uploads\/2021\/03\/9906-\u2013-2-scaled.png","width":2800,"height":2952},{"@type":"BreadcrumbList","@id":"https:\/\/www.lacurebeaute.fr\/es\/produit\/night-infusion-cream\/#breadcrumb","itemListElement":[{"@type":"ListItem","position":1,"name":"Accueil","item":"https:\/\/www.lacurebeaute.fr\/es\/"},{"@type":"ListItem","position":2,"name":"Tienda","item":"https:\/\/www.lacurebeaute.fr\/es\/tienda\/"},{"@type":"ListItem","position":3,"name":"Night Infusion Cream"}]},{"@type":"WebSite","@id":"https:\/\/www.lacurebeaute.fr\/es\/#website","url":"https:\/\/www.lacurebeaute.fr\/es\/","name":"La Cure Beaut\u00e9","description":"La marque de soins entre copines, naturelle et efficace","potentialAction":[{"@type":"SearchAction","target":{"@type":"EntryPoint","urlTemplate":"https:\/\/www.lacurebeaute.fr\/es\/?s={search_term_string}"},"query-input":{"@type":"PropertyValueSpecification","valueRequired":true,"valueName":"search_term_string"}}],"inLanguage":"es"}]}},"_links":{"self":[{"href":"https:\/\/www.lacurebeaute.fr\/es\/wp-json\/wp\/v2\/product\/19554"}],"collection":[{"href":"https:\/\/www.lacurebeaute.fr\/es\/wp-json\/wp\/v2\/product"}],"about":[{"href":"https:\/\/www.lacurebeaute.fr\/es\/wp-json\/wp\/v2\/types\/product"}],"replies":[{"embeddable":true,"href":"https:\/\/www.lacurebeaute.fr\/es\/wp-json\/wp\/v2\/comments?post=19554"}],"wp:featuredmedia":[{"embeddable":true,"href":"https:\/\/www.lacurebeaute.fr\/es\/wp-json\/wp\/v2\/media\/27426"}],"wp:attachment":[{"href":"https:\/\/www.lacurebeaute.fr\/es\/wp-json\/wp\/v2\/media?parent=19554"}],"wp:term":[{"taxonomy":"product_cat","embeddable":true,"href":"https:\/\/www.lacurebeaute.fr\/es\/wp-json\/wp\/v2\/product_cat?post=19554"},{"taxonomy":"product_tag","embeddable":true,"href":"https:\/\/www.lacurebeaute.fr\/es\/wp-json\/wp\/v2\/product_tag?post=19554"}],"curies":[{"name":"wp","href":"https:\/\/api.w.org\/{rel}","templated":true}]}}