{"id":19799,"date":"2021-03-10T14:22:52","date_gmt":"2021-03-10T13:22:52","guid":{"rendered":"https:\/\/www.lacurebeaute.fr\/produit\/brume-thermale-hydra-energisante\/"},"modified":"2025-12-05T09:15:15","modified_gmt":"2025-12-05T08:15:15","slug":"hydra-energizing-thermal-mist","status":"publish","type":"product","link":"https:\/\/www.lacurebeaute.fr\/es\/produit\/hydra-energizing-thermal-mist\/","title":{"rendered":"Hydra-Energizing Thermal Mist"},"content":{"rendered":"[vc_row el_class=&#8221;spacing-lg benefits&#8221;][vc_column width=&#8221;1\/2&#8243; animation=&#8221;animation bottom-to-top&#8221;]\t<div id=\"et-image-482\" class=\"et-image   benefits-img  et_image_link\">\n\t\t<div class=\"et-image-inner \">\n\t\t\t\t\t\t\t<div class=\"et-image-thumb \">\n\t\t\t\t\t<img decoding=\"async\" width=\"448\" height=\"542\" src=\"https:\/\/www.lacurebeaute.fr\/wp-content\/uploads\/2021\/03\/Brume-Thermale-Hydra-Energisante-4.jpg\" class=\"attachment-full size-full\" alt=\"\" srcset=\"https:\/\/www.lacurebeaute.fr\/wp-content\/uploads\/2021\/03\/Brume-Thermale-Hydra-Energisante-4.jpg 448w, https:\/\/www.lacurebeaute.fr\/wp-content\/uploads\/2021\/03\/Brume-Thermale-Hydra-Energisante-4-248x300.jpg 248w, https:\/\/www.lacurebeaute.fr\/wp-content\/uploads\/2021\/03\/Brume-Thermale-Hydra-Energisante-4-79x96.jpg 79w, https:\/\/www.lacurebeaute.fr\/wp-content\/uploads\/2021\/03\/Brume-Thermale-Hydra-Energisante-4-35x42.jpg 35w, https:\/\/www.lacurebeaute.fr\/wp-content\/uploads\/2021\/03\/Brume-Thermale-Hydra-Energisante-4-124x150.jpg 124w\" sizes=\"(max-width: 448px) 100vw, 448px\" \/>\t\t\t\t<\/div>\n\t\t\t\t\t\t\t\t\t\t\t<\/div>\n\t<\/div>\n  [\/vc_column][vc_column width=&#8221;1\/2&#8243; animation=&#8221;animation bottom-to-top&#8221;][vc_column_text css=&#8221;.vc_custom_1744796800761{margin-bottom: 0px !important;}&#8221;]\n<h2 style=\"text-align: left;\">Bruma facial refrescante<\/h2>\n<p class=\"\" data-start=\"55\" data-end=\"240\"><strong data-start=\"55\" data-end=\"94\">Esta Hydra-Energizing Facial Mist<\/strong>, con un delicado aroma a rosa, refresca y despierta la piel. Util\u00edzala por la ma\u00f1ana y por la noche antes de aplicar tu rutina de cuidado facial.<\/p>\n<p class=\"\" data-start=\"242\" data-end=\"401\">Formulada con un <strong data-start=\"259\" data-end=\"301\">96 % de ingredientes de origen natural<\/strong>, es ideal para llevar en el bolso y disfrutar de un toque refrescante en cualquier momento del d\u00eda.<\/p>\n[\/vc_column_text][\/vc_column][\/vc_row][vc_row el_class=&#8221;spacing-lg application&#8221;][vc_column][vc_row_inner][vc_column_inner][vc_column_text animation=&#8221;animation bottom-to-top&#8221; css=&#8221;.vc_custom_1634051945434{margin-bottom: 0px !important;}&#8221;]\n<h3 style=\"text-align: center;\"><label class=\"fancy-tag\">Aplicaci\u00f3n<\/label><\/h3>\n<h2 style=\"text-align: center;\">Por la ma\u00f1ana y por la tarde<\/h2>\n[\/vc_column_text][\/vc_column_inner][\/vc_row_inner]\t<div id=\"et-content-carousel-435\" class=\"row et-content-carousel slick slick-slider regular-padding  \" data-center=\"\" data-columns=\"3\" data-autoplay=\"\" data-fade=\"false\" data-autoplay-speed=\"\" data-pause=\"\" data-navigation=\"\" data-pagination=\"true\" data-infinite=\"true\">\n\t\t\r\n\t<div id=\"et-iconbox-536\" class=\"et-iconbox layout-centered icon-style-image-default bottom-spacing-none icon-color- text-color- animation bottom-to-top \"> \r\n\t\t<div class=\"et-icon-inner\">\r\n\t\t\t<figure class=\"et-feature-icon\">\r\n\t\t\t\t\t\t\t\t\t<img decoding=\"async\" src=\"https:\/\/www.lacurebeaute.fr\/wp-content\/uploads\/2021\/02\/creme-nectar-de-jeunesse-step1.jpg\" alt=\"\" \/>\r\n\t\t\t\t\t\t\t<\/figure>\r\n\t\t\t<div class=\"et-feature-content\"> \r\n\t\t\t\t\t\t\t\t\t\t\t\t<div class=\"wpb_text_column\"><h4 style=\"text-align: center;\">Paso 1<\/h4>\n<p style=\"text-align: center;\"><span style=\"font-weight: 400;\">Limpie su cara.\u00a0<\/span><\/p>\n<\/div>\r\n\t\t\t\t\t\t\t<\/div>\r\n\t\t<\/div>\r\n\t<\/div>\r\n\r\n\t\r\n\t<div id=\"et-iconbox-826\" class=\"et-iconbox layout-centered icon-style-image-default bottom-spacing-none icon-color- text-color- animation bottom-to-top \"> \r\n\t\t<div class=\"et-icon-inner\">\r\n\t\t\t<figure class=\"et-feature-icon\">\r\n\t\t\t\t\t\t\t\t\t<img decoding=\"async\" src=\"https:\/\/www.lacurebeaute.fr\/wp-content\/uploads\/2021\/03\/Brume-Thermale-Hydra-Energisante-step2.jpg\" alt=\"\" \/>\r\n\t\t\t\t\t\t\t<\/figure>\r\n\t\t\t<div class=\"et-feature-content\"> \r\n\t\t\t\t\t\t\t\t\t\t\t\t<div class=\"wpb_text_column\"><h4 style=\"text-align: center;\">Paso 2<\/h4>\n<p style=\"text-align: center;\"><span style=\"font-weight: 400;\">Pulverice la Bruma por todo su rostro.\u00a0<\/span><\/p>\n<\/div>\r\n\t\t\t\t\t\t\t<\/div>\r\n\t\t<\/div>\r\n\t<\/div>\r\n\r\n\t\r\n\t<div id=\"et-iconbox-416\" class=\"et-iconbox layout-centered icon-style-image-default bottom-spacing-none icon-color- text-color- animation bottom-to-top \"> \r\n\t\t<div class=\"et-icon-inner\">\r\n\t\t\t<figure class=\"et-feature-icon\">\r\n\t\t\t\t\t\t\t\t\t<img decoding=\"async\" src=\"https:\/\/www.lacurebeaute.fr\/wp-content\/uploads\/2021\/03\/Brume-Thermale-Hydra-Energisante-step3.jpg\" alt=\"\" \/>\r\n\t\t\t\t\t\t\t<\/figure>\r\n\t\t\t<div class=\"et-feature-content\"> \r\n\t\t\t\t\t\t\t\t\t\t\t\t<div class=\"wpb_text_column\"><h4 style=\"text-align: center;\">Consejo<\/h4>\n<p style=\"text-align: center;\"><span style=\"font-weight: 400;\">Puede pulverizar la bruma sobre su rostro, para refrescar y conservar su maquillaje durante todo el d\u00eda.\u00a0<\/span><\/p>\n<\/div>\r\n\t\t\t\t\t\t\t<\/div>\r\n\t\t<\/div>\r\n\t<\/div>\r\n\r\n\t\t<\/div>\n\t\t\n\t[\/vc_column][\/vc_row]\n","protected":false},"excerpt":{"rendered":"<p>Esta Bruma Facial Hidro-Energizante, con un delicado aroma a rosa, refresca y despierta la piel.<br \/>\nUtil\u00edzala por la ma\u00f1ana y por la noche antes de aplicar tu rutina de cuidado facial.<br \/>\nFormulada con un 96 % de ingredientes de origen natural, es ideal para llevar en el bolso y disfrutar de un toque refrescante en cualquier momento del d\u00eda.<\/p>\n<div class=\"product-desc-infos\">[acf field='product_description_naturality_title'] \u00b7 96%<br \/>\n[acf field='product_description_skin_title'] \u00b7 Todo tipo de pieles<br \/>\n[acf field='product_description_ref_title'] \u00b7 200ml<\/div>\n","protected":false},"featured_media":29610,"comment_status":"closed","ping_status":"closed","template":"","meta":[],"product_cat":[633,628,757,631,632,629,630],"product_tag":[],"yoast_head":"<!-- This site is optimized with the Yoast SEO plugin v23.5 - https:\/\/yoast.com\/wordpress\/plugins\/seo\/ -->\n<title>Brume Thermale Hydratante Visage | La Cure Beaut\u00e9<\/title>\n<meta name=\"description\" content=\"Un instant de fra\u00eecheur avec la Brume visage Hydra-Energizing Facial Mist. Le nouvel indispensable La Cure Beaut\u00e9 dans ta routine.\" \/>\n<meta name=\"robots\" content=\"index, follow, max-snippet:-1, max-image-preview:large, max-video-preview:-1\" \/>\n<link rel=\"canonical\" href=\"https:\/\/www.lacurebeaute.fr\/es\/produit\/hydra-energizing-thermal-mist\/\" \/>\n<meta property=\"og:locale\" content=\"es_ES\" \/>\n<meta property=\"og:type\" content=\"article\" \/>\n<meta property=\"og:title\" content=\"Brume Thermale Hydratante Visage | La Cure Beaut\u00e9\" \/>\n<meta property=\"og:description\" content=\"Un instant de fra\u00eecheur avec la Brume visage Hydra-Energizing Facial Mist. Le nouvel indispensable La Cure Beaut\u00e9 dans ta routine.\" \/>\n<meta property=\"og:url\" content=\"https:\/\/www.lacurebeaute.fr\/es\/produit\/hydra-energizing-thermal-mist\/\" \/>\n<meta property=\"og:site_name\" content=\"La Cure Beaut\u00e9\" \/>\n<meta property=\"article:modified_time\" content=\"2025-12-05T08:15:15+00:00\" \/>\n<meta property=\"og:image\" content=\"https:\/\/www.lacurebeaute.fr\/wp-content\/uploads\/2021\/03\/9916-8-scaled.jpg\" \/>\n\t<meta property=\"og:image:width\" content=\"2428\" \/>\n\t<meta property=\"og:image:height\" content=\"2560\" \/>\n\t<meta property=\"og:image:type\" content=\"image\/jpeg\" \/>\n<meta name=\"twitter:card\" content=\"summary_large_image\" \/>\n<meta name=\"twitter:label1\" content=\"Tiempo de lectura\" \/>\n\t<meta name=\"twitter:data1\" content=\"2 minutos\" \/>\n<script type=\"application\/ld+json\" class=\"yoast-schema-graph\">{\"@context\":\"https:\/\/schema.org\",\"@graph\":[{\"@type\":\"WebPage\",\"@id\":\"https:\/\/www.lacurebeaute.fr\/es\/produit\/hydra-energizing-thermal-mist\/\",\"url\":\"https:\/\/www.lacurebeaute.fr\/es\/produit\/hydra-energizing-thermal-mist\/\",\"name\":\"Brume Thermale Hydratante Visage | La Cure Beaut\u00e9\",\"isPartOf\":{\"@id\":\"https:\/\/www.lacurebeaute.fr\/es\/#website\"},\"primaryImageOfPage\":{\"@id\":\"https:\/\/www.lacurebeaute.fr\/es\/produit\/hydra-energizing-thermal-mist\/#primaryimage\"},\"image\":{\"@id\":\"https:\/\/www.lacurebeaute.fr\/es\/produit\/hydra-energizing-thermal-mist\/#primaryimage\"},\"thumbnailUrl\":\"https:\/\/www.lacurebeaute.fr\/wp-content\/uploads\/2021\/03\/9916-8-scaled.jpg\",\"datePublished\":\"2021-03-10T13:22:52+00:00\",\"dateModified\":\"2025-12-05T08:15:15+00:00\",\"description\":\"Un instant de fra\u00eecheur avec la Brume visage Hydra-Energizing Facial Mist. Le nouvel indispensable La Cure Beaut\u00e9 dans ta routine.\",\"breadcrumb\":{\"@id\":\"https:\/\/www.lacurebeaute.fr\/es\/produit\/hydra-energizing-thermal-mist\/#breadcrumb\"},\"inLanguage\":\"es\",\"potentialAction\":[{\"@type\":\"ReadAction\",\"target\":[\"https:\/\/www.lacurebeaute.fr\/es\/produit\/hydra-energizing-thermal-mist\/\"]}]},{\"@type\":\"ImageObject\",\"inLanguage\":\"es\",\"@id\":\"https:\/\/www.lacurebeaute.fr\/es\/produit\/hydra-energizing-thermal-mist\/#primaryimage\",\"url\":\"https:\/\/www.lacurebeaute.fr\/wp-content\/uploads\/2021\/03\/9916-8-scaled.jpg\",\"contentUrl\":\"https:\/\/www.lacurebeaute.fr\/wp-content\/uploads\/2021\/03\/9916-8-scaled.jpg\",\"width\":2428,\"height\":2560},{\"@type\":\"BreadcrumbList\",\"@id\":\"https:\/\/www.lacurebeaute.fr\/es\/produit\/hydra-energizing-thermal-mist\/#breadcrumb\",\"itemListElement\":[{\"@type\":\"ListItem\",\"position\":1,\"name\":\"Accueil\",\"item\":\"https:\/\/www.lacurebeaute.fr\/es\/\"},{\"@type\":\"ListItem\",\"position\":2,\"name\":\"Tienda\",\"item\":\"https:\/\/www.lacurebeaute.fr\/es\/tienda\/\"},{\"@type\":\"ListItem\",\"position\":3,\"name\":\"Hydra-Energizing Thermal Mist\"}]},{\"@type\":\"WebSite\",\"@id\":\"https:\/\/www.lacurebeaute.fr\/es\/#website\",\"url\":\"https:\/\/www.lacurebeaute.fr\/es\/\",\"name\":\"La Cure Beaut\u00e9\",\"description\":\"La marque de soins entre copines, naturelle et efficace\",\"potentialAction\":[{\"@type\":\"SearchAction\",\"target\":{\"@type\":\"EntryPoint\",\"urlTemplate\":\"https:\/\/www.lacurebeaute.fr\/es\/?s={search_term_string}\"},\"query-input\":{\"@type\":\"PropertyValueSpecification\",\"valueRequired\":true,\"valueName\":\"search_term_string\"}}],\"inLanguage\":\"es\"}]}<\/script>\n<!-- \/ Yoast SEO plugin. -->","yoast_head_json":{"title":"Brume Thermale Hydratante Visage | La Cure Beaut\u00e9","description":"Un instant de fra\u00eecheur avec la Brume visage Hydra-Energizing Facial Mist. Le nouvel indispensable La Cure Beaut\u00e9 dans ta routine.","robots":{"index":"index","follow":"follow","max-snippet":"max-snippet:-1","max-image-preview":"max-image-preview:large","max-video-preview":"max-video-preview:-1"},"canonical":"https:\/\/www.lacurebeaute.fr\/es\/produit\/hydra-energizing-thermal-mist\/","og_locale":"es_ES","og_type":"article","og_title":"Brume Thermale Hydratante Visage | La Cure Beaut\u00e9","og_description":"Un instant de fra\u00eecheur avec la Brume visage Hydra-Energizing Facial Mist. Le nouvel indispensable La Cure Beaut\u00e9 dans ta routine.","og_url":"https:\/\/www.lacurebeaute.fr\/es\/produit\/hydra-energizing-thermal-mist\/","og_site_name":"La Cure Beaut\u00e9","article_modified_time":"2025-12-05T08:15:15+00:00","og_image":[{"width":2428,"height":2560,"url":"https:\/\/www.lacurebeaute.fr\/wp-content\/uploads\/2021\/03\/9916-8-scaled.jpg","type":"image\/jpeg"}],"twitter_card":"summary_large_image","twitter_misc":{"Tiempo de lectura":"2 minutos"},"schema":{"@context":"https:\/\/schema.org","@graph":[{"@type":"WebPage","@id":"https:\/\/www.lacurebeaute.fr\/es\/produit\/hydra-energizing-thermal-mist\/","url":"https:\/\/www.lacurebeaute.fr\/es\/produit\/hydra-energizing-thermal-mist\/","name":"Brume Thermale Hydratante Visage | La Cure Beaut\u00e9","isPartOf":{"@id":"https:\/\/www.lacurebeaute.fr\/es\/#website"},"primaryImageOfPage":{"@id":"https:\/\/www.lacurebeaute.fr\/es\/produit\/hydra-energizing-thermal-mist\/#primaryimage"},"image":{"@id":"https:\/\/www.lacurebeaute.fr\/es\/produit\/hydra-energizing-thermal-mist\/#primaryimage"},"thumbnailUrl":"https:\/\/www.lacurebeaute.fr\/wp-content\/uploads\/2021\/03\/9916-8-scaled.jpg","datePublished":"2021-03-10T13:22:52+00:00","dateModified":"2025-12-05T08:15:15+00:00","description":"Un instant de fra\u00eecheur avec la Brume visage Hydra-Energizing Facial Mist. Le nouvel indispensable La Cure Beaut\u00e9 dans ta routine.","breadcrumb":{"@id":"https:\/\/www.lacurebeaute.fr\/es\/produit\/hydra-energizing-thermal-mist\/#breadcrumb"},"inLanguage":"es","potentialAction":[{"@type":"ReadAction","target":["https:\/\/www.lacurebeaute.fr\/es\/produit\/hydra-energizing-thermal-mist\/"]}]},{"@type":"ImageObject","inLanguage":"es","@id":"https:\/\/www.lacurebeaute.fr\/es\/produit\/hydra-energizing-thermal-mist\/#primaryimage","url":"https:\/\/www.lacurebeaute.fr\/wp-content\/uploads\/2021\/03\/9916-8-scaled.jpg","contentUrl":"https:\/\/www.lacurebeaute.fr\/wp-content\/uploads\/2021\/03\/9916-8-scaled.jpg","width":2428,"height":2560},{"@type":"BreadcrumbList","@id":"https:\/\/www.lacurebeaute.fr\/es\/produit\/hydra-energizing-thermal-mist\/#breadcrumb","itemListElement":[{"@type":"ListItem","position":1,"name":"Accueil","item":"https:\/\/www.lacurebeaute.fr\/es\/"},{"@type":"ListItem","position":2,"name":"Tienda","item":"https:\/\/www.lacurebeaute.fr\/es\/tienda\/"},{"@type":"ListItem","position":3,"name":"Hydra-Energizing Thermal Mist"}]},{"@type":"WebSite","@id":"https:\/\/www.lacurebeaute.fr\/es\/#website","url":"https:\/\/www.lacurebeaute.fr\/es\/","name":"La Cure Beaut\u00e9","description":"La marque de soins entre copines, naturelle et efficace","potentialAction":[{"@type":"SearchAction","target":{"@type":"EntryPoint","urlTemplate":"https:\/\/www.lacurebeaute.fr\/es\/?s={search_term_string}"},"query-input":{"@type":"PropertyValueSpecification","valueRequired":true,"valueName":"search_term_string"}}],"inLanguage":"es"}]}},"_links":{"self":[{"href":"https:\/\/www.lacurebeaute.fr\/es\/wp-json\/wp\/v2\/product\/19799"}],"collection":[{"href":"https:\/\/www.lacurebeaute.fr\/es\/wp-json\/wp\/v2\/product"}],"about":[{"href":"https:\/\/www.lacurebeaute.fr\/es\/wp-json\/wp\/v2\/types\/product"}],"replies":[{"embeddable":true,"href":"https:\/\/www.lacurebeaute.fr\/es\/wp-json\/wp\/v2\/comments?post=19799"}],"wp:featuredmedia":[{"embeddable":true,"href":"https:\/\/www.lacurebeaute.fr\/es\/wp-json\/wp\/v2\/media\/29610"}],"wp:attachment":[{"href":"https:\/\/www.lacurebeaute.fr\/es\/wp-json\/wp\/v2\/media?parent=19799"}],"wp:term":[{"taxonomy":"product_cat","embeddable":true,"href":"https:\/\/www.lacurebeaute.fr\/es\/wp-json\/wp\/v2\/product_cat?post=19799"},{"taxonomy":"product_tag","embeddable":true,"href":"https:\/\/www.lacurebeaute.fr\/es\/wp-json\/wp\/v2\/product_tag?post=19799"}],"curies":[{"name":"wp","href":"https:\/\/api.w.org\/{rel}","templated":true}]}}