{"id":19844,"date":"2021-02-24T17:03:22","date_gmt":"2021-02-24T16:03:22","guid":{"rendered":"https:\/\/www.lacurebeaute.fr\/produit\/creme-defense-prebiotique\/"},"modified":"2025-06-24T18:42:38","modified_gmt":"2025-06-24T16:42:38","slug":"daily-defence-prebiotic-hydrator","status":"publish","type":"product","link":"https:\/\/www.lacurebeaute.fr\/es\/produit\/daily-defence-prebiotic-hydrator\/","title":{"rendered":"Daily Defence Prebiotic Hydrator"},"content":{"rendered":"[vc_row et_row_padding=&#8221;true&#8221; css=&#8221;.vc_custom_1653922661701{background-color: #E6DFFB !important;}&#8221; el_class=&#8221;bg-full pink spacing-lg percents&#8221;][vc_column]\t<div id=\"et-content-carousel-912\" class=\"row et-content-carousel slick slick-slider no-padding  \" data-center=\"\" data-columns=\"3\" data-autoplay=\"\" data-fade=\"false\" data-autoplay-speed=\"\" data-pause=\"\" data-navigation=\"\" data-pagination=\"true\" data-infinite=\"true\">\n\t\t[vc_row_inner][vc_column_inner]\n\t<div id=\"et-counter-6a07032ca5b5a\" class=\"et-counter animation bottom-to-top counter-color-custom icon-color- text-color-custom counter-top\" >\n\t\t\t\t\t<div class=\"counter-container\">\n\t\t\t\t\t\t\t\t\t<div class=\"h1\" data-count=\"90\" data-speed=\"1500\">0<\/div>\n\t\t\t\t\t\t\t\t\t\t\t\t\t<h4>piel hidratada*<\/h4>\n\t\t\t\t\t\t\t<\/div>\n\t\t\t\t\t\t\t\t\t\t<figure>\t\t\t\t\t<span class=\"\"><\/span>\n\t\t\t\t\t\t\t\t\t<\/figure>\n\t\t\t\t\t\t\t\n\t<\/div>\n\t[\/vc_column_inner][\/vc_row_inner][vc_row_inner][vc_column_inner]\n\t<div id=\"et-counter-6a07032ca5b8a\" class=\"et-counter animation bottom-to-top counter-color-custom icon-color- text-color-custom counter-top\" >\n\t\t\t\t\t<div class=\"counter-container\">\n\t\t\t\t\t\t\t\t\t<div class=\"h1\" data-count=\"90\" data-speed=\"1500\">0<\/div>\n\t\t\t\t\t\t\t\t\t\t\t\t\t<h4>piel calmada*<\/h4>\n\t\t\t\t\t\t\t<\/div>\n\t\t\t\t\t\t\t\t\t\t<figure>\t\t\t\t\t<span class=\"\"><\/span>\n\t\t\t\t\t\t\t\t\t<\/figure>\n\t\t\t\t\t\t\t\n\t<\/div>\n\t[\/vc_column_inner][\/vc_row_inner][vc_row_inner][vc_column_inner]\n\t<div id=\"et-counter-6a07032ca5ba1\" class=\"et-counter animation bottom-to-top counter-color-custom icon-color- text-color-custom counter-top\" >\n\t\t\t\t\t<div class=\"counter-container\">\n\t\t\t\t\t\t\t\t\t<div class=\"h1\" data-count=\"90\" data-speed=\"1500\">0<\/div>\n\t\t\t\t\t\t\t\t\t\t\t\t\t<h4>piel radiante*<\/h4>\n\t\t\t\t\t\t\t<\/div>\n\t\t\t\t\t\t\t\t\t\t<figure>\t\t\t\t\t<span class=\"\"><\/span>\n\t\t\t\t\t\t\t\t\t<\/figure>\n\t\t\t\t\t\t\t\n\t<\/div>\n\t[\/vc_column_inner][\/vc_row_inner]\t<\/div>\n\t\t\n\t[\/vc_column][\/vc_row][vc_row el_class=&#8221;spacing-lg benefits&#8221;][vc_column width=&#8221;1\/2&#8243; animation=&#8221;animation bottom-to-top&#8221;]\t<div id=\"et-image-638\" class=\"et-image   benefits-img  et_image_link\">\n\t\t<div class=\"et-image-inner \">\n\t\t\t\t\t\t\t<div class=\"et-image-thumb \">\n\t\t\t\t\t<img decoding=\"async\" width=\"1792\" height=\"2168\" src=\"https:\/\/www.lacurebeaute.fr\/wp-content\/uploads\/2021\/02\/9919-\u2013-8.png\" class=\"attachment-full size-full\" alt=\"\" srcset=\"https:\/\/www.lacurebeaute.fr\/wp-content\/uploads\/2021\/02\/9919-\u2013-8.png 1792w, https:\/\/www.lacurebeaute.fr\/wp-content\/uploads\/2021\/02\/9919-\u2013-8-248x300.png 248w, https:\/\/www.lacurebeaute.fr\/wp-content\/uploads\/2021\/02\/9919-\u2013-8-846x1024.png 846w, https:\/\/www.lacurebeaute.fr\/wp-content\/uploads\/2021\/02\/9919-\u2013-8-768x929.png 768w, https:\/\/www.lacurebeaute.fr\/wp-content\/uploads\/2021\/02\/9919-\u2013-8-79x96.png 79w, https:\/\/www.lacurebeaute.fr\/wp-content\/uploads\/2021\/02\/9919-\u2013-8-35x42.png 35w, https:\/\/www.lacurebeaute.fr\/wp-content\/uploads\/2021\/02\/9919-\u2013-8-1270x1536.png 1270w, https:\/\/www.lacurebeaute.fr\/wp-content\/uploads\/2021\/02\/9919-\u2013-8-1693x2048.png 1693w, https:\/\/www.lacurebeaute.fr\/wp-content\/uploads\/2021\/02\/9919-\u2013-8-124x150.png 124w, https:\/\/www.lacurebeaute.fr\/wp-content\/uploads\/2021\/02\/9919-\u2013-8-600x726.png 600w, https:\/\/www.lacurebeaute.fr\/wp-content\/uploads\/2021\/02\/9919-\u2013-8-900x1089.png 900w\" sizes=\"(max-width: 1792px) 100vw, 1792px\" \/>\t\t\t\t<\/div>\n\t\t\t\t\t\t\t\t\t\t\t<\/div>\n\t<\/div>\n  [\/vc_column][vc_column width=&#8221;1\/2&#8243; animation=&#8221;animation bottom-to-top&#8221;][vc_column_text css=&#8221;.vc_custom_1711103100538{margin-bottom: 0px !important;}&#8221;]\n<h3 style=\"text-align: left;\"><label class=\"fancy-tag\">Crema hidratante calmante<\/label><\/h3>\n<h2 style=\"text-align: left;\">Un cuidado adaptado a las pieles sensibles<\/h2>\n<p>Especialmente adaptada a las pieles sensibles, la crema Daily Defence Prebiotic Hydrator ayuda a proteger la piel para un cutis sano y radiante. La piel queda hidratada, nutrida y calmada.<\/p>\n<p>El aspecto y la textura general de la piel mejoran visiblemente y el cutis queda uniforme y radiante.<\/p>\n<p><strong>Especificidades:<\/strong><\/p>\n<ul>\n<li>Dermatol\u00f3gicamente probado<\/li>\n<\/ul>\n[\/vc_column_text][\/vc_column][\/vc_row][vc_row el_class=&#8221;spacing-lg application&#8221;][vc_column][vc_row_inner][vc_column_inner][vc_column_text animation=&#8221;animation bottom-to-top&#8221; css=&#8221;.vc_custom_1634131343926{margin-bottom: 0px !important;}&#8221;]\n<h3 style=\"text-align: center;\"><label class=\"fancy-tag\">Aplicaci\u00f3n<\/label><\/h3>\n<h2 style=\"text-align: center;\">Por la Ma\u00f1ana y por la Tarde<\/h2>\n[\/vc_column_text][\/vc_column_inner][\/vc_row_inner]\t<div id=\"et-content-carousel-583\" class=\"row et-content-carousel slick slick-slider regular-padding  \" data-center=\"\" data-columns=\"3\" data-autoplay=\"\" data-fade=\"false\" data-autoplay-speed=\"\" data-pause=\"\" data-navigation=\"\" data-pagination=\"true\" data-infinite=\"true\">\n\t\t\r\n\t<div id=\"et-iconbox-21\" class=\"et-iconbox layout-centered icon-style-image-default bottom-spacing-none icon-color- text-color- animation bottom-to-top \"> \r\n\t\t<div class=\"et-icon-inner\">\r\n\t\t\t<figure class=\"et-feature-icon\">\r\n\t\t\t\t\t\t\t\t\t<img decoding=\"async\" src=\"https:\/\/www.lacurebeaute.fr\/wp-content\/uploads\/2021\/03\/Creme-Hydratante-Anti-tiraillements-step3-1.jpg\" alt=\"\" \/>\r\n\t\t\t\t\t\t\t<\/figure>\r\n\t\t\t<div class=\"et-feature-content\"> \r\n\t\t\t\t\t\t\t\t\t\t\t\t<div class=\"wpb_text_column\"><h4 style=\"text-align: center;\">Paso 1<\/h4>\n<p style=\"text-align: center;\"><span style=\"font-weight: 400;\">Limpie su rostro con la Nube de Espuma Limpiadora y aplique su Prebiotic Balancing Essence<\/span><\/p>\n<\/div>\r\n\t\t\t\t\t\t\t<\/div>\r\n\t\t<\/div>\r\n\t<\/div>\r\n\r\n\t\r\n\t<div id=\"et-iconbox-995\" class=\"et-iconbox layout-centered icon-style-image-default bottom-spacing-none icon-color- text-color- animation bottom-to-top \"> \r\n\t\t<div class=\"et-icon-inner\">\r\n\t\t\t<figure class=\"et-feature-icon\">\r\n\t\t\t\t\t\t\t\t\t<img decoding=\"async\" src=\"https:\/\/www.lacurebeaute.fr\/wp-content\/uploads\/2021\/03\/Serum-Visage-Hydratation-Anti-age-step3.jpg\" alt=\"\" \/>\r\n\t\t\t\t\t\t\t<\/figure>\r\n\t\t\t<div class=\"et-feature-content\"> \r\n\t\t\t\t\t\t\t\t\t\t\t\t<div class=\"wpb_text_column\"><h4 style=\"text-align: center;\">Paso 2<\/h4>\n<p style=\"text-align: center;\"><span style=\"font-weight: 400;\">Tome un poco de Daily Defence Prebiotic Cream<\/span><\/p>\n<\/div>\r\n\t\t\t\t\t\t\t<\/div>\r\n\t\t<\/div>\r\n\t<\/div>\r\n\r\n\t\r\n\t<div id=\"et-iconbox-146\" class=\"et-iconbox layout-centered icon-style-image-default bottom-spacing-none icon-color- text-color- animation bottom-to-top \"> \r\n\t\t<div class=\"et-icon-inner\">\r\n\t\t\t<figure class=\"et-feature-icon\">\r\n\t\t\t\t\t\t\t\t\t<img decoding=\"async\" src=\"https:\/\/www.lacurebeaute.fr\/wp-content\/uploads\/2021\/02\/Creme-Defense-Prebiotique-step2-1.jpg\" alt=\"\" \/>\r\n\t\t\t\t\t\t\t<\/figure>\r\n\t\t\t<div class=\"et-feature-content\"> \r\n\t\t\t\t\t\t\t\t\t\t\t\t<div class=\"wpb_text_column\"><h4 style=\"text-align: center;\">Paso 3<\/h4>\n<p style=\"text-align: center;\"><span style=\"font-weight: 400;\">Aplique su tratamiento en el rostro y el cuello, masajeando para que penetre el producto<\/span><\/p>\n<\/div>\r\n\t\t\t\t\t\t\t<\/div>\r\n\t\t<\/div>\r\n\t<\/div>\r\n\r\n\t\t<\/div>\n\t\t\n\t[\/vc_column][\/vc_row][vc_row css=&#8221;.vc_custom_1653923193002{background-color: #E6DFFB !important;}&#8221; el_class=&#8221;bg-full pink spacing-lg quote&#8221;][vc_column et_column_color=&#8221;et-light-column&#8221; width=&#8221;1\/4&#8243; animation=&#8221;animation bottom-to-top&#8221;]\t<div id=\"et-image-546\" class=\"et-image aligncenter  quote-img  et_image_link\">\n\t\t<div class=\"et-image-inner \">\n\t\t\t\t\t\t\t<div class=\"et-image-thumb \">\n\t\t\t\t\t<img decoding=\"async\" width=\"2560\" height=\"1920\" src=\"https:\/\/www.lacurebeaute.fr\/wp-content\/uploads\/2021\/02\/eva-scaled.jpg\" class=\"attachment-full size-full\" alt=\"Avis\" \/>\t\t\t\t<\/div>\n\t\t\t\t\t\t\t\t\t\t\t<\/div>\n\t<\/div>\n  [\/vc_column][vc_column width=&#8221;3\/4&#8243; animation=&#8221;animation bottom-to-top&#8221; el_class=&#8221;quote-content&#8221;][vc_column_text]<strong>MENSAJE DEL EQUIPO<\/strong><\/p>\n<p><span style=\"font-weight: 400;\">Mi piel nunca ha estado tan hidratada. Hab\u00eda perdido la esperanza de conseguir una piel sana y confortable hasta que encontr\u00e9 este producto. \u00a1Desde entonces no puedo dejarlo!<\/span><\/p>\n<p>Eva \u2013 Nuestra creadora de contenidos vitam\u00ednicos[\/vc_column_text][\/vc_column][\/vc_row]\n","protected":false},"excerpt":{"rendered":"<p>\u00a1La piel perfecta est\u00e1 aqu\u00ed!<br \/>\nHemos dise\u00f1ado la crema Daily Defence Prebiotic Hydrator para mantener el equilibrio de las pieles sensibles. Su f\u00f3rmula hidrata el rostro y reduce la sensaci\u00f3n de tirantez y las rojeces.<\/p>\n<div class=\"product-desc-infos\">[acf field='product_description_naturality_title'] \u00b7 [acf field='product_description_naturality_percentage']<br \/>\n[acf field='product_description_skin_title'] \u00b7 <span class=\"gz-product-inject-skin\">[acf field='product_description_skin_types']<\/span><br \/>\n[acf field='product_description_ref_title'] \u00b7 50ml<\/div>\n","protected":false},"featured_media":27903,"comment_status":"closed","ping_status":"closed","template":"","meta":[],"product_cat":[646,654,633,629,630],"product_tag":[],"yoast_head":"<!-- This site is optimized with the Yoast SEO plugin v23.5 - https:\/\/yoast.com\/wordpress\/plugins\/seo\/ -->\n<title>Daily Defence Prebiotic Hydrator | La Cure Beaut\u00e9<\/title>\n<meta name=\"robots\" content=\"index, follow, max-snippet:-1, max-image-preview:large, max-video-preview:-1\" \/>\n<link rel=\"canonical\" href=\"https:\/\/www.lacurebeaute.fr\/es\/produit\/daily-defence-prebiotic-hydrator\/\" \/>\n<meta property=\"og:locale\" content=\"es_ES\" \/>\n<meta property=\"og:type\" content=\"article\" \/>\n<meta property=\"og:title\" content=\"Daily Defence Prebiotic Hydrator | La Cure Beaut\u00e9\" \/>\n<meta property=\"og:description\" content=\"\u00a1La piel perfecta est\u00e1 aqu\u00ed! Hemos dise\u00f1ado la crema Daily Defence Prebiotic Hydrator para mantener el equilibrio de las pieles sensibles. Su f\u00f3rmula hidrata el rostro y reduce la sensaci\u00f3n de tirantez y las rojeces.  \u00b7  \u00b7  \u00b7 50ml\" \/>\n<meta property=\"og:url\" content=\"https:\/\/www.lacurebeaute.fr\/es\/produit\/daily-defence-prebiotic-hydrator\/\" \/>\n<meta property=\"og:site_name\" content=\"La Cure Beaut\u00e9\" \/>\n<meta property=\"article:modified_time\" content=\"2025-06-24T16:42:38+00:00\" \/>\n<meta property=\"og:image\" content=\"https:\/\/www.lacurebeaute.fr\/wp-content\/uploads\/2021\/02\/9919-\u2013-6-971x1024.png\" \/>\n\t<meta property=\"og:image:width\" content=\"971\" \/>\n\t<meta property=\"og:image:height\" content=\"1024\" \/>\n\t<meta property=\"og:image:type\" content=\"image\/png\" \/>\n<meta name=\"twitter:card\" content=\"summary_large_image\" \/>\n<meta name=\"twitter:label1\" content=\"Tiempo de lectura\" \/>\n\t<meta name=\"twitter:data1\" content=\"2 minutos\" \/>\n<script type=\"application\/ld+json\" class=\"yoast-schema-graph\">{\"@context\":\"https:\/\/schema.org\",\"@graph\":[{\"@type\":\"WebPage\",\"@id\":\"https:\/\/www.lacurebeaute.fr\/es\/produit\/daily-defence-prebiotic-hydrator\/\",\"url\":\"https:\/\/www.lacurebeaute.fr\/es\/produit\/daily-defence-prebiotic-hydrator\/\",\"name\":\"Daily Defence Prebiotic Hydrator | La Cure Beaut\u00e9\",\"isPartOf\":{\"@id\":\"https:\/\/www.lacurebeaute.fr\/es\/#website\"},\"primaryImageOfPage\":{\"@id\":\"https:\/\/www.lacurebeaute.fr\/es\/produit\/daily-defence-prebiotic-hydrator\/#primaryimage\"},\"image\":{\"@id\":\"https:\/\/www.lacurebeaute.fr\/es\/produit\/daily-defence-prebiotic-hydrator\/#primaryimage\"},\"thumbnailUrl\":\"https:\/\/www.lacurebeaute.fr\/wp-content\/uploads\/2021\/02\/9919-\u2013-6-scaled.png\",\"datePublished\":\"2021-02-24T16:03:22+00:00\",\"dateModified\":\"2025-06-24T16:42:38+00:00\",\"breadcrumb\":{\"@id\":\"https:\/\/www.lacurebeaute.fr\/es\/produit\/daily-defence-prebiotic-hydrator\/#breadcrumb\"},\"inLanguage\":\"es\",\"potentialAction\":[{\"@type\":\"ReadAction\",\"target\":[\"https:\/\/www.lacurebeaute.fr\/es\/produit\/daily-defence-prebiotic-hydrator\/\"]}]},{\"@type\":\"ImageObject\",\"inLanguage\":\"es\",\"@id\":\"https:\/\/www.lacurebeaute.fr\/es\/produit\/daily-defence-prebiotic-hydrator\/#primaryimage\",\"url\":\"https:\/\/www.lacurebeaute.fr\/wp-content\/uploads\/2021\/02\/9919-\u2013-6-scaled.png\",\"contentUrl\":\"https:\/\/www.lacurebeaute.fr\/wp-content\/uploads\/2021\/02\/9919-\u2013-6-scaled.png\",\"width\":2800,\"height\":2952},{\"@type\":\"BreadcrumbList\",\"@id\":\"https:\/\/www.lacurebeaute.fr\/es\/produit\/daily-defence-prebiotic-hydrator\/#breadcrumb\",\"itemListElement\":[{\"@type\":\"ListItem\",\"position\":1,\"name\":\"Accueil\",\"item\":\"https:\/\/www.lacurebeaute.fr\/es\/\"},{\"@type\":\"ListItem\",\"position\":2,\"name\":\"Tienda\",\"item\":\"https:\/\/www.lacurebeaute.fr\/es\/tienda\/\"},{\"@type\":\"ListItem\",\"position\":3,\"name\":\"Daily Defence Prebiotic Hydrator\"}]},{\"@type\":\"WebSite\",\"@id\":\"https:\/\/www.lacurebeaute.fr\/es\/#website\",\"url\":\"https:\/\/www.lacurebeaute.fr\/es\/\",\"name\":\"La Cure Beaut\u00e9\",\"description\":\"La marque de soins entre copines, naturelle et efficace\",\"potentialAction\":[{\"@type\":\"SearchAction\",\"target\":{\"@type\":\"EntryPoint\",\"urlTemplate\":\"https:\/\/www.lacurebeaute.fr\/es\/?s={search_term_string}\"},\"query-input\":{\"@type\":\"PropertyValueSpecification\",\"valueRequired\":true,\"valueName\":\"search_term_string\"}}],\"inLanguage\":\"es\"}]}<\/script>\n<!-- \/ Yoast SEO plugin. -->","yoast_head_json":{"title":"Daily Defence Prebiotic Hydrator | La Cure Beaut\u00e9","robots":{"index":"index","follow":"follow","max-snippet":"max-snippet:-1","max-image-preview":"max-image-preview:large","max-video-preview":"max-video-preview:-1"},"canonical":"https:\/\/www.lacurebeaute.fr\/es\/produit\/daily-defence-prebiotic-hydrator\/","og_locale":"es_ES","og_type":"article","og_title":"Daily Defence Prebiotic Hydrator | La Cure Beaut\u00e9","og_description":"\u00a1La piel perfecta est\u00e1 aqu\u00ed! Hemos dise\u00f1ado la crema Daily Defence Prebiotic Hydrator para mantener el equilibrio de las pieles sensibles. Su f\u00f3rmula hidrata el rostro y reduce la sensaci\u00f3n de tirantez y las rojeces.  \u00b7  \u00b7  \u00b7 50ml","og_url":"https:\/\/www.lacurebeaute.fr\/es\/produit\/daily-defence-prebiotic-hydrator\/","og_site_name":"La Cure Beaut\u00e9","article_modified_time":"2025-06-24T16:42:38+00:00","og_image":[{"width":971,"height":1024,"url":"https:\/\/www.lacurebeaute.fr\/wp-content\/uploads\/2021\/02\/9919-\u2013-6-971x1024.png","type":"image\/png"}],"twitter_card":"summary_large_image","twitter_misc":{"Tiempo de lectura":"2 minutos"},"schema":{"@context":"https:\/\/schema.org","@graph":[{"@type":"WebPage","@id":"https:\/\/www.lacurebeaute.fr\/es\/produit\/daily-defence-prebiotic-hydrator\/","url":"https:\/\/www.lacurebeaute.fr\/es\/produit\/daily-defence-prebiotic-hydrator\/","name":"Daily Defence Prebiotic Hydrator | La Cure Beaut\u00e9","isPartOf":{"@id":"https:\/\/www.lacurebeaute.fr\/es\/#website"},"primaryImageOfPage":{"@id":"https:\/\/www.lacurebeaute.fr\/es\/produit\/daily-defence-prebiotic-hydrator\/#primaryimage"},"image":{"@id":"https:\/\/www.lacurebeaute.fr\/es\/produit\/daily-defence-prebiotic-hydrator\/#primaryimage"},"thumbnailUrl":"https:\/\/www.lacurebeaute.fr\/wp-content\/uploads\/2021\/02\/9919-\u2013-6-scaled.png","datePublished":"2021-02-24T16:03:22+00:00","dateModified":"2025-06-24T16:42:38+00:00","breadcrumb":{"@id":"https:\/\/www.lacurebeaute.fr\/es\/produit\/daily-defence-prebiotic-hydrator\/#breadcrumb"},"inLanguage":"es","potentialAction":[{"@type":"ReadAction","target":["https:\/\/www.lacurebeaute.fr\/es\/produit\/daily-defence-prebiotic-hydrator\/"]}]},{"@type":"ImageObject","inLanguage":"es","@id":"https:\/\/www.lacurebeaute.fr\/es\/produit\/daily-defence-prebiotic-hydrator\/#primaryimage","url":"https:\/\/www.lacurebeaute.fr\/wp-content\/uploads\/2021\/02\/9919-\u2013-6-scaled.png","contentUrl":"https:\/\/www.lacurebeaute.fr\/wp-content\/uploads\/2021\/02\/9919-\u2013-6-scaled.png","width":2800,"height":2952},{"@type":"BreadcrumbList","@id":"https:\/\/www.lacurebeaute.fr\/es\/produit\/daily-defence-prebiotic-hydrator\/#breadcrumb","itemListElement":[{"@type":"ListItem","position":1,"name":"Accueil","item":"https:\/\/www.lacurebeaute.fr\/es\/"},{"@type":"ListItem","position":2,"name":"Tienda","item":"https:\/\/www.lacurebeaute.fr\/es\/tienda\/"},{"@type":"ListItem","position":3,"name":"Daily Defence Prebiotic Hydrator"}]},{"@type":"WebSite","@id":"https:\/\/www.lacurebeaute.fr\/es\/#website","url":"https:\/\/www.lacurebeaute.fr\/es\/","name":"La Cure Beaut\u00e9","description":"La marque de soins entre copines, naturelle et efficace","potentialAction":[{"@type":"SearchAction","target":{"@type":"EntryPoint","urlTemplate":"https:\/\/www.lacurebeaute.fr\/es\/?s={search_term_string}"},"query-input":{"@type":"PropertyValueSpecification","valueRequired":true,"valueName":"search_term_string"}}],"inLanguage":"es"}]}},"_links":{"self":[{"href":"https:\/\/www.lacurebeaute.fr\/es\/wp-json\/wp\/v2\/product\/19844"}],"collection":[{"href":"https:\/\/www.lacurebeaute.fr\/es\/wp-json\/wp\/v2\/product"}],"about":[{"href":"https:\/\/www.lacurebeaute.fr\/es\/wp-json\/wp\/v2\/types\/product"}],"replies":[{"embeddable":true,"href":"https:\/\/www.lacurebeaute.fr\/es\/wp-json\/wp\/v2\/comments?post=19844"}],"wp:featuredmedia":[{"embeddable":true,"href":"https:\/\/www.lacurebeaute.fr\/es\/wp-json\/wp\/v2\/media\/27903"}],"wp:attachment":[{"href":"https:\/\/www.lacurebeaute.fr\/es\/wp-json\/wp\/v2\/media?parent=19844"}],"wp:term":[{"taxonomy":"product_cat","embeddable":true,"href":"https:\/\/www.lacurebeaute.fr\/es\/wp-json\/wp\/v2\/product_cat?post=19844"},{"taxonomy":"product_tag","embeddable":true,"href":"https:\/\/www.lacurebeaute.fr\/es\/wp-json\/wp\/v2\/product_tag?post=19844"}],"curies":[{"name":"wp","href":"https:\/\/api.w.org\/{rel}","templated":true}]}}