{"id":30987,"date":"2025-07-23T16:26:29","date_gmt":"2025-07-23T14:26:29","guid":{"rendered":"https:\/\/www.lacurebeaute.fr\/?post_type=product&#038;p=30987"},"modified":"2026-01-08T19:09:08","modified_gmt":"2026-01-08T18:09:08","slug":"black-tea-infused-komucha-serum","status":"publish","type":"product","link":"https:\/\/www.lacurebeaute.fr\/es\/produit\/black-tea-infused-komucha-serum\/","title":{"rendered":"Black Tea Infused Kombucha Serum"},"content":{"rendered":"[vc_row et_row_padding=&#8221;true&#8221; css=&#8221;.vc_custom_1653922653401{background-color: #E6DFFB !important;}&#8221; el_class=&#8221;bg-full pink spacing-lg percents&#8221;][vc_column]\t<div id=\"et-content-carousel-836\" class=\"row et-content-carousel slick slick-slider no-padding  \" data-center=\"\" data-columns=\"3\" data-autoplay=\"\" data-fade=\"false\" data-autoplay-speed=\"\" data-pause=\"\" data-navigation=\"\" data-pagination=\"true\" data-infinite=\"true\">\n\t\t[vc_row_inner][vc_column_inner]\n\t<div id=\"et-counter-69f7ddf59f96c\" class=\"et-counter animation bottom-to-top counter-color-custom icon-color- text-color-custom counter-top\" >\n\t\t\t\t\t<div class=\"counter-container\">\n\t\t\t\t\t\t\t\t\t<div class=\"h1\" data-count=\"100\" data-speed=\"1500\">0<\/div>\n\t\t\t\t\t\t\t\t\t\t\t\t\t<h4> Calma las pieles sensibles*<\/h4>\n\t\t\t\t\t\t\t<\/div>\n\t\t\t\t\t\t\t\t\t\t<figure>\t\t\t\t\t<span class=\"\"><\/span>\n\t\t\t\t\t\t\t\t\t<\/figure>\n\t\t\t\t\t\t\t\n\t<\/div>\n\t[\/vc_column_inner][\/vc_row_inner][vc_row_inner][vc_column_inner]\n\t<div id=\"et-counter-69f7ddf59f9ab\" class=\"et-counter animation bottom-to-top counter-color-custom icon-color- text-color-custom counter-top\" >\n\t\t\t\t\t<div class=\"counter-container\">\n\t\t\t\t\t\t\t\t\t<div class=\"h1\" data-count=\"100\" data-speed=\"1500\">0<\/div>\n\t\t\t\t\t\t\t\t\t\t\t\t\t<h4>Reduce la sensaci\u00f3n de incomodidad*<\/h4>\n\t\t\t\t\t\t\t<\/div>\n\t\t\t\t\t\t\t\t\t\t<figure>\t\t\t\t\t<span class=\"\"><\/span>\n\t\t\t\t\t\t\t\t\t<\/figure>\n\t\t\t\t\t\t\t\n\t<\/div>\n\t[\/vc_column_inner][\/vc_row_inner][vc_row_inner][vc_column_inner]\n\t<div id=\"et-counter-69f7ddf59f9c3\" class=\"et-counter animation bottom-to-top counter-color-custom icon-color- text-color-custom counter-top\" >\n\t\t\t\t\t<div class=\"counter-container\">\n\t\t\t\t\t\t\t\t\t<div class=\"h1\" data-count=\"100\" data-speed=\"1500\">0<\/div>\n\t\t\t\t\t\t\t\t\t\t\t\t\t<h4>Reduce las rojeces de la piel*<\/h4>\n\t\t\t\t\t\t\t<\/div>\n\t\t\t\t\t\t\t\t\t\t<figure>\t\t\t\t\t<span class=\"\"><\/span>\n\t\t\t\t\t\t\t\t\t<\/figure>\n\t\t\t\t\t\t\t\n\t<\/div>\n\t[\/vc_column_inner][\/vc_row_inner]\t<\/div>\n\t\t\n\t[\/vc_column][\/vc_row][vc_row el_class=&#8221;spacing-lg benefits&#8221;][vc_column width=&#8221;1\/2&#8243; animation=&#8221;animation bottom-to-top&#8221;]\t<div id=\"et-image-992\" class=\"et-image   benefits-img  et_image_link\">\n\t\t<div class=\"et-image-inner \">\n\t\t\t\t\t\t\t<div class=\"et-image-thumb \">\n\t\t\t\t\t<img decoding=\"async\" width=\"1792\" height=\"2168\" src=\"https:\/\/www.lacurebeaute.fr\/wp-content\/uploads\/2024\/03\/9920-5.png\" class=\"attachment-full size-full\" alt=\"\" srcset=\"https:\/\/www.lacurebeaute.fr\/wp-content\/uploads\/2024\/03\/9920-5.png 1792w, https:\/\/www.lacurebeaute.fr\/wp-content\/uploads\/2024\/03\/9920-5-248x300.png 248w, https:\/\/www.lacurebeaute.fr\/wp-content\/uploads\/2024\/03\/9920-5-846x1024.png 846w, https:\/\/www.lacurebeaute.fr\/wp-content\/uploads\/2024\/03\/9920-5-768x929.png 768w, https:\/\/www.lacurebeaute.fr\/wp-content\/uploads\/2024\/03\/9920-5-79x96.png 79w, https:\/\/www.lacurebeaute.fr\/wp-content\/uploads\/2024\/03\/9920-5-35x42.png 35w, https:\/\/www.lacurebeaute.fr\/wp-content\/uploads\/2024\/03\/9920-5-1270x1536.png 1270w, https:\/\/www.lacurebeaute.fr\/wp-content\/uploads\/2024\/03\/9920-5-1693x2048.png 1693w, https:\/\/www.lacurebeaute.fr\/wp-content\/uploads\/2024\/03\/9920-5-124x150.png 124w, https:\/\/www.lacurebeaute.fr\/wp-content\/uploads\/2024\/03\/9920-5-600x726.png 600w, https:\/\/www.lacurebeaute.fr\/wp-content\/uploads\/2024\/03\/9920-5-900x1089.png 900w\" sizes=\"(max-width: 1792px) 100vw, 1792px\" \/>\t\t\t\t<\/div>\n\t\t\t\t\t\t\t\t\t\t\t<\/div>\n\t<\/div>\n  [\/vc_column][vc_column width=&#8221;1\/2&#8243; animation=&#8221;animation bottom-to-top&#8221;][vc_column_text css=&#8221;.vc_custom_1753865295932{margin-bottom: 0px !important;}&#8221;]\n<h3>Calmante y Suavizante<\/h3>\n<h2>S\u00e9rum Facial con Kombucha y Prebi\u00f3ticos<\/h2>\n<p data-start=\"117\" data-end=\"582\">Descubre un s\u00e9rum dise\u00f1ado para responder a las necesidades de las pieles que buscan calma y luminosidad. Enriquecido con Kombucha y prebi\u00f3ticos, este cuidado ayuda a reducir visiblemente las rojeces, aliviar las sensaciones de incomodidad y preservar el equilibrio natural de la piel. Su textura ligera y sedosa se desliza suavemente sobre la piel, ofreciendo una sensaci\u00f3n de hidrataci\u00f3n duradera. La piel se siente nutrida, suave y visiblemente m\u00e1s luminosa.<\/p>\n<p data-start=\"415\" data-end=\"433\">Especificidad:<\/p>\n<ul>\n<li data-start=\"435\" data-end=\"473\">Probado bajo control dermatol\u00f3gico<\/li>\n<\/ul>\n[\/vc_column_text][\/vc_column][\/vc_row][vc_row el_class=&#8221;spacing-lg application&#8221;][vc_column][vc_row_inner][vc_column_inner][vc_column_text animation=&#8221;animation bottom-to-top&#8221; css=&#8221;.vc_custom_1634116726129{margin-bottom: 0px !important;}&#8221;]\n<h3 style=\"text-align: center;\"><label class=\"fancy-tag\">Aplicaci\u00f3n<\/label><\/h3>\n<h2 style=\"text-align: center;\">Por la ma\u00f1ana y por la tarde<\/h2>\n[\/vc_column_text][\/vc_column_inner][\/vc_row_inner]\t<div id=\"et-content-carousel-392\" class=\"row et-content-carousel slick slick-slider regular-padding  \" data-center=\"\" data-columns=\"3\" data-autoplay=\"\" data-fade=\"false\" data-autoplay-speed=\"\" data-pause=\"\" data-navigation=\"\" data-pagination=\"true\" data-infinite=\"true\">\n\t\t\r\n\t<div id=\"et-iconbox-150\" class=\"et-iconbox layout-centered icon-style-image-default bottom-spacing-none icon-color- text-color- animation bottom-to-top \"> \r\n\t\t<div class=\"et-icon-inner\">\r\n\t\t\t<figure class=\"et-feature-icon\">\r\n\t\t\t\t\t\t\t\t\t<img decoding=\"async\" src=\"https:\/\/www.lacurebeaute.fr\/wp-content\/uploads\/2021\/02\/9901-\u2013-4-1-scaled.png\" alt=\"\" \/>\r\n\t\t\t\t\t\t\t<\/figure>\r\n\t\t\t<div class=\"et-feature-content\"> \r\n\t\t\t\t\t\t\t\t\t\t\t\t<div class=\"wpb_text_column\"><h4 style=\"text-align: center;\">Paso 1<\/h4>\n<p style=\"text-align: center;\"><span style=\"font-weight: 400;\">Limpia y elimina el maquillaje de tu piel.\u00a0<\/span><\/p>\n<\/div>\r\n\t\t\t\t\t\t\t<\/div>\r\n\t\t<\/div>\r\n\t<\/div>\r\n\r\n\t\r\n\t<div id=\"et-iconbox-203\" class=\"et-iconbox layout-centered icon-style-image-default bottom-spacing-none icon-color- text-color- animation bottom-to-top \"> \r\n\t\t<div class=\"et-icon-inner\">\r\n\t\t\t<figure class=\"et-feature-icon\">\r\n\t\t\t\t\t\t\t\t\t<img decoding=\"async\" src=\"https:\/\/www.lacurebeaute.fr\/wp-content\/uploads\/2025\/01\/9900-1.png\" alt=\"\" \/>\r\n\t\t\t\t\t\t\t<\/figure>\r\n\t\t\t<div class=\"et-feature-content\"> \r\n\t\t\t\t\t\t\t\t\t\t\t\t<div class=\"wpb_text_column\"><h4 style=\"text-align: center;\">Paso 2<\/h4>\n<p style=\"text-align: center;\">Aplica tu s\u00e9rum con Kombucha y t\u00e9 negro infusionado.<\/p>\n<\/div>\r\n\t\t\t\t\t\t\t<\/div>\r\n\t\t<\/div>\r\n\t<\/div>\r\n\r\n\t\r\n\t<div id=\"et-iconbox-807\" class=\"et-iconbox layout-centered icon-style-image-default bottom-spacing-none icon-color- text-color- animation bottom-to-top \"> \r\n\t\t<div class=\"et-icon-inner\">\r\n\t\t\t<figure class=\"et-feature-icon\">\r\n\t\t\t\t\t\t\t\t\t<img decoding=\"async\" src=\"https:\/\/www.lacurebeaute.fr\/wp-content\/uploads\/2021\/03\/9915-\u2013-4-scaled.png\" alt=\"\" \/>\r\n\t\t\t\t\t\t\t<\/figure>\r\n\t\t\t<div class=\"et-feature-content\"> \r\n\t\t\t\t\t\t\t\t\t\t\t\t<div class=\"wpb_text_column\"><h4 style=\"text-align: center;\">Paso 3<\/h4>\n<p style=\"text-align: center;\"><span style=\"font-weight: 400;\">Aplique su crema de contorno de ojos.\u00a0<\/span><\/p>\n<\/div>\r\n\t\t\t\t\t\t\t<\/div>\r\n\t\t<\/div>\r\n\t<\/div>\r\n\r\n\t\t<\/div>\n\t\t\n\t[\/vc_column][\/vc_row]\n","protected":false},"excerpt":{"rendered":"<p>Descubre un s\u00e9rum dise\u00f1ado para responder a las necesidades de las pieles que buscan calma y luminosidad. Enriquecido con Kombucha y prebi\u00f3ticos, este cuidado ayuda a reducir visiblemente las rojeces, aliviar las sensaciones de incomodidad y preservar el equilibrio natural de la piel. Su textura ligera y sedosa se desliza suavemente sobre la piel, ofreciendo una sensaci\u00f3n de hidrataci\u00f3n duradera. La piel se siente nutrida, suave y visiblemente m\u00e1s luminosa.<\/p>\n<div class=\"product-desc-infos\">[acf field='product_description_naturality_title'] \u00b7 97%<br \/>\n[acf field='product_description_skin_title'] \u00b7 Todo tipo de piel<br \/>\n[acf field='product_description_ref_title'] \u00b7 30ml<\/div>\n","protected":false},"featured_media":30993,"comment_status":"closed","ping_status":"closed","template":"","meta":[],"product_cat":[654,633,629,670,630],"product_tag":[],"yoast_head":"<!-- This site is optimized with the Yoast SEO plugin v23.5 - https:\/\/yoast.com\/wordpress\/plugins\/seo\/ -->\n<title>Black Tea Infused Kombucha Serum | La Cure Beaut\u00e9<\/title>\n<meta name=\"description\" content=\"Devu\u00e9lvele a tu piel todo su resplandor!La Cure Beaut\u00e9 presenta su S\u00e9rum de Kombucha infusionado con T\u00e9 Negro. Una f\u00f3rmula de cuidado creada para las pieles sensibles que buscan confort y calma.\" \/>\n<meta name=\"robots\" content=\"index, follow, max-snippet:-1, max-image-preview:large, max-video-preview:-1\" \/>\n<link rel=\"canonical\" href=\"https:\/\/www.lacurebeaute.fr\/es\/produit\/black-tea-infused-komucha-serum\/\" \/>\n<meta property=\"og:locale\" content=\"es_ES\" \/>\n<meta property=\"og:type\" content=\"article\" \/>\n<meta property=\"og:title\" content=\"Black Tea Infused Kombucha Serum | La Cure Beaut\u00e9\" \/>\n<meta property=\"og:description\" content=\"Devu\u00e9lvele a tu piel todo su resplandor!La Cure Beaut\u00e9 presenta su S\u00e9rum de Kombucha infusionado con T\u00e9 Negro. Una f\u00f3rmula de cuidado creada para las pieles sensibles que buscan confort y calma.\" \/>\n<meta property=\"og:url\" content=\"https:\/\/www.lacurebeaute.fr\/es\/produit\/black-tea-infused-komucha-serum\/\" \/>\n<meta property=\"og:site_name\" content=\"La Cure Beaut\u00e9\" \/>\n<meta property=\"article:modified_time\" content=\"2026-01-08T18:09:08+00:00\" \/>\n<meta property=\"og:image\" content=\"https:\/\/www.lacurebeaute.fr\/wp-content\/uploads\/2025\/07\/9927-3-scaled.jpg\" \/>\n\t<meta property=\"og:image:width\" content=\"2428\" \/>\n\t<meta property=\"og:image:height\" content=\"2560\" \/>\n\t<meta property=\"og:image:type\" content=\"image\/jpeg\" \/>\n<meta name=\"twitter:card\" content=\"summary_large_image\" \/>\n<meta name=\"twitter:label1\" content=\"Tiempo de lectura\" \/>\n\t<meta name=\"twitter:data1\" content=\"2 minutos\" \/>\n<script type=\"application\/ld+json\" class=\"yoast-schema-graph\">{\"@context\":\"https:\/\/schema.org\",\"@graph\":[{\"@type\":\"WebPage\",\"@id\":\"https:\/\/www.lacurebeaute.fr\/es\/produit\/black-tea-infused-komucha-serum\/\",\"url\":\"https:\/\/www.lacurebeaute.fr\/es\/produit\/black-tea-infused-komucha-serum\/\",\"name\":\"Black Tea Infused Kombucha Serum | La Cure Beaut\u00e9\",\"isPartOf\":{\"@id\":\"https:\/\/www.lacurebeaute.fr\/es\/#website\"},\"primaryImageOfPage\":{\"@id\":\"https:\/\/www.lacurebeaute.fr\/es\/produit\/black-tea-infused-komucha-serum\/#primaryimage\"},\"image\":{\"@id\":\"https:\/\/www.lacurebeaute.fr\/es\/produit\/black-tea-infused-komucha-serum\/#primaryimage\"},\"thumbnailUrl\":\"https:\/\/www.lacurebeaute.fr\/wp-content\/uploads\/2025\/07\/9927-3-scaled.jpg\",\"datePublished\":\"2025-07-23T14:26:29+00:00\",\"dateModified\":\"2026-01-08T18:09:08+00:00\",\"description\":\"Devu\u00e9lvele a tu piel todo su resplandor!La Cure Beaut\u00e9 presenta su S\u00e9rum de Kombucha infusionado con T\u00e9 Negro. Una f\u00f3rmula de cuidado creada para las pieles sensibles que buscan confort y calma.\",\"breadcrumb\":{\"@id\":\"https:\/\/www.lacurebeaute.fr\/es\/produit\/black-tea-infused-komucha-serum\/#breadcrumb\"},\"inLanguage\":\"es\",\"potentialAction\":[{\"@type\":\"ReadAction\",\"target\":[\"https:\/\/www.lacurebeaute.fr\/es\/produit\/black-tea-infused-komucha-serum\/\"]}]},{\"@type\":\"ImageObject\",\"inLanguage\":\"es\",\"@id\":\"https:\/\/www.lacurebeaute.fr\/es\/produit\/black-tea-infused-komucha-serum\/#primaryimage\",\"url\":\"https:\/\/www.lacurebeaute.fr\/wp-content\/uploads\/2025\/07\/9927-3-scaled.jpg\",\"contentUrl\":\"https:\/\/www.lacurebeaute.fr\/wp-content\/uploads\/2025\/07\/9927-3-scaled.jpg\",\"width\":2428,\"height\":2560},{\"@type\":\"BreadcrumbList\",\"@id\":\"https:\/\/www.lacurebeaute.fr\/es\/produit\/black-tea-infused-komucha-serum\/#breadcrumb\",\"itemListElement\":[{\"@type\":\"ListItem\",\"position\":1,\"name\":\"Accueil\",\"item\":\"https:\/\/www.lacurebeaute.fr\/es\/\"},{\"@type\":\"ListItem\",\"position\":2,\"name\":\"Tienda\",\"item\":\"https:\/\/www.lacurebeaute.fr\/es\/tienda\/\"},{\"@type\":\"ListItem\",\"position\":3,\"name\":\"Black Tea Infused Kombucha Serum\"}]},{\"@type\":\"WebSite\",\"@id\":\"https:\/\/www.lacurebeaute.fr\/es\/#website\",\"url\":\"https:\/\/www.lacurebeaute.fr\/es\/\",\"name\":\"La Cure Beaut\u00e9\",\"description\":\"La marque de soins entre copines, naturelle et efficace\",\"potentialAction\":[{\"@type\":\"SearchAction\",\"target\":{\"@type\":\"EntryPoint\",\"urlTemplate\":\"https:\/\/www.lacurebeaute.fr\/es\/?s={search_term_string}\"},\"query-input\":{\"@type\":\"PropertyValueSpecification\",\"valueRequired\":true,\"valueName\":\"search_term_string\"}}],\"inLanguage\":\"es\"}]}<\/script>\n<!-- \/ Yoast SEO plugin. -->","yoast_head_json":{"title":"Black Tea Infused Kombucha Serum | La Cure Beaut\u00e9","description":"Devu\u00e9lvele a tu piel todo su resplandor!La Cure Beaut\u00e9 presenta su S\u00e9rum de Kombucha infusionado con T\u00e9 Negro. Una f\u00f3rmula de cuidado creada para las pieles sensibles que buscan confort y calma.","robots":{"index":"index","follow":"follow","max-snippet":"max-snippet:-1","max-image-preview":"max-image-preview:large","max-video-preview":"max-video-preview:-1"},"canonical":"https:\/\/www.lacurebeaute.fr\/es\/produit\/black-tea-infused-komucha-serum\/","og_locale":"es_ES","og_type":"article","og_title":"Black Tea Infused Kombucha Serum | La Cure Beaut\u00e9","og_description":"Devu\u00e9lvele a tu piel todo su resplandor!La Cure Beaut\u00e9 presenta su S\u00e9rum de Kombucha infusionado con T\u00e9 Negro. Una f\u00f3rmula de cuidado creada para las pieles sensibles que buscan confort y calma.","og_url":"https:\/\/www.lacurebeaute.fr\/es\/produit\/black-tea-infused-komucha-serum\/","og_site_name":"La Cure Beaut\u00e9","article_modified_time":"2026-01-08T18:09:08+00:00","og_image":[{"width":2428,"height":2560,"url":"https:\/\/www.lacurebeaute.fr\/wp-content\/uploads\/2025\/07\/9927-3-scaled.jpg","type":"image\/jpeg"}],"twitter_card":"summary_large_image","twitter_misc":{"Tiempo de lectura":"2 minutos"},"schema":{"@context":"https:\/\/schema.org","@graph":[{"@type":"WebPage","@id":"https:\/\/www.lacurebeaute.fr\/es\/produit\/black-tea-infused-komucha-serum\/","url":"https:\/\/www.lacurebeaute.fr\/es\/produit\/black-tea-infused-komucha-serum\/","name":"Black Tea Infused Kombucha Serum | La Cure Beaut\u00e9","isPartOf":{"@id":"https:\/\/www.lacurebeaute.fr\/es\/#website"},"primaryImageOfPage":{"@id":"https:\/\/www.lacurebeaute.fr\/es\/produit\/black-tea-infused-komucha-serum\/#primaryimage"},"image":{"@id":"https:\/\/www.lacurebeaute.fr\/es\/produit\/black-tea-infused-komucha-serum\/#primaryimage"},"thumbnailUrl":"https:\/\/www.lacurebeaute.fr\/wp-content\/uploads\/2025\/07\/9927-3-scaled.jpg","datePublished":"2025-07-23T14:26:29+00:00","dateModified":"2026-01-08T18:09:08+00:00","description":"Devu\u00e9lvele a tu piel todo su resplandor!La Cure Beaut\u00e9 presenta su S\u00e9rum de Kombucha infusionado con T\u00e9 Negro. Una f\u00f3rmula de cuidado creada para las pieles sensibles que buscan confort y calma.","breadcrumb":{"@id":"https:\/\/www.lacurebeaute.fr\/es\/produit\/black-tea-infused-komucha-serum\/#breadcrumb"},"inLanguage":"es","potentialAction":[{"@type":"ReadAction","target":["https:\/\/www.lacurebeaute.fr\/es\/produit\/black-tea-infused-komucha-serum\/"]}]},{"@type":"ImageObject","inLanguage":"es","@id":"https:\/\/www.lacurebeaute.fr\/es\/produit\/black-tea-infused-komucha-serum\/#primaryimage","url":"https:\/\/www.lacurebeaute.fr\/wp-content\/uploads\/2025\/07\/9927-3-scaled.jpg","contentUrl":"https:\/\/www.lacurebeaute.fr\/wp-content\/uploads\/2025\/07\/9927-3-scaled.jpg","width":2428,"height":2560},{"@type":"BreadcrumbList","@id":"https:\/\/www.lacurebeaute.fr\/es\/produit\/black-tea-infused-komucha-serum\/#breadcrumb","itemListElement":[{"@type":"ListItem","position":1,"name":"Accueil","item":"https:\/\/www.lacurebeaute.fr\/es\/"},{"@type":"ListItem","position":2,"name":"Tienda","item":"https:\/\/www.lacurebeaute.fr\/es\/tienda\/"},{"@type":"ListItem","position":3,"name":"Black Tea Infused Kombucha Serum"}]},{"@type":"WebSite","@id":"https:\/\/www.lacurebeaute.fr\/es\/#website","url":"https:\/\/www.lacurebeaute.fr\/es\/","name":"La Cure Beaut\u00e9","description":"La marque de soins entre copines, naturelle et efficace","potentialAction":[{"@type":"SearchAction","target":{"@type":"EntryPoint","urlTemplate":"https:\/\/www.lacurebeaute.fr\/es\/?s={search_term_string}"},"query-input":{"@type":"PropertyValueSpecification","valueRequired":true,"valueName":"search_term_string"}}],"inLanguage":"es"}]}},"_links":{"self":[{"href":"https:\/\/www.lacurebeaute.fr\/es\/wp-json\/wp\/v2\/product\/30987"}],"collection":[{"href":"https:\/\/www.lacurebeaute.fr\/es\/wp-json\/wp\/v2\/product"}],"about":[{"href":"https:\/\/www.lacurebeaute.fr\/es\/wp-json\/wp\/v2\/types\/product"}],"replies":[{"embeddable":true,"href":"https:\/\/www.lacurebeaute.fr\/es\/wp-json\/wp\/v2\/comments?post=30987"}],"wp:featuredmedia":[{"embeddable":true,"href":"https:\/\/www.lacurebeaute.fr\/es\/wp-json\/wp\/v2\/media\/30993"}],"wp:attachment":[{"href":"https:\/\/www.lacurebeaute.fr\/es\/wp-json\/wp\/v2\/media?parent=30987"}],"wp:term":[{"taxonomy":"product_cat","embeddable":true,"href":"https:\/\/www.lacurebeaute.fr\/es\/wp-json\/wp\/v2\/product_cat?post=30987"},{"taxonomy":"product_tag","embeddable":true,"href":"https:\/\/www.lacurebeaute.fr\/es\/wp-json\/wp\/v2\/product_tag?post=30987"}],"curies":[{"name":"wp","href":"https:\/\/api.w.org\/{rel}","templated":true}]}}